{"id":2193,"date":"2023-02-09T10:45:22","date_gmt":"2023-02-09T09:45:22","guid":{"rendered":"https:\/\/castellafarm.ch\/sostenibilita\/"},"modified":"2025-05-30T11:43:46","modified_gmt":"2025-05-30T09:43:46","slug":"nachhaltigkeit-des-sozialen-unternehmens-im-kanton-tessin","status":"publish","type":"page","link":"https:\/\/castellafarm.ch\/de\/nachhaltigkeit-des-sozialen-unternehmens-im-kanton-tessin\/","title":{"rendered":"Nachhaltigkeit"},"content":{"rendered":"<section style=\"background-color:; color: \"  class=\"DefaultMarginBottomHalf TitoloContainer   TextAlignLeft SiteWidth \">Nachhaltigkeit<\/section>\n\n<section  style=\"color:; background-color:\"class=\"BlockWrapperContainer  ParagrafoContainer TextFont18  NoMarginTop DefaultMarginBottom NoPaddingBottom NoPaddingTop\"><div class=\"InnerParagrafoContainer SiteWidth\"><p>Unser Betrieb wurde umweltfreundlich gebaut und f\u00f6rdert die Nachhaltigkeit in seiner Verwaltung. Wir verwenden \u00f6kologische und umweltfreundliche lokale Produkte und erneuerbare Energien f\u00fcr die Heizung. Die Wasserreinigung erfolgt durch Phyto-Reinigung.<br \/>\nIn Ca.Stella Farm-Camino Spinirolo ist Gr\u00fcn die vorherrschende Farbe nicht nur wegen der Natur, sondern auch wegen der Nachhaltigkeit und der geringen Umweltauswirkungen. Unsere tiefe Verbindung zum Territorium veranlasst uns jeden Tag, uns f\u00fcr einen konkreten Beitrag zum Schutz des Planeten einzusetzen.<br \/>\nAuch in unseren kleinen Taten k\u00f6nnen wir etwas f\u00fcr die Umwelt tun. Wir m\u00f6chten uns als eine neue Art der Gastfreundschaft werben und unseren G\u00e4sten die M\u00f6glichkeit bieten, einen gr\u00fcnen Aufenthalt in Sottoceneri und eine naturfreundliche Gastfreundschaft zu genie\u00dfen. Unser eigener Betrieb ist ein Sprachrohr dieser Werte: Wir haben die umweltfreundliche Nachhaltigkeit in die Architektur von Ca.Stella Farm-Camino Spinirolo integriert, indem wir k\u00fcrzlich renoviert haben, was zu einer Energieeinsparung in der gesamten Struktur gef\u00fchrt hat.<\/p>\n<p>Im Ca.Stella bieten wir unseren G\u00e4sten eine vegetarische K\u00fcche mit Respekt vor der Natur und den Tieren, die mit uns in Harmonie leben.<\/p>\n<p>Unser soziales Unternehmen h\u00e4lt sich an das Programm Swisstainable und Comune Zero Rifiuti, das von der Stadt Mendrisio gef\u00f6rdert ist.<\/p>\n<p>Die virtuosen und gr\u00fcnen Aktivit\u00e4ten von Ca.Stella FARM-Camino Spinirolo sind:<\/p>\n<p><strong>Energieeinsparung und Wasserachtung:<\/strong><\/p>\n<\/div><\/section>\n\n<section  style=\"background-color:\"class=\"BlockWrapperContainer NormalBlock BlockWrapperGruppoMedia  NoMarginTop NoMarginBottom NoPaddingBottom NoPaddingTop FullWidth  NoMargin\"><div class=\"BlockSlider\"><div class=\"BlockSlingleSlide\" style=\"background-image:url(https:\/\/castellafarm.ch\/wp-content\/uploads\/2023\/05\/sostenibilita-1.jpg)\"><\/div><\/div>\t\t<div class=\"BlockContent\">\n\t\t\t\t\t\t<div style=\"color:\" class=\"BlockTitolo\"><\/div>\n\t\t\t<div style=\"color:\" class=\"BlockSottotitolo\"><\/div>\n\t\t\t<div style=\"color:\" class=\"BlockText TextFont18\"><ul>\n<li>In den Fluren und Gemeinschaftsbadezimmern haben wir elektrische Ein- und Ausschaltsensoren f\u00fcr durchgehende Lichter installiert<\/li>\n<li>Die Heizung des gesamten Geb\u00e4udes ist durch die Verwendung eines Holzkessels mit Holz aus W\u00e4ldern m\u00f6glich, das gem\u00e4\u00df den geltenden Vorschriften geschnitten wird<\/li>\n<li>Der Betrieb ist mit einer Photovoltaikanlage ausgestattet<\/li>\n<li>Wir verwenden umweltsch\u00fctzende Reinigungsmittel und Seifen<\/li>\n<\/ul>\n<\/div>\n\t\t\t\t\t\t\t\t<\/div>\n\t\t<\/section>\n\n<section  style=\"color:#ffffff; background-color:#c66462\"class=\"BlockWrapperContainer  ParagrafoContainer TextFont18  BackgroundRosa NoMarginTop NoMarginBottom DefaultPaddingBottom DefaultPaddingTop\"><div class=\"InnerParagrafoContainer SiteWidth\"><h2>Die Phyto-Reinigung in Ca.Stella FARM-Camino Spinirolo:<\/h2>\n<p>Die Phyto-Reinigung ist ein Abwasserbehandlungssystem, das entwickelt und erzeugt wurde, um nat\u00fcrliche selbstreinigende Prozesse in feuchten Umgebungen k\u00fcnstlich zu reproduzieren. Die Reinigungst\u00e4tigkeit wird durch komplexe Wechselwirkungen zwischen chemischen, physikalischen und biologischen Prozessen bestimmt, die sich aus einer kombinierten Wirkung von Substrat, Pflanzen, Abw\u00e4sser und Mikroorganismen ergeben. Die Phyto-Reinigung ist ein nat\u00fcrliches Abwasserreinigungssystem, das aus einem abgedichteten Becken besteht, das mit Kies gef\u00fcllt und mit Wasser- und Pflanzen bedeckt ist.<br \/>\nBeim Abfluss wird ausschlie\u00dflich gem\u00e4\u00df dem Gesetz gereinigtes Wasser ohne Schlammerzeugung hergestellt. Die Phyto-Reinigung ist somit die nat\u00fcrliche Reaktion auf Abwasseraufbereitungsanlagen. Diese Technologie sieht vor, dass das Abwasser mit Hilfe eines wasserdichten Beckens gereinigt wird, in dem das Kies- und das Pflanzensubstrat seine Wirkung kombinieren, um das Wasser sauber zu machen. Der Reinigungsprozess ist v\u00f6llig umweltfreundlich und sieht die Verwendung von Schadstoffen nicht vor. Ungereinigtes Wasser flie\u00dft in das Becken aus Kies und Wasserpflanzen: Hier kommen Mikroorganismen ins Spiel, die durch biochemische Reaktionen die vorhandenen Schadstoffe beseitigen.<br \/>\nDie Wirkung der Pflanzen ist von entscheidender Bedeutung, da sich in ihren Wurzeln die f\u00fcr das gesamte System erforderlichen Mikroorganismen entwickeln: Sie l\u00f6sen durch die Aufnahme des von Pflanzenarten erzeugten Sauerstoffs die chemischen Prozesse aus, die f\u00fcr die Wasserreinigung erforderlich sind.<br \/>\nDas Phyto-Reinigungssystem umfasst Technologie und \u00d6kologie: Schadstoffe im Wasser werden ohne den Einsatz von zugesetzter Energie und elektromechanischen Teilen extrahiert.<\/p>\n<\/div><\/section>\n\n<section  style=\"background-color:\"class=\"BlockWrapperContainer ReverseBlock BlockWrapperGruppoMedia  NoMarginTop NoMarginBottom NoPaddingBottom NoPaddingTop FullWidth  NoMargin\"><div class=\"BlockSlider\"><div class=\"BlockSlingleSlide\" style=\"background-image:url(https:\/\/castellafarm.ch\/wp-content\/uploads\/2023\/02\/sostenibilita-2.jpg)\"><\/div><\/div>\t\t<div class=\"BlockContent\">\n\t\t\t\t\t\t<div style=\"color:\" class=\"BlockTitolo\">Lokale Rohstoffe und aus unserem Garten<\/div>\n\t\t\t<div style=\"color:\" class=\"BlockSottotitolo\"><\/div>\n\t\t\t<div style=\"color:\" class=\"BlockText TextFont18\"><p>Wenn m\u00f6glich werden die Gem\u00fcse von uns produziert und sie kommen aus unserem Garten. Wir verwenden Naturd\u00fcnger, die von unseren Tieren produziert werden, die in unserer Farm unbeschwert leben.<br \/>\nUnsere Rohstofflieferanten kommen haupts\u00e4chlich aus der Region. Neben tugendhaften Praktiken zur Begrenzung der Auswirkungen auf die Umwelt f\u00f6rdern wir auch eine weitere Form der Nachhaltigkeit: Diejenige gegen\u00fcber unserem Territorium und den Menschen, die die lokale Tradition fortsetzen.<br \/>\nGem\u00fcse, wenn m\u00f6glich, wird von uns und von lokalen Lieferanten produziert: Gesund, echt und 0-km.<\/p>\n<\/div>\n\t\t\t\t\t\t\t\t<\/div>\n\t\t<\/section>\n\n\n<section  class=\"BlockWrapperContainer ImmagineTestoImmagine DefaultPaddingTop DefaultPaddingBottom FullWidth   \" style=\"background-color:#f7f0e6;\">\n\n\t<div class=\"ImmagineTestoImmagineCol ImmagineTestoImmagineCol_1\">\n\t\t<img alt=\"Ca.Stella Farm-Camino Spinirolo-campeggio\"src=\"https:\/\/castellafarm.ch\/wp-content\/uploads\/2023\/06\/prenota-1-1.jpg\"\/>\n\t<\/div>\n\t<div class=\"ImmagineTestoImmagineCol BlockTestoCol\">\n\t\t<p style=\"text-align: center;\">M\u00f6chten Sie in die\u00a0<strong>Natur<\/strong> eintauchen<br \/>\nund einen m\u00e4rchenhaften Campingplatz erleben?<\/p>\n\t\t<a href=\"https:\/\/thelisresa.webcamp.fr\/formulaire.php?TYPE_CAMPING=1&#038;TYPE_LOCATION=2&#038;camping=meridetcs&#038;lang=de&#038;custom-c1=A4ADAD&#038;custom-c2=619005&#038;simpleSearch=0&#038;duration=7&#038;typecamping=0&#038;typelocation=1&#038;type=2&#038;button=bookingButton&#038;quantity=3&#038;oldSchool=0&#038;noStyle=0&#038;noStyle=0&#038;noStyle=0&#038;noStyle=0&#038;noStyle=0&#038;polaroid=1&#038;fromWidget=1&#038;mode=modal&#038;PHPSESSID=i53tr4k5j3rd58b3ukm1gmmgv5\" class=\"MainButton MainButtonRosa\">\n\t\t\tRESERVIEREN SIE\t\t<\/a>\n\t<\/div>\n\t<div class=\"ImmagineTestoImmagineCol ImmagineTestoImmagineCol_2\">\n\t\t<img decoding=\"async\" alt=\"Ca.Stella Farm-Camino Spinirolo - Tenda\" src=\"https:\/\/castellafarm.ch\/wp-content\/uploads\/2023\/06\/prenota-2.jpg\"\/>\n\t<\/div>\n<\/section>","protected":false},"excerpt":{"rendered":"","protected":false},"author":1,"featured_media":2801,"parent":0,"menu_order":0,"comment_status":"closed","ping_status":"closed","template":"","meta":{"_acf_changed":false,"footnotes":""},"class_list":["post-2193","page","type-page","status-publish","has-post-thumbnail","hentry"],"acf":[],"yoast_head":"<!-- This site is optimized with the Yoast SEO plugin v27.3 - https:\/\/yoast.com\/product\/yoast-seo-wordpress\/ -->\n<title>Nachhaltigkeit des sozialen Unternehmens im Kanton Tessin | Ca.Stella Farm<\/title>\n<meta name=\"description\" content=\"Entdecke das gr\u00fcne Engagement von Ca.Stella Farm: nachhaltige Aufenthalte, saubere Energie, vegetarische K\u00fcche und verantwortungsvolle Landbewirtschaftung im Herzen des Kantons Tessin.\" \/>\n<meta name=\"robots\" content=\"index, follow, max-snippet:-1, max-image-preview:large, max-video-preview:-1\" \/>\n<link rel=\"canonical\" href=\"https:\/\/castellafarm.ch\/de\/nachhaltigkeit-des-sozialen-unternehmens-im-kanton-tessin\/\" \/>\n<meta property=\"og:locale\" content=\"de_DE\" \/>\n<meta property=\"og:type\" content=\"article\" \/>\n<meta property=\"og:title\" content=\"Nachhaltigkeit des sozialen Unternehmens im Kanton Tessin | Ca.Stella Farm\" \/>\n<meta property=\"og:description\" content=\"Entdecke das gr\u00fcne Engagement von Ca.Stella Farm: nachhaltige Aufenthalte, saubere Energie, vegetarische K\u00fcche und verantwortungsvolle Landbewirtschaftung im Herzen des Kantons Tessin.\" \/>\n<meta property=\"og:url\" content=\"https:\/\/castellafarm.ch\/de\/nachhaltigkeit-des-sozialen-unternehmens-im-kanton-tessin\/\" \/>\n<meta property=\"og:site_name\" content=\"Ca.Stella Farm\" \/>\n<meta property=\"article:modified_time\" content=\"2025-05-30T09:43:46+00:00\" \/>\n<meta property=\"og:image\" content=\"https:\/\/castellafarm.ch\/wp-content\/uploads\/2023\/05\/header-sostenibilita.jpg\" \/>\n\t<meta property=\"og:image:width\" content=\"1920\" \/>\n\t<meta property=\"og:image:height\" content=\"649\" \/>\n\t<meta property=\"og:image:type\" content=\"image\/jpeg\" \/>\n<meta name=\"twitter:card\" content=\"summary_large_image\" \/>\n<script type=\"application\/ld+json\" class=\"yoast-schema-graph\">{\"@context\":\"https:\\\/\\\/schema.org\",\"@graph\":[{\"@type\":\"WebPage\",\"@id\":\"https:\\\/\\\/castellafarm.ch\\\/de\\\/nachhaltigkeit-des-sozialen-unternehmens-im-kanton-tessin\\\/\",\"url\":\"https:\\\/\\\/castellafarm.ch\\\/de\\\/nachhaltigkeit-des-sozialen-unternehmens-im-kanton-tessin\\\/\",\"name\":\"Nachhaltigkeit des sozialen Unternehmens im Kanton Tessin | Ca.Stella Farm\",\"isPartOf\":{\"@id\":\"https:\\\/\\\/2025-corporatesite-castellafarm.mystagingwebsite.com\\\/#website\"},\"primaryImageOfPage\":{\"@id\":\"https:\\\/\\\/castellafarm.ch\\\/de\\\/nachhaltigkeit-des-sozialen-unternehmens-im-kanton-tessin\\\/#primaryimage\"},\"image\":{\"@id\":\"https:\\\/\\\/castellafarm.ch\\\/de\\\/nachhaltigkeit-des-sozialen-unternehmens-im-kanton-tessin\\\/#primaryimage\"},\"thumbnailUrl\":\"https:\\\/\\\/castellafarm.ch\\\/wp-content\\\/uploads\\\/2023\\\/05\\\/header-sostenibilita.jpg\",\"datePublished\":\"2023-02-09T09:45:22+00:00\",\"dateModified\":\"2025-05-30T09:43:46+00:00\",\"description\":\"Entdecke das gr\u00fcne Engagement von Ca.Stella Farm: nachhaltige Aufenthalte, saubere Energie, vegetarische K\u00fcche und verantwortungsvolle Landbewirtschaftung im Herzen des Kantons Tessin.\",\"breadcrumb\":{\"@id\":\"https:\\\/\\\/castellafarm.ch\\\/de\\\/nachhaltigkeit-des-sozialen-unternehmens-im-kanton-tessin\\\/#breadcrumb\"},\"inLanguage\":\"de\",\"potentialAction\":[{\"@type\":\"ReadAction\",\"target\":[\"https:\\\/\\\/castellafarm.ch\\\/de\\\/nachhaltigkeit-des-sozialen-unternehmens-im-kanton-tessin\\\/\"]}]},{\"@type\":\"ImageObject\",\"inLanguage\":\"de\",\"@id\":\"https:\\\/\\\/castellafarm.ch\\\/de\\\/nachhaltigkeit-des-sozialen-unternehmens-im-kanton-tessin\\\/#primaryimage\",\"url\":\"https:\\\/\\\/castellafarm.ch\\\/wp-content\\\/uploads\\\/2023\\\/05\\\/header-sostenibilita.jpg\",\"contentUrl\":\"https:\\\/\\\/castellafarm.ch\\\/wp-content\\\/uploads\\\/2023\\\/05\\\/header-sostenibilita.jpg\",\"width\":1920,\"height\":649},{\"@type\":\"BreadcrumbList\",\"@id\":\"https:\\\/\\\/castellafarm.ch\\\/de\\\/nachhaltigkeit-des-sozialen-unternehmens-im-kanton-tessin\\\/#breadcrumb\",\"itemListElement\":[{\"@type\":\"ListItem\",\"position\":1,\"name\":\"Home\",\"item\":\"https:\\\/\\\/castellafarm.ch\\\/de\\\/\"},{\"@type\":\"ListItem\",\"position\":2,\"name\":\"Nachhaltigkeit\"}]},{\"@type\":\"WebSite\",\"@id\":\"https:\\\/\\\/2025-corporatesite-castellafarm.mystagingwebsite.com\\\/#website\",\"url\":\"https:\\\/\\\/2025-corporatesite-castellafarm.mystagingwebsite.com\\\/\",\"name\":\"Ca.Stella Farm\",\"description\":\"\",\"publisher\":{\"@id\":\"https:\\\/\\\/2025-corporatesite-castellafarm.mystagingwebsite.com\\\/#organization\"},\"potentialAction\":[{\"@type\":\"SearchAction\",\"target\":{\"@type\":\"EntryPoint\",\"urlTemplate\":\"https:\\\/\\\/2025-corporatesite-castellafarm.mystagingwebsite.com\\\/?s={search_term_string}\"},\"query-input\":{\"@type\":\"PropertyValueSpecification\",\"valueRequired\":true,\"valueName\":\"search_term_string\"}}],\"inLanguage\":\"de\"},{\"@type\":\"Organization\",\"@id\":\"https:\\\/\\\/2025-corporatesite-castellafarm.mystagingwebsite.com\\\/#organization\",\"name\":\"Ca.Stella Farm\",\"url\":\"https:\\\/\\\/2025-corporatesite-castellafarm.mystagingwebsite.com\\\/\",\"logo\":{\"@type\":\"ImageObject\",\"inLanguage\":\"de\",\"@id\":\"https:\\\/\\\/2025-corporatesite-castellafarm.mystagingwebsite.com\\\/#\\\/schema\\\/logo\\\/image\\\/\",\"url\":\"https:\\\/\\\/castellafarm.ch\\\/wp-content\\\/uploads\\\/2023\\\/02\\\/Screenshot-2023-02-13-alle-08.55.23.png\",\"contentUrl\":\"https:\\\/\\\/castellafarm.ch\\\/wp-content\\\/uploads\\\/2023\\\/02\\\/Screenshot-2023-02-13-alle-08.55.23.png\",\"width\":510,\"height\":389,\"caption\":\"Ca.Stella Farm\"},\"image\":{\"@id\":\"https:\\\/\\\/2025-corporatesite-castellafarm.mystagingwebsite.com\\\/#\\\/schema\\\/logo\\\/image\\\/\"}}]}<\/script>\n<!-- \/ Yoast SEO plugin. -->","yoast_head_json":{"title":"Nachhaltigkeit des sozialen Unternehmens im Kanton Tessin | Ca.Stella Farm","description":"Entdecke das gr\u00fcne Engagement von Ca.Stella Farm: nachhaltige Aufenthalte, saubere Energie, vegetarische K\u00fcche und verantwortungsvolle Landbewirtschaftung im Herzen des Kantons Tessin.","robots":{"index":"index","follow":"follow","max-snippet":"max-snippet:-1","max-image-preview":"max-image-preview:large","max-video-preview":"max-video-preview:-1"},"canonical":"https:\/\/castellafarm.ch\/de\/nachhaltigkeit-des-sozialen-unternehmens-im-kanton-tessin\/","og_locale":"de_DE","og_type":"article","og_title":"Nachhaltigkeit des sozialen Unternehmens im Kanton Tessin | Ca.Stella Farm","og_description":"Entdecke das gr\u00fcne Engagement von Ca.Stella Farm: nachhaltige Aufenthalte, saubere Energie, vegetarische K\u00fcche und verantwortungsvolle Landbewirtschaftung im Herzen des Kantons Tessin.","og_url":"https:\/\/castellafarm.ch\/de\/nachhaltigkeit-des-sozialen-unternehmens-im-kanton-tessin\/","og_site_name":"Ca.Stella Farm","article_modified_time":"2025-05-30T09:43:46+00:00","og_image":[{"width":1920,"height":649,"url":"https:\/\/castellafarm.ch\/wp-content\/uploads\/2023\/05\/header-sostenibilita.jpg","type":"image\/jpeg"}],"twitter_card":"summary_large_image","schema":{"@context":"https:\/\/schema.org","@graph":[{"@type":"WebPage","@id":"https:\/\/castellafarm.ch\/de\/nachhaltigkeit-des-sozialen-unternehmens-im-kanton-tessin\/","url":"https:\/\/castellafarm.ch\/de\/nachhaltigkeit-des-sozialen-unternehmens-im-kanton-tessin\/","name":"Nachhaltigkeit des sozialen Unternehmens im Kanton Tessin | Ca.Stella Farm","isPartOf":{"@id":"https:\/\/2025-corporatesite-castellafarm.mystagingwebsite.com\/#website"},"primaryImageOfPage":{"@id":"https:\/\/castellafarm.ch\/de\/nachhaltigkeit-des-sozialen-unternehmens-im-kanton-tessin\/#primaryimage"},"image":{"@id":"https:\/\/castellafarm.ch\/de\/nachhaltigkeit-des-sozialen-unternehmens-im-kanton-tessin\/#primaryimage"},"thumbnailUrl":"https:\/\/castellafarm.ch\/wp-content\/uploads\/2023\/05\/header-sostenibilita.jpg","datePublished":"2023-02-09T09:45:22+00:00","dateModified":"2025-05-30T09:43:46+00:00","description":"Entdecke das gr\u00fcne Engagement von Ca.Stella Farm: nachhaltige Aufenthalte, saubere Energie, vegetarische K\u00fcche und verantwortungsvolle Landbewirtschaftung im Herzen des Kantons Tessin.","breadcrumb":{"@id":"https:\/\/castellafarm.ch\/de\/nachhaltigkeit-des-sozialen-unternehmens-im-kanton-tessin\/#breadcrumb"},"inLanguage":"de","potentialAction":[{"@type":"ReadAction","target":["https:\/\/castellafarm.ch\/de\/nachhaltigkeit-des-sozialen-unternehmens-im-kanton-tessin\/"]}]},{"@type":"ImageObject","inLanguage":"de","@id":"https:\/\/castellafarm.ch\/de\/nachhaltigkeit-des-sozialen-unternehmens-im-kanton-tessin\/#primaryimage","url":"https:\/\/castellafarm.ch\/wp-content\/uploads\/2023\/05\/header-sostenibilita.jpg","contentUrl":"https:\/\/castellafarm.ch\/wp-content\/uploads\/2023\/05\/header-sostenibilita.jpg","width":1920,"height":649},{"@type":"BreadcrumbList","@id":"https:\/\/castellafarm.ch\/de\/nachhaltigkeit-des-sozialen-unternehmens-im-kanton-tessin\/#breadcrumb","itemListElement":[{"@type":"ListItem","position":1,"name":"Home","item":"https:\/\/castellafarm.ch\/de\/"},{"@type":"ListItem","position":2,"name":"Nachhaltigkeit"}]},{"@type":"WebSite","@id":"https:\/\/2025-corporatesite-castellafarm.mystagingwebsite.com\/#website","url":"https:\/\/2025-corporatesite-castellafarm.mystagingwebsite.com\/","name":"Ca.Stella Farm","description":"","publisher":{"@id":"https:\/\/2025-corporatesite-castellafarm.mystagingwebsite.com\/#organization"},"potentialAction":[{"@type":"SearchAction","target":{"@type":"EntryPoint","urlTemplate":"https:\/\/2025-corporatesite-castellafarm.mystagingwebsite.com\/?s={search_term_string}"},"query-input":{"@type":"PropertyValueSpecification","valueRequired":true,"valueName":"search_term_string"}}],"inLanguage":"de"},{"@type":"Organization","@id":"https:\/\/2025-corporatesite-castellafarm.mystagingwebsite.com\/#organization","name":"Ca.Stella Farm","url":"https:\/\/2025-corporatesite-castellafarm.mystagingwebsite.com\/","logo":{"@type":"ImageObject","inLanguage":"de","@id":"https:\/\/2025-corporatesite-castellafarm.mystagingwebsite.com\/#\/schema\/logo\/image\/","url":"https:\/\/castellafarm.ch\/wp-content\/uploads\/2023\/02\/Screenshot-2023-02-13-alle-08.55.23.png","contentUrl":"https:\/\/castellafarm.ch\/wp-content\/uploads\/2023\/02\/Screenshot-2023-02-13-alle-08.55.23.png","width":510,"height":389,"caption":"Ca.Stella Farm"},"image":{"@id":"https:\/\/2025-corporatesite-castellafarm.mystagingwebsite.com\/#\/schema\/logo\/image\/"}}]}},"_links":{"self":[{"href":"https:\/\/castellafarm.ch\/de\/wp-json\/wp\/v2\/pages\/2193","targetHints":{"allow":["GET"]}}],"collection":[{"href":"https:\/\/castellafarm.ch\/de\/wp-json\/wp\/v2\/pages"}],"about":[{"href":"https:\/\/castellafarm.ch\/de\/wp-json\/wp\/v2\/types\/page"}],"author":[{"embeddable":true,"href":"https:\/\/castellafarm.ch\/de\/wp-json\/wp\/v2\/users\/1"}],"replies":[{"embeddable":true,"href":"https:\/\/castellafarm.ch\/de\/wp-json\/wp\/v2\/comments?post=2193"}],"version-history":[{"count":8,"href":"https:\/\/castellafarm.ch\/de\/wp-json\/wp\/v2\/pages\/2193\/revisions"}],"predecessor-version":[{"id":4694,"href":"https:\/\/castellafarm.ch\/de\/wp-json\/wp\/v2\/pages\/2193\/revisions\/4694"}],"wp:featuredmedia":[{"embeddable":true,"href":"https:\/\/castellafarm.ch\/de\/wp-json\/wp\/v2\/media\/2801"}],"wp:attachment":[{"href":"https:\/\/castellafarm.ch\/de\/wp-json\/wp\/v2\/media?parent=2193"}],"curies":[{"name":"wp","href":"https:\/\/api.w.org\/{rel}","templated":true}]}}