{"id":4586,"date":"2023-05-16T22:40:59","date_gmt":"2023-05-16T20:40:59","guid":{"rendered":"https:\/\/castellafarm.ch\/attivita-di-team-building\/"},"modified":"2025-05-30T11:21:01","modified_gmt":"2025-05-30T09:21:01","slug":"team-building-in-der-natur-kanton-tessin","status":"publish","type":"page","link":"https:\/\/castellafarm.ch\/de\/team-building-in-der-natur-kanton-tessin\/","title":{"rendered":"Teamgeist f\u00f6rdernde Aktivit\u00e4ten"},"content":{"rendered":"<section style=\"background-color:; color: \"  class=\"DefaultMarginBottomHalf TitoloContainer   TextAlignLeft SiteWidth \">Teamgeist f\u00f6rdernde Aktivit\u00e4ten<\/section>\n\n<section  style=\"color:; background-color:\"class=\"BlockWrapperContainer  ParagrafoContainer TextFont18  NoMarginTop DefaultMarginBottom100 NoPaddingBottom NoPaddingTop\"><div class=\"InnerParagrafoContainer SiteWidth\"><p>Wir befinden uns in einem Zeitpunkt der Ru\u00dfproduktion, der Monokulturen und die \u00fcberm\u00e4\u00dfige Bodennutzung und von dieser Mentalit\u00e4t, die die Landwirtschaft zerst\u00f6rt und die Umwelt ruiniert, wollen wir wegkommen.<\/p>\n<p>Der landwirtschaftliche Betrieb von Ca.Stella Farm-Camino Spinirolo konzentriert sich auf die biologische Vielfalt und den Schutz der Umwelt, gerichtet auf eine Bioproduktion zur Selbstversorgung, eine leistungsf\u00e4hige Versorgungskette von der Aussaat bis zur Verarbeitung von Gem\u00fcse, Kr\u00e4utern, Blumen und anderen Produkten direkt vom Land.<\/p>\n<p>Die organisierten Aktivit\u00e4ten erm\u00f6glichen unseren G\u00e4sten, den Umgang mit dem Land neu zu entdecken, die Inklusion zu erfahren, damit kulturelle, sprachliche oder funktionale Vielfalt als Bereicherung erlebt wird und sie mit Neugier und Freude begegnen.<\/p>\n<p>Bei einem Spaziergang in der Umgebung von Ca.Stella Farm-Camino Spinirolo k\u00f6nnen Sie auch Ihren Geruchssinn sch\u00e4rfen, denn hier gibt es verschiedene Arten von Kr\u00e4utern, darunter auch den weit verbreiteten B\u00e4rlauch. Sie werden seltene und gesch\u00fctzte Pflanzen und Blumen, wie die piemontesische Gladiole entdecken, verschiedene Vogelarten sehen und ihren Gesang h\u00f6hren, in lauen Sommern\u00e4chten die Magie des Gl\u00fchw\u00fcrmchens erleben. Es ist auch m\u00f6glich Wildtiere wie Hirsche und Rehe zu begegnen und ihre charakteristischen Rufe zu h\u00f6ren.<\/p>\n<\/div><\/section>\n\n<section  style=\"color:; \"class=\"BlockWrapperContainer  EvidenzaContainer   NoMarginTop DefaultMarginBottom NoPaddingBottom NoPaddingTop\"><div style=\"background-color:#f7f0e6\" class=\"InnerEvidenzaContainer SiteWidth\"><div class=\"EvidenzaTitle\">DIE ANGEBOTENE AKTIVIT\u00c4TEN<\/div><div class=\"EvidenzaTesto\"><p>Wir schlagen die Organisation von Teambuilding vor, mit einem dreifachen Ziel: den Aufbau von Beziehungen zwischen Menschen zu erleichtern, sie unterhalten und nicht zuletzt das Bewusstsein f\u00fcr die Landschaft, was sie uns bietet und wie wir sie sch\u00fctzen k\u00f6nnen.<\/p>\n<p>Die T\u00e4tigkeit umfasst Gartenarbeit im Zusammenhang mit der Pflege des Gem\u00fcsegartens des Anwesens von Ca.Stella und der Gr\u00fcnfl\u00e4chen des Campingplatzes (zum Beispiel: den Gem\u00fcsegarten von Unkraut befreien, Weiden von Holz oder Brombeeren befreien, Wege s\u00e4ubern).<\/p>\n<p>Zus\u00e4tzlich zu diesen Aktivit\u00e4ten bieten wir auch die M\u00f6glichkeit an, das Team von Ca.Stella bei der t\u00e4glichen Reinigung der Tiere zu unterst\u00fctzen, z. B. bei der Reinigung der St\u00e4lle unserer Pferde, Ponys, Esel, Babyziegen und Alpakas.<\/p>\n<p>Bei Interesse kann ein Teil der Gruppe oder die ganze Gruppe mit unserer K\u00f6chin in der K\u00fcche mitarbeiten. Unter fachkundiger Leitung kann die Gruppe vegetarische Gerichte kochen und je nach Saison Produkte aus unserem Garten ernten.<\/p>\n<p><strong>Anzahl der Teilnehmer<\/strong>: maximal 20 Personen;<\/p>\n<p><strong>Dauer:<\/strong> die Aktivit\u00e4t dauert einen oder mehrere Tage, die mit dem Unternehmen vereinbart werden;<\/p>\n<p><strong>Mittagessen im Ca.Stella: <\/strong>Bei Interesse kann die Gruppe vor Ort Mittagessen, mit einem vegetarischen Menu, das von unserer K\u00f6chin vorgeschlagen wird.<strong>\u00a0 <\/strong><\/p>\n<p><strong>Kosten der Aktivit\u00e4t: <\/strong>das Budget wird entsprechend den ausgew\u00e4hlten Aktivit\u00e4ten, ihr Dauer, den Kauf von Ausr\u00fcstungen (DPI) und m\u00f6gliche Mahlzeiten in der Anlage berechnet.<\/p>\n<p><em>F\u00fcr ein Angebot kontaktieren Sie uns bitte!<\/em><\/p>\n<\/div><\/div><\/section>\n\n<section  style=\"background-color:#c66462\"class=\"BlockWrapperContainer  BlockWrapperGrigliaImmagini  NoMarginTop NoMarginBottom DefaultPaddingBottom DefaultPaddingTop FullWidth  \"><div class=\"BlockGridWall SiteWidth\"><div class=\"GrigliaCol\"><a href=\"\" class=\"SingleGridImage SingleGridImageFirst\" style=\"background-image:url(https:\/\/castellafarm.ch\/wp-content\/uploads\/2023\/05\/sala-riunione-slider-1-1.jpg)\"><\/a><\/div><div class=\"GrigliaCol\"><a href=\"\" class=\"SingleGridImage SingleGridImageSecond\" style=\"background-image:url(https:\/\/castellafarm.ch\/wp-content\/uploads\/2023\/05\/team-building-2-1.jpg)\"><\/a><a href=\"\" class=\"SingleGridImage SingleGridImageThird\" style=\"background-image:url(https:\/\/castellafarm.ch\/wp-content\/uploads\/2023\/05\/team-building-3.jpg)\"><\/a><a href=\"\" class=\"SingleGridImage SingleGridImageFourth\" style=\"background-image:url(https:\/\/castellafarm.ch\/wp-content\/uploads\/2023\/05\/team-building-4-1.jpg)\"><\/a><\/div><\/div><\/section>\n\n\n<section  class=\"BlockWrapperContainer ImmagineTestoImmagine DefaultPaddingTop DefaultPaddingBottom FullWidth NoMarginBottom NoMarginTop \" style=\"background-color:;\">\n\n\t<div class=\"ImmagineTestoImmagineCol ImmagineTestoImmagineCol_1\">\n\t\t<img alt=\"Ca.Stella Farm-Camino Spinirolo-campeggio\"src=\"https:\/\/castellafarm.ch\/wp-content\/uploads\/2023\/06\/prenota-1-1.jpg\"\/>\n\t<\/div>\n\t<div class=\"ImmagineTestoImmagineCol BlockTestoCol\">\n\t\t<p style=\"text-align: center;\">M\u00f6chten Sie in die\u00a0<strong>Natur<\/strong> eintauchen<br \/>\nund einen m\u00e4rchenhaften Campingplatz erleben?<\/p>\n\t\t<a href=\"https:\/\/thelisresa.webcamp.fr\/formulaire.php?TYPE_CAMPING=1&#038;TYPE_LOCATION=2&#038;camping=meridetcs&#038;lang=de&#038;custom-c1=A4ADAD&#038;custom-c2=619005&#038;simpleSearch=0&#038;duration=7&#038;typecamping=0&#038;typelocation=1&#038;type=2&#038;button=bookingButton&#038;quantity=3&#038;oldSchool=0&#038;noStyle=0&#038;noStyle=0&#038;noStyle=0&#038;noStyle=0&#038;noStyle=0&#038;polaroid=1&#038;fromWidget=1&#038;mode=modal&#038;PHPSESSID=i53tr4k5j3rd58b3ukm1gmmgv5\" class=\"MainButton MainButtonRosa\">\n\t\t\tRESERVIEREN SIE\t\t<\/a>\n\t<\/div>\n\t<div class=\"ImmagineTestoImmagineCol ImmagineTestoImmagineCol_2\">\n\t\t<img decoding=\"async\" alt=\"Ca.Stella Farm-Camino Spinirolo - Tenda\" src=\"https:\/\/castellafarm.ch\/wp-content\/uploads\/2023\/06\/prenota-2.jpg\"\/>\n\t<\/div>\n<\/section>","protected":false},"excerpt":{"rendered":"","protected":false},"author":1,"featured_media":3081,"parent":0,"menu_order":0,"comment_status":"closed","ping_status":"closed","template":"","meta":{"_acf_changed":false,"footnotes":""},"class_list":["post-4586","page","type-page","status-publish","has-post-thumbnail","hentry"],"acf":[],"yoast_head":"<!-- This site is optimized with the Yoast SEO plugin v27.3 - https:\/\/yoast.com\/product\/yoast-seo-wordpress\/ -->\n<title>Team-Building in der Natur Kanton Tessin | Ca.Stella Farm<\/title>\n<meta name=\"description\" content=\"Entdecke die Team-Building-Aktivit\u00e4ten von Ca.Stella Farm im Kanton Tessin: immersive Naturerlebnisse f\u00fcr Unternehmen, die Nachhaltigkeit, Inklusion und Wohlbefinden f\u00f6rdern.\" \/>\n<meta name=\"robots\" content=\"index, follow, max-snippet:-1, max-image-preview:large, max-video-preview:-1\" \/>\n<link rel=\"canonical\" href=\"https:\/\/castellafarm.ch\/de\/team-building-in-der-natur-kanton-tessin\/\" \/>\n<meta property=\"og:locale\" content=\"de_DE\" \/>\n<meta property=\"og:type\" content=\"article\" \/>\n<meta property=\"og:title\" content=\"Team-Building in der Natur Kanton Tessin | Ca.Stella Farm\" \/>\n<meta property=\"og:description\" content=\"Entdecke die Team-Building-Aktivit\u00e4ten von Ca.Stella Farm im Kanton Tessin: immersive Naturerlebnisse f\u00fcr Unternehmen, die Nachhaltigkeit, Inklusion und Wohlbefinden f\u00f6rdern.\" \/>\n<meta property=\"og:url\" content=\"https:\/\/castellafarm.ch\/de\/team-building-in-der-natur-kanton-tessin\/\" \/>\n<meta property=\"og:site_name\" content=\"Ca.Stella Farm\" \/>\n<meta property=\"article:modified_time\" content=\"2025-05-30T09:21:01+00:00\" \/>\n<meta property=\"og:image\" content=\"https:\/\/castellafarm.ch\/wp-content\/uploads\/2023\/05\/header-team-building.jpg\" \/>\n\t<meta property=\"og:image:width\" content=\"1920\" \/>\n\t<meta property=\"og:image:height\" content=\"649\" \/>\n\t<meta property=\"og:image:type\" content=\"image\/jpeg\" \/>\n<meta name=\"twitter:card\" content=\"summary_large_image\" \/>\n<script type=\"application\/ld+json\" class=\"yoast-schema-graph\">{\"@context\":\"https:\\\/\\\/schema.org\",\"@graph\":[{\"@type\":\"WebPage\",\"@id\":\"https:\\\/\\\/castellafarm.ch\\\/de\\\/team-building-in-der-natur-kanton-tessin\\\/\",\"url\":\"https:\\\/\\\/castellafarm.ch\\\/de\\\/team-building-in-der-natur-kanton-tessin\\\/\",\"name\":\"Team-Building in der Natur Kanton Tessin | Ca.Stella Farm\",\"isPartOf\":{\"@id\":\"https:\\\/\\\/2025-corporatesite-castellafarm.mystagingwebsite.com\\\/#website\"},\"primaryImageOfPage\":{\"@id\":\"https:\\\/\\\/castellafarm.ch\\\/de\\\/team-building-in-der-natur-kanton-tessin\\\/#primaryimage\"},\"image\":{\"@id\":\"https:\\\/\\\/castellafarm.ch\\\/de\\\/team-building-in-der-natur-kanton-tessin\\\/#primaryimage\"},\"thumbnailUrl\":\"https:\\\/\\\/castellafarm.ch\\\/wp-content\\\/uploads\\\/2023\\\/05\\\/header-team-building.jpg\",\"datePublished\":\"2023-05-16T20:40:59+00:00\",\"dateModified\":\"2025-05-30T09:21:01+00:00\",\"description\":\"Entdecke die Team-Building-Aktivit\u00e4ten von Ca.Stella Farm im Kanton Tessin: immersive Naturerlebnisse f\u00fcr Unternehmen, die Nachhaltigkeit, Inklusion und Wohlbefinden f\u00f6rdern.\",\"breadcrumb\":{\"@id\":\"https:\\\/\\\/castellafarm.ch\\\/de\\\/team-building-in-der-natur-kanton-tessin\\\/#breadcrumb\"},\"inLanguage\":\"de\",\"potentialAction\":[{\"@type\":\"ReadAction\",\"target\":[\"https:\\\/\\\/castellafarm.ch\\\/de\\\/team-building-in-der-natur-kanton-tessin\\\/\"]}]},{\"@type\":\"ImageObject\",\"inLanguage\":\"de\",\"@id\":\"https:\\\/\\\/castellafarm.ch\\\/de\\\/team-building-in-der-natur-kanton-tessin\\\/#primaryimage\",\"url\":\"https:\\\/\\\/castellafarm.ch\\\/wp-content\\\/uploads\\\/2023\\\/05\\\/header-team-building.jpg\",\"contentUrl\":\"https:\\\/\\\/castellafarm.ch\\\/wp-content\\\/uploads\\\/2023\\\/05\\\/header-team-building.jpg\",\"width\":1920,\"height\":649},{\"@type\":\"BreadcrumbList\",\"@id\":\"https:\\\/\\\/castellafarm.ch\\\/de\\\/team-building-in-der-natur-kanton-tessin\\\/#breadcrumb\",\"itemListElement\":[{\"@type\":\"ListItem\",\"position\":1,\"name\":\"Home\",\"item\":\"https:\\\/\\\/castellafarm.ch\\\/de\\\/\"},{\"@type\":\"ListItem\",\"position\":2,\"name\":\"Teamgeist f\u00f6rdernde Aktivit\u00e4ten\"}]},{\"@type\":\"WebSite\",\"@id\":\"https:\\\/\\\/2025-corporatesite-castellafarm.mystagingwebsite.com\\\/#website\",\"url\":\"https:\\\/\\\/2025-corporatesite-castellafarm.mystagingwebsite.com\\\/\",\"name\":\"Ca.Stella Farm\",\"description\":\"\",\"publisher\":{\"@id\":\"https:\\\/\\\/2025-corporatesite-castellafarm.mystagingwebsite.com\\\/#organization\"},\"potentialAction\":[{\"@type\":\"SearchAction\",\"target\":{\"@type\":\"EntryPoint\",\"urlTemplate\":\"https:\\\/\\\/2025-corporatesite-castellafarm.mystagingwebsite.com\\\/?s={search_term_string}\"},\"query-input\":{\"@type\":\"PropertyValueSpecification\",\"valueRequired\":true,\"valueName\":\"search_term_string\"}}],\"inLanguage\":\"de\"},{\"@type\":\"Organization\",\"@id\":\"https:\\\/\\\/2025-corporatesite-castellafarm.mystagingwebsite.com\\\/#organization\",\"name\":\"Ca.Stella Farm\",\"url\":\"https:\\\/\\\/2025-corporatesite-castellafarm.mystagingwebsite.com\\\/\",\"logo\":{\"@type\":\"ImageObject\",\"inLanguage\":\"de\",\"@id\":\"https:\\\/\\\/2025-corporatesite-castellafarm.mystagingwebsite.com\\\/#\\\/schema\\\/logo\\\/image\\\/\",\"url\":\"https:\\\/\\\/castellafarm.ch\\\/wp-content\\\/uploads\\\/2023\\\/02\\\/Screenshot-2023-02-13-alle-08.55.23.png\",\"contentUrl\":\"https:\\\/\\\/castellafarm.ch\\\/wp-content\\\/uploads\\\/2023\\\/02\\\/Screenshot-2023-02-13-alle-08.55.23.png\",\"width\":510,\"height\":389,\"caption\":\"Ca.Stella Farm\"},\"image\":{\"@id\":\"https:\\\/\\\/2025-corporatesite-castellafarm.mystagingwebsite.com\\\/#\\\/schema\\\/logo\\\/image\\\/\"}}]}<\/script>\n<!-- \/ Yoast SEO plugin. -->","yoast_head_json":{"title":"Team-Building in der Natur Kanton Tessin | Ca.Stella Farm","description":"Entdecke die Team-Building-Aktivit\u00e4ten von Ca.Stella Farm im Kanton Tessin: immersive Naturerlebnisse f\u00fcr Unternehmen, die Nachhaltigkeit, Inklusion und Wohlbefinden f\u00f6rdern.","robots":{"index":"index","follow":"follow","max-snippet":"max-snippet:-1","max-image-preview":"max-image-preview:large","max-video-preview":"max-video-preview:-1"},"canonical":"https:\/\/castellafarm.ch\/de\/team-building-in-der-natur-kanton-tessin\/","og_locale":"de_DE","og_type":"article","og_title":"Team-Building in der Natur Kanton Tessin | Ca.Stella Farm","og_description":"Entdecke die Team-Building-Aktivit\u00e4ten von Ca.Stella Farm im Kanton Tessin: immersive Naturerlebnisse f\u00fcr Unternehmen, die Nachhaltigkeit, Inklusion und Wohlbefinden f\u00f6rdern.","og_url":"https:\/\/castellafarm.ch\/de\/team-building-in-der-natur-kanton-tessin\/","og_site_name":"Ca.Stella Farm","article_modified_time":"2025-05-30T09:21:01+00:00","og_image":[{"width":1920,"height":649,"url":"https:\/\/castellafarm.ch\/wp-content\/uploads\/2023\/05\/header-team-building.jpg","type":"image\/jpeg"}],"twitter_card":"summary_large_image","schema":{"@context":"https:\/\/schema.org","@graph":[{"@type":"WebPage","@id":"https:\/\/castellafarm.ch\/de\/team-building-in-der-natur-kanton-tessin\/","url":"https:\/\/castellafarm.ch\/de\/team-building-in-der-natur-kanton-tessin\/","name":"Team-Building in der Natur Kanton Tessin | Ca.Stella Farm","isPartOf":{"@id":"https:\/\/2025-corporatesite-castellafarm.mystagingwebsite.com\/#website"},"primaryImageOfPage":{"@id":"https:\/\/castellafarm.ch\/de\/team-building-in-der-natur-kanton-tessin\/#primaryimage"},"image":{"@id":"https:\/\/castellafarm.ch\/de\/team-building-in-der-natur-kanton-tessin\/#primaryimage"},"thumbnailUrl":"https:\/\/castellafarm.ch\/wp-content\/uploads\/2023\/05\/header-team-building.jpg","datePublished":"2023-05-16T20:40:59+00:00","dateModified":"2025-05-30T09:21:01+00:00","description":"Entdecke die Team-Building-Aktivit\u00e4ten von Ca.Stella Farm im Kanton Tessin: immersive Naturerlebnisse f\u00fcr Unternehmen, die Nachhaltigkeit, Inklusion und Wohlbefinden f\u00f6rdern.","breadcrumb":{"@id":"https:\/\/castellafarm.ch\/de\/team-building-in-der-natur-kanton-tessin\/#breadcrumb"},"inLanguage":"de","potentialAction":[{"@type":"ReadAction","target":["https:\/\/castellafarm.ch\/de\/team-building-in-der-natur-kanton-tessin\/"]}]},{"@type":"ImageObject","inLanguage":"de","@id":"https:\/\/castellafarm.ch\/de\/team-building-in-der-natur-kanton-tessin\/#primaryimage","url":"https:\/\/castellafarm.ch\/wp-content\/uploads\/2023\/05\/header-team-building.jpg","contentUrl":"https:\/\/castellafarm.ch\/wp-content\/uploads\/2023\/05\/header-team-building.jpg","width":1920,"height":649},{"@type":"BreadcrumbList","@id":"https:\/\/castellafarm.ch\/de\/team-building-in-der-natur-kanton-tessin\/#breadcrumb","itemListElement":[{"@type":"ListItem","position":1,"name":"Home","item":"https:\/\/castellafarm.ch\/de\/"},{"@type":"ListItem","position":2,"name":"Teamgeist f\u00f6rdernde Aktivit\u00e4ten"}]},{"@type":"WebSite","@id":"https:\/\/2025-corporatesite-castellafarm.mystagingwebsite.com\/#website","url":"https:\/\/2025-corporatesite-castellafarm.mystagingwebsite.com\/","name":"Ca.Stella Farm","description":"","publisher":{"@id":"https:\/\/2025-corporatesite-castellafarm.mystagingwebsite.com\/#organization"},"potentialAction":[{"@type":"SearchAction","target":{"@type":"EntryPoint","urlTemplate":"https:\/\/2025-corporatesite-castellafarm.mystagingwebsite.com\/?s={search_term_string}"},"query-input":{"@type":"PropertyValueSpecification","valueRequired":true,"valueName":"search_term_string"}}],"inLanguage":"de"},{"@type":"Organization","@id":"https:\/\/2025-corporatesite-castellafarm.mystagingwebsite.com\/#organization","name":"Ca.Stella Farm","url":"https:\/\/2025-corporatesite-castellafarm.mystagingwebsite.com\/","logo":{"@type":"ImageObject","inLanguage":"de","@id":"https:\/\/2025-corporatesite-castellafarm.mystagingwebsite.com\/#\/schema\/logo\/image\/","url":"https:\/\/castellafarm.ch\/wp-content\/uploads\/2023\/02\/Screenshot-2023-02-13-alle-08.55.23.png","contentUrl":"https:\/\/castellafarm.ch\/wp-content\/uploads\/2023\/02\/Screenshot-2023-02-13-alle-08.55.23.png","width":510,"height":389,"caption":"Ca.Stella Farm"},"image":{"@id":"https:\/\/2025-corporatesite-castellafarm.mystagingwebsite.com\/#\/schema\/logo\/image\/"}}]}},"_links":{"self":[{"href":"https:\/\/castellafarm.ch\/de\/wp-json\/wp\/v2\/pages\/4586","targetHints":{"allow":["GET"]}}],"collection":[{"href":"https:\/\/castellafarm.ch\/de\/wp-json\/wp\/v2\/pages"}],"about":[{"href":"https:\/\/castellafarm.ch\/de\/wp-json\/wp\/v2\/types\/page"}],"author":[{"embeddable":true,"href":"https:\/\/castellafarm.ch\/de\/wp-json\/wp\/v2\/users\/1"}],"replies":[{"embeddable":true,"href":"https:\/\/castellafarm.ch\/de\/wp-json\/wp\/v2\/comments?post=4586"}],"version-history":[{"count":2,"href":"https:\/\/castellafarm.ch\/de\/wp-json\/wp\/v2\/pages\/4586\/revisions"}],"predecessor-version":[{"id":4594,"href":"https:\/\/castellafarm.ch\/de\/wp-json\/wp\/v2\/pages\/4586\/revisions\/4594"}],"wp:featuredmedia":[{"embeddable":true,"href":"https:\/\/castellafarm.ch\/de\/wp-json\/wp\/v2\/media\/3081"}],"wp:attachment":[{"href":"https:\/\/castellafarm.ch\/de\/wp-json\/wp\/v2\/media?parent=4586"}],"curies":[{"name":"wp","href":"https:\/\/api.w.org\/{rel}","templated":true}]}}