{"id":4596,"date":"2023-05-16T21:29:18","date_gmt":"2023-05-16T19:29:18","guid":{"rendered":"https:\/\/castellafarm.ch\/attivita-educativo-didattica-con-gli-animali\/"},"modified":"2025-05-30T11:11:31","modified_gmt":"2025-05-30T09:11:31","slug":"tieraktivitaeten-monte-san-giorgio","status":"publish","type":"page","link":"https:\/\/castellafarm.ch\/de\/tieraktivitaeten-monte-san-giorgio\/","title":{"rendered":"Aktivit\u00e4ten mit tieren f\u00fcr schulen"},"content":{"rendered":"<section style=\"background-color:; color: \"  class=\"DefaultMarginBottomHalf TitoloContainer   TextAlignLeft SiteWidth \">Aktivit\u00e4ten mit tieren f\u00fcr schulen<\/section>\n\n<section  style=\"color:#5a3323; background-color:\"class=\"BlockWrapperContainer  ParagrafoContainer TextFont18  NoMarginTop DefaultMarginBottom100 NoPaddingBottom NoPaddingTop\"><div class=\"InnerParagrafoContainer SiteWidth\"><p>Wir haben verschiedene Vorschl\u00e4ge zum Thema Tiere ausgearbeitet, die von halbt\u00e4gigen oder eint\u00e4gigen Ausfl\u00fcgen bis zu p\u00e4dagogisch-didaktischen Kursen reichen, die in mehrere Treffen durchgef\u00fchrt werden.<\/p>\n<p>Die Aktivit\u00e4ten basieren auf der Beziehung zu unseren Tieren. Sie lernen nicht nur ihre Gewohnheiten, sondern auch, wie man sie gr\u00fcndlich pflegt und sie auf den Wegen im Reitstall oder im Wald f\u00fchrt. Sie k\u00f6nnen Spazierg\u00e4nge mit unseren Tieren (z.B. mit Alpakas, Eseln&#8230;) erleben und die Welt der Pferde, Ziegen, Kaninchen und H\u00fchner kennenlernen.<\/p>\n<p>Diese erlebnisorientierten Aktivit\u00e4ten werden erg\u00e4nzt durch handwerkliche T\u00e4tigkeiten wie die Verarbeitung von Alpakawolle, p\u00e4dagogische Workshops, Geb\u00e4ck-Atelier (mit leckeren, essbaren Rezepten f\u00fcr unsere Tiere und die Kinder, die sie zubereiten).<\/p>\n<\/div><\/section>\n\n<section  style=\"color:; \"class=\"BlockWrapperContainer  EvidenzaContainer   NoMarginTop NoMarginBottom NoPaddingBottom NoPaddingTop\"><div style=\"background-color:#f7f0e6\" class=\"InnerEvidenzaContainer SiteWidth\"><div class=\"EvidenzaTitle\">EINZELHEITEN<\/div><div class=\"EvidenzaTesto\"><p><strong>Anzahl der Teilnehmer: Klassengruppe;<\/strong><\/p>\n<p><strong>Dauer: <\/strong>M\u00f6glichkeit von halbt\u00e4giger (mindestens zwei Stunden) oder eint\u00e4giger Ausfl\u00fcge sowie mehrerer thematischer Treffen je nach Bedarf<strong>. <\/strong>Nach der Aktivit\u00e4t kann die Klasse anhalten um Ihr Picknick zu genie\u00dfen, im Au\u00dfenbereich von Ca.Stella. (Mittagessen nicht inbegriffen);<\/p>\n<p><strong>Mittagessen im Ca.Stella: <\/strong>Bei Interesse kann die Klasse vor Ort Mittagessen, mit einem vegetarischen Menu, das von unserer K\u00f6chin vorgeschlagen wird.<strong>\u00a0 <\/strong><\/p>\n<\/div><\/div><\/section>\n\n<section  style=\"color:#5a3323; background-color:\"class=\"BlockWrapperContainer  ParagrafoContainer TextFont18  DefaultMarginTop50 NoMarginBottom DefaultPaddingBottom NoPaddingTop\"><div class=\"InnerParagrafoContainer SiteWidth\"><p style=\"text-align: center;\"><strong>***PROJEKTE WERDEN AD HOC VON UNSEREN THERAPEUTEN ENTWICKELT.<\/strong><br \/>\n<strong>Haustiertherapie und Gartenbauaktivit\u00e4ten k\u00f6nnen kombiniert am selben Tag gebucht werden.<\/strong><\/p>\n<\/div><\/section>\n\n<section  style=\"background-color:#c66462\"class=\"BlockWrapperContainer  BlockWrapperGrigliaImmagini  NoMarginTop DefaultMarginBottom100 DefaultPaddingBottom DefaultPaddingTop FullWidth  \"><div class=\"BlockGridWall SiteWidth\"><div class=\"GrigliaCol\"><a href=\"\" class=\"SingleGridImage SingleGridImageFirst\" style=\"background-image:url(https:\/\/castellafarm.ch\/wp-content\/uploads\/2023\/05\/attivita-animali-1.jpg)\"><\/a><\/div><div class=\"GrigliaCol\"><a href=\"\" class=\"SingleGridImage SingleGridImageSecond\" style=\"background-image:url(https:\/\/castellafarm.ch\/wp-content\/uploads\/2023\/05\/attivita-animali-2.jpg)\"><\/a><a href=\"\" class=\"SingleGridImage SingleGridImageThird\" style=\"background-image:url(https:\/\/castellafarm.ch\/wp-content\/uploads\/2023\/05\/attivita-animali-3.jpg)\"><\/a><a href=\"\" class=\"SingleGridImage SingleGridImageFourth\" style=\"background-image:url(https:\/\/castellafarm.ch\/wp-content\/uploads\/2023\/05\/attivita-animali-4.jpg)\"><\/a><\/div><\/div><\/section>\n\n<section style=\"background-color:; color: \"  class=\"DefaultMarginBottomHalf TitoloContainer   TextAlignLeft SiteWidth \">Die Geschichte der Tiertherapie in unserer Struktur<\/section>\n\n<section  style=\"color:; background-color:\"class=\"BlockWrapperContainer  ParagrafoContainer TextFont18  NoMarginTop DefaultMarginBottom100 NoPaddingBottom NoPaddingTop\"><div class=\"InnerParagrafoContainer SiteWidth\"><p>Auf Ca. Stella Farm-Camino Spinirolo standen die Tiere und die Tiertherapie seit immer im Mittelpunkt. Hierf\u00fcr wurde von Anfang an ein Projekt aufgebaut, bei dem Tiere die Hauptrolle spielten, indem Sie eine Umwelt finden, das ihren eigenen Bed\u00fcrfnissen besonders gut entspricht. Die Aktivit\u00e4ten, die durchgef\u00fchrt werden, sind zuguten den Kindern, Jugendlichen und Erwachsenen, immer unter der Leitung von speziell geschultem Personal.<\/p>\n<p>Es ist wissenschaftlich bewiesen, dass tiergest\u00fctzte Aktivit\u00e4ten in vielen Lebensbereichen erhebliche Vorteile bringen: vom kognitiven Bereich, mit Verbesserung der zeitlichen und r\u00e4umlichen F\u00e4higkeiten und des Ged\u00e4chtnisses, bis zum emotionalen Bereich, der \u00c4ngste und Depressionen abbaut. Der am meisten betroffene Bereich, ist der der Beziehungen, da die Sozialisierung und die Interaktionen in einer urteilsfreien Umgebung gef\u00f6rdert wird.<\/p>\n<p>Die Vorteile f\u00fcr den physischen Bereich sind auch nicht zu untersch\u00e4tzen, als bei der Tiertherapie, werden Blutdruck und Herzfrequenzen (die sich regulieren) verbessert und der Endorphin- und Cortisolspiegel (Wohlf\u00fchlhormone) wird stimuliert. Tiere stimulieren und motivieren zu Bewegungen und Handlungen, die sonst (in manchen F\u00e4llen) sehr anstrengend w\u00e4ren (insbesondere bei neuro-motorischen Schwierigkeiten).<\/p>\n<\/div><\/section>\n\n\n<section  class=\"BlockWrapperContainer ImmagineTestoImmagine DefaultPaddingTop DefaultPaddingBottom FullWidth NoMarginBottom NoMarginTop \" style=\"background-color:#f7f0e6;\">\n\n\t<div class=\"ImmagineTestoImmagineCol ImmagineTestoImmagineCol_1\">\n\t\t<img alt=\"Ca.Stella Farm-Camino Spinirolo-campeggio\"src=\"https:\/\/castellafarm.ch\/wp-content\/uploads\/2023\/06\/prenota-1-1.jpg\"\/>\n\t<\/div>\n\t<div class=\"ImmagineTestoImmagineCol BlockTestoCol\">\n\t\t<p style=\"text-align: center;\">M\u00f6chten Sie in die\u00a0<strong>Natur<\/strong> eintauchen<br \/>\nund einen m\u00e4rchenhaften Campingplatz erleben?<\/p>\n\t\t<a href=\"https:\/\/thelisresa.webcamp.fr\/formulaire.php?TYPE_CAMPING=1&#038;TYPE_LOCATION=2&#038;camping=meridetcs&#038;lang=de&#038;custom-c1=A4ADAD&#038;custom-c2=619005&#038;simpleSearch=0&#038;duration=7&#038;typecamping=0&#038;typelocation=1&#038;type=2&#038;button=bookingButton&#038;quantity=3&#038;oldSchool=0&#038;noStyle=0&#038;noStyle=0&#038;noStyle=0&#038;noStyle=0&#038;noStyle=0&#038;polaroid=1&#038;fromWidget=1&#038;mode=modal&#038;PHPSESSID=i53tr4k5j3rd58b3ukm1gmmgv5\" class=\"MainButton MainButtonRosa\">\n\t\t\tRESERVIEREN SIE\t\t<\/a>\n\t<\/div>\n\t<div class=\"ImmagineTestoImmagineCol ImmagineTestoImmagineCol_2\">\n\t\t<img decoding=\"async\" alt=\"Ca.Stella Farm-Camino Spinirolo - Tenda\" src=\"https:\/\/castellafarm.ch\/wp-content\/uploads\/2023\/06\/prenota-2.jpg\"\/>\n\t<\/div>\n<\/section>","protected":false},"excerpt":{"rendered":"","protected":false},"author":1,"featured_media":2842,"parent":0,"menu_order":0,"comment_status":"closed","ping_status":"closed","template":"","meta":{"_acf_changed":false,"footnotes":""},"class_list":["post-4596","page","type-page","status-publish","has-post-thumbnail","hentry"],"acf":[],"yoast_head":"<!-- This site is optimized with the Yoast SEO plugin v27.3 - https:\/\/yoast.com\/product\/yoast-seo-wordpress\/ -->\n<title>Tieraktivit\u00e4ten Monte San Giorgio | Ca.Stella Farm<\/title>\n<meta name=\"description\" content=\"Entdecken Sie die p\u00e4dagogischen Tieraktivit\u00e4ten bei Ca.Stella Farm: Spazierg\u00e4nge, Pflege, kreative Workshops und authentische Begegnungen im Herzen des Monte San Giorgio.\" \/>\n<meta name=\"robots\" content=\"index, follow, max-snippet:-1, max-image-preview:large, max-video-preview:-1\" \/>\n<link rel=\"canonical\" href=\"https:\/\/castellafarm.ch\/de\/tieraktivitaeten-monte-san-giorgio\/\" \/>\n<meta property=\"og:locale\" content=\"de_DE\" \/>\n<meta property=\"og:type\" content=\"article\" \/>\n<meta property=\"og:title\" content=\"Tieraktivit\u00e4ten Monte San Giorgio | Ca.Stella Farm\" \/>\n<meta property=\"og:description\" content=\"Entdecken Sie die p\u00e4dagogischen Tieraktivit\u00e4ten bei Ca.Stella Farm: Spazierg\u00e4nge, Pflege, kreative Workshops und authentische Begegnungen im Herzen des Monte San Giorgio.\" \/>\n<meta property=\"og:url\" content=\"https:\/\/castellafarm.ch\/de\/tieraktivitaeten-monte-san-giorgio\/\" \/>\n<meta property=\"og:site_name\" content=\"Ca.Stella Farm\" \/>\n<meta property=\"article:modified_time\" content=\"2025-05-30T09:11:31+00:00\" \/>\n<meta property=\"og:image\" content=\"https:\/\/castellafarm.ch\/wp-content\/uploads\/2023\/05\/header-attivita-animali.jpg\" \/>\n\t<meta property=\"og:image:width\" content=\"1920\" \/>\n\t<meta property=\"og:image:height\" content=\"649\" \/>\n\t<meta property=\"og:image:type\" content=\"image\/jpeg\" \/>\n<meta name=\"twitter:card\" content=\"summary_large_image\" \/>\n<script type=\"application\/ld+json\" class=\"yoast-schema-graph\">{\"@context\":\"https:\\\/\\\/schema.org\",\"@graph\":[{\"@type\":\"WebPage\",\"@id\":\"https:\\\/\\\/castellafarm.ch\\\/de\\\/tieraktivitaeten-monte-san-giorgio\\\/\",\"url\":\"https:\\\/\\\/castellafarm.ch\\\/de\\\/tieraktivitaeten-monte-san-giorgio\\\/\",\"name\":\"Tieraktivit\u00e4ten Monte San Giorgio | Ca.Stella Farm\",\"isPartOf\":{\"@id\":\"https:\\\/\\\/2025-corporatesite-castellafarm.mystagingwebsite.com\\\/#website\"},\"primaryImageOfPage\":{\"@id\":\"https:\\\/\\\/castellafarm.ch\\\/de\\\/tieraktivitaeten-monte-san-giorgio\\\/#primaryimage\"},\"image\":{\"@id\":\"https:\\\/\\\/castellafarm.ch\\\/de\\\/tieraktivitaeten-monte-san-giorgio\\\/#primaryimage\"},\"thumbnailUrl\":\"https:\\\/\\\/castellafarm.ch\\\/wp-content\\\/uploads\\\/2023\\\/05\\\/header-attivita-animali.jpg\",\"datePublished\":\"2023-05-16T19:29:18+00:00\",\"dateModified\":\"2025-05-30T09:11:31+00:00\",\"description\":\"Entdecken Sie die p\u00e4dagogischen Tieraktivit\u00e4ten bei Ca.Stella Farm: Spazierg\u00e4nge, Pflege, kreative Workshops und authentische Begegnungen im Herzen des Monte San Giorgio.\",\"breadcrumb\":{\"@id\":\"https:\\\/\\\/castellafarm.ch\\\/de\\\/tieraktivitaeten-monte-san-giorgio\\\/#breadcrumb\"},\"inLanguage\":\"de\",\"potentialAction\":[{\"@type\":\"ReadAction\",\"target\":[\"https:\\\/\\\/castellafarm.ch\\\/de\\\/tieraktivitaeten-monte-san-giorgio\\\/\"]}]},{\"@type\":\"ImageObject\",\"inLanguage\":\"de\",\"@id\":\"https:\\\/\\\/castellafarm.ch\\\/de\\\/tieraktivitaeten-monte-san-giorgio\\\/#primaryimage\",\"url\":\"https:\\\/\\\/castellafarm.ch\\\/wp-content\\\/uploads\\\/2023\\\/05\\\/header-attivita-animali.jpg\",\"contentUrl\":\"https:\\\/\\\/castellafarm.ch\\\/wp-content\\\/uploads\\\/2023\\\/05\\\/header-attivita-animali.jpg\",\"width\":1920,\"height\":649},{\"@type\":\"BreadcrumbList\",\"@id\":\"https:\\\/\\\/castellafarm.ch\\\/de\\\/tieraktivitaeten-monte-san-giorgio\\\/#breadcrumb\",\"itemListElement\":[{\"@type\":\"ListItem\",\"position\":1,\"name\":\"Home\",\"item\":\"https:\\\/\\\/castellafarm.ch\\\/de\\\/\"},{\"@type\":\"ListItem\",\"position\":2,\"name\":\"Aktivit\u00e4ten mit tieren f\u00fcr schulen\"}]},{\"@type\":\"WebSite\",\"@id\":\"https:\\\/\\\/2025-corporatesite-castellafarm.mystagingwebsite.com\\\/#website\",\"url\":\"https:\\\/\\\/2025-corporatesite-castellafarm.mystagingwebsite.com\\\/\",\"name\":\"Ca.Stella Farm\",\"description\":\"\",\"publisher\":{\"@id\":\"https:\\\/\\\/2025-corporatesite-castellafarm.mystagingwebsite.com\\\/#organization\"},\"potentialAction\":[{\"@type\":\"SearchAction\",\"target\":{\"@type\":\"EntryPoint\",\"urlTemplate\":\"https:\\\/\\\/2025-corporatesite-castellafarm.mystagingwebsite.com\\\/?s={search_term_string}\"},\"query-input\":{\"@type\":\"PropertyValueSpecification\",\"valueRequired\":true,\"valueName\":\"search_term_string\"}}],\"inLanguage\":\"de\"},{\"@type\":\"Organization\",\"@id\":\"https:\\\/\\\/2025-corporatesite-castellafarm.mystagingwebsite.com\\\/#organization\",\"name\":\"Ca.Stella Farm\",\"url\":\"https:\\\/\\\/2025-corporatesite-castellafarm.mystagingwebsite.com\\\/\",\"logo\":{\"@type\":\"ImageObject\",\"inLanguage\":\"de\",\"@id\":\"https:\\\/\\\/2025-corporatesite-castellafarm.mystagingwebsite.com\\\/#\\\/schema\\\/logo\\\/image\\\/\",\"url\":\"https:\\\/\\\/castellafarm.ch\\\/wp-content\\\/uploads\\\/2023\\\/02\\\/Screenshot-2023-02-13-alle-08.55.23.png\",\"contentUrl\":\"https:\\\/\\\/castellafarm.ch\\\/wp-content\\\/uploads\\\/2023\\\/02\\\/Screenshot-2023-02-13-alle-08.55.23.png\",\"width\":510,\"height\":389,\"caption\":\"Ca.Stella Farm\"},\"image\":{\"@id\":\"https:\\\/\\\/2025-corporatesite-castellafarm.mystagingwebsite.com\\\/#\\\/schema\\\/logo\\\/image\\\/\"}}]}<\/script>\n<!-- \/ Yoast SEO plugin. -->","yoast_head_json":{"title":"Tieraktivit\u00e4ten Monte San Giorgio | Ca.Stella Farm","description":"Entdecken Sie die p\u00e4dagogischen Tieraktivit\u00e4ten bei Ca.Stella Farm: Spazierg\u00e4nge, Pflege, kreative Workshops und authentische Begegnungen im Herzen des Monte San Giorgio.","robots":{"index":"index","follow":"follow","max-snippet":"max-snippet:-1","max-image-preview":"max-image-preview:large","max-video-preview":"max-video-preview:-1"},"canonical":"https:\/\/castellafarm.ch\/de\/tieraktivitaeten-monte-san-giorgio\/","og_locale":"de_DE","og_type":"article","og_title":"Tieraktivit\u00e4ten Monte San Giorgio | Ca.Stella Farm","og_description":"Entdecken Sie die p\u00e4dagogischen Tieraktivit\u00e4ten bei Ca.Stella Farm: Spazierg\u00e4nge, Pflege, kreative Workshops und authentische Begegnungen im Herzen des Monte San Giorgio.","og_url":"https:\/\/castellafarm.ch\/de\/tieraktivitaeten-monte-san-giorgio\/","og_site_name":"Ca.Stella Farm","article_modified_time":"2025-05-30T09:11:31+00:00","og_image":[{"width":1920,"height":649,"url":"https:\/\/castellafarm.ch\/wp-content\/uploads\/2023\/05\/header-attivita-animali.jpg","type":"image\/jpeg"}],"twitter_card":"summary_large_image","schema":{"@context":"https:\/\/schema.org","@graph":[{"@type":"WebPage","@id":"https:\/\/castellafarm.ch\/de\/tieraktivitaeten-monte-san-giorgio\/","url":"https:\/\/castellafarm.ch\/de\/tieraktivitaeten-monte-san-giorgio\/","name":"Tieraktivit\u00e4ten Monte San Giorgio | Ca.Stella Farm","isPartOf":{"@id":"https:\/\/2025-corporatesite-castellafarm.mystagingwebsite.com\/#website"},"primaryImageOfPage":{"@id":"https:\/\/castellafarm.ch\/de\/tieraktivitaeten-monte-san-giorgio\/#primaryimage"},"image":{"@id":"https:\/\/castellafarm.ch\/de\/tieraktivitaeten-monte-san-giorgio\/#primaryimage"},"thumbnailUrl":"https:\/\/castellafarm.ch\/wp-content\/uploads\/2023\/05\/header-attivita-animali.jpg","datePublished":"2023-05-16T19:29:18+00:00","dateModified":"2025-05-30T09:11:31+00:00","description":"Entdecken Sie die p\u00e4dagogischen Tieraktivit\u00e4ten bei Ca.Stella Farm: Spazierg\u00e4nge, Pflege, kreative Workshops und authentische Begegnungen im Herzen des Monte San Giorgio.","breadcrumb":{"@id":"https:\/\/castellafarm.ch\/de\/tieraktivitaeten-monte-san-giorgio\/#breadcrumb"},"inLanguage":"de","potentialAction":[{"@type":"ReadAction","target":["https:\/\/castellafarm.ch\/de\/tieraktivitaeten-monte-san-giorgio\/"]}]},{"@type":"ImageObject","inLanguage":"de","@id":"https:\/\/castellafarm.ch\/de\/tieraktivitaeten-monte-san-giorgio\/#primaryimage","url":"https:\/\/castellafarm.ch\/wp-content\/uploads\/2023\/05\/header-attivita-animali.jpg","contentUrl":"https:\/\/castellafarm.ch\/wp-content\/uploads\/2023\/05\/header-attivita-animali.jpg","width":1920,"height":649},{"@type":"BreadcrumbList","@id":"https:\/\/castellafarm.ch\/de\/tieraktivitaeten-monte-san-giorgio\/#breadcrumb","itemListElement":[{"@type":"ListItem","position":1,"name":"Home","item":"https:\/\/castellafarm.ch\/de\/"},{"@type":"ListItem","position":2,"name":"Aktivit\u00e4ten mit tieren f\u00fcr schulen"}]},{"@type":"WebSite","@id":"https:\/\/2025-corporatesite-castellafarm.mystagingwebsite.com\/#website","url":"https:\/\/2025-corporatesite-castellafarm.mystagingwebsite.com\/","name":"Ca.Stella Farm","description":"","publisher":{"@id":"https:\/\/2025-corporatesite-castellafarm.mystagingwebsite.com\/#organization"},"potentialAction":[{"@type":"SearchAction","target":{"@type":"EntryPoint","urlTemplate":"https:\/\/2025-corporatesite-castellafarm.mystagingwebsite.com\/?s={search_term_string}"},"query-input":{"@type":"PropertyValueSpecification","valueRequired":true,"valueName":"search_term_string"}}],"inLanguage":"de"},{"@type":"Organization","@id":"https:\/\/2025-corporatesite-castellafarm.mystagingwebsite.com\/#organization","name":"Ca.Stella Farm","url":"https:\/\/2025-corporatesite-castellafarm.mystagingwebsite.com\/","logo":{"@type":"ImageObject","inLanguage":"de","@id":"https:\/\/2025-corporatesite-castellafarm.mystagingwebsite.com\/#\/schema\/logo\/image\/","url":"https:\/\/castellafarm.ch\/wp-content\/uploads\/2023\/02\/Screenshot-2023-02-13-alle-08.55.23.png","contentUrl":"https:\/\/castellafarm.ch\/wp-content\/uploads\/2023\/02\/Screenshot-2023-02-13-alle-08.55.23.png","width":510,"height":389,"caption":"Ca.Stella Farm"},"image":{"@id":"https:\/\/2025-corporatesite-castellafarm.mystagingwebsite.com\/#\/schema\/logo\/image\/"}}]}},"_links":{"self":[{"href":"https:\/\/castellafarm.ch\/de\/wp-json\/wp\/v2\/pages\/4596","targetHints":{"allow":["GET"]}}],"collection":[{"href":"https:\/\/castellafarm.ch\/de\/wp-json\/wp\/v2\/pages"}],"about":[{"href":"https:\/\/castellafarm.ch\/de\/wp-json\/wp\/v2\/types\/page"}],"author":[{"embeddable":true,"href":"https:\/\/castellafarm.ch\/de\/wp-json\/wp\/v2\/users\/1"}],"replies":[{"embeddable":true,"href":"https:\/\/castellafarm.ch\/de\/wp-json\/wp\/v2\/comments?post=4596"}],"version-history":[{"count":2,"href":"https:\/\/castellafarm.ch\/de\/wp-json\/wp\/v2\/pages\/4596\/revisions"}],"predecessor-version":[{"id":4603,"href":"https:\/\/castellafarm.ch\/de\/wp-json\/wp\/v2\/pages\/4596\/revisions\/4603"}],"wp:featuredmedia":[{"embeddable":true,"href":"https:\/\/castellafarm.ch\/de\/wp-json\/wp\/v2\/media\/2842"}],"wp:attachment":[{"href":"https:\/\/castellafarm.ch\/de\/wp-json\/wp\/v2\/media?parent=4596"}],"curies":[{"name":"wp","href":"https:\/\/api.w.org\/{rel}","templated":true}]}}