{"id":4697,"date":"2023-05-17T14:42:30","date_gmt":"2023-05-17T12:42:30","guid":{"rendered":"https:\/\/castellafarm.ch\/i-nostri-animali\/"},"modified":"2025-05-30T11:34:50","modified_gmt":"2025-05-30T09:34:50","slug":"tiere-auf-dem-lernbauernhof-kanton-tessin","status":"publish","type":"page","link":"https:\/\/castellafarm.ch\/de\/tiere-auf-dem-lernbauernhof-kanton-tessin\/","title":{"rendered":"Unsere tiere"},"content":{"rendered":"<section style=\"background-color:; color: \"  class=\"DefaultMarginBottomHalf TitoloContainer   TextAlignCenter SiteWidth \">Unsere tiere<\/section>\n\n<section  style=\"color:; background-color:\"class=\"BlockWrapperContainer  ParagrafoContainer TextFont18  NoMarginTop DefaultMarginBottom100 NoPaddingBottom NoPaddingTop\"><div class=\"InnerParagrafoContainer SiteWidth\"><p style=\"text-align: center;\">Der Ca.Stella FARM beherbergt verschiedene Arten von sensiblen, freundlichen Tieren, die an enge Interaktionen mit Menschen gew\u00f6hnt sind.<br \/>\nSie werden die M\u00f6glichkeit haben, Pferde, Ponys, Esel, Alpakas, Kaninchen, H\u00fchner und Ziegen kennenzulernen. Entdecken Sie alle unten.<\/p>\n<\/div><\/section>\n\n<section  class=\"BlockWrapperContainer SiteWidth CardsContainer  NoMarginTop NoMarginBottom DefaultPaddingBottom NoPaddingTop\">\t\t\t<div class=\"SingleCard\" data-aos=\"fade-up\" data-aos-delay=\"50\">\n\t\t\t\t<div style=\"background-image:url(https:\/\/castellafarm.ch\/wp-content\/uploads\/2023\/05\/athena.jpg)\" class=\"SingleCardImage\"><\/div>\n\t\t\t<div class=\"SingleCardTitle\">ATHENA<\/div>\n\t\t\t<div class=\"SingleCardSubTitle\"><p><strong>Geboren am 15. Mai 1991<\/strong><\/p>\n<p><strong>Appaloosa-vollblut Stute<\/strong><\/p>\n<p><strong>Pferd<\/strong><\/p>\n<p><strong>Tierlaut: Wiehern<\/strong><\/p>\n<\/div>\n\t\t\t<div class=\"SingleCardDesc\"><p>Athena ist zusammen mit Trinity nach Ca.Stella gekommen, sie sind Mutter und Tochter. Athena ist eine Stute mit einem stolzen und starken Charakter, sie ist k\u00e4mpferisch, aber nett und sie liebt Spazierg\u00e4nge und den Kontakt mit Menschen. Insbesondere mag sie es, wenn man sie zwischen Brust und Hals streicheln. Sie ist das \u00e4lteste Tier bei Ca.Stella und wird von allen respektiert.<\/p>\n<\/div>\n\t\t<\/div>\n\t\t\t\t<div class=\"SingleCard\" data-aos=\"fade-up\" data-aos-delay=\"100\">\n\t\t\t\t<div style=\"background-image:url(https:\/\/castellafarm.ch\/wp-content\/uploads\/2023\/05\/trinity.jpg)\" class=\"SingleCardImage\"><\/div>\n\t\t\t<div class=\"SingleCardTitle\">TRINITY<\/div>\n\t\t\t<div class=\"SingleCardSubTitle\"><p><strong>Geboren am 24. Mai 2001<\/strong><\/p>\n<p><strong>Appaloosa-vollblut Stute<\/strong><\/p>\n<p><strong>Pferd<\/strong><\/p>\n<p><strong>Tierlaut: Wiehern<\/strong><\/p>\n<\/div>\n\t\t\t<div class=\"SingleCardDesc\"><p>Trinity schien sofort als eine sehr intelligente und ruhige, aber auch lebhafte Stute. Wenn jemand sich ihr n\u00e4hert, muss er\/sie fest, aber sanft sein. Manchmal leckt Trinity die Hand und sie mag es, wenn jemand sie streichelt. Seitdem sie bei Ca.Stella angekommen ist, hat sie sich sofort sehr gut mit Luc angefreundet. Au\u00dferdem ist Trinity Athenas Tochter.<\/p>\n<\/div>\n\t\t<\/div>\n\t\t\t\t<div class=\"SingleCard\" data-aos=\"fade-up\" data-aos-delay=\"150\">\n\t\t\t\t<div style=\"background-image:url(https:\/\/castellafarm.ch\/wp-content\/uploads\/2023\/05\/luc.jpg)\" class=\"SingleCardImage\"><\/div>\n\t\t\t<div class=\"SingleCardTitle\">LUC<\/div>\n\t\t\t<div class=\"SingleCardSubTitle\"><p><strong>Geboren am 17. April 2001<\/strong><\/p>\n<p><strong>Freiberger\/Franches-Montagnes-vollblut Wallach<\/strong><\/p>\n<p><strong>Pferd<\/strong><\/p>\n<p><strong>Tierlaut: Wiehern<\/strong><\/p>\n<\/div>\n\t\t\t<div class=\"SingleCardDesc\"><p>Luc ist in Ca.Stella mit vielen \u00c4ngsten und eine Verteidigungshaltung gegen\u00fcber Menschen angekommen. Gradweise wird Luc selbstbewusst und scheint als ein sehr nettes und zahmes Pferd, vor allem in Situationen, wo er sich wohl f\u00fchlt. Luc ist auch ein Schlemmer und liebt die Sommerduschen. In der Herde hat er sich immer als sehr guter Leader erwiesen; er ist auch ruhig, gelassen und nie gewaltt\u00e4tig.<\/p>\n<\/div>\n\t\t<\/div>\n\t\t\t\t<div class=\"SingleCard\" data-aos=\"fade-up\" data-aos-delay=\"200\">\n\t\t\t\t<div style=\"background-image:url(https:\/\/castellafarm.ch\/wp-content\/uploads\/2023\/05\/ethan.jpg)\" class=\"SingleCardImage\"><\/div>\n\t\t\t<div class=\"SingleCardTitle\">ETHAN<\/div>\n\t\t\t<div class=\"SingleCardSubTitle\"><p><strong>Geboren am 10. August 2010<\/strong><\/p>\n<p><strong>Haflingerwallach<\/strong><\/p>\n<p><strong>Pferd<\/strong><\/p>\n<p><strong>Rev: wiehernd<\/strong><\/p>\n<\/div>\n\t\t\t<div class=\"SingleCardDesc\"><p>Ethan kam im Jahr 2022 zu Ca.Stella, schlau und clever, sucht er immer nach Wegen, um das zu bekommen, was er will&#8230; Und oft gelingt es ihm! Er liebt es, in Gesellschaft von Menschen zu sein und sucht st\u00e4ndig nach Aufmerksamkeit, er ist auch sehr stur und lehrt uns Geduld zu haben!<\/p>\n<\/div>\n\t\t<\/div>\n\t\t\t\t<div class=\"SingleCard\" data-aos=\"fade-up\" data-aos-delay=\"250\">\n\t\t\t\t<div style=\"background-image:url(https:\/\/castellafarm.ch\/wp-content\/uploads\/2023\/05\/claretta.jpg)\" class=\"SingleCardImage\"><\/div>\n\t\t\t<div class=\"SingleCardTitle\">CLARETTA<\/div>\n\t\t\t<div class=\"SingleCardSubTitle\"><p><strong>Geboren am 13. Avril 2009<\/strong><\/p>\n<p><strong>Eselin<\/strong><\/p>\n<p><strong>Tierlaut: Eselsschrei<\/strong><\/p>\n<\/div>\n\t\t\t<div class=\"SingleCardDesc\"><p>Ethan kam im Jahr 2022 zu Ca.Stella, schlau und clever, sucht er immer nach Wegen, um das zu bekommen, was er will&#8230; Und oft gelingt es ihm! Er liebt es, in Gesellschaft von Menschen zu sein und sucht st\u00e4ndig nach Aufmerksamkeit, er ist auch sehr stur und lehrt uns Geduld zu haben!<\/p>\n<\/div>\n\t\t<\/div>\n\t\t\t\t<div class=\"SingleCard\" data-aos=\"fade-up\" data-aos-delay=\"300\">\n\t\t\t\t<div style=\"background-image:url(https:\/\/castellafarm.ch\/wp-content\/uploads\/2023\/05\/fiammetta.jpg)\" class=\"SingleCardImage\"><\/div>\n\t\t\t<div class=\"SingleCardTitle\">FIAMMETTA<\/div>\n\t\t\t<div class=\"SingleCardSubTitle\"><p><strong>Geboren am 15. Mai 2009<\/strong><\/p>\n<p><strong>Eselin<\/strong><\/p>\n<p><strong>Tierlaut: Eselsschrei<\/strong><\/p>\n<\/div>\n\t\t\t<div class=\"SingleCardDesc\"><p>Fiammetta hat einen starken, stolzen und manchmal sturen Charakter, sie ist sehr schlau und versucht immer, Leute zu testen, die sie spazieren f\u00fchren. Sie liebt, gestreichelt und geh\u00e4tschelt zu werden.<\/p>\n<\/div>\n\t\t<\/div>\n\t\t\t\t<div class=\"SingleCard\" data-aos=\"fade-up\" data-aos-delay=\"350\">\n\t\t\t\t<div style=\"background-image:url(https:\/\/castellafarm.ch\/wp-content\/uploads\/2023\/05\/nuvola.jpg)\" class=\"SingleCardImage\"><\/div>\n\t\t\t<div class=\"SingleCardTitle\">NUVOLA (O NUVOLINA)<\/div>\n\t\t\t<div class=\"SingleCardSubTitle\"><p><strong>Geboren am 3. Mars 2002<\/strong><\/p>\n<p><strong>Mini Shetland<\/strong><\/p>\n<p><strong>Pferd<\/strong><\/p>\n<p><strong>Tierlaut: Wiehern<\/strong><\/p>\n<\/div>\n\t\t\t<div class=\"SingleCardDesc\"><p>Nuvola ist mit Luc auf Ca.Stella angekommen und sie ist mit ihm sehr eng. Sie ist ein sehr ruhiges und liebes Pony.<\/p>\n<p>Am Anfang ist sie sch\u00fcchtern und zur\u00fcckhaltend und man soll sich ihr zart n\u00e4hern.<\/p>\n<p>Sie liebt, geh\u00e4tschelt und auf dem Bauch gestreichelt zu werden. Nuvola ist Invalidin, denn sie hat vor einigen Jahren einen Unfall erlitten und seitdem ist sie hoffnungslos Hinkende.<\/p>\n<\/div>\n\t\t<\/div>\n\t\t\t\t<div class=\"SingleCard\" data-aos=\"fade-up\" data-aos-delay=\"400\">\n\t\t\t\t<div style=\"background-image:url(https:\/\/castellafarm.ch\/wp-content\/uploads\/2023\/05\/myra.jpg)\" class=\"SingleCardImage\"><\/div>\n\t\t\t<div class=\"SingleCardTitle\">MYRA<\/div>\n\t\t\t<div class=\"SingleCardSubTitle\"><p><strong>Geboren am 1. Januar 2010<\/strong><\/p>\n<p><strong>Mini Pony<\/strong><\/p>\n<p><strong>Tierlaut: Wiehern<\/strong><\/p>\n<\/div>\n\t\t\t<div class=\"SingleCardDesc\"><p>Myra ist ein s\u00fc\u00dfes Pony, sie liebt, gestreichelt zu werden und sie ist sehr kooperativ. Man soll sich ihr immer zart n\u00e4hern und darauf aufpassen, sie nicht zu erschrecken.<\/p>\n<\/div>\n\t\t<\/div>\n\t\t\t\t<div class=\"SingleCard\" data-aos=\"fade-up\" data-aos-delay=\"450\">\n\t\t\t\t<div style=\"background-image:url(https:\/\/castellafarm.ch\/wp-content\/uploads\/2023\/05\/cleopatra.jpg)\" class=\"SingleCardImage\"><\/div>\n\t\t\t<div class=\"SingleCardTitle\">CLEOPATRA<\/div>\n\t\t\t<div class=\"SingleCardSubTitle\"><p><strong>Geboren im Oktober 2016<\/strong><\/p>\n<p><strong>Zwergziege<\/strong><\/p>\n<p><strong>Tierlaut: Meckern<\/strong><\/p>\n<\/div>\n\t\t\t<div class=\"SingleCardDesc\"><p>Cleopatra ist sch\u00fcchtern und zur\u00fcckhaltend. Man sollte sich ihr zart n\u00e4hern und ihr nicht folgen. Es w\u00e4re besser, dass sie sich n\u00e4hern l\u00e4sst.<\/p>\n<\/div>\n\t\t<\/div>\n\t\t\t\t<div class=\"SingleCard\" data-aos=\"fade-up\" data-aos-delay=\"500\">\n\t\t\t\t<div style=\"background-image:url(https:\/\/castellafarm.ch\/wp-content\/uploads\/2023\/05\/cesare.jpg)\" class=\"SingleCardImage\"><\/div>\n\t\t\t<div class=\"SingleCardTitle\">CESARE<\/div>\n\t\t\t<div class=\"SingleCardSubTitle\"><p><strong>Geboren im Oktober 2016<\/strong><\/p>\n<p><strong>Zwergziege<\/strong><\/p>\n<p><strong>Tierlaut: Meckern<\/strong><\/p>\n<\/div>\n\t\t\t<div class=\"SingleCardDesc\"><p>Cesare ist gesellig und unternehmend, aber manchmal kann er ein wenig frech sein. Es ist wichtig, dass man sich ihm mit Freundlichkeit n\u00e4hern, um ihn wissen zu lassen, dass wir freundliche Absichten haben.<\/p>\n<\/div>\n\t\t<\/div>\n\t\t\t\t<div class=\"SingleCard\" data-aos=\"fade-up\" data-aos-delay=\"550\">\n\t\t\t\t<div style=\"background-image:url(https:\/\/castellafarm.ch\/wp-content\/uploads\/2023\/05\/aria.jpg)\" class=\"SingleCardImage\"><\/div>\n\t\t\t<div class=\"SingleCardTitle\">ARIA<\/div>\n\t\t\t<div class=\"SingleCardSubTitle\"><p><strong>Geboren am 20. August 2017<\/strong><\/p>\n<p><strong>Alpaka<\/strong><\/p>\n<p><strong>Tierlaut: humming<\/strong><\/p>\n<\/div>\n\t\t\t<div class=\"SingleCardDesc\"><p>Aria ist in Ca.Stella geboren, sie ist die Tochter von Dara und Silas und hat einen besonderen Charakter. Manchmal ist sie widerspenstig und unabh\u00e4ngig, aber sie kann auch Schmuser sein und sie legt sich sogar hin, um gekrault und gestreichelt zu werden.<\/p>\n<\/div>\n\t\t<\/div>\n\t\t\t\t<div class=\"SingleCard\" data-aos=\"fade-up\" data-aos-delay=\"600\">\n\t\t\t\t<div style=\"background-image:url(https:\/\/castellafarm.ch\/wp-content\/uploads\/2023\/05\/jupiter.jpg)\" class=\"SingleCardImage\"><\/div>\n\t\t\t<div class=\"SingleCardTitle\">JUPITER <\/div>\n\t\t\t<div class=\"SingleCardSubTitle\"><p><strong>Geboren im Jahr 2009<\/strong><\/p>\n<p><strong>Alpaka<\/strong><\/p>\n<p><strong>Tierlaut: humming<\/strong><\/p>\n<\/div>\n\t\t\t<div class=\"SingleCardDesc\"><p>Jupiter ist zur\u00fcckhaltend und sch\u00fcchtern gegen\u00fcber den Menschen, aber gegen\u00fcber seinen Artgenossen ist er kr\u00e4ftig, dominant und stolz. W\u00e4hrend des Spaziergangs muss er sanft und ruhig gef\u00fchrt werden. Jupiter liegt oft mit Silas im Konflikt wegen der Weibchen.<\/p>\n<\/div>\n\t\t<\/div>\n\t\t\t\t<div class=\"SingleCard\" data-aos=\"fade-up\" data-aos-delay=\"650\">\n\t\t\t\t<div style=\"background-image:url(https:\/\/castellafarm.ch\/wp-content\/uploads\/2023\/05\/sisal.jpg)\" class=\"SingleCardImage\"><\/div>\n\t\t\t<div class=\"SingleCardTitle\">SILAS<\/div>\n\t\t\t<div class=\"SingleCardSubTitle\"><p><strong>Geboren im Jahr 2009<\/strong><\/p>\n<p><strong>Alpaka<\/strong><\/p>\n<p><strong>Tierlaut: humming<\/strong><\/p>\n<\/div>\n\t\t\t<div class=\"SingleCardDesc\"><p>Silas ist zur\u00fcckhaltend und sch\u00fcchtern gegen\u00fcber Menschen, aber gegen\u00fcber seinen Artgenossen ist er fr\u00f6hlich und lebhaft. Wenn man sich ihm n\u00e4hert und mit ihm spazieren geht, soll man ruhig und sanft sein. Silas liegt oft mit Jupiter im Konflikt wegen der Weibchen.<\/p>\n<\/div>\n\t\t<\/div>\n\t\t\t\t<div class=\"SingleCard\" data-aos=\"fade-up\" data-aos-delay=\"700\">\n\t\t\t\t<div style=\"background-image:url(https:\/\/castellafarm.ch\/wp-content\/uploads\/2023\/05\/sunny-siria.jpg)\" class=\"SingleCardImage\"><\/div>\n\t\t\t<div class=\"SingleCardTitle\">SUNNY SURIA<\/div>\n\t\t\t<div class=\"SingleCardSubTitle\"><p><strong>Geboren am 13. Juli 2015<\/strong><\/p>\n<p><strong>Alpaka<\/strong><\/p>\n<p><strong>Tierlaut: humming<\/strong><\/p>\n<\/div>\n\t\t\t<div class=\"SingleCardDesc\"><p>Sunny Surya ist in Ca.Stella geboren und ist die Tochter von Sissy-Sandy und Silas. Sie ist sehr s\u00fc\u00df und sch\u00fcchtern und sie ist mit dem anderen Weibchen sehr eng. W\u00e4hrend des Spaziergangs rauskommt oft ihr Entdeckungs- und Erkundungsdrang. Wenn sie zart und fest gef\u00fchrt wird, vertraut sie auch der Gruppe an.<\/p>\n<\/div>\n\t\t<\/div>\n\t\t\t\t<div class=\"SingleCard\" data-aos=\"fade-up\" data-aos-delay=\"750\">\n\t\t\t\t<div style=\"background-image:url(https:\/\/castellafarm.ch\/wp-content\/uploads\/2023\/05\/galline.jpg)\" class=\"SingleCardImage\"><\/div>\n\t\t\t<div class=\"SingleCardTitle\">DIE H\u00dcHNER <\/div>\n\t\t\t<div class=\"SingleCardSubTitle\"><p><strong>Geboren im Jahr 2022<\/strong><\/p>\n<p><strong>H\u00fchner Laut: gackern<\/strong><\/p>\n<\/div>\n\t\t\t<div class=\"SingleCardDesc\"><p>Weich und seidig, haben sie ein unwiderstehliches Aussehen und ein sanftes Wesen. Unsere &#8222;moroseta&#8220; Rasseh\u00fchner sind freundliche Haush\u00fchner, die Interaktionen mit Menschen m\u00f6gen. Es handelt sich um eine weltweit einzigartige Rasse, dank zwei Eigenschaften, die sie unverkennbar machen: schwarze Haut und seidiges Gefieder, \u00e4hnlich wie Fell. Der Hahn, Joker, ist mutig und \u00fcberm\u00fctig und wird stets von den neugierigen Harley und Quinn begleitet. Die ruhigste, Stracciatella, sitzt gerne auf Menschen.<\/p>\n<\/div>\n\t\t<\/div>\n\t\t\t\t<div class=\"SingleCard\" data-aos=\"fade-up\" data-aos-delay=\"800\">\n\t\t\t\t<div style=\"background-image:url(https:\/\/castellafarm.ch\/wp-content\/uploads\/2023\/05\/conigli.jpg)\" class=\"SingleCardImage\"><\/div>\n\t\t\t<div class=\"SingleCardTitle\">DIE KANINCHEN <\/div>\n\t\t\t<div class=\"SingleCardSubTitle\"><\/div>\n\t\t\t<div class=\"SingleCardDesc\"><p>Neun lustige und sprudelnde Kaninchen, sowohl M\u00e4nnchen als auch Weibchen verschiedener Rassen und Farben, geh\u00f6ren zu den Lieblingstieren von Gro\u00df und Klein. Sie sind alle freundlich und zug\u00e4nglich und lassen sich leicht von uns allen und unseren G\u00e4sten streicheln und verw\u00f6hnen.<\/p>\n<\/div>\n\t\t<\/div>\n\t<\/section>\n\n\n<section  class=\"BlockWrapperContainer ImmagineTestoImmagine DefaultPaddingTop DefaultPaddingBottom FullWidth NoMarginBottom NoMarginTop \" style=\"background-color:;\">\n\n\t<div class=\"ImmagineTestoImmagineCol ImmagineTestoImmagineCol_1\">\n\t\t<img alt=\"Ca.Stella Farm-Camino Spinirolo-campeggio\"src=\"https:\/\/castellafarm.ch\/wp-content\/uploads\/2023\/06\/prenota-1-1.jpg\"\/>\n\t<\/div>\n\t<div class=\"ImmagineTestoImmagineCol BlockTestoCol\">\n\t\t<p style=\"text-align: center;\">M\u00f6chten Sie in die\u00a0<strong>Natur<\/strong> eintauchen<br \/>\nund einen m\u00e4rchenhaften Campingplatz erleben?<\/p>\n\t\t<a href=\"https:\/\/thelisresa.webcamp.fr\/formulaire.php?TYPE_CAMPING=1&#038;TYPE_LOCATION=2&#038;camping=meridetcs&#038;lang=de&#038;custom-c1=A4ADAD&#038;custom-c2=619005&#038;simpleSearch=0&#038;duration=7&#038;typecamping=0&#038;typelocation=1&#038;type=2&#038;button=bookingButton&#038;quantity=3&#038;oldSchool=0&#038;noStyle=0&#038;noStyle=0&#038;noStyle=0&#038;noStyle=0&#038;noStyle=0&#038;polaroid=1&#038;fromWidget=1&#038;mode=modal&#038;PHPSESSID=i53tr4k5j3rd58b3ukm1gmmgv5\" class=\"MainButton MainButtonRosa\">\n\t\t\tRESERVIEREN SIE\t\t<\/a>\n\t<\/div>\n\t<div class=\"ImmagineTestoImmagineCol ImmagineTestoImmagineCol_2\">\n\t\t<img decoding=\"async\" alt=\"Ca.Stella Farm-Camino Spinirolo - Tenda\" src=\"https:\/\/castellafarm.ch\/wp-content\/uploads\/2023\/06\/prenota-2.jpg\"\/>\n\t<\/div>\n<\/section>","protected":false},"excerpt":{"rendered":"","protected":false},"author":1,"featured_media":4027,"parent":0,"menu_order":0,"comment_status":"closed","ping_status":"closed","template":"","meta":{"_acf_changed":false,"footnotes":""},"class_list":["post-4697","page","type-page","status-publish","has-post-thumbnail","hentry"],"acf":[],"yoast_head":"<!-- This site is optimized with the Yoast SEO plugin v27.3 - https:\/\/yoast.com\/product\/yoast-seo-wordpress\/ -->\n<title>Tiere auf dem Lernbauernhof Kanton Tessin | Ca.Stella Farm<\/title>\n<meta name=\"description\" content=\"Lerne die Tiere des Lernbauernhofs Ca.Stella Farm im Kanton Tessin kennen: Pferde, Ponys, Esel, Alpakas, Kaninchen, H\u00fchner und Ziegen \u2013 alle freundlich und an den Kontakt mit Besuchern gew\u00f6hnt.\" \/>\n<meta name=\"robots\" content=\"index, follow, max-snippet:-1, max-image-preview:large, max-video-preview:-1\" \/>\n<link rel=\"canonical\" href=\"https:\/\/castellafarm.ch\/de\/tiere-auf-dem-lernbauernhof-kanton-tessin\/\" \/>\n<meta property=\"og:locale\" content=\"de_DE\" \/>\n<meta property=\"og:type\" content=\"article\" \/>\n<meta property=\"og:title\" content=\"Tiere auf dem Lernbauernhof Kanton Tessin | Ca.Stella Farm\" \/>\n<meta property=\"og:description\" content=\"Lerne die Tiere des Lernbauernhofs Ca.Stella Farm im Kanton Tessin kennen: Pferde, Ponys, Esel, Alpakas, Kaninchen, H\u00fchner und Ziegen \u2013 alle freundlich und an den Kontakt mit Besuchern gew\u00f6hnt.\" \/>\n<meta property=\"og:url\" content=\"https:\/\/castellafarm.ch\/de\/tiere-auf-dem-lernbauernhof-kanton-tessin\/\" \/>\n<meta property=\"og:site_name\" content=\"Ca.Stella Farm\" \/>\n<meta property=\"article:modified_time\" content=\"2025-05-30T09:34:50+00:00\" \/>\n<meta property=\"og:image\" content=\"https:\/\/castellafarm.ch\/wp-content\/uploads\/2023\/05\/header-animali.jpg\" \/>\n\t<meta property=\"og:image:width\" content=\"1920\" \/>\n\t<meta property=\"og:image:height\" content=\"649\" \/>\n\t<meta property=\"og:image:type\" content=\"image\/jpeg\" \/>\n<meta name=\"twitter:card\" content=\"summary_large_image\" \/>\n<script type=\"application\/ld+json\" class=\"yoast-schema-graph\">{\"@context\":\"https:\\\/\\\/schema.org\",\"@graph\":[{\"@type\":\"WebPage\",\"@id\":\"https:\\\/\\\/castellafarm.ch\\\/de\\\/tiere-auf-dem-lernbauernhof-kanton-tessin\\\/\",\"url\":\"https:\\\/\\\/castellafarm.ch\\\/de\\\/tiere-auf-dem-lernbauernhof-kanton-tessin\\\/\",\"name\":\"Tiere auf dem Lernbauernhof Kanton Tessin | Ca.Stella Farm\",\"isPartOf\":{\"@id\":\"https:\\\/\\\/2025-corporatesite-castellafarm.mystagingwebsite.com\\\/#website\"},\"primaryImageOfPage\":{\"@id\":\"https:\\\/\\\/castellafarm.ch\\\/de\\\/tiere-auf-dem-lernbauernhof-kanton-tessin\\\/#primaryimage\"},\"image\":{\"@id\":\"https:\\\/\\\/castellafarm.ch\\\/de\\\/tiere-auf-dem-lernbauernhof-kanton-tessin\\\/#primaryimage\"},\"thumbnailUrl\":\"https:\\\/\\\/castellafarm.ch\\\/wp-content\\\/uploads\\\/2023\\\/05\\\/header-animali.jpg\",\"datePublished\":\"2023-05-17T12:42:30+00:00\",\"dateModified\":\"2025-05-30T09:34:50+00:00\",\"description\":\"Lerne die Tiere des Lernbauernhofs Ca.Stella Farm im Kanton Tessin kennen: Pferde, Ponys, Esel, Alpakas, Kaninchen, H\u00fchner und Ziegen \u2013 alle freundlich und an den Kontakt mit Besuchern gew\u00f6hnt.\",\"breadcrumb\":{\"@id\":\"https:\\\/\\\/castellafarm.ch\\\/de\\\/tiere-auf-dem-lernbauernhof-kanton-tessin\\\/#breadcrumb\"},\"inLanguage\":\"de\",\"potentialAction\":[{\"@type\":\"ReadAction\",\"target\":[\"https:\\\/\\\/castellafarm.ch\\\/de\\\/tiere-auf-dem-lernbauernhof-kanton-tessin\\\/\"]}]},{\"@type\":\"ImageObject\",\"inLanguage\":\"de\",\"@id\":\"https:\\\/\\\/castellafarm.ch\\\/de\\\/tiere-auf-dem-lernbauernhof-kanton-tessin\\\/#primaryimage\",\"url\":\"https:\\\/\\\/castellafarm.ch\\\/wp-content\\\/uploads\\\/2023\\\/05\\\/header-animali.jpg\",\"contentUrl\":\"https:\\\/\\\/castellafarm.ch\\\/wp-content\\\/uploads\\\/2023\\\/05\\\/header-animali.jpg\",\"width\":1920,\"height\":649},{\"@type\":\"BreadcrumbList\",\"@id\":\"https:\\\/\\\/castellafarm.ch\\\/de\\\/tiere-auf-dem-lernbauernhof-kanton-tessin\\\/#breadcrumb\",\"itemListElement\":[{\"@type\":\"ListItem\",\"position\":1,\"name\":\"Home\",\"item\":\"https:\\\/\\\/castellafarm.ch\\\/de\\\/\"},{\"@type\":\"ListItem\",\"position\":2,\"name\":\"Unsere tiere\"}]},{\"@type\":\"WebSite\",\"@id\":\"https:\\\/\\\/2025-corporatesite-castellafarm.mystagingwebsite.com\\\/#website\",\"url\":\"https:\\\/\\\/2025-corporatesite-castellafarm.mystagingwebsite.com\\\/\",\"name\":\"Ca.Stella Farm\",\"description\":\"\",\"publisher\":{\"@id\":\"https:\\\/\\\/2025-corporatesite-castellafarm.mystagingwebsite.com\\\/#organization\"},\"potentialAction\":[{\"@type\":\"SearchAction\",\"target\":{\"@type\":\"EntryPoint\",\"urlTemplate\":\"https:\\\/\\\/2025-corporatesite-castellafarm.mystagingwebsite.com\\\/?s={search_term_string}\"},\"query-input\":{\"@type\":\"PropertyValueSpecification\",\"valueRequired\":true,\"valueName\":\"search_term_string\"}}],\"inLanguage\":\"de\"},{\"@type\":\"Organization\",\"@id\":\"https:\\\/\\\/2025-corporatesite-castellafarm.mystagingwebsite.com\\\/#organization\",\"name\":\"Ca.Stella Farm\",\"url\":\"https:\\\/\\\/2025-corporatesite-castellafarm.mystagingwebsite.com\\\/\",\"logo\":{\"@type\":\"ImageObject\",\"inLanguage\":\"de\",\"@id\":\"https:\\\/\\\/2025-corporatesite-castellafarm.mystagingwebsite.com\\\/#\\\/schema\\\/logo\\\/image\\\/\",\"url\":\"https:\\\/\\\/castellafarm.ch\\\/wp-content\\\/uploads\\\/2023\\\/02\\\/Screenshot-2023-02-13-alle-08.55.23.png\",\"contentUrl\":\"https:\\\/\\\/castellafarm.ch\\\/wp-content\\\/uploads\\\/2023\\\/02\\\/Screenshot-2023-02-13-alle-08.55.23.png\",\"width\":510,\"height\":389,\"caption\":\"Ca.Stella Farm\"},\"image\":{\"@id\":\"https:\\\/\\\/2025-corporatesite-castellafarm.mystagingwebsite.com\\\/#\\\/schema\\\/logo\\\/image\\\/\"}}]}<\/script>\n<!-- \/ Yoast SEO plugin. -->","yoast_head_json":{"title":"Tiere auf dem Lernbauernhof Kanton Tessin | Ca.Stella Farm","description":"Lerne die Tiere des Lernbauernhofs Ca.Stella Farm im Kanton Tessin kennen: Pferde, Ponys, Esel, Alpakas, Kaninchen, H\u00fchner und Ziegen \u2013 alle freundlich und an den Kontakt mit Besuchern gew\u00f6hnt.","robots":{"index":"index","follow":"follow","max-snippet":"max-snippet:-1","max-image-preview":"max-image-preview:large","max-video-preview":"max-video-preview:-1"},"canonical":"https:\/\/castellafarm.ch\/de\/tiere-auf-dem-lernbauernhof-kanton-tessin\/","og_locale":"de_DE","og_type":"article","og_title":"Tiere auf dem Lernbauernhof Kanton Tessin | Ca.Stella Farm","og_description":"Lerne die Tiere des Lernbauernhofs Ca.Stella Farm im Kanton Tessin kennen: Pferde, Ponys, Esel, Alpakas, Kaninchen, H\u00fchner und Ziegen \u2013 alle freundlich und an den Kontakt mit Besuchern gew\u00f6hnt.","og_url":"https:\/\/castellafarm.ch\/de\/tiere-auf-dem-lernbauernhof-kanton-tessin\/","og_site_name":"Ca.Stella Farm","article_modified_time":"2025-05-30T09:34:50+00:00","og_image":[{"width":1920,"height":649,"url":"https:\/\/castellafarm.ch\/wp-content\/uploads\/2023\/05\/header-animali.jpg","type":"image\/jpeg"}],"twitter_card":"summary_large_image","schema":{"@context":"https:\/\/schema.org","@graph":[{"@type":"WebPage","@id":"https:\/\/castellafarm.ch\/de\/tiere-auf-dem-lernbauernhof-kanton-tessin\/","url":"https:\/\/castellafarm.ch\/de\/tiere-auf-dem-lernbauernhof-kanton-tessin\/","name":"Tiere auf dem Lernbauernhof Kanton Tessin | Ca.Stella Farm","isPartOf":{"@id":"https:\/\/2025-corporatesite-castellafarm.mystagingwebsite.com\/#website"},"primaryImageOfPage":{"@id":"https:\/\/castellafarm.ch\/de\/tiere-auf-dem-lernbauernhof-kanton-tessin\/#primaryimage"},"image":{"@id":"https:\/\/castellafarm.ch\/de\/tiere-auf-dem-lernbauernhof-kanton-tessin\/#primaryimage"},"thumbnailUrl":"https:\/\/castellafarm.ch\/wp-content\/uploads\/2023\/05\/header-animali.jpg","datePublished":"2023-05-17T12:42:30+00:00","dateModified":"2025-05-30T09:34:50+00:00","description":"Lerne die Tiere des Lernbauernhofs Ca.Stella Farm im Kanton Tessin kennen: Pferde, Ponys, Esel, Alpakas, Kaninchen, H\u00fchner und Ziegen \u2013 alle freundlich und an den Kontakt mit Besuchern gew\u00f6hnt.","breadcrumb":{"@id":"https:\/\/castellafarm.ch\/de\/tiere-auf-dem-lernbauernhof-kanton-tessin\/#breadcrumb"},"inLanguage":"de","potentialAction":[{"@type":"ReadAction","target":["https:\/\/castellafarm.ch\/de\/tiere-auf-dem-lernbauernhof-kanton-tessin\/"]}]},{"@type":"ImageObject","inLanguage":"de","@id":"https:\/\/castellafarm.ch\/de\/tiere-auf-dem-lernbauernhof-kanton-tessin\/#primaryimage","url":"https:\/\/castellafarm.ch\/wp-content\/uploads\/2023\/05\/header-animali.jpg","contentUrl":"https:\/\/castellafarm.ch\/wp-content\/uploads\/2023\/05\/header-animali.jpg","width":1920,"height":649},{"@type":"BreadcrumbList","@id":"https:\/\/castellafarm.ch\/de\/tiere-auf-dem-lernbauernhof-kanton-tessin\/#breadcrumb","itemListElement":[{"@type":"ListItem","position":1,"name":"Home","item":"https:\/\/castellafarm.ch\/de\/"},{"@type":"ListItem","position":2,"name":"Unsere tiere"}]},{"@type":"WebSite","@id":"https:\/\/2025-corporatesite-castellafarm.mystagingwebsite.com\/#website","url":"https:\/\/2025-corporatesite-castellafarm.mystagingwebsite.com\/","name":"Ca.Stella Farm","description":"","publisher":{"@id":"https:\/\/2025-corporatesite-castellafarm.mystagingwebsite.com\/#organization"},"potentialAction":[{"@type":"SearchAction","target":{"@type":"EntryPoint","urlTemplate":"https:\/\/2025-corporatesite-castellafarm.mystagingwebsite.com\/?s={search_term_string}"},"query-input":{"@type":"PropertyValueSpecification","valueRequired":true,"valueName":"search_term_string"}}],"inLanguage":"de"},{"@type":"Organization","@id":"https:\/\/2025-corporatesite-castellafarm.mystagingwebsite.com\/#organization","name":"Ca.Stella Farm","url":"https:\/\/2025-corporatesite-castellafarm.mystagingwebsite.com\/","logo":{"@type":"ImageObject","inLanguage":"de","@id":"https:\/\/2025-corporatesite-castellafarm.mystagingwebsite.com\/#\/schema\/logo\/image\/","url":"https:\/\/castellafarm.ch\/wp-content\/uploads\/2023\/02\/Screenshot-2023-02-13-alle-08.55.23.png","contentUrl":"https:\/\/castellafarm.ch\/wp-content\/uploads\/2023\/02\/Screenshot-2023-02-13-alle-08.55.23.png","width":510,"height":389,"caption":"Ca.Stella Farm"},"image":{"@id":"https:\/\/2025-corporatesite-castellafarm.mystagingwebsite.com\/#\/schema\/logo\/image\/"}}]}},"_links":{"self":[{"href":"https:\/\/castellafarm.ch\/de\/wp-json\/wp\/v2\/pages\/4697","targetHints":{"allow":["GET"]}}],"collection":[{"href":"https:\/\/castellafarm.ch\/de\/wp-json\/wp\/v2\/pages"}],"about":[{"href":"https:\/\/castellafarm.ch\/de\/wp-json\/wp\/v2\/types\/page"}],"author":[{"embeddable":true,"href":"https:\/\/castellafarm.ch\/de\/wp-json\/wp\/v2\/users\/1"}],"replies":[{"embeddable":true,"href":"https:\/\/castellafarm.ch\/de\/wp-json\/wp\/v2\/comments?post=4697"}],"version-history":[{"count":11,"href":"https:\/\/castellafarm.ch\/de\/wp-json\/wp\/v2\/pages\/4697\/revisions"}],"predecessor-version":[{"id":5656,"href":"https:\/\/castellafarm.ch\/de\/wp-json\/wp\/v2\/pages\/4697\/revisions\/5656"}],"wp:featuredmedia":[{"embeddable":true,"href":"https:\/\/castellafarm.ch\/de\/wp-json\/wp\/v2\/media\/4027"}],"wp:attachment":[{"href":"https:\/\/castellafarm.ch\/de\/wp-json\/wp\/v2\/media?parent=4697"}],"curies":[{"name":"wp","href":"https:\/\/api.w.org\/{rel}","templated":true}]}}