{"id":4848,"date":"2023-05-16T22:14:16","date_gmt":"2023-05-16T20:14:16","guid":{"rendered":"https:\/\/castellafarm.ch\/sei-una-scuola\/"},"modified":"2025-12-09T14:19:45","modified_gmt":"2025-12-09T13:19:45","slug":"bildungsprojekt-fuer-schulen","status":"publish","type":"page","link":"https:\/\/castellafarm.ch\/de\/bildungsprojekt-fuer-schulen\/","title":{"rendered":"Sie sind eine schule?"},"content":{"rendered":"<section style=\"background-color:; color: \"  class=\"DefaultMarginBottomHalf TitoloContainer   TextAlignCenter SiteWidth \">Sie sind eine schule? <\/section>\n\n<section  style=\"color:; background-color:\"class=\"BlockWrapperContainer  ParagrafoContainer TextFont18  NoMarginTop NoMarginBottom NoPaddingBottom NoPaddingTop\"><div class=\"InnerParagrafoContainer SiteWidth\"><p style=\"text-align: center;\">Ca.Stella FARM ist der ideale Ort f\u00fcr eine Schule (vom Kindergarten bis zur Sekundarschule) mit ihren unterschiedlichen Bed\u00fcrfnissen. Unser Bildungs und Empfangsprojekt m\u00f6chten den Kindern und Jugendlichen, unseren G\u00e4sten, das Gebiet des UNESCO-Parks Monte San Giorgio, die Geschichte unseres Hauses, unsere Tiere und vieles mehr n\u00e4herbringen:<\/p>\n<p style=\"text-align: center;\"><strong><a href=\"https:\/\/castellafarm.ch\/wp-content\/uploads\/2025\/12\/Volantino-FARM-A5-Proposte-per-scuoleassociazioni-DE_Finale.pdf\" target=\"_blank\" rel=\"noopener\">Laden Sie die Brosch\u00fcre Aufenthalte f\u00fcr Schulen und Vereine herunter<\/a><\/strong><\/p>\n<\/div><\/section>\n\n<section  style=\"background-color:\"class=\"BlockWrapperContainer  BlockWrapperGrigliaImmagini  DefaultMarginTop50 NoMarginBottom NoPaddingBottom NoPaddingTop SiteWidth  \"><div class=\"BlockGridListContainer\"><a href=\"https:\/\/castellafarm.ch\/de\/tiergestuetzte-therapie-fuer-schulen\/\" class=\"SingleGridImage\" style=\"background-image:url(https:\/\/castellafarm.ch\/wp-content\/uploads\/2023\/05\/pet-therapy-2.jpg)\"> HAUSTIERTHERAPIE F\u00dcR F\u00d6RDERSCHULEN ODER DIFFERENZIERTE SCHULEINHEITEN<\/a><a href=\"https:\/\/castellafarm.ch\/de\/gartenbauaktivitaet-fuer-schulen-kanton-tessin\/\" class=\"SingleGridImage\" style=\"background-image:url(https:\/\/castellafarm.ch\/wp-content\/uploads\/2023\/05\/orticola-6.jpg)\">P\u00c4DAGOGISCHE GARTENBAUAKTIVIT\u00c4TEN  <\/a><a href=\"https:\/\/castellafarm.ch\/de\/tieraktivitaeten-monte-san-giorgio\/\" class=\"SingleGridImage\" style=\"background-image:url(https:\/\/castellafarm.ch\/wp-content\/uploads\/2023\/05\/attivita-animali-7.jpg)\">AKTIVIT\u00c4TEN MIT TIEREN<\/a><a href=\"https:\/\/castellafarm.ch\/de\/gruene-wochen-auf-dem-sozialen-bauernhof-kanton-tessin\/\" class=\"SingleGridImage\" style=\"background-image:url(https:\/\/castellafarm.ch\/wp-content\/uploads\/2023\/05\/settimane-verdi-5.jpg)\">KLASSENLAGER-GR\u00dcNE WOCHE<\/a><a href=\"https:\/\/castellafarm.ch\/de\/gruene-wochen-in-tipis-kanton-tessin\/\" class=\"SingleGridImage\" style=\"background-image:url(https:\/\/castellafarm.ch\/wp-content\/uploads\/2023\/05\/indiani-tribu-1.jpg)\">KLASSENLAGER-GR\u00dcNE WOCHE \u201cDIE INDIANER VOM STAMM DES MONTE SAN GIORGIO\u201d<\/a><\/div><\/section>\n\n\n<section  class=\"BlockWrapperContainer ImmagineTestoImmagine DefaultPaddingTop DefaultPaddingBottom FullWidth NoMarginBottom DefaultMarginTop100 \" style=\"background-color:;\">\n\n\t<div class=\"ImmagineTestoImmagineCol ImmagineTestoImmagineCol_1\">\n\t\t<img alt=\"Ca.Stella Farm-Camino Spinirolo-campeggio\"src=\"https:\/\/castellafarm.ch\/wp-content\/uploads\/2023\/06\/prenota-1-1.jpg\"\/>\n\t<\/div>\n\t<div class=\"ImmagineTestoImmagineCol BlockTestoCol\">\n\t\t<p style=\"text-align: center;\">M\u00f6chten Sie in die\u00a0<strong>Natur<\/strong> eintauchen<br \/>\nund einen m\u00e4rchenhaften Campingplatz erleben?<\/p>\n\t\t<a href=\"https:\/\/thelisresa.webcamp.fr\/formulaire.php?TYPE_CAMPING=1&#038;TYPE_LOCATION=2&#038;camping=meridetcs&#038;lang=de&#038;custom-c1=A4ADAD&#038;custom-c2=619005&#038;simpleSearch=0&#038;duration=7&#038;typecamping=0&#038;typelocation=1&#038;type=2&#038;button=bookingButton&#038;quantity=3&#038;oldSchool=0&#038;noStyle=0&#038;noStyle=0&#038;noStyle=0&#038;noStyle=0&#038;noStyle=0&#038;polaroid=1&#038;fromWidget=1&#038;mode=modal&#038;PHPSESSID=i53tr4k5j3rd58b3ukm1gmmgv5\" class=\"MainButton MainButtonRosa\">\n\t\t\tRESERVIEREN SIE\t\t<\/a>\n\t<\/div>\n\t<div class=\"ImmagineTestoImmagineCol ImmagineTestoImmagineCol_2\">\n\t\t<img decoding=\"async\" alt=\"Ca.Stella Farm-Camino Spinirolo - Tenda\" src=\"https:\/\/castellafarm.ch\/wp-content\/uploads\/2023\/06\/prenota-2.jpg\"\/>\n\t<\/div>\n<\/section>","protected":false},"excerpt":{"rendered":"","protected":false},"author":1,"featured_media":2994,"parent":0,"menu_order":0,"comment_status":"closed","ping_status":"closed","template":"","meta":{"_acf_changed":false,"footnotes":""},"class_list":["post-4848","page","type-page","status-publish","has-post-thumbnail","hentry"],"acf":[],"yoast_head":"<!-- This site is optimized with the Yoast SEO plugin v27.3 - https:\/\/yoast.com\/product\/yoast-seo-wordpress\/ -->\n<title>Bildungsprojekt f\u00fcr Schulen | Ca.Stella Farm<\/title>\n<meta name=\"description\" content=\"Ca.Stella Farm empf\u00e4ngt Schulen mit einem Bildungsprojekt, um Kindern und Jugendlichen die Region Monte San Giorgio, unsere Geschichte und unsere Tiere n\u00e4herzubringen.\" \/>\n<meta name=\"robots\" content=\"index, follow, max-snippet:-1, max-image-preview:large, max-video-preview:-1\" \/>\n<link rel=\"canonical\" href=\"https:\/\/castellafarm.ch\/de\/bildungsprojekt-fuer-schulen\/\" \/>\n<meta property=\"og:locale\" content=\"de_DE\" \/>\n<meta property=\"og:type\" content=\"article\" \/>\n<meta property=\"og:title\" content=\"Bildungsprojekt f\u00fcr Schulen | Ca.Stella Farm\" \/>\n<meta property=\"og:description\" content=\"Ca.Stella Farm empf\u00e4ngt Schulen mit einem Bildungsprojekt, um Kindern und Jugendlichen die Region Monte San Giorgio, unsere Geschichte und unsere Tiere n\u00e4herzubringen.\" \/>\n<meta property=\"og:url\" content=\"https:\/\/castellafarm.ch\/de\/bildungsprojekt-fuer-schulen\/\" \/>\n<meta property=\"og:site_name\" content=\"Ca.Stella Farm\" \/>\n<meta property=\"article:modified_time\" content=\"2025-12-09T13:19:45+00:00\" \/>\n<meta property=\"og:image\" content=\"https:\/\/castellafarm.ch\/wp-content\/uploads\/2023\/05\/header-scuola.jpg\" \/>\n\t<meta property=\"og:image:width\" content=\"1920\" \/>\n\t<meta property=\"og:image:height\" content=\"649\" \/>\n\t<meta property=\"og:image:type\" content=\"image\/jpeg\" \/>\n<meta name=\"twitter:card\" content=\"summary_large_image\" \/>\n<script type=\"application\/ld+json\" class=\"yoast-schema-graph\">{\"@context\":\"https:\\\/\\\/schema.org\",\"@graph\":[{\"@type\":\"WebPage\",\"@id\":\"https:\\\/\\\/castellafarm.ch\\\/de\\\/bildungsprojekt-fuer-schulen\\\/\",\"url\":\"https:\\\/\\\/castellafarm.ch\\\/de\\\/bildungsprojekt-fuer-schulen\\\/\",\"name\":\"Bildungsprojekt f\u00fcr Schulen | Ca.Stella Farm\",\"isPartOf\":{\"@id\":\"https:\\\/\\\/2025-corporatesite-castellafarm.mystagingwebsite.com\\\/#website\"},\"primaryImageOfPage\":{\"@id\":\"https:\\\/\\\/castellafarm.ch\\\/de\\\/bildungsprojekt-fuer-schulen\\\/#primaryimage\"},\"image\":{\"@id\":\"https:\\\/\\\/castellafarm.ch\\\/de\\\/bildungsprojekt-fuer-schulen\\\/#primaryimage\"},\"thumbnailUrl\":\"https:\\\/\\\/castellafarm.ch\\\/wp-content\\\/uploads\\\/2023\\\/05\\\/header-scuola.jpg\",\"datePublished\":\"2023-05-16T20:14:16+00:00\",\"dateModified\":\"2025-12-09T13:19:45+00:00\",\"description\":\"Ca.Stella Farm empf\u00e4ngt Schulen mit einem Bildungsprojekt, um Kindern und Jugendlichen die Region Monte San Giorgio, unsere Geschichte und unsere Tiere n\u00e4herzubringen.\",\"breadcrumb\":{\"@id\":\"https:\\\/\\\/castellafarm.ch\\\/de\\\/bildungsprojekt-fuer-schulen\\\/#breadcrumb\"},\"inLanguage\":\"de\",\"potentialAction\":[{\"@type\":\"ReadAction\",\"target\":[\"https:\\\/\\\/castellafarm.ch\\\/de\\\/bildungsprojekt-fuer-schulen\\\/\"]}]},{\"@type\":\"ImageObject\",\"inLanguage\":\"de\",\"@id\":\"https:\\\/\\\/castellafarm.ch\\\/de\\\/bildungsprojekt-fuer-schulen\\\/#primaryimage\",\"url\":\"https:\\\/\\\/castellafarm.ch\\\/wp-content\\\/uploads\\\/2023\\\/05\\\/header-scuola.jpg\",\"contentUrl\":\"https:\\\/\\\/castellafarm.ch\\\/wp-content\\\/uploads\\\/2023\\\/05\\\/header-scuola.jpg\",\"width\":1920,\"height\":649},{\"@type\":\"BreadcrumbList\",\"@id\":\"https:\\\/\\\/castellafarm.ch\\\/de\\\/bildungsprojekt-fuer-schulen\\\/#breadcrumb\",\"itemListElement\":[{\"@type\":\"ListItem\",\"position\":1,\"name\":\"Home\",\"item\":\"https:\\\/\\\/castellafarm.ch\\\/de\\\/\"},{\"@type\":\"ListItem\",\"position\":2,\"name\":\"Sie sind eine schule?\"}]},{\"@type\":\"WebSite\",\"@id\":\"https:\\\/\\\/2025-corporatesite-castellafarm.mystagingwebsite.com\\\/#website\",\"url\":\"https:\\\/\\\/2025-corporatesite-castellafarm.mystagingwebsite.com\\\/\",\"name\":\"Ca.Stella Farm\",\"description\":\"\",\"publisher\":{\"@id\":\"https:\\\/\\\/2025-corporatesite-castellafarm.mystagingwebsite.com\\\/#organization\"},\"potentialAction\":[{\"@type\":\"SearchAction\",\"target\":{\"@type\":\"EntryPoint\",\"urlTemplate\":\"https:\\\/\\\/2025-corporatesite-castellafarm.mystagingwebsite.com\\\/?s={search_term_string}\"},\"query-input\":{\"@type\":\"PropertyValueSpecification\",\"valueRequired\":true,\"valueName\":\"search_term_string\"}}],\"inLanguage\":\"de\"},{\"@type\":\"Organization\",\"@id\":\"https:\\\/\\\/2025-corporatesite-castellafarm.mystagingwebsite.com\\\/#organization\",\"name\":\"Ca.Stella Farm\",\"url\":\"https:\\\/\\\/2025-corporatesite-castellafarm.mystagingwebsite.com\\\/\",\"logo\":{\"@type\":\"ImageObject\",\"inLanguage\":\"de\",\"@id\":\"https:\\\/\\\/2025-corporatesite-castellafarm.mystagingwebsite.com\\\/#\\\/schema\\\/logo\\\/image\\\/\",\"url\":\"https:\\\/\\\/castellafarm.ch\\\/wp-content\\\/uploads\\\/2023\\\/02\\\/Screenshot-2023-02-13-alle-08.55.23.png\",\"contentUrl\":\"https:\\\/\\\/castellafarm.ch\\\/wp-content\\\/uploads\\\/2023\\\/02\\\/Screenshot-2023-02-13-alle-08.55.23.png\",\"width\":510,\"height\":389,\"caption\":\"Ca.Stella Farm\"},\"image\":{\"@id\":\"https:\\\/\\\/2025-corporatesite-castellafarm.mystagingwebsite.com\\\/#\\\/schema\\\/logo\\\/image\\\/\"}}]}<\/script>\n<!-- \/ Yoast SEO plugin. -->","yoast_head_json":{"title":"Bildungsprojekt f\u00fcr Schulen | Ca.Stella Farm","description":"Ca.Stella Farm empf\u00e4ngt Schulen mit einem Bildungsprojekt, um Kindern und Jugendlichen die Region Monte San Giorgio, unsere Geschichte und unsere Tiere n\u00e4herzubringen.","robots":{"index":"index","follow":"follow","max-snippet":"max-snippet:-1","max-image-preview":"max-image-preview:large","max-video-preview":"max-video-preview:-1"},"canonical":"https:\/\/castellafarm.ch\/de\/bildungsprojekt-fuer-schulen\/","og_locale":"de_DE","og_type":"article","og_title":"Bildungsprojekt f\u00fcr Schulen | Ca.Stella Farm","og_description":"Ca.Stella Farm empf\u00e4ngt Schulen mit einem Bildungsprojekt, um Kindern und Jugendlichen die Region Monte San Giorgio, unsere Geschichte und unsere Tiere n\u00e4herzubringen.","og_url":"https:\/\/castellafarm.ch\/de\/bildungsprojekt-fuer-schulen\/","og_site_name":"Ca.Stella Farm","article_modified_time":"2025-12-09T13:19:45+00:00","og_image":[{"width":1920,"height":649,"url":"https:\/\/castellafarm.ch\/wp-content\/uploads\/2023\/05\/header-scuola.jpg","type":"image\/jpeg"}],"twitter_card":"summary_large_image","schema":{"@context":"https:\/\/schema.org","@graph":[{"@type":"WebPage","@id":"https:\/\/castellafarm.ch\/de\/bildungsprojekt-fuer-schulen\/","url":"https:\/\/castellafarm.ch\/de\/bildungsprojekt-fuer-schulen\/","name":"Bildungsprojekt f\u00fcr Schulen | Ca.Stella Farm","isPartOf":{"@id":"https:\/\/2025-corporatesite-castellafarm.mystagingwebsite.com\/#website"},"primaryImageOfPage":{"@id":"https:\/\/castellafarm.ch\/de\/bildungsprojekt-fuer-schulen\/#primaryimage"},"image":{"@id":"https:\/\/castellafarm.ch\/de\/bildungsprojekt-fuer-schulen\/#primaryimage"},"thumbnailUrl":"https:\/\/castellafarm.ch\/wp-content\/uploads\/2023\/05\/header-scuola.jpg","datePublished":"2023-05-16T20:14:16+00:00","dateModified":"2025-12-09T13:19:45+00:00","description":"Ca.Stella Farm empf\u00e4ngt Schulen mit einem Bildungsprojekt, um Kindern und Jugendlichen die Region Monte San Giorgio, unsere Geschichte und unsere Tiere n\u00e4herzubringen.","breadcrumb":{"@id":"https:\/\/castellafarm.ch\/de\/bildungsprojekt-fuer-schulen\/#breadcrumb"},"inLanguage":"de","potentialAction":[{"@type":"ReadAction","target":["https:\/\/castellafarm.ch\/de\/bildungsprojekt-fuer-schulen\/"]}]},{"@type":"ImageObject","inLanguage":"de","@id":"https:\/\/castellafarm.ch\/de\/bildungsprojekt-fuer-schulen\/#primaryimage","url":"https:\/\/castellafarm.ch\/wp-content\/uploads\/2023\/05\/header-scuola.jpg","contentUrl":"https:\/\/castellafarm.ch\/wp-content\/uploads\/2023\/05\/header-scuola.jpg","width":1920,"height":649},{"@type":"BreadcrumbList","@id":"https:\/\/castellafarm.ch\/de\/bildungsprojekt-fuer-schulen\/#breadcrumb","itemListElement":[{"@type":"ListItem","position":1,"name":"Home","item":"https:\/\/castellafarm.ch\/de\/"},{"@type":"ListItem","position":2,"name":"Sie sind eine schule?"}]},{"@type":"WebSite","@id":"https:\/\/2025-corporatesite-castellafarm.mystagingwebsite.com\/#website","url":"https:\/\/2025-corporatesite-castellafarm.mystagingwebsite.com\/","name":"Ca.Stella Farm","description":"","publisher":{"@id":"https:\/\/2025-corporatesite-castellafarm.mystagingwebsite.com\/#organization"},"potentialAction":[{"@type":"SearchAction","target":{"@type":"EntryPoint","urlTemplate":"https:\/\/2025-corporatesite-castellafarm.mystagingwebsite.com\/?s={search_term_string}"},"query-input":{"@type":"PropertyValueSpecification","valueRequired":true,"valueName":"search_term_string"}}],"inLanguage":"de"},{"@type":"Organization","@id":"https:\/\/2025-corporatesite-castellafarm.mystagingwebsite.com\/#organization","name":"Ca.Stella Farm","url":"https:\/\/2025-corporatesite-castellafarm.mystagingwebsite.com\/","logo":{"@type":"ImageObject","inLanguage":"de","@id":"https:\/\/2025-corporatesite-castellafarm.mystagingwebsite.com\/#\/schema\/logo\/image\/","url":"https:\/\/castellafarm.ch\/wp-content\/uploads\/2023\/02\/Screenshot-2023-02-13-alle-08.55.23.png","contentUrl":"https:\/\/castellafarm.ch\/wp-content\/uploads\/2023\/02\/Screenshot-2023-02-13-alle-08.55.23.png","width":510,"height":389,"caption":"Ca.Stella Farm"},"image":{"@id":"https:\/\/2025-corporatesite-castellafarm.mystagingwebsite.com\/#\/schema\/logo\/image\/"}}]}},"_links":{"self":[{"href":"https:\/\/castellafarm.ch\/de\/wp-json\/wp\/v2\/pages\/4848","targetHints":{"allow":["GET"]}}],"collection":[{"href":"https:\/\/castellafarm.ch\/de\/wp-json\/wp\/v2\/pages"}],"about":[{"href":"https:\/\/castellafarm.ch\/de\/wp-json\/wp\/v2\/types\/page"}],"author":[{"embeddable":true,"href":"https:\/\/castellafarm.ch\/de\/wp-json\/wp\/v2\/users\/1"}],"replies":[{"embeddable":true,"href":"https:\/\/castellafarm.ch\/de\/wp-json\/wp\/v2\/comments?post=4848"}],"version-history":[{"count":11,"href":"https:\/\/castellafarm.ch\/de\/wp-json\/wp\/v2\/pages\/4848\/revisions"}],"predecessor-version":[{"id":11668,"href":"https:\/\/castellafarm.ch\/de\/wp-json\/wp\/v2\/pages\/4848\/revisions\/11668"}],"wp:featuredmedia":[{"embeddable":true,"href":"https:\/\/castellafarm.ch\/de\/wp-json\/wp\/v2\/media\/2994"}],"wp:attachment":[{"href":"https:\/\/castellafarm.ch\/de\/wp-json\/wp\/v2\/media?parent=4848"}],"curies":[{"name":"wp","href":"https:\/\/api.w.org\/{rel}","templated":true}]}}