{"id":4867,"date":"2023-05-19T14:52:20","date_gmt":"2023-05-19T12:52:20","guid":{"rendered":"https:\/\/castellafarm.ch\/sei-un-privato\/"},"modified":"2025-06-04T10:59:27","modified_gmt":"2025-06-04T08:59:27","slug":"erlebnisse-im-sozialbetrieb-fuer-privatpersonen-und-familien","status":"publish","type":"page","link":"https:\/\/castellafarm.ch\/de\/erlebnisse-im-sozialbetrieb-fuer-privatpersonen-und-familien\/","title":{"rendered":"Sie sind privatkunden?"},"content":{"rendered":"<section style=\"background-color:; color: \"  class=\"DefaultMarginBottomHalf TitoloContainer   TextAlignCenter SiteWidth \">Sie sind privatkunden?<\/section>\n\n<section  style=\"color:; background-color:\"class=\"BlockWrapperContainer  ParagrafoContainer TextFont18  NoMarginTop DefaultMarginBottom100 NoPaddingBottom NoPaddingTop\"><div class=\"InnerParagrafoContainer SiteWidth\"><p style=\"text-align: center;\">Ca.Stella FARM ist der ideale Ort, um Einzelpersonen oder Familien zu begr\u00fc\u00dfen. Unser Bildungs und Empfangsprojekt m\u00f6chten unseren G\u00e4sten, das Gebiet des UNESCO-Parks Monte San Giorgio, die Geschichte unseres Hauses, unsere Tiere und vieles mehr n\u00e4herbringen:<\/p>\n<\/div><\/section>\n\n<section id=\"GrigliaSmall\" style=\"background-color:\"class=\"BlockWrapperContainer  BlockWrapperGrigliaImmagini  NoMarginTop NoMarginBottom NoPaddingBottom NoPaddingTop SiteWidth  \"><div class=\"BlockGridListContainer\"><a href=\"https:\/\/castellafarm.ch\/de\/aufenthalt-und-unterkunft-mieten-monte-san-giorgio\/\" class=\"SingleGridImage\" style=\"background-image:url(https:\/\/castellafarm.ch\/wp-content\/uploads\/2023\/05\/settimane-verdi-5.jpg)\">AUFENTHALT IN UNSERER STRUKTUR <\/a><a href=\"https:\/\/castellafarm.ch\/de\/tieraktivitaeten-fuer-familien-und-privatpersonen\/\" class=\"SingleGridImage\" style=\"background-image:url(https:\/\/castellafarm.ch\/wp-content\/uploads\/2023\/05\/pet-therapy-2.jpg)\">AKTIVIT\u00c4TEN MIT TIEREN <\/a><a href=\"https:\/\/castellafarm.ch\/de\/gartenbauaktivitaet-fuer-familien-und-gruppen\/\" class=\"SingleGridImage\" style=\"background-image:url(https:\/\/castellafarm.ch\/wp-content\/uploads\/2023\/05\/orticola-6.jpg)\">P\u00c4DAGOGISCHE GARTENBAUAKTIVIT\u00c4TEN <\/a><a href=\"https:\/\/castellafarm.ch\/de\/individuelle-pakete-fuer-familien-und-gruppen\/\" class=\"SingleGridImage\" style=\"background-image:url(https:\/\/castellafarm.ch\/wp-content\/uploads\/2023\/05\/attivita-animali-7.jpg)\">M\u00d6GLICHKEIT UM BILDUNGSPAKETE ZU ENTWICKELN<\/a><\/div><\/section>\n\n\n<section  class=\"BlockWrapperContainer ImmagineTestoImmagine DefaultPaddingTop DefaultPaddingBottom FullWidth NoMarginBottom DefaultMarginTop100 \" style=\"background-color:;\">\n\n\t<div class=\"ImmagineTestoImmagineCol ImmagineTestoImmagineCol_1\">\n\t\t<img alt=\"Ca.Stella Farm-Camino Spinirolo-campeggio\"src=\"https:\/\/castellafarm.ch\/wp-content\/uploads\/2023\/06\/prenota-1-1.jpg\"\/>\n\t<\/div>\n\t<div class=\"ImmagineTestoImmagineCol BlockTestoCol\">\n\t\t<p style=\"text-align: center;\">M\u00f6chten Sie in die\u00a0<strong>Natur<\/strong> eintauchen<br \/>\nund einen m\u00e4rchenhaften Campingplatz erleben?<\/p>\n\t\t<a href=\"https:\/\/thelisresa.webcamp.fr\/formulaire.php?TYPE_CAMPING=1&#038;TYPE_LOCATION=2&#038;camping=meridetcs&#038;lang=de&#038;custom-c1=A4ADAD&#038;custom-c2=619005&#038;simpleSearch=0&#038;duration=7&#038;typecamping=0&#038;typelocation=1&#038;type=2&#038;button=bookingButton&#038;quantity=3&#038;oldSchool=0&#038;noStyle=0&#038;noStyle=0&#038;noStyle=0&#038;noStyle=0&#038;noStyle=0&#038;polaroid=1&#038;fromWidget=1&#038;mode=modal&#038;PHPSESSID=i53tr4k5j3rd58b3ukm1gmmgv5\" class=\"MainButton MainButtonRosa\">\n\t\t\tRESERVIEREN SIE\t\t<\/a>\n\t<\/div>\n\t<div class=\"ImmagineTestoImmagineCol ImmagineTestoImmagineCol_2\">\n\t\t<img decoding=\"async\" alt=\"Ca.Stella Farm-Camino Spinirolo - Tenda\" src=\"https:\/\/castellafarm.ch\/wp-content\/uploads\/2023\/06\/prenota-2.jpg\"\/>\n\t<\/div>\n<\/section>","protected":false},"excerpt":{"rendered":"","protected":false},"author":1,"featured_media":3693,"parent":0,"menu_order":0,"comment_status":"closed","ping_status":"closed","template":"","meta":{"_acf_changed":false,"footnotes":""},"class_list":["post-4867","page","type-page","status-publish","has-post-thumbnail","hentry"],"acf":[],"yoast_head":"<!-- This site is optimized with the Yoast SEO plugin v27.3 - https:\/\/yoast.com\/product\/yoast-seo-wordpress\/ -->\n<title>Erlebnisse im Sozialbetrieb f\u00fcr Privatpersonen und Familien | Ca.Stella Farm<\/title>\n<meta name=\"description\" content=\"Ca.Stella Farm empf\u00e4ngt Privatpersonen und Familien und bietet einzigartige Erlebnisse in der Natur, mit Tieren und der Geschichte unseres Sozialbetriebs, nur wenige Schritte von Mendrisio entfernt.\" \/>\n<meta name=\"robots\" content=\"index, follow, max-snippet:-1, max-image-preview:large, max-video-preview:-1\" \/>\n<link rel=\"canonical\" href=\"https:\/\/castellafarm.ch\/de\/erlebnisse-im-sozialbetrieb-fuer-privatpersonen-und-familien\/\" \/>\n<meta property=\"og:locale\" content=\"de_DE\" \/>\n<meta property=\"og:type\" content=\"article\" \/>\n<meta property=\"og:title\" content=\"Erlebnisse im Sozialbetrieb f\u00fcr Privatpersonen und Familien | Ca.Stella Farm\" \/>\n<meta property=\"og:description\" content=\"Ca.Stella Farm empf\u00e4ngt Privatpersonen und Familien und bietet einzigartige Erlebnisse in der Natur, mit Tieren und der Geschichte unseres Sozialbetriebs, nur wenige Schritte von Mendrisio entfernt.\" \/>\n<meta property=\"og:url\" content=\"https:\/\/castellafarm.ch\/de\/erlebnisse-im-sozialbetrieb-fuer-privatpersonen-und-familien\/\" \/>\n<meta property=\"og:site_name\" content=\"Ca.Stella Farm\" \/>\n<meta property=\"article:modified_time\" content=\"2025-06-04T08:59:27+00:00\" \/>\n<meta property=\"og:image\" content=\"https:\/\/castellafarm.ch\/wp-content\/uploads\/2023\/05\/header-privato-1-scaled.jpg\" \/>\n\t<meta property=\"og:image:width\" content=\"2560\" \/>\n\t<meta property=\"og:image:height\" content=\"866\" \/>\n\t<meta property=\"og:image:type\" content=\"image\/jpeg\" \/>\n<meta name=\"twitter:card\" content=\"summary_large_image\" \/>\n<script type=\"application\/ld+json\" class=\"yoast-schema-graph\">{\"@context\":\"https:\\\/\\\/schema.org\",\"@graph\":[{\"@type\":\"WebPage\",\"@id\":\"https:\\\/\\\/castellafarm.ch\\\/de\\\/erlebnisse-im-sozialbetrieb-fuer-privatpersonen-und-familien\\\/\",\"url\":\"https:\\\/\\\/castellafarm.ch\\\/de\\\/erlebnisse-im-sozialbetrieb-fuer-privatpersonen-und-familien\\\/\",\"name\":\"Erlebnisse im Sozialbetrieb f\u00fcr Privatpersonen und Familien | Ca.Stella Farm\",\"isPartOf\":{\"@id\":\"https:\\\/\\\/2025-corporatesite-castellafarm.mystagingwebsite.com\\\/#website\"},\"primaryImageOfPage\":{\"@id\":\"https:\\\/\\\/castellafarm.ch\\\/de\\\/erlebnisse-im-sozialbetrieb-fuer-privatpersonen-und-familien\\\/#primaryimage\"},\"image\":{\"@id\":\"https:\\\/\\\/castellafarm.ch\\\/de\\\/erlebnisse-im-sozialbetrieb-fuer-privatpersonen-und-familien\\\/#primaryimage\"},\"thumbnailUrl\":\"https:\\\/\\\/castellafarm.ch\\\/wp-content\\\/uploads\\\/2023\\\/05\\\/header-privato-1-scaled.jpg\",\"datePublished\":\"2023-05-19T12:52:20+00:00\",\"dateModified\":\"2025-06-04T08:59:27+00:00\",\"description\":\"Ca.Stella Farm empf\u00e4ngt Privatpersonen und Familien und bietet einzigartige Erlebnisse in der Natur, mit Tieren und der Geschichte unseres Sozialbetriebs, nur wenige Schritte von Mendrisio entfernt.\",\"breadcrumb\":{\"@id\":\"https:\\\/\\\/castellafarm.ch\\\/de\\\/erlebnisse-im-sozialbetrieb-fuer-privatpersonen-und-familien\\\/#breadcrumb\"},\"inLanguage\":\"de\",\"potentialAction\":[{\"@type\":\"ReadAction\",\"target\":[\"https:\\\/\\\/castellafarm.ch\\\/de\\\/erlebnisse-im-sozialbetrieb-fuer-privatpersonen-und-familien\\\/\"]}]},{\"@type\":\"ImageObject\",\"inLanguage\":\"de\",\"@id\":\"https:\\\/\\\/castellafarm.ch\\\/de\\\/erlebnisse-im-sozialbetrieb-fuer-privatpersonen-und-familien\\\/#primaryimage\",\"url\":\"https:\\\/\\\/castellafarm.ch\\\/wp-content\\\/uploads\\\/2023\\\/05\\\/header-privato-1-scaled.jpg\",\"contentUrl\":\"https:\\\/\\\/castellafarm.ch\\\/wp-content\\\/uploads\\\/2023\\\/05\\\/header-privato-1-scaled.jpg\",\"width\":2560,\"height\":866},{\"@type\":\"BreadcrumbList\",\"@id\":\"https:\\\/\\\/castellafarm.ch\\\/de\\\/erlebnisse-im-sozialbetrieb-fuer-privatpersonen-und-familien\\\/#breadcrumb\",\"itemListElement\":[{\"@type\":\"ListItem\",\"position\":1,\"name\":\"Home\",\"item\":\"https:\\\/\\\/castellafarm.ch\\\/de\\\/\"},{\"@type\":\"ListItem\",\"position\":2,\"name\":\"Sie sind privatkunden?\"}]},{\"@type\":\"WebSite\",\"@id\":\"https:\\\/\\\/2025-corporatesite-castellafarm.mystagingwebsite.com\\\/#website\",\"url\":\"https:\\\/\\\/2025-corporatesite-castellafarm.mystagingwebsite.com\\\/\",\"name\":\"Ca.Stella Farm\",\"description\":\"\",\"publisher\":{\"@id\":\"https:\\\/\\\/2025-corporatesite-castellafarm.mystagingwebsite.com\\\/#organization\"},\"potentialAction\":[{\"@type\":\"SearchAction\",\"target\":{\"@type\":\"EntryPoint\",\"urlTemplate\":\"https:\\\/\\\/2025-corporatesite-castellafarm.mystagingwebsite.com\\\/?s={search_term_string}\"},\"query-input\":{\"@type\":\"PropertyValueSpecification\",\"valueRequired\":true,\"valueName\":\"search_term_string\"}}],\"inLanguage\":\"de\"},{\"@type\":\"Organization\",\"@id\":\"https:\\\/\\\/2025-corporatesite-castellafarm.mystagingwebsite.com\\\/#organization\",\"name\":\"Ca.Stella Farm\",\"url\":\"https:\\\/\\\/2025-corporatesite-castellafarm.mystagingwebsite.com\\\/\",\"logo\":{\"@type\":\"ImageObject\",\"inLanguage\":\"de\",\"@id\":\"https:\\\/\\\/2025-corporatesite-castellafarm.mystagingwebsite.com\\\/#\\\/schema\\\/logo\\\/image\\\/\",\"url\":\"https:\\\/\\\/castellafarm.ch\\\/wp-content\\\/uploads\\\/2023\\\/02\\\/Screenshot-2023-02-13-alle-08.55.23.png\",\"contentUrl\":\"https:\\\/\\\/castellafarm.ch\\\/wp-content\\\/uploads\\\/2023\\\/02\\\/Screenshot-2023-02-13-alle-08.55.23.png\",\"width\":510,\"height\":389,\"caption\":\"Ca.Stella Farm\"},\"image\":{\"@id\":\"https:\\\/\\\/2025-corporatesite-castellafarm.mystagingwebsite.com\\\/#\\\/schema\\\/logo\\\/image\\\/\"}}]}<\/script>\n<!-- \/ Yoast SEO plugin. -->","yoast_head_json":{"title":"Erlebnisse im Sozialbetrieb f\u00fcr Privatpersonen und Familien | Ca.Stella Farm","description":"Ca.Stella Farm empf\u00e4ngt Privatpersonen und Familien und bietet einzigartige Erlebnisse in der Natur, mit Tieren und der Geschichte unseres Sozialbetriebs, nur wenige Schritte von Mendrisio entfernt.","robots":{"index":"index","follow":"follow","max-snippet":"max-snippet:-1","max-image-preview":"max-image-preview:large","max-video-preview":"max-video-preview:-1"},"canonical":"https:\/\/castellafarm.ch\/de\/erlebnisse-im-sozialbetrieb-fuer-privatpersonen-und-familien\/","og_locale":"de_DE","og_type":"article","og_title":"Erlebnisse im Sozialbetrieb f\u00fcr Privatpersonen und Familien | Ca.Stella Farm","og_description":"Ca.Stella Farm empf\u00e4ngt Privatpersonen und Familien und bietet einzigartige Erlebnisse in der Natur, mit Tieren und der Geschichte unseres Sozialbetriebs, nur wenige Schritte von Mendrisio entfernt.","og_url":"https:\/\/castellafarm.ch\/de\/erlebnisse-im-sozialbetrieb-fuer-privatpersonen-und-familien\/","og_site_name":"Ca.Stella Farm","article_modified_time":"2025-06-04T08:59:27+00:00","og_image":[{"width":2560,"height":866,"url":"https:\/\/castellafarm.ch\/wp-content\/uploads\/2023\/05\/header-privato-1-scaled.jpg","type":"image\/jpeg"}],"twitter_card":"summary_large_image","schema":{"@context":"https:\/\/schema.org","@graph":[{"@type":"WebPage","@id":"https:\/\/castellafarm.ch\/de\/erlebnisse-im-sozialbetrieb-fuer-privatpersonen-und-familien\/","url":"https:\/\/castellafarm.ch\/de\/erlebnisse-im-sozialbetrieb-fuer-privatpersonen-und-familien\/","name":"Erlebnisse im Sozialbetrieb f\u00fcr Privatpersonen und Familien | Ca.Stella Farm","isPartOf":{"@id":"https:\/\/2025-corporatesite-castellafarm.mystagingwebsite.com\/#website"},"primaryImageOfPage":{"@id":"https:\/\/castellafarm.ch\/de\/erlebnisse-im-sozialbetrieb-fuer-privatpersonen-und-familien\/#primaryimage"},"image":{"@id":"https:\/\/castellafarm.ch\/de\/erlebnisse-im-sozialbetrieb-fuer-privatpersonen-und-familien\/#primaryimage"},"thumbnailUrl":"https:\/\/castellafarm.ch\/wp-content\/uploads\/2023\/05\/header-privato-1-scaled.jpg","datePublished":"2023-05-19T12:52:20+00:00","dateModified":"2025-06-04T08:59:27+00:00","description":"Ca.Stella Farm empf\u00e4ngt Privatpersonen und Familien und bietet einzigartige Erlebnisse in der Natur, mit Tieren und der Geschichte unseres Sozialbetriebs, nur wenige Schritte von Mendrisio entfernt.","breadcrumb":{"@id":"https:\/\/castellafarm.ch\/de\/erlebnisse-im-sozialbetrieb-fuer-privatpersonen-und-familien\/#breadcrumb"},"inLanguage":"de","potentialAction":[{"@type":"ReadAction","target":["https:\/\/castellafarm.ch\/de\/erlebnisse-im-sozialbetrieb-fuer-privatpersonen-und-familien\/"]}]},{"@type":"ImageObject","inLanguage":"de","@id":"https:\/\/castellafarm.ch\/de\/erlebnisse-im-sozialbetrieb-fuer-privatpersonen-und-familien\/#primaryimage","url":"https:\/\/castellafarm.ch\/wp-content\/uploads\/2023\/05\/header-privato-1-scaled.jpg","contentUrl":"https:\/\/castellafarm.ch\/wp-content\/uploads\/2023\/05\/header-privato-1-scaled.jpg","width":2560,"height":866},{"@type":"BreadcrumbList","@id":"https:\/\/castellafarm.ch\/de\/erlebnisse-im-sozialbetrieb-fuer-privatpersonen-und-familien\/#breadcrumb","itemListElement":[{"@type":"ListItem","position":1,"name":"Home","item":"https:\/\/castellafarm.ch\/de\/"},{"@type":"ListItem","position":2,"name":"Sie sind privatkunden?"}]},{"@type":"WebSite","@id":"https:\/\/2025-corporatesite-castellafarm.mystagingwebsite.com\/#website","url":"https:\/\/2025-corporatesite-castellafarm.mystagingwebsite.com\/","name":"Ca.Stella Farm","description":"","publisher":{"@id":"https:\/\/2025-corporatesite-castellafarm.mystagingwebsite.com\/#organization"},"potentialAction":[{"@type":"SearchAction","target":{"@type":"EntryPoint","urlTemplate":"https:\/\/2025-corporatesite-castellafarm.mystagingwebsite.com\/?s={search_term_string}"},"query-input":{"@type":"PropertyValueSpecification","valueRequired":true,"valueName":"search_term_string"}}],"inLanguage":"de"},{"@type":"Organization","@id":"https:\/\/2025-corporatesite-castellafarm.mystagingwebsite.com\/#organization","name":"Ca.Stella Farm","url":"https:\/\/2025-corporatesite-castellafarm.mystagingwebsite.com\/","logo":{"@type":"ImageObject","inLanguage":"de","@id":"https:\/\/2025-corporatesite-castellafarm.mystagingwebsite.com\/#\/schema\/logo\/image\/","url":"https:\/\/castellafarm.ch\/wp-content\/uploads\/2023\/02\/Screenshot-2023-02-13-alle-08.55.23.png","contentUrl":"https:\/\/castellafarm.ch\/wp-content\/uploads\/2023\/02\/Screenshot-2023-02-13-alle-08.55.23.png","width":510,"height":389,"caption":"Ca.Stella Farm"},"image":{"@id":"https:\/\/2025-corporatesite-castellafarm.mystagingwebsite.com\/#\/schema\/logo\/image\/"}}]}},"_links":{"self":[{"href":"https:\/\/castellafarm.ch\/de\/wp-json\/wp\/v2\/pages\/4867","targetHints":{"allow":["GET"]}}],"collection":[{"href":"https:\/\/castellafarm.ch\/de\/wp-json\/wp\/v2\/pages"}],"about":[{"href":"https:\/\/castellafarm.ch\/de\/wp-json\/wp\/v2\/types\/page"}],"author":[{"embeddable":true,"href":"https:\/\/castellafarm.ch\/de\/wp-json\/wp\/v2\/users\/1"}],"replies":[{"embeddable":true,"href":"https:\/\/castellafarm.ch\/de\/wp-json\/wp\/v2\/comments?post=4867"}],"version-history":[{"count":7,"href":"https:\/\/castellafarm.ch\/de\/wp-json\/wp\/v2\/pages\/4867\/revisions"}],"predecessor-version":[{"id":9234,"href":"https:\/\/castellafarm.ch\/de\/wp-json\/wp\/v2\/pages\/4867\/revisions\/9234"}],"wp:featuredmedia":[{"embeddable":true,"href":"https:\/\/castellafarm.ch\/de\/wp-json\/wp\/v2\/media\/3693"}],"wp:attachment":[{"href":"https:\/\/castellafarm.ch\/de\/wp-json\/wp\/v2\/media?parent=4867"}],"curies":[{"name":"wp","href":"https:\/\/api.w.org\/{rel}","templated":true}]}}