{"id":4944,"date":"2023-05-15T16:33:56","date_gmt":"2023-05-15T14:33:56","guid":{"rendered":"https:\/\/castellafarm.ch\/storia\/"},"modified":"2025-05-30T11:04:51","modified_gmt":"2025-05-30T09:04:51","slug":"soziales-projekt-monte-san-giorgio","status":"publish","type":"page","link":"https:\/\/castellafarm.ch\/de\/soziales-projekt-monte-san-giorgio\/","title":{"rendered":"Unsere geschichte"},"content":{"rendered":"<section style=\"background-color:; color: \"  class=\"DefaultMarginBottomHalf TitoloContainer   TextAlignCenter SiteWidth \">Unsere geschichte <\/section>\n\n<section  style=\"color:; background-color:\"class=\"BlockWrapperContainer  ParagrafoContainer TextFont18  NoMarginTop DefaultMarginBottom50 NoPaddingBottom NoPaddingTop\"><div class=\"InnerParagrafoContainer SiteWidth\"><p style=\"text-align: center;\">Das Sozialprojekt Ca.Stella wurde von der Stiftung Main dans la Main (MdM) ans Licht gebracht.<\/p>\n<p style=\"text-align: center;\">Die Stiftung wurde von Carlo Crocco im Jahr 1998 gegr\u00fcndet, derselbe der auch die renommierten Schweizer Uhrenmarke Hublot im 1980 geschafft hat.\u00a0 Carlo Crocco hat sich verantwortlich entschieden, einen Teil des Gewinns seines Unternehmens zu investieren zur F\u00f6rderung und Unterst\u00fctzung von Kinderschutzprojekten, zugunsten der \u00e4rmsten und bed\u00fcrftigsten Kinder in Entwicklungsl\u00e4ndern.<\/p>\n<\/div><\/section>\n\n<section  style=\"background-color:\"class=\"BlockWrapperContainer NormalBlock BlockWrapperGruppoMedia  NoMarginTop NoMarginBottom NoPaddingBottom NoPaddingTop FullWidth  NoMargin\"><div class=\"BlockSlider\"><div class=\"BlockSlingleSlide\" style=\"background-image:url(https:\/\/castellafarm.ch\/wp-content\/uploads\/2023\/05\/storia-1.jpg)\"><\/div><\/div>\t\t<div class=\"BlockContent\">\n\t\t\t\t\t\t<div style=\"color:\" class=\"BlockTitolo\"><\/div>\n\t\t\t<div style=\"color:\" class=\"BlockSottotitolo\"><\/div>\n\t\t\t<div style=\"color:\" class=\"BlockText TextFont18\"><p>Die Stiftung begann ihre Arbeit mit der Unterst\u00fctzung der Erstellung von Solidarit\u00e4tsd\u00f6rfern, um ein Zuhause zu bieten f\u00fcr die Waisenkinder aus Tamil Nadu, eine sehr arme Region in S\u00fcdindien.<\/p>\n<p>Im Laufe der Jahre hat sich die Arbeit der Stiftung in Indien ausgeweitet und finanziert bis heute mehrere Projekte, die in enger Zusammenarbeit mit einer lokalen, gut etablierten Organisation, dem TDH Core Trust mit Sitz in Tiruvannamalai, durchgef\u00fchrt werden. Im Jahr 2010 \u00e4nderte die Stiftung ihre Statuten, um ihre Aktivit\u00e4ten im Sozial- und Kinderschutzbereich auch in der Schweiz und in Europa ausweiten zu k\u00f6nnen.<\/p>\n<\/div>\n\t\t\t\t\t\t\t\t<\/div>\n\t\t<\/section>\n\n<section  style=\"background-color:\"class=\"BlockWrapperContainer ReverseBlock BlockWrapperGruppoMedia  NoMarginTop NoMarginBottom NoPaddingBottom NoPaddingTop FullWidth  NoMargin\"><div class=\"BlockSlider\"><div class=\"BlockSlingleSlide\" style=\"background-image:url(https:\/\/castellafarm.ch\/wp-content\/uploads\/2023\/05\/storia-2.jpg)\"><\/div><\/div>\t\t<div class=\"BlockContent\">\n\t\t\t\t\t\t<div style=\"color:\" class=\"BlockTitolo\"><\/div>\n\t\t\t<div style=\"color:\" class=\"BlockSottotitolo\"><\/div>\n\t\t\t<div style=\"color:\" class=\"BlockText TextFont18\"><p>In den letzten zehn Jahren hat die Stiftung ein neues Projekt in Angriff genommen, dass zur Renovierung von Ca.Stella gef\u00fchrt hat, eine alte Fabrik, die fr\u00fcher zur Herstellung von Saurolo-\u00d6l aktiv war. C\u00e0 Stella befindet sich im Gebiet von Meride, in der Schweiz, innerhalb der UNESCO- Welterbest\u00e4tte Monte San Giorgio.<\/p>\n<p>Seit vielen Jahren haben sich die Sch\u00fcler der kantonalen Sonderschulen des Sottoceneri in einer &#8222;sozialen Baustelle&#8220; engagiert. Diese grossartige Baustelle hat ihnen die M\u00f6glichkeit zu wachsen gegeben und ihre Arbeitsf\u00e4higkeiten so weit wie m\u00f6glich zu entwickeln, und der Stiftung, eine Mehrzweckanlage zu bauen, die heute Jugendliche, Studenten, Schulen und Vereine in einem wundersch\u00f6nen Park beherbergt.<\/p>\n<\/div>\n\t\t\t\t\t\t\t\t<\/div>\n\t\t<\/section>\n\n<section  style=\"background-color:#c66462\"class=\"BlockWrapperContainer ReverseBlock BlockWrapperGruppoMedia  NoMarginTop NoMarginBottom NoPaddingBottom DefaultPaddingTop FullWidth  SmallImage\"><div class=\"BlockSlider\"><div class=\"BlockSlingleSlide\" style=\"background-image:url(https:\/\/castellafarm.ch\/wp-content\/uploads\/2023\/05\/storia-3.jpg)\"><\/div><\/div>\t\t<div class=\"BlockContent\">\n\t\t\t\t\t\t<div style=\"color:#ffffff\" class=\"BlockTitolo\"><\/div>\n\t\t\t<div style=\"color:#ffffff\" class=\"BlockSottotitolo\"><\/div>\n\t\t\t<div style=\"color:#ffffff\" class=\"BlockText TextFont18\"><p>Im Jahr 2016 hatte die Stiftung die M\u00f6glichkeit den Camping Monte San Giorgio zu kaufen, um die Aktivit\u00e4ten von Ca.Stella FARM-Camino Spinirolo zu erweitern und ihn in ein soziales Unternehmen umzuwandeln.<\/p>\n<p>Hier kann man an Jungen und M\u00e4dchen (benachteiligten, anders begabt, gefl\u00fcchteten oder behinderten Menschen) eine reizende berufliche T\u00e4tigkeit bieten, in verschiedenen Bereichen \u2013 vom Unterhalt bis zum Empfang und der Gastronomie. Der Campingplatz befindet sich auch in Meride, innerhalb der UNESCO Welterbest\u00e4tte vom Monte San Giorgio und ist nur eine kurze Strecke von der sch\u00f6nen Ca.Stella FARM-Camino Spinirolo entfernt.<\/p>\n<\/div>\n\t\t\t\t\t\t\t\t<\/div>\n\t\t<\/section>\n\n<section  style=\"background-color:#c66462\"class=\"BlockWrapperContainer NormalBlock BlockWrapperGruppoMedia  NoMarginTop NoMarginBottom DefaultPaddingBottom NoPaddingTop FullWidth  SmallImage\"><div class=\"BlockSlider\"><div class=\"BlockSlingleSlide\" style=\"background-image:url(https:\/\/castellafarm.ch\/wp-content\/uploads\/2023\/05\/storia-4.jpg)\"><\/div><\/div>\t\t<div class=\"BlockContent\">\n\t\t\t\t\t\t<div style=\"color:#ffffff\" class=\"BlockTitolo\"><\/div>\n\t\t\t<div style=\"color:#ffffff\" class=\"BlockSottotitolo\"><\/div>\n\t\t\t<div style=\"color:#ffffff\" class=\"BlockText TextFont18\"><p>Die Stiftung hat, dank Ihrer Anwesenheit und Ihres Engagements, die Gr\u00fcndung eines neuen Sozialunternehmens gef\u00f6rdert: &#8222;Ca. Stella &amp; Camping del Monte San Giorgio Sagl&#8220; mit dem Ziel, die Erfahrungen und Synergien zweier wichtiger Projekte f\u00fcr Kinder, Jugendliche und ihre Familien, Vereine, Schulen, Gruppen, nicht nur vom Sottoceneri, zu festigen.<\/p>\n<p>Main dans la Main hat auch zwei wichtige Projekte in Italien finanziert und unterst\u00fctzt: die \u201cCasa di Rebbio\u201d f\u00fcr Asylbewerber, Einwanderer und Jugendliche oder Familien in Schwierigkeiten und die \u201cFattoria Pianeta Terra\u201d f\u00fcr einsame Kinder und Jugendliche, Opfer von Missbrauch und Misshandlung, ein Projekt, das kurz vor der Verwirklichung steht.<\/p>\n<\/div>\n\t\t\t\t\t\t\t\t<\/div>\n\t\t<\/section>\n\n\n<section  class=\"BlockWrapperContainer ImmagineTestoImmagine DefaultPaddingTop DefaultPaddingBottom FullWidth NoMarginBottom NoMarginTop \" style=\"background-color:;\">\n\n\t<div class=\"ImmagineTestoImmagineCol ImmagineTestoImmagineCol_1\">\n\t\t<img alt=\"Ca.Stella Farm-Camino Spinirolo-campeggio\"src=\"https:\/\/castellafarm.ch\/wp-content\/uploads\/2023\/06\/prenota-1-1.jpg\"\/>\n\t<\/div>\n\t<div class=\"ImmagineTestoImmagineCol BlockTestoCol\">\n\t\t<p style=\"text-align: center;\">M\u00f6chten Sie in die\u00a0<strong>Natur<\/strong> eintauchen<br \/>\nund einen m\u00e4rchenhaften Campingplatz erleben?<\/p>\n\t\t<a href=\"https:\/\/thelisresa.webcamp.fr\/formulaire.php?TYPE_CAMPING=1&#038;TYPE_LOCATION=2&#038;camping=meridetcs&#038;lang=de&#038;custom-c1=A4ADAD&#038;custom-c2=619005&#038;simpleSearch=0&#038;duration=7&#038;typecamping=0&#038;typelocation=1&#038;type=2&#038;button=bookingButton&#038;quantity=3&#038;oldSchool=0&#038;noStyle=0&#038;noStyle=0&#038;noStyle=0&#038;noStyle=0&#038;noStyle=0&#038;polaroid=1&#038;fromWidget=1&#038;mode=modal&#038;PHPSESSID=i53tr4k5j3rd58b3ukm1gmmgv5\" class=\"MainButton MainButtonRosa\">\n\t\t\tRESERVIEREN SIE\t\t<\/a>\n\t<\/div>\n\t<div class=\"ImmagineTestoImmagineCol ImmagineTestoImmagineCol_2\">\n\t\t<img decoding=\"async\" alt=\"Ca.Stella Farm-Camino Spinirolo - Tenda\" src=\"https:\/\/castellafarm.ch\/wp-content\/uploads\/2023\/06\/prenota-2.jpg\"\/>\n\t<\/div>\n<\/section>","protected":false},"excerpt":{"rendered":"","protected":false},"author":1,"featured_media":2707,"parent":0,"menu_order":0,"comment_status":"closed","ping_status":"closed","template":"","meta":{"_acf_changed":false,"footnotes":""},"class_list":["post-4944","page","type-page","status-publish","has-post-thumbnail","hentry"],"acf":[],"yoast_head":"<!-- This site is optimized with the Yoast SEO plugin v27.3 - https:\/\/yoast.com\/product\/yoast-seo-wordpress\/ -->\n<title>Soziales Projekt Monte San Giorgio | Ca.Stella Farm<\/title>\n<meta name=\"description\" content=\"Entdecken Sie die Geschichte von Ca.Stella Farm, ein soziales Projekt der Stiftung MdM zur F\u00f6rderung von Inklusion, Bildung und Entwicklung im Herzen des Monte San Giorgio.\" \/>\n<meta name=\"robots\" content=\"index, follow, max-snippet:-1, max-image-preview:large, max-video-preview:-1\" \/>\n<link rel=\"canonical\" href=\"https:\/\/castellafarm.ch\/de\/soziales-projekt-monte-san-giorgio\/\" \/>\n<meta property=\"og:locale\" content=\"de_DE\" \/>\n<meta property=\"og:type\" content=\"article\" \/>\n<meta property=\"og:title\" content=\"Soziales Projekt Monte San Giorgio | Ca.Stella Farm\" \/>\n<meta property=\"og:description\" content=\"Entdecken Sie die Geschichte von Ca.Stella Farm, ein soziales Projekt der Stiftung MdM zur F\u00f6rderung von Inklusion, Bildung und Entwicklung im Herzen des Monte San Giorgio.\" \/>\n<meta property=\"og:url\" content=\"https:\/\/castellafarm.ch\/de\/soziales-projekt-monte-san-giorgio\/\" \/>\n<meta property=\"og:site_name\" content=\"Ca.Stella Farm\" \/>\n<meta property=\"article:modified_time\" content=\"2025-05-30T09:04:51+00:00\" \/>\n<meta property=\"og:image\" content=\"https:\/\/castellafarm.ch\/wp-content\/uploads\/2023\/05\/header-storia.jpg\" \/>\n\t<meta property=\"og:image:width\" content=\"1920\" \/>\n\t<meta property=\"og:image:height\" content=\"649\" \/>\n\t<meta property=\"og:image:type\" content=\"image\/jpeg\" \/>\n<meta name=\"twitter:card\" content=\"summary_large_image\" \/>\n<script type=\"application\/ld+json\" class=\"yoast-schema-graph\">{\"@context\":\"https:\\\/\\\/schema.org\",\"@graph\":[{\"@type\":\"WebPage\",\"@id\":\"https:\\\/\\\/castellafarm.ch\\\/de\\\/soziales-projekt-monte-san-giorgio\\\/\",\"url\":\"https:\\\/\\\/castellafarm.ch\\\/de\\\/soziales-projekt-monte-san-giorgio\\\/\",\"name\":\"Soziales Projekt Monte San Giorgio | Ca.Stella Farm\",\"isPartOf\":{\"@id\":\"https:\\\/\\\/2025-corporatesite-castellafarm.mystagingwebsite.com\\\/#website\"},\"primaryImageOfPage\":{\"@id\":\"https:\\\/\\\/castellafarm.ch\\\/de\\\/soziales-projekt-monte-san-giorgio\\\/#primaryimage\"},\"image\":{\"@id\":\"https:\\\/\\\/castellafarm.ch\\\/de\\\/soziales-projekt-monte-san-giorgio\\\/#primaryimage\"},\"thumbnailUrl\":\"https:\\\/\\\/castellafarm.ch\\\/wp-content\\\/uploads\\\/2023\\\/05\\\/header-storia.jpg\",\"datePublished\":\"2023-05-15T14:33:56+00:00\",\"dateModified\":\"2025-05-30T09:04:51+00:00\",\"description\":\"Entdecken Sie die Geschichte von Ca.Stella Farm, ein soziales Projekt der Stiftung MdM zur F\u00f6rderung von Inklusion, Bildung und Entwicklung im Herzen des Monte San Giorgio.\",\"breadcrumb\":{\"@id\":\"https:\\\/\\\/castellafarm.ch\\\/de\\\/soziales-projekt-monte-san-giorgio\\\/#breadcrumb\"},\"inLanguage\":\"de\",\"potentialAction\":[{\"@type\":\"ReadAction\",\"target\":[\"https:\\\/\\\/castellafarm.ch\\\/de\\\/soziales-projekt-monte-san-giorgio\\\/\"]}]},{\"@type\":\"ImageObject\",\"inLanguage\":\"de\",\"@id\":\"https:\\\/\\\/castellafarm.ch\\\/de\\\/soziales-projekt-monte-san-giorgio\\\/#primaryimage\",\"url\":\"https:\\\/\\\/castellafarm.ch\\\/wp-content\\\/uploads\\\/2023\\\/05\\\/header-storia.jpg\",\"contentUrl\":\"https:\\\/\\\/castellafarm.ch\\\/wp-content\\\/uploads\\\/2023\\\/05\\\/header-storia.jpg\",\"width\":1920,\"height\":649},{\"@type\":\"BreadcrumbList\",\"@id\":\"https:\\\/\\\/castellafarm.ch\\\/de\\\/soziales-projekt-monte-san-giorgio\\\/#breadcrumb\",\"itemListElement\":[{\"@type\":\"ListItem\",\"position\":1,\"name\":\"Home\",\"item\":\"https:\\\/\\\/castellafarm.ch\\\/de\\\/\"},{\"@type\":\"ListItem\",\"position\":2,\"name\":\"Unsere geschichte\"}]},{\"@type\":\"WebSite\",\"@id\":\"https:\\\/\\\/2025-corporatesite-castellafarm.mystagingwebsite.com\\\/#website\",\"url\":\"https:\\\/\\\/2025-corporatesite-castellafarm.mystagingwebsite.com\\\/\",\"name\":\"Ca.Stella Farm\",\"description\":\"\",\"publisher\":{\"@id\":\"https:\\\/\\\/2025-corporatesite-castellafarm.mystagingwebsite.com\\\/#organization\"},\"potentialAction\":[{\"@type\":\"SearchAction\",\"target\":{\"@type\":\"EntryPoint\",\"urlTemplate\":\"https:\\\/\\\/2025-corporatesite-castellafarm.mystagingwebsite.com\\\/?s={search_term_string}\"},\"query-input\":{\"@type\":\"PropertyValueSpecification\",\"valueRequired\":true,\"valueName\":\"search_term_string\"}}],\"inLanguage\":\"de\"},{\"@type\":\"Organization\",\"@id\":\"https:\\\/\\\/2025-corporatesite-castellafarm.mystagingwebsite.com\\\/#organization\",\"name\":\"Ca.Stella Farm\",\"url\":\"https:\\\/\\\/2025-corporatesite-castellafarm.mystagingwebsite.com\\\/\",\"logo\":{\"@type\":\"ImageObject\",\"inLanguage\":\"de\",\"@id\":\"https:\\\/\\\/2025-corporatesite-castellafarm.mystagingwebsite.com\\\/#\\\/schema\\\/logo\\\/image\\\/\",\"url\":\"https:\\\/\\\/castellafarm.ch\\\/wp-content\\\/uploads\\\/2023\\\/02\\\/Screenshot-2023-02-13-alle-08.55.23.png\",\"contentUrl\":\"https:\\\/\\\/castellafarm.ch\\\/wp-content\\\/uploads\\\/2023\\\/02\\\/Screenshot-2023-02-13-alle-08.55.23.png\",\"width\":510,\"height\":389,\"caption\":\"Ca.Stella Farm\"},\"image\":{\"@id\":\"https:\\\/\\\/2025-corporatesite-castellafarm.mystagingwebsite.com\\\/#\\\/schema\\\/logo\\\/image\\\/\"}}]}<\/script>\n<!-- \/ Yoast SEO plugin. -->","yoast_head_json":{"title":"Soziales Projekt Monte San Giorgio | Ca.Stella Farm","description":"Entdecken Sie die Geschichte von Ca.Stella Farm, ein soziales Projekt der Stiftung MdM zur F\u00f6rderung von Inklusion, Bildung und Entwicklung im Herzen des Monte San Giorgio.","robots":{"index":"index","follow":"follow","max-snippet":"max-snippet:-1","max-image-preview":"max-image-preview:large","max-video-preview":"max-video-preview:-1"},"canonical":"https:\/\/castellafarm.ch\/de\/soziales-projekt-monte-san-giorgio\/","og_locale":"de_DE","og_type":"article","og_title":"Soziales Projekt Monte San Giorgio | Ca.Stella Farm","og_description":"Entdecken Sie die Geschichte von Ca.Stella Farm, ein soziales Projekt der Stiftung MdM zur F\u00f6rderung von Inklusion, Bildung und Entwicklung im Herzen des Monte San Giorgio.","og_url":"https:\/\/castellafarm.ch\/de\/soziales-projekt-monte-san-giorgio\/","og_site_name":"Ca.Stella Farm","article_modified_time":"2025-05-30T09:04:51+00:00","og_image":[{"width":1920,"height":649,"url":"https:\/\/castellafarm.ch\/wp-content\/uploads\/2023\/05\/header-storia.jpg","type":"image\/jpeg"}],"twitter_card":"summary_large_image","schema":{"@context":"https:\/\/schema.org","@graph":[{"@type":"WebPage","@id":"https:\/\/castellafarm.ch\/de\/soziales-projekt-monte-san-giorgio\/","url":"https:\/\/castellafarm.ch\/de\/soziales-projekt-monte-san-giorgio\/","name":"Soziales Projekt Monte San Giorgio | Ca.Stella Farm","isPartOf":{"@id":"https:\/\/2025-corporatesite-castellafarm.mystagingwebsite.com\/#website"},"primaryImageOfPage":{"@id":"https:\/\/castellafarm.ch\/de\/soziales-projekt-monte-san-giorgio\/#primaryimage"},"image":{"@id":"https:\/\/castellafarm.ch\/de\/soziales-projekt-monte-san-giorgio\/#primaryimage"},"thumbnailUrl":"https:\/\/castellafarm.ch\/wp-content\/uploads\/2023\/05\/header-storia.jpg","datePublished":"2023-05-15T14:33:56+00:00","dateModified":"2025-05-30T09:04:51+00:00","description":"Entdecken Sie die Geschichte von Ca.Stella Farm, ein soziales Projekt der Stiftung MdM zur F\u00f6rderung von Inklusion, Bildung und Entwicklung im Herzen des Monte San Giorgio.","breadcrumb":{"@id":"https:\/\/castellafarm.ch\/de\/soziales-projekt-monte-san-giorgio\/#breadcrumb"},"inLanguage":"de","potentialAction":[{"@type":"ReadAction","target":["https:\/\/castellafarm.ch\/de\/soziales-projekt-monte-san-giorgio\/"]}]},{"@type":"ImageObject","inLanguage":"de","@id":"https:\/\/castellafarm.ch\/de\/soziales-projekt-monte-san-giorgio\/#primaryimage","url":"https:\/\/castellafarm.ch\/wp-content\/uploads\/2023\/05\/header-storia.jpg","contentUrl":"https:\/\/castellafarm.ch\/wp-content\/uploads\/2023\/05\/header-storia.jpg","width":1920,"height":649},{"@type":"BreadcrumbList","@id":"https:\/\/castellafarm.ch\/de\/soziales-projekt-monte-san-giorgio\/#breadcrumb","itemListElement":[{"@type":"ListItem","position":1,"name":"Home","item":"https:\/\/castellafarm.ch\/de\/"},{"@type":"ListItem","position":2,"name":"Unsere geschichte"}]},{"@type":"WebSite","@id":"https:\/\/2025-corporatesite-castellafarm.mystagingwebsite.com\/#website","url":"https:\/\/2025-corporatesite-castellafarm.mystagingwebsite.com\/","name":"Ca.Stella Farm","description":"","publisher":{"@id":"https:\/\/2025-corporatesite-castellafarm.mystagingwebsite.com\/#organization"},"potentialAction":[{"@type":"SearchAction","target":{"@type":"EntryPoint","urlTemplate":"https:\/\/2025-corporatesite-castellafarm.mystagingwebsite.com\/?s={search_term_string}"},"query-input":{"@type":"PropertyValueSpecification","valueRequired":true,"valueName":"search_term_string"}}],"inLanguage":"de"},{"@type":"Organization","@id":"https:\/\/2025-corporatesite-castellafarm.mystagingwebsite.com\/#organization","name":"Ca.Stella Farm","url":"https:\/\/2025-corporatesite-castellafarm.mystagingwebsite.com\/","logo":{"@type":"ImageObject","inLanguage":"de","@id":"https:\/\/2025-corporatesite-castellafarm.mystagingwebsite.com\/#\/schema\/logo\/image\/","url":"https:\/\/castellafarm.ch\/wp-content\/uploads\/2023\/02\/Screenshot-2023-02-13-alle-08.55.23.png","contentUrl":"https:\/\/castellafarm.ch\/wp-content\/uploads\/2023\/02\/Screenshot-2023-02-13-alle-08.55.23.png","width":510,"height":389,"caption":"Ca.Stella Farm"},"image":{"@id":"https:\/\/2025-corporatesite-castellafarm.mystagingwebsite.com\/#\/schema\/logo\/image\/"}}]}},"_links":{"self":[{"href":"https:\/\/castellafarm.ch\/de\/wp-json\/wp\/v2\/pages\/4944","targetHints":{"allow":["GET"]}}],"collection":[{"href":"https:\/\/castellafarm.ch\/de\/wp-json\/wp\/v2\/pages"}],"about":[{"href":"https:\/\/castellafarm.ch\/de\/wp-json\/wp\/v2\/types\/page"}],"author":[{"embeddable":true,"href":"https:\/\/castellafarm.ch\/de\/wp-json\/wp\/v2\/users\/1"}],"replies":[{"embeddable":true,"href":"https:\/\/castellafarm.ch\/de\/wp-json\/wp\/v2\/comments?post=4944"}],"version-history":[{"count":2,"href":"https:\/\/castellafarm.ch\/de\/wp-json\/wp\/v2\/pages\/4944\/revisions"}],"predecessor-version":[{"id":4952,"href":"https:\/\/castellafarm.ch\/de\/wp-json\/wp\/v2\/pages\/4944\/revisions\/4952"}],"wp:featuredmedia":[{"embeddable":true,"href":"https:\/\/castellafarm.ch\/de\/wp-json\/wp\/v2\/media\/2707"}],"wp:attachment":[{"href":"https:\/\/castellafarm.ch\/de\/wp-json\/wp\/v2\/media?parent=4944"}],"curies":[{"name":"wp","href":"https:\/\/api.w.org\/{rel}","templated":true}]}}