{"id":4954,"date":"2023-05-15T15:41:20","date_gmt":"2023-05-15T13:41:20","guid":{"rendered":"https:\/\/castellafarm.ch\/stanze\/"},"modified":"2025-05-30T11:01:33","modified_gmt":"2025-05-30T09:01:33","slug":"aufenthalt-in-der-natur-kanton-tessin","status":"publish","type":"page","link":"https:\/\/castellafarm.ch\/de\/aufenthalt-in-der-natur-kanton-tessin\/","title":{"rendered":"R\u00e4ume"},"content":{"rendered":"<section style=\"background-color:; color: \"  class=\"DefaultMarginBottomHalf TitoloContainer   TextAlignCenter SiteWidth \">R\u00e4ume<\/section>\n\n<section  style=\"color:; background-color:\"class=\"BlockWrapperContainer  ParagrafoContainer TextFont18  NoMarginTop DefaultMarginBottom50 NoPaddingBottom NoPaddingTop\"><div class=\"InnerParagrafoContainer SiteWidth\"><p style=\"text-align: center;\">Das Projekt und Ca.Stella FARM-Camino Spinirolo werden vom Unternehmen verwaltet<br \/>\nSociale Ca.Stella &amp; Camping del Monte San Giorgio Sagl, Spin-off von<br \/>\nDie MdM-Stiftung, die das Geb\u00e4ude im Laufe der Jahre renoviert hat,<br \/>\neine historische Saurolo-Fabrik, und die heute zu bieten hat.<\/p>\n<\/div><\/section>\n\n<section  style=\"background-color:\"class=\"BlockWrapperContainer NormalBlock BlockWrapperGruppoMedia  NoMarginTop NoMarginBottom NoPaddingBottom NoPaddingTop FullWidth  NoMargin\"><div class=\"BlockSlider\"><div class=\"BlockSlingleSlide\" style=\"background-image:url(https:\/\/castellafarm.ch\/wp-content\/uploads\/2023\/05\/camere-tema-1.jpg)\"><\/div><div class=\"BlockSlingleSlide\" style=\"background-image:url(https:\/\/castellafarm.ch\/wp-content\/uploads\/2023\/05\/camere-tema-2.jpg)\"><\/div><div class=\"BlockSlingleSlide\" style=\"background-image:url(https:\/\/castellafarm.ch\/wp-content\/uploads\/2023\/05\/camere-tema-3.jpg)\"><\/div><div class=\"BlockSlingleSlide\" style=\"background-image:url(https:\/\/castellafarm.ch\/wp-content\/uploads\/2023\/06\/img6.jpg)\"><\/div><div class=\"BlockSlingleSlide\" style=\"background-image:url(https:\/\/castellafarm.ch\/wp-content\/uploads\/2023\/06\/img5.jpg)\"><\/div><div class=\"BlockSlingleSlide\" style=\"background-image:url(https:\/\/castellafarm.ch\/wp-content\/uploads\/2023\/06\/img4.jpg)\"><\/div><\/div>\t\t<div class=\"BlockContent\">\n\t\t\t\t\t\t<div style=\"color:\" class=\"BlockTitolo\">Themenzimmer<\/div>\n\t\t\t<div style=\"color:\" class=\"BlockSottotitolo\"><\/div>\n\t\t\t<div style=\"color:\" class=\"BlockText TextFont18\"><p>Die Zimmer von Ca.Stella FARM-Camino Spinirolo tragen die Namen der Tiere aus Respekt vor der \u00fcppigen und kostbaren Natur, die sie umgibt; Jeder menschliche Gast erf\u00e4hrt vom ersten Tag an etwas \u00fcber die Besonderheiten und den Charakter jedes tierischen Gastes, der auf dem Bauernhof willkommen gehei\u00dfen wird.<\/p>\n<p>Die Struktur verf\u00fcgt \u00fcber 5 sch\u00f6ne Zimmer, gut ausgestattet mit internen Kleiderschr\u00e4nken und Waschbecken, mit Etagenbetten und Gemeinschaftsb\u00e4dern sowie 2 Zimmer mit Kleiderschr\u00e4nken und eigenem Bad f\u00fcr insgesamt 24 Betten.<\/p>\n<\/div>\n\t\t\t\t\t\t\t\t\t\t\t\t\t\t\t\t\t\t\t<a href=\"https:\/\/castellafarm.ch\/de\/location\/themenbezogene-zimmer\/\" class=\"MainButton MainButtonRosa\">FINDE MEHR HERAUS<\/a>\n\t\t\t\t\t\t\t\t\t<\/div>\n\t\t<\/section>\n\n<section  style=\"background-color:\"class=\"BlockWrapperContainer ReverseBlock BlockWrapperGruppoMedia  NoMarginTop NoMarginBottom NoPaddingBottom NoPaddingTop FullWidth  NoMargin\"><div class=\"BlockSlider\"><div class=\"BlockSlingleSlide\" style=\"background-image:url(https:\/\/castellafarm.ch\/wp-content\/uploads\/2023\/05\/tariffe.jpg)\"><\/div><\/div>\t\t<div class=\"BlockContent\">\n\t\t\t\t\t\t<div style=\"color:\" class=\"BlockTitolo\">Preise<\/div>\n\t\t\t<div style=\"color:\" class=\"BlockSottotitolo\"><\/div>\n\t\t\t<div style=\"color:\" class=\"BlockText TextFont18\"><p>Die \u00dcbernachtungspreise variieren zwischen 25 CHF (nur Verpflegung) und 63 CHF (Verpflegung und Unterkunft mit vegetarischer K\u00fcche) pro Tag und Person. Abh\u00e4ngig vom gew\u00e4hlten Tarif sind f\u00fcr G\u00e4ste von Ca.Stella Aktivit\u00e4ten mit Tieren inbegriffen oder nicht. Das Haus kann komplett f\u00fcr Tagesaktivit\u00e4ten, Seminare oder private Veranstaltungen gemietet werden.<\/p>\n<\/div>\n\t\t\t\t\t\t\t\t<\/div>\n\t\t<\/section>\n\n\n<section  class=\"BlockWrapperContainer ImmagineTestoImmagine DefaultPaddingTop DefaultPaddingBottom FullWidth NoMarginBottom NoMarginTop \" style=\"background-color:;\">\n\n\t<div class=\"ImmagineTestoImmagineCol ImmagineTestoImmagineCol_1\">\n\t\t<img alt=\"Ca.Stella Farm-Camino Spinirolo-campeggio\"src=\"https:\/\/castellafarm.ch\/wp-content\/uploads\/2023\/06\/prenota-1-1.jpg\"\/>\n\t<\/div>\n\t<div class=\"ImmagineTestoImmagineCol BlockTestoCol\">\n\t\t<p style=\"text-align: center;\">M\u00f6chten Sie in die\u00a0<strong>Natur<\/strong> eintauchen<br \/>\nund einen m\u00e4rchenhaften Campingplatz erleben?<\/p>\n\t\t<a href=\"https:\/\/thelisresa.webcamp.fr\/formulaire.php?TYPE_CAMPING=1&#038;TYPE_LOCATION=2&#038;camping=meridetcs&#038;lang=de&#038;custom-c1=A4ADAD&#038;custom-c2=619005&#038;simpleSearch=0&#038;duration=7&#038;typecamping=0&#038;typelocation=1&#038;type=2&#038;button=bookingButton&#038;quantity=3&#038;oldSchool=0&#038;noStyle=0&#038;noStyle=0&#038;noStyle=0&#038;noStyle=0&#038;noStyle=0&#038;polaroid=1&#038;fromWidget=1&#038;mode=modal&#038;PHPSESSID=i53tr4k5j3rd58b3ukm1gmmgv5\" class=\"MainButton MainButtonRosa\">\n\t\t\tRESERVIEREN SIE\t\t<\/a>\n\t<\/div>\n\t<div class=\"ImmagineTestoImmagineCol ImmagineTestoImmagineCol_2\">\n\t\t<img decoding=\"async\" alt=\"Ca.Stella Farm-Camino Spinirolo - Tenda\" src=\"https:\/\/castellafarm.ch\/wp-content\/uploads\/2023\/06\/prenota-2.jpg\"\/>\n\t<\/div>\n<\/section>","protected":false},"excerpt":{"rendered":"","protected":false},"author":1,"featured_media":2605,"parent":0,"menu_order":0,"comment_status":"closed","ping_status":"closed","template":"","meta":{"_acf_changed":false,"footnotes":""},"class_list":["post-4954","page","type-page","status-publish","has-post-thumbnail","hentry"],"acf":[],"yoast_head":"<!-- This site is optimized with the Yoast SEO plugin v27.3 - https:\/\/yoast.com\/product\/yoast-seo-wordpress\/ -->\n<title>Aufenthalt in der Natur Kanton Tessin | Ca.Stella Farm<\/title>\n<meta name=\"description\" content=\"Erleben Sie einen Aufenthalt in der Natur des Kantons Tessin mit Ca.Stella Farm. Themenzimmer im Sozialunternehmen ideal f\u00fcr Schulen, Familien und Gruppen in einem einzigartigen Umfeld.\" \/>\n<meta name=\"robots\" content=\"index, follow, max-snippet:-1, max-image-preview:large, max-video-preview:-1\" \/>\n<link rel=\"canonical\" href=\"https:\/\/castellafarm.ch\/de\/aufenthalt-in-der-natur-kanton-tessin\/\" \/>\n<meta property=\"og:locale\" content=\"de_DE\" \/>\n<meta property=\"og:type\" content=\"article\" \/>\n<meta property=\"og:title\" content=\"Aufenthalt in der Natur Kanton Tessin | Ca.Stella Farm\" \/>\n<meta property=\"og:description\" content=\"Erleben Sie einen Aufenthalt in der Natur des Kantons Tessin mit Ca.Stella Farm. Themenzimmer im Sozialunternehmen ideal f\u00fcr Schulen, Familien und Gruppen in einem einzigartigen Umfeld.\" \/>\n<meta property=\"og:url\" content=\"https:\/\/castellafarm.ch\/de\/aufenthalt-in-der-natur-kanton-tessin\/\" \/>\n<meta property=\"og:site_name\" content=\"Ca.Stella Farm\" \/>\n<meta property=\"article:modified_time\" content=\"2025-05-30T09:01:33+00:00\" \/>\n<meta property=\"og:image\" content=\"https:\/\/castellafarm.ch\/wp-content\/uploads\/2023\/05\/header-stanze.jpg\" \/>\n\t<meta property=\"og:image:width\" content=\"1920\" \/>\n\t<meta property=\"og:image:height\" content=\"649\" \/>\n\t<meta property=\"og:image:type\" content=\"image\/jpeg\" \/>\n<meta name=\"twitter:card\" content=\"summary_large_image\" \/>\n<script type=\"application\/ld+json\" class=\"yoast-schema-graph\">{\"@context\":\"https:\\\/\\\/schema.org\",\"@graph\":[{\"@type\":\"WebPage\",\"@id\":\"https:\\\/\\\/castellafarm.ch\\\/de\\\/aufenthalt-in-der-natur-kanton-tessin\\\/\",\"url\":\"https:\\\/\\\/castellafarm.ch\\\/de\\\/aufenthalt-in-der-natur-kanton-tessin\\\/\",\"name\":\"Aufenthalt in der Natur Kanton Tessin | Ca.Stella Farm\",\"isPartOf\":{\"@id\":\"https:\\\/\\\/2025-corporatesite-castellafarm.mystagingwebsite.com\\\/#website\"},\"primaryImageOfPage\":{\"@id\":\"https:\\\/\\\/castellafarm.ch\\\/de\\\/aufenthalt-in-der-natur-kanton-tessin\\\/#primaryimage\"},\"image\":{\"@id\":\"https:\\\/\\\/castellafarm.ch\\\/de\\\/aufenthalt-in-der-natur-kanton-tessin\\\/#primaryimage\"},\"thumbnailUrl\":\"https:\\\/\\\/castellafarm.ch\\\/wp-content\\\/uploads\\\/2023\\\/05\\\/header-stanze.jpg\",\"datePublished\":\"2023-05-15T13:41:20+00:00\",\"dateModified\":\"2025-05-30T09:01:33+00:00\",\"description\":\"Erleben Sie einen Aufenthalt in der Natur des Kantons Tessin mit Ca.Stella Farm. Themenzimmer im Sozialunternehmen ideal f\u00fcr Schulen, Familien und Gruppen in einem einzigartigen Umfeld.\",\"breadcrumb\":{\"@id\":\"https:\\\/\\\/castellafarm.ch\\\/de\\\/aufenthalt-in-der-natur-kanton-tessin\\\/#breadcrumb\"},\"inLanguage\":\"de\",\"potentialAction\":[{\"@type\":\"ReadAction\",\"target\":[\"https:\\\/\\\/castellafarm.ch\\\/de\\\/aufenthalt-in-der-natur-kanton-tessin\\\/\"]}]},{\"@type\":\"ImageObject\",\"inLanguage\":\"de\",\"@id\":\"https:\\\/\\\/castellafarm.ch\\\/de\\\/aufenthalt-in-der-natur-kanton-tessin\\\/#primaryimage\",\"url\":\"https:\\\/\\\/castellafarm.ch\\\/wp-content\\\/uploads\\\/2023\\\/05\\\/header-stanze.jpg\",\"contentUrl\":\"https:\\\/\\\/castellafarm.ch\\\/wp-content\\\/uploads\\\/2023\\\/05\\\/header-stanze.jpg\",\"width\":1920,\"height\":649},{\"@type\":\"BreadcrumbList\",\"@id\":\"https:\\\/\\\/castellafarm.ch\\\/de\\\/aufenthalt-in-der-natur-kanton-tessin\\\/#breadcrumb\",\"itemListElement\":[{\"@type\":\"ListItem\",\"position\":1,\"name\":\"Home\",\"item\":\"https:\\\/\\\/castellafarm.ch\\\/de\\\/\"},{\"@type\":\"ListItem\",\"position\":2,\"name\":\"R\u00e4ume\"}]},{\"@type\":\"WebSite\",\"@id\":\"https:\\\/\\\/2025-corporatesite-castellafarm.mystagingwebsite.com\\\/#website\",\"url\":\"https:\\\/\\\/2025-corporatesite-castellafarm.mystagingwebsite.com\\\/\",\"name\":\"Ca.Stella Farm\",\"description\":\"\",\"publisher\":{\"@id\":\"https:\\\/\\\/2025-corporatesite-castellafarm.mystagingwebsite.com\\\/#organization\"},\"potentialAction\":[{\"@type\":\"SearchAction\",\"target\":{\"@type\":\"EntryPoint\",\"urlTemplate\":\"https:\\\/\\\/2025-corporatesite-castellafarm.mystagingwebsite.com\\\/?s={search_term_string}\"},\"query-input\":{\"@type\":\"PropertyValueSpecification\",\"valueRequired\":true,\"valueName\":\"search_term_string\"}}],\"inLanguage\":\"de\"},{\"@type\":\"Organization\",\"@id\":\"https:\\\/\\\/2025-corporatesite-castellafarm.mystagingwebsite.com\\\/#organization\",\"name\":\"Ca.Stella Farm\",\"url\":\"https:\\\/\\\/2025-corporatesite-castellafarm.mystagingwebsite.com\\\/\",\"logo\":{\"@type\":\"ImageObject\",\"inLanguage\":\"de\",\"@id\":\"https:\\\/\\\/2025-corporatesite-castellafarm.mystagingwebsite.com\\\/#\\\/schema\\\/logo\\\/image\\\/\",\"url\":\"https:\\\/\\\/castellafarm.ch\\\/wp-content\\\/uploads\\\/2023\\\/02\\\/Screenshot-2023-02-13-alle-08.55.23.png\",\"contentUrl\":\"https:\\\/\\\/castellafarm.ch\\\/wp-content\\\/uploads\\\/2023\\\/02\\\/Screenshot-2023-02-13-alle-08.55.23.png\",\"width\":510,\"height\":389,\"caption\":\"Ca.Stella Farm\"},\"image\":{\"@id\":\"https:\\\/\\\/2025-corporatesite-castellafarm.mystagingwebsite.com\\\/#\\\/schema\\\/logo\\\/image\\\/\"}}]}<\/script>\n<!-- \/ Yoast SEO plugin. -->","yoast_head_json":{"title":"Aufenthalt in der Natur Kanton Tessin | Ca.Stella Farm","description":"Erleben Sie einen Aufenthalt in der Natur des Kantons Tessin mit Ca.Stella Farm. Themenzimmer im Sozialunternehmen ideal f\u00fcr Schulen, Familien und Gruppen in einem einzigartigen Umfeld.","robots":{"index":"index","follow":"follow","max-snippet":"max-snippet:-1","max-image-preview":"max-image-preview:large","max-video-preview":"max-video-preview:-1"},"canonical":"https:\/\/castellafarm.ch\/de\/aufenthalt-in-der-natur-kanton-tessin\/","og_locale":"de_DE","og_type":"article","og_title":"Aufenthalt in der Natur Kanton Tessin | Ca.Stella Farm","og_description":"Erleben Sie einen Aufenthalt in der Natur des Kantons Tessin mit Ca.Stella Farm. Themenzimmer im Sozialunternehmen ideal f\u00fcr Schulen, Familien und Gruppen in einem einzigartigen Umfeld.","og_url":"https:\/\/castellafarm.ch\/de\/aufenthalt-in-der-natur-kanton-tessin\/","og_site_name":"Ca.Stella Farm","article_modified_time":"2025-05-30T09:01:33+00:00","og_image":[{"width":1920,"height":649,"url":"https:\/\/castellafarm.ch\/wp-content\/uploads\/2023\/05\/header-stanze.jpg","type":"image\/jpeg"}],"twitter_card":"summary_large_image","schema":{"@context":"https:\/\/schema.org","@graph":[{"@type":"WebPage","@id":"https:\/\/castellafarm.ch\/de\/aufenthalt-in-der-natur-kanton-tessin\/","url":"https:\/\/castellafarm.ch\/de\/aufenthalt-in-der-natur-kanton-tessin\/","name":"Aufenthalt in der Natur Kanton Tessin | Ca.Stella Farm","isPartOf":{"@id":"https:\/\/2025-corporatesite-castellafarm.mystagingwebsite.com\/#website"},"primaryImageOfPage":{"@id":"https:\/\/castellafarm.ch\/de\/aufenthalt-in-der-natur-kanton-tessin\/#primaryimage"},"image":{"@id":"https:\/\/castellafarm.ch\/de\/aufenthalt-in-der-natur-kanton-tessin\/#primaryimage"},"thumbnailUrl":"https:\/\/castellafarm.ch\/wp-content\/uploads\/2023\/05\/header-stanze.jpg","datePublished":"2023-05-15T13:41:20+00:00","dateModified":"2025-05-30T09:01:33+00:00","description":"Erleben Sie einen Aufenthalt in der Natur des Kantons Tessin mit Ca.Stella Farm. Themenzimmer im Sozialunternehmen ideal f\u00fcr Schulen, Familien und Gruppen in einem einzigartigen Umfeld.","breadcrumb":{"@id":"https:\/\/castellafarm.ch\/de\/aufenthalt-in-der-natur-kanton-tessin\/#breadcrumb"},"inLanguage":"de","potentialAction":[{"@type":"ReadAction","target":["https:\/\/castellafarm.ch\/de\/aufenthalt-in-der-natur-kanton-tessin\/"]}]},{"@type":"ImageObject","inLanguage":"de","@id":"https:\/\/castellafarm.ch\/de\/aufenthalt-in-der-natur-kanton-tessin\/#primaryimage","url":"https:\/\/castellafarm.ch\/wp-content\/uploads\/2023\/05\/header-stanze.jpg","contentUrl":"https:\/\/castellafarm.ch\/wp-content\/uploads\/2023\/05\/header-stanze.jpg","width":1920,"height":649},{"@type":"BreadcrumbList","@id":"https:\/\/castellafarm.ch\/de\/aufenthalt-in-der-natur-kanton-tessin\/#breadcrumb","itemListElement":[{"@type":"ListItem","position":1,"name":"Home","item":"https:\/\/castellafarm.ch\/de\/"},{"@type":"ListItem","position":2,"name":"R\u00e4ume"}]},{"@type":"WebSite","@id":"https:\/\/2025-corporatesite-castellafarm.mystagingwebsite.com\/#website","url":"https:\/\/2025-corporatesite-castellafarm.mystagingwebsite.com\/","name":"Ca.Stella Farm","description":"","publisher":{"@id":"https:\/\/2025-corporatesite-castellafarm.mystagingwebsite.com\/#organization"},"potentialAction":[{"@type":"SearchAction","target":{"@type":"EntryPoint","urlTemplate":"https:\/\/2025-corporatesite-castellafarm.mystagingwebsite.com\/?s={search_term_string}"},"query-input":{"@type":"PropertyValueSpecification","valueRequired":true,"valueName":"search_term_string"}}],"inLanguage":"de"},{"@type":"Organization","@id":"https:\/\/2025-corporatesite-castellafarm.mystagingwebsite.com\/#organization","name":"Ca.Stella Farm","url":"https:\/\/2025-corporatesite-castellafarm.mystagingwebsite.com\/","logo":{"@type":"ImageObject","inLanguage":"de","@id":"https:\/\/2025-corporatesite-castellafarm.mystagingwebsite.com\/#\/schema\/logo\/image\/","url":"https:\/\/castellafarm.ch\/wp-content\/uploads\/2023\/02\/Screenshot-2023-02-13-alle-08.55.23.png","contentUrl":"https:\/\/castellafarm.ch\/wp-content\/uploads\/2023\/02\/Screenshot-2023-02-13-alle-08.55.23.png","width":510,"height":389,"caption":"Ca.Stella Farm"},"image":{"@id":"https:\/\/2025-corporatesite-castellafarm.mystagingwebsite.com\/#\/schema\/logo\/image\/"}}]}},"_links":{"self":[{"href":"https:\/\/castellafarm.ch\/de\/wp-json\/wp\/v2\/pages\/4954","targetHints":{"allow":["GET"]}}],"collection":[{"href":"https:\/\/castellafarm.ch\/de\/wp-json\/wp\/v2\/pages"}],"about":[{"href":"https:\/\/castellafarm.ch\/de\/wp-json\/wp\/v2\/types\/page"}],"author":[{"embeddable":true,"href":"https:\/\/castellafarm.ch\/de\/wp-json\/wp\/v2\/users\/1"}],"replies":[{"embeddable":true,"href":"https:\/\/castellafarm.ch\/de\/wp-json\/wp\/v2\/comments?post=4954"}],"version-history":[{"count":7,"href":"https:\/\/castellafarm.ch\/de\/wp-json\/wp\/v2\/pages\/4954\/revisions"}],"predecessor-version":[{"id":5683,"href":"https:\/\/castellafarm.ch\/de\/wp-json\/wp\/v2\/pages\/4954\/revisions\/5683"}],"wp:featuredmedia":[{"embeddable":true,"href":"https:\/\/castellafarm.ch\/de\/wp-json\/wp\/v2\/media\/2605"}],"wp:attachment":[{"href":"https:\/\/castellafarm.ch\/de\/wp-json\/wp\/v2\/media?parent=4954"}],"curies":[{"name":"wp","href":"https:\/\/api.w.org\/{rel}","templated":true}]}}