{"id":4965,"date":"2023-02-09T10:43:51","date_gmt":"2023-02-09T09:43:51","guid":{"rendered":"https:\/\/castellafarm.ch\/unsere-unterkunftsmoglichkeiten\/tariffe\/"},"modified":"2025-05-30T11:03:13","modified_gmt":"2025-05-30T09:03:13","slug":"preise-fuer-aufenthalt-und-aktivitaeten","status":"publish","type":"page","link":"https:\/\/castellafarm.ch\/de\/preise-fuer-aufenthalt-und-aktivitaeten\/","title":{"rendered":"Preise"},"content":{"rendered":"<section style=\"background-color:; color: \"  class=\"DefaultMarginBottomHalf TitoloContainer   TextAlignCenter SiteWidth \">Preise<\/section>\n\n<section  style=\"color:; background-color:\"class=\"BlockWrapperContainer  ParagrafoContainer TextFont18  NoMarginTop NoMarginBottom NoPaddingBottom NoPaddingTop\"><div class=\"InnerParagrafoContainer SiteWidth\"><h2><b>AKTIVIT\u00c4TEN <\/b><b>AUF DER CA.STELLA FARM<\/b><\/h2>\n<p>Die Farm kann teilweise oder ganz f\u00fcr Seminare und Konferenzen gemietet werden. Es besteht auch die M\u00f6glichkeit, einen K\u00fcchenservice in Anspruch zu nehmen, oder es kann in Funktion von individuellen Vorstellungen gemietet werden.<\/p>\n<p>Preise von 35.00 bis 92.00 CHF \/ Person f\u00fcr die folgenden Gruppenkategorien:<\/p>\n<p>SPEZIALGRUPPEN: Grund-, Mittel- und Oberschulen, Sonderschulen, Vereine, Stiftungen, anerkannte gemeinn\u00fctzige Organisationen.<\/p>\n<p>BASISGRUPPEN: Familiengruppen, Firmen, Universit\u00e4ten und Freundschaftsgruppen.<\/p>\n<p>Preiserm\u00e4ssigung bis 30%, in Funktion der individuellen Vorstellungen festgelegt wird.<\/p>\n<\/div><\/section>\n\n<section  style=\"color:; background-color:\"class=\"BlockWrapperContainer  ParagrafoContainer TextFont18  NoMarginTop NoMarginBottom NoPaddingBottom NoPaddingTop\"><div class=\"InnerParagrafoContainer SiteWidth\"><h2><b>MIT TIEREN<\/b><\/h2>\n<p>Preis pro Stunde f\u00fcr Gruppen: 150.00 CHF \/ Stunde<\/p>\n<p>Preis pro Stunde f\u00fcr die Tiertherapie: 120.00 CHF \/ Stunde<\/p>\n<p>Wanderung mit Alpakas: 1.30 Minuten CHF 200.00 bis 250.00 (Teilnehmerzahl bis zu 6 Personen erlaubt)<\/p>\n<p>Die Tiere auf der Farm kennenzulernen: 45 Minuten CHF 60.00 (Teilnehmerzahl bis zu 8 Personen erlaubt)<\/p>\n<\/div><\/section>\n\n<section  style=\"color:; background-color:\"class=\"BlockWrapperContainer  ParagrafoContainer TextFont18  NoMarginTop NoMarginBottom NoPaddingBottom NoPaddingTop\"><div class=\"InnerParagrafoContainer SiteWidth\"><h2><b>GARTENAKTIVIT\u00c4TEN<\/b><\/h2>\n<p>Preis pro Stunde f\u00fcr Gruppen: 150.00 CHF \/ Stunde<\/p>\n<\/div><\/section>\n\n<section  style=\"color:; background-color:\"class=\"BlockWrapperContainer  ParagrafoContainer TextFont18  NoMarginTop NoMarginBottom NoPaddingBottom NoPaddingTop\"><div class=\"InnerParagrafoContainer SiteWidth\"><h2><b>VEGETARISCHER KOCHKURS<\/b><\/h2>\n<p>Preis pro Person: 90.00 CHF, inklusive aller Materialien und zubereiteten Speisen (Mindestteilnehmerzahl 10 Personen)<\/p>\n<\/div><\/section>\n\n<section  style=\"color:; background-color:\"class=\"BlockWrapperContainer  ParagrafoContainer TextFont18  NoMarginTop DefaultMarginBottom50 DefaultPaddingBottom NoPaddingTop\"><div class=\"InnerParagrafoContainer SiteWidth\"><p>F\u00fcr weitere Informationen stehen wir Ihnen gern zu Verf\u00fcgung an <u><a href=\"mailto:info@castellafarm.ch\">info@castellafarm.ch<\/a><\/u> \u00a0oder rufen Sie uns and die folgende Telefonnummer an: +41 (0)91 630 22 34<\/p>\n<\/div><\/section>\n\n\n<section  class=\"BlockWrapperContainer ImmagineTestoImmagine DefaultPaddingTop DefaultPaddingBottom FullWidth NoMarginBottom NoMarginTop \" style=\"background-color:;\">\n\n\t<div class=\"ImmagineTestoImmagineCol ImmagineTestoImmagineCol_1\">\n\t\t<img alt=\"Ca.Stella Farm-Camino Spinirolo-campeggio\"src=\"https:\/\/castellafarm.ch\/wp-content\/uploads\/2023\/06\/prenota-1-1.jpg\"\/>\n\t<\/div>\n\t<div class=\"ImmagineTestoImmagineCol BlockTestoCol\">\n\t\t<p style=\"text-align: center;\">M\u00f6chten Sie in die\u00a0<strong>Natur<\/strong> eintauchen<br \/>\nund einen m\u00e4rchenhaften Campingplatz erleben?<\/p>\n\t\t<a href=\"https:\/\/thelisresa.webcamp.fr\/formulaire.php?TYPE_CAMPING=1&#038;TYPE_LOCATION=2&#038;camping=meridetcs&#038;lang=de&#038;custom-c1=A4ADAD&#038;custom-c2=619005&#038;simpleSearch=0&#038;duration=7&#038;typecamping=0&#038;typelocation=1&#038;type=2&#038;button=bookingButton&#038;quantity=3&#038;oldSchool=0&#038;noStyle=0&#038;noStyle=0&#038;noStyle=0&#038;noStyle=0&#038;noStyle=0&#038;polaroid=1&#038;fromWidget=1&#038;mode=modal&#038;PHPSESSID=i53tr4k5j3rd58b3ukm1gmmgv5\" class=\"MainButton MainButtonRosa\">\n\t\t\tRESERVIEREN SIE\t\t<\/a>\n\t<\/div>\n\t<div class=\"ImmagineTestoImmagineCol ImmagineTestoImmagineCol_2\">\n\t\t<img decoding=\"async\" alt=\"Ca.Stella Farm-Camino Spinirolo - Tenda\" src=\"https:\/\/castellafarm.ch\/wp-content\/uploads\/2023\/06\/prenota-2.jpg\"\/>\n\t<\/div>\n<\/section>","protected":false},"excerpt":{"rendered":"","protected":false},"author":1,"featured_media":2698,"parent":0,"menu_order":0,"comment_status":"closed","ping_status":"closed","template":"","meta":{"_acf_changed":false,"footnotes":""},"class_list":["post-4965","page","type-page","status-publish","has-post-thumbnail","hentry"],"acf":[],"yoast_head":"<!-- This site is optimized with the Yoast SEO plugin v27.3 - https:\/\/yoast.com\/product\/yoast-seo-wordpress\/ -->\n<title>Preise f\u00fcr Aufenthalt und Aktivit\u00e4ten | Ca.Stella Farm<\/title>\n<meta name=\"description\" content=\"Entdecken Sie die Preise des Sozialunternehmens Ca.Stella Farm: Aufenthalte, Tieraktivit\u00e4ten, Gartenbau und vegetarische Kochkurse im Herzen des Kantons Tessin.\" \/>\n<meta name=\"robots\" content=\"index, follow, max-snippet:-1, max-image-preview:large, max-video-preview:-1\" \/>\n<link rel=\"canonical\" href=\"https:\/\/castellafarm.ch\/de\/preise-fuer-aufenthalt-und-aktivitaeten\/\" \/>\n<meta property=\"og:locale\" content=\"de_DE\" \/>\n<meta property=\"og:type\" content=\"article\" \/>\n<meta property=\"og:title\" content=\"Preise f\u00fcr Aufenthalt und Aktivit\u00e4ten | Ca.Stella Farm\" \/>\n<meta property=\"og:description\" content=\"Entdecken Sie die Preise des Sozialunternehmens Ca.Stella Farm: Aufenthalte, Tieraktivit\u00e4ten, Gartenbau und vegetarische Kochkurse im Herzen des Kantons Tessin.\" \/>\n<meta property=\"og:url\" content=\"https:\/\/castellafarm.ch\/de\/preise-fuer-aufenthalt-und-aktivitaeten\/\" \/>\n<meta property=\"og:site_name\" content=\"Ca.Stella Farm\" \/>\n<meta property=\"article:modified_time\" content=\"2025-05-30T09:03:13+00:00\" \/>\n<meta property=\"og:image\" content=\"https:\/\/castellafarm.ch\/wp-content\/uploads\/2023\/05\/header-tariffe.jpg\" \/>\n\t<meta property=\"og:image:width\" content=\"1920\" \/>\n\t<meta property=\"og:image:height\" content=\"649\" \/>\n\t<meta property=\"og:image:type\" content=\"image\/jpeg\" \/>\n<meta name=\"twitter:card\" content=\"summary_large_image\" \/>\n<script type=\"application\/ld+json\" class=\"yoast-schema-graph\">{\"@context\":\"https:\\\/\\\/schema.org\",\"@graph\":[{\"@type\":\"WebPage\",\"@id\":\"https:\\\/\\\/castellafarm.ch\\\/de\\\/preise-fuer-aufenthalt-und-aktivitaeten\\\/\",\"url\":\"https:\\\/\\\/castellafarm.ch\\\/de\\\/preise-fuer-aufenthalt-und-aktivitaeten\\\/\",\"name\":\"Preise f\u00fcr Aufenthalt und Aktivit\u00e4ten | Ca.Stella Farm\",\"isPartOf\":{\"@id\":\"https:\\\/\\\/2025-corporatesite-castellafarm.mystagingwebsite.com\\\/#website\"},\"primaryImageOfPage\":{\"@id\":\"https:\\\/\\\/castellafarm.ch\\\/de\\\/preise-fuer-aufenthalt-und-aktivitaeten\\\/#primaryimage\"},\"image\":{\"@id\":\"https:\\\/\\\/castellafarm.ch\\\/de\\\/preise-fuer-aufenthalt-und-aktivitaeten\\\/#primaryimage\"},\"thumbnailUrl\":\"https:\\\/\\\/castellafarm.ch\\\/wp-content\\\/uploads\\\/2023\\\/05\\\/header-tariffe.jpg\",\"datePublished\":\"2023-02-09T09:43:51+00:00\",\"dateModified\":\"2025-05-30T09:03:13+00:00\",\"description\":\"Entdecken Sie die Preise des Sozialunternehmens Ca.Stella Farm: Aufenthalte, Tieraktivit\u00e4ten, Gartenbau und vegetarische Kochkurse im Herzen des Kantons Tessin.\",\"breadcrumb\":{\"@id\":\"https:\\\/\\\/castellafarm.ch\\\/de\\\/preise-fuer-aufenthalt-und-aktivitaeten\\\/#breadcrumb\"},\"inLanguage\":\"de\",\"potentialAction\":[{\"@type\":\"ReadAction\",\"target\":[\"https:\\\/\\\/castellafarm.ch\\\/de\\\/preise-fuer-aufenthalt-und-aktivitaeten\\\/\"]}]},{\"@type\":\"ImageObject\",\"inLanguage\":\"de\",\"@id\":\"https:\\\/\\\/castellafarm.ch\\\/de\\\/preise-fuer-aufenthalt-und-aktivitaeten\\\/#primaryimage\",\"url\":\"https:\\\/\\\/castellafarm.ch\\\/wp-content\\\/uploads\\\/2023\\\/05\\\/header-tariffe.jpg\",\"contentUrl\":\"https:\\\/\\\/castellafarm.ch\\\/wp-content\\\/uploads\\\/2023\\\/05\\\/header-tariffe.jpg\",\"width\":1920,\"height\":649},{\"@type\":\"BreadcrumbList\",\"@id\":\"https:\\\/\\\/castellafarm.ch\\\/de\\\/preise-fuer-aufenthalt-und-aktivitaeten\\\/#breadcrumb\",\"itemListElement\":[{\"@type\":\"ListItem\",\"position\":1,\"name\":\"Home\",\"item\":\"https:\\\/\\\/castellafarm.ch\\\/de\\\/\"},{\"@type\":\"ListItem\",\"position\":2,\"name\":\"Preise\"}]},{\"@type\":\"WebSite\",\"@id\":\"https:\\\/\\\/2025-corporatesite-castellafarm.mystagingwebsite.com\\\/#website\",\"url\":\"https:\\\/\\\/2025-corporatesite-castellafarm.mystagingwebsite.com\\\/\",\"name\":\"Ca.Stella Farm\",\"description\":\"\",\"publisher\":{\"@id\":\"https:\\\/\\\/2025-corporatesite-castellafarm.mystagingwebsite.com\\\/#organization\"},\"potentialAction\":[{\"@type\":\"SearchAction\",\"target\":{\"@type\":\"EntryPoint\",\"urlTemplate\":\"https:\\\/\\\/2025-corporatesite-castellafarm.mystagingwebsite.com\\\/?s={search_term_string}\"},\"query-input\":{\"@type\":\"PropertyValueSpecification\",\"valueRequired\":true,\"valueName\":\"search_term_string\"}}],\"inLanguage\":\"de\"},{\"@type\":\"Organization\",\"@id\":\"https:\\\/\\\/2025-corporatesite-castellafarm.mystagingwebsite.com\\\/#organization\",\"name\":\"Ca.Stella Farm\",\"url\":\"https:\\\/\\\/2025-corporatesite-castellafarm.mystagingwebsite.com\\\/\",\"logo\":{\"@type\":\"ImageObject\",\"inLanguage\":\"de\",\"@id\":\"https:\\\/\\\/2025-corporatesite-castellafarm.mystagingwebsite.com\\\/#\\\/schema\\\/logo\\\/image\\\/\",\"url\":\"https:\\\/\\\/castellafarm.ch\\\/wp-content\\\/uploads\\\/2023\\\/02\\\/Screenshot-2023-02-13-alle-08.55.23.png\",\"contentUrl\":\"https:\\\/\\\/castellafarm.ch\\\/wp-content\\\/uploads\\\/2023\\\/02\\\/Screenshot-2023-02-13-alle-08.55.23.png\",\"width\":510,\"height\":389,\"caption\":\"Ca.Stella Farm\"},\"image\":{\"@id\":\"https:\\\/\\\/2025-corporatesite-castellafarm.mystagingwebsite.com\\\/#\\\/schema\\\/logo\\\/image\\\/\"}}]}<\/script>\n<!-- \/ Yoast SEO plugin. -->","yoast_head_json":{"title":"Preise f\u00fcr Aufenthalt und Aktivit\u00e4ten | Ca.Stella Farm","description":"Entdecken Sie die Preise des Sozialunternehmens Ca.Stella Farm: Aufenthalte, Tieraktivit\u00e4ten, Gartenbau und vegetarische Kochkurse im Herzen des Kantons Tessin.","robots":{"index":"index","follow":"follow","max-snippet":"max-snippet:-1","max-image-preview":"max-image-preview:large","max-video-preview":"max-video-preview:-1"},"canonical":"https:\/\/castellafarm.ch\/de\/preise-fuer-aufenthalt-und-aktivitaeten\/","og_locale":"de_DE","og_type":"article","og_title":"Preise f\u00fcr Aufenthalt und Aktivit\u00e4ten | Ca.Stella Farm","og_description":"Entdecken Sie die Preise des Sozialunternehmens Ca.Stella Farm: Aufenthalte, Tieraktivit\u00e4ten, Gartenbau und vegetarische Kochkurse im Herzen des Kantons Tessin.","og_url":"https:\/\/castellafarm.ch\/de\/preise-fuer-aufenthalt-und-aktivitaeten\/","og_site_name":"Ca.Stella Farm","article_modified_time":"2025-05-30T09:03:13+00:00","og_image":[{"width":1920,"height":649,"url":"https:\/\/castellafarm.ch\/wp-content\/uploads\/2023\/05\/header-tariffe.jpg","type":"image\/jpeg"}],"twitter_card":"summary_large_image","schema":{"@context":"https:\/\/schema.org","@graph":[{"@type":"WebPage","@id":"https:\/\/castellafarm.ch\/de\/preise-fuer-aufenthalt-und-aktivitaeten\/","url":"https:\/\/castellafarm.ch\/de\/preise-fuer-aufenthalt-und-aktivitaeten\/","name":"Preise f\u00fcr Aufenthalt und Aktivit\u00e4ten | Ca.Stella Farm","isPartOf":{"@id":"https:\/\/2025-corporatesite-castellafarm.mystagingwebsite.com\/#website"},"primaryImageOfPage":{"@id":"https:\/\/castellafarm.ch\/de\/preise-fuer-aufenthalt-und-aktivitaeten\/#primaryimage"},"image":{"@id":"https:\/\/castellafarm.ch\/de\/preise-fuer-aufenthalt-und-aktivitaeten\/#primaryimage"},"thumbnailUrl":"https:\/\/castellafarm.ch\/wp-content\/uploads\/2023\/05\/header-tariffe.jpg","datePublished":"2023-02-09T09:43:51+00:00","dateModified":"2025-05-30T09:03:13+00:00","description":"Entdecken Sie die Preise des Sozialunternehmens Ca.Stella Farm: Aufenthalte, Tieraktivit\u00e4ten, Gartenbau und vegetarische Kochkurse im Herzen des Kantons Tessin.","breadcrumb":{"@id":"https:\/\/castellafarm.ch\/de\/preise-fuer-aufenthalt-und-aktivitaeten\/#breadcrumb"},"inLanguage":"de","potentialAction":[{"@type":"ReadAction","target":["https:\/\/castellafarm.ch\/de\/preise-fuer-aufenthalt-und-aktivitaeten\/"]}]},{"@type":"ImageObject","inLanguage":"de","@id":"https:\/\/castellafarm.ch\/de\/preise-fuer-aufenthalt-und-aktivitaeten\/#primaryimage","url":"https:\/\/castellafarm.ch\/wp-content\/uploads\/2023\/05\/header-tariffe.jpg","contentUrl":"https:\/\/castellafarm.ch\/wp-content\/uploads\/2023\/05\/header-tariffe.jpg","width":1920,"height":649},{"@type":"BreadcrumbList","@id":"https:\/\/castellafarm.ch\/de\/preise-fuer-aufenthalt-und-aktivitaeten\/#breadcrumb","itemListElement":[{"@type":"ListItem","position":1,"name":"Home","item":"https:\/\/castellafarm.ch\/de\/"},{"@type":"ListItem","position":2,"name":"Preise"}]},{"@type":"WebSite","@id":"https:\/\/2025-corporatesite-castellafarm.mystagingwebsite.com\/#website","url":"https:\/\/2025-corporatesite-castellafarm.mystagingwebsite.com\/","name":"Ca.Stella Farm","description":"","publisher":{"@id":"https:\/\/2025-corporatesite-castellafarm.mystagingwebsite.com\/#organization"},"potentialAction":[{"@type":"SearchAction","target":{"@type":"EntryPoint","urlTemplate":"https:\/\/2025-corporatesite-castellafarm.mystagingwebsite.com\/?s={search_term_string}"},"query-input":{"@type":"PropertyValueSpecification","valueRequired":true,"valueName":"search_term_string"}}],"inLanguage":"de"},{"@type":"Organization","@id":"https:\/\/2025-corporatesite-castellafarm.mystagingwebsite.com\/#organization","name":"Ca.Stella Farm","url":"https:\/\/2025-corporatesite-castellafarm.mystagingwebsite.com\/","logo":{"@type":"ImageObject","inLanguage":"de","@id":"https:\/\/2025-corporatesite-castellafarm.mystagingwebsite.com\/#\/schema\/logo\/image\/","url":"https:\/\/castellafarm.ch\/wp-content\/uploads\/2023\/02\/Screenshot-2023-02-13-alle-08.55.23.png","contentUrl":"https:\/\/castellafarm.ch\/wp-content\/uploads\/2023\/02\/Screenshot-2023-02-13-alle-08.55.23.png","width":510,"height":389,"caption":"Ca.Stella Farm"},"image":{"@id":"https:\/\/2025-corporatesite-castellafarm.mystagingwebsite.com\/#\/schema\/logo\/image\/"}}]}},"_links":{"self":[{"href":"https:\/\/castellafarm.ch\/de\/wp-json\/wp\/v2\/pages\/4965","targetHints":{"allow":["GET"]}}],"collection":[{"href":"https:\/\/castellafarm.ch\/de\/wp-json\/wp\/v2\/pages"}],"about":[{"href":"https:\/\/castellafarm.ch\/de\/wp-json\/wp\/v2\/types\/page"}],"author":[{"embeddable":true,"href":"https:\/\/castellafarm.ch\/de\/wp-json\/wp\/v2\/users\/1"}],"replies":[{"embeddable":true,"href":"https:\/\/castellafarm.ch\/de\/wp-json\/wp\/v2\/comments?post=4965"}],"version-history":[{"count":15,"href":"https:\/\/castellafarm.ch\/de\/wp-json\/wp\/v2\/pages\/4965\/revisions"}],"predecessor-version":[{"id":6171,"href":"https:\/\/castellafarm.ch\/de\/wp-json\/wp\/v2\/pages\/4965\/revisions\/6171"}],"wp:featuredmedia":[{"embeddable":true,"href":"https:\/\/castellafarm.ch\/de\/wp-json\/wp\/v2\/media\/2698"}],"wp:attachment":[{"href":"https:\/\/castellafarm.ch\/de\/wp-json\/wp\/v2\/media?parent=4965"}],"curies":[{"name":"wp","href":"https:\/\/api.w.org\/{rel}","templated":true}]}}