{"id":4640,"date":"2023-02-19T15:31:40","date_gmt":"2023-02-19T14:31:40","guid":{"rendered":"https:\/\/castellafarm.ch\/carta-dei-valori\/"},"modified":"2024-04-05T18:53:05","modified_gmt":"2024-04-05T16:53:05","slug":"charte-des-valeurs","status":"publish","type":"page","link":"https:\/\/castellafarm.ch\/fr\/charte-des-valeurs\/","title":{"rendered":"Charte des valeurs"},"content":{"rendered":"<section style=\"background-color:; color: \"  class=\"DefaultMarginBottomHalf TitoloContainer   TextAlignCenter SiteWidth \">Charte des valeurs<\/section>\n\n<section  style=\"color:; background-color:\"class=\"BlockWrapperContainer  ParagrafoContainer TextFont18  NoMarginTop DefaultMarginBottom100 NoPaddingBottom NoPaddingTop\"><div class=\"InnerParagrafoContainer SiteWidth\"><p style=\"text-align: center;\"><strong>CA.STELLA &amp; CAMPING MONTE SAN GIORGIO N&rsquo;EST PAS A BUT LUCRATIF<\/strong><\/p>\n<p style=\"text-align: center;\">Ca.Stella &amp; Camping del Monte San Giorgio sont des installations strictement SANS PROFIT.<br \/>\nNous sommes heureux de pouvoir r\u00e9investir les b\u00e9n\u00e9fices de l&rsquo;Entreprise Sociale dans le renforcement de nos activit\u00e9s. Les \u00e9tats financiers de Ca.Stella &amp; Camping del Monte San Giorgio sont publics et disponibles.<\/p>\n<\/div><\/section>\n\n<section  style=\"background-color:\"class=\"BlockWrapperContainer NormalBlock BlockWrapperGruppoMedia  NoMarginTop NoMarginBottom NoPaddingBottom NoPaddingTop FullWidth  NoMargin\"><div class=\"BlockSlider\"><div class=\"BlockSlingleSlide\" style=\"background-image:url(https:\/\/castellafarm.ch\/wp-content\/uploads\/2023\/02\/carta-valori-1.jpg)\"><\/div><\/div>\t\t<div class=\"BlockContent\">\n\t\t\t\t\t\t<div style=\"color:\" class=\"BlockTitolo\">Ca.Stella &#038; Camping Monte San Giorgio c&rsquo;est sociale<\/div>\n\t\t\t<div style=\"color:\" class=\"BlockSottotitolo\"><\/div>\n\t\t\t<div style=\"color:\" class=\"BlockText TextFont18\"><p>Nous offrons la possibilit\u00e9 de s\u00e9jours, d&rsquo;activit\u00e9s avec les animaux et dans la nature pour les enfants et les jeunes, leurs familles, les associations, les \u00e9coles et les groupes.<br \/>\nNotre objectif premier &#8211; la raison m\u00eame de l&rsquo;existence de la structure &#8211; est de fournir un lieu qui permette \u00e0 ceux qui la fr\u00e9quentent de suivre un chemin de croissance personnelle et sociale, \u00e0 travers les activit\u00e9s propos\u00e9es et la comparaison avec les autres.<br \/>\nCa.Stella &amp; Camping del Monte San Giorgio s&rsquo;engagent \u00e0 lutter contre toute discrimination fond\u00e9e sur la nationalit\u00e9, la couleur, le sexe et la religion en soutenant les minorit\u00e9s et les plus discrimin\u00e9s, dans le plein respect de l&rsquo;inclusion des personnes handicap\u00e9es.<\/p>\n<\/div>\n\t\t\t\t\t\t\t\t<\/div>\n\t\t<\/section>\n\n<section  style=\"background-color:\"class=\"BlockWrapperContainer ReverseBlock BlockWrapperGruppoMedia  NoMarginTop NoMarginBottom NoPaddingBottom NoPaddingTop FullWidth  NoMargin\"><div class=\"BlockSlider\"><div class=\"BlockSlingleSlide\" style=\"background-image:url(https:\/\/castellafarm.ch\/wp-content\/uploads\/2023\/02\/carta-valori-2.jpg)\"><\/div><\/div>\t\t<div class=\"BlockContent\">\n\t\t\t\t\t\t<div style=\"color:\" class=\"BlockTitolo\">Ca.Stella &#038; Camping Monte San Giorgio est km0 et \u00e9cologique<\/div>\n\t\t\t<div style=\"color:\" class=\"BlockSottotitolo\"><\/div>\n\t\t\t<div style=\"color:\" class=\"BlockText TextFont18\"><p>Nous op\u00e9rons dans tous les domaines de Ca.Stella &amp; Camping del Monte San Giorgio pour minimiser notre impact environnemental.<br \/>\nNous suivons une orientation \u00e9cologique dans chaque activit\u00e9 de la ferme et, dans la mesure du possible, nous faisons des choix biologiques en mati\u00e8re d&rsquo;alimentation, de culture de potagers et d&rsquo;arbres fruitiers, d&rsquo;achats et de produits de nettoyage.<br \/>\nNous aimons notre territoire et nous essayons de le valoriser au maximum. C&rsquo;est pourquoi nous choisissons l&rsquo;orientation z\u00e9ro kilom\u00e8tre et favorisons l&rsquo;\u00e9conomie locale en collaborant avec des entreprises locales.<\/p>\n<\/div>\n\t\t\t\t\t\t\t\t<\/div>\n\t\t<\/section>\n\n<section  style=\"background-color:#c66462\"class=\"BlockWrapperContainer ReverseBlock BlockWrapperGruppoMedia  NoMarginTop NoMarginBottom NoPaddingBottom DefaultPaddingTop FullWidth  SmallImage\"><div class=\"BlockSlider\"><div class=\"BlockSlingleSlide\" style=\"background-image:url(https:\/\/castellafarm.ch\/wp-content\/uploads\/2023\/02\/carta-valori-3-1.jpg)\"><\/div><\/div>\t\t<div class=\"BlockContent\">\n\t\t\t\t\t\t<div style=\"color:#ffffff\" class=\"BlockTitolo\">Respect de l&rsquo;invit\u00e9<\/div>\n\t\t\t<div style=\"color:#ffffff\" class=\"BlockSottotitolo\"><\/div>\n\t\t\t<div style=\"color:#ffffff\" class=\"BlockText TextFont18\"><p>Nous accueillons chaleureusement nos h\u00f4tes et les mettons \u00e0 l&rsquo;aise dans une atmosph\u00e8re sereine et familiale, caract\u00e9ris\u00e9e par le respect et l&#8217;empathie.<br \/>\nNos h\u00f4tes savent qu&rsquo;ils ont choisi une r\u00e9alit\u00e9 locale, avec une dimension sociale et \u00e9cologique. S&rsquo;ils le souhaitent, nous partagerons avec eux tous les aspects qui d\u00e9terminent notre choix.<br \/>\nNos clients peuvent d\u00e9guster une cuisine de qualit\u00e9, saine et authentique, compos\u00e9e d&rsquo;aliments locaux, de pr\u00e9f\u00e9rence biologiques et avec un \u0153il sur la cuisine v\u00e9g\u00e9tarienne, dans le respect des animaux qui vivent \u00e0 Ca.Stella FARM-Camino Spinirolo.<\/p>\n<\/div>\n\t\t\t\t\t\t\t\t<\/div>\n\t\t<\/section>\n\n<section  style=\"background-color:#c66462\"class=\"BlockWrapperContainer NormalBlock BlockWrapperGruppoMedia  NoMarginTop NoMarginBottom NoPaddingBottom NoPaddingTop FullWidth  SmallImage\"><div class=\"BlockSlider\"><div class=\"BlockSlingleSlide\" style=\"background-image:url(https:\/\/castellafarm.ch\/wp-content\/uploads\/2023\/02\/carta-valori-4.jpg)\"><\/div><\/div>\t\t<div class=\"BlockContent\">\n\t\t\t\t\t\t<div style=\"color:#ffffff\" class=\"BlockTitolo\">Respect de ceux qui travaillent<\/div>\n\t\t\t<div style=\"color:#ffffff\" class=\"BlockSottotitolo\"><\/div>\n\t\t\t<div style=\"color:#ffffff\" class=\"BlockText TextFont18\"><p>Ceux qui travaillent \u00e0 Ca.Stella &amp; Camping del Monte San Giorgio travaillent dans un environnement ouvert et positif et se sentent accueillis et accompagn\u00e9s dans les diff\u00e9rentes exp\u00e9riences et parcours.<br \/>\nCa.Stella &amp; Camping del Monte San Giorgio offrent des opportunit\u00e9s concr\u00e8tes de formation professionnelle et personnelle, de d\u00e9veloppement et de croissance, visant \u00e0 am\u00e9liorer leurs comp\u00e9tences respectives.<br \/>\nCa.Stella &amp; Camping del Monte San Giorgio s&rsquo;engagent \u00e0 payer correctement en fonction du degr\u00e9 d&rsquo;exp\u00e9rience et de capacit\u00e9.<\/p>\n<\/div>\n\t\t\t\t\t\t\t\t<\/div>\n\t\t<\/section>\n\n<section  style=\"background-color:#c66462\"class=\"BlockWrapperContainer ReverseBlock BlockWrapperGruppoMedia  NoMarginTop NoMarginBottom DefaultPaddingBottom NoPaddingTop FullWidth  SmallImage\"><div class=\"BlockSlider\"><div class=\"BlockSlingleSlide\" style=\"background-image:url(https:\/\/castellafarm.ch\/wp-content\/uploads\/2023\/02\/carta-valori-5.jpg)\"><\/div><\/div>\t\t<div class=\"BlockContent\">\n\t\t\t\t\t\t<div style=\"color:#ffffff\" class=\"BlockTitolo\">Respect des animaux<\/div>\n\t\t\t<div style=\"color:#ffffff\" class=\"BlockSottotitolo\"><\/div>\n\t\t\t<div style=\"color:#ffffff\" class=\"BlockText TextFont18\"><p>Chaque animal qui vit \u00e0 Ca.Stella FARM-Camino Spinirolo a le droit de vivre et de grandir au rythme de la nature et dans les conditions de vie et de libert\u00e9 propres \u00e0 son esp\u00e8ce.<br \/>\nIl doit \u00eatre trait\u00e9 avec amour, il doit \u00eatre nourri et soign\u00e9 et b\u00e9n\u00e9ficier de soins particuli\u00e8rement attentifs.<\/p>\n<\/div>\n\t\t\t\t\t\t\t\t<\/div>\n\t\t<\/section>\n\n<section  style=\"background-color:\"class=\"BlockWrapperContainer NormalBlock BlockWrapperGruppoMedia  NoMarginTop NoMarginBottom NoPaddingBottom NoPaddingTop FullWidth  NoMargin\"><div class=\"BlockSlider\"><div class=\"BlockSlingleSlide\" style=\"background-image:url(https:\/\/castellafarm.ch\/wp-content\/uploads\/2023\/02\/carta-valori-6.jpg)\"><\/div><\/div>\t\t<div class=\"BlockContent\">\n\t\t\t\t\t\t<div style=\"color:\" class=\"BlockTitolo\">Innovation et am\u00e9lioration continue<\/div>\n\t\t\t<div style=\"color:\" class=\"BlockSottotitolo\"><\/div>\n\t\t\t<div style=\"color:\" class=\"BlockText TextFont18\"><p>Nous sommes attentifs \u00e0 toute consid\u00e9ration, critique ou suggestion de nos h\u00f4tes et de notre personnel.<br \/>\nNous travaillons constamment pour am\u00e9liorer la gamme de services offerts, les processus de travail, le d\u00e9veloppement personnel et professionnel.<\/p>\n<\/div>\n\t\t\t\t\t\t\t\t<\/div>\n\t\t<\/section>\n\n<section  style=\"background-color:\"class=\"BlockWrapperContainer ReverseBlock BlockWrapperGruppoMedia  NoMarginTop NoMarginBottom NoPaddingBottom NoPaddingTop FullWidth  NoMargin\"><div class=\"BlockSlider\"><div class=\"BlockSlingleSlide\" style=\"background-image:url(https:\/\/castellafarm.ch\/wp-content\/uploads\/2024\/04\/Ca-STella-60-compressed-scaled.jpg)\"><\/div><\/div>\t\t<div class=\"BlockContent\">\n\t\t\t\t\t\t<div style=\"color:\" class=\"BlockTitolo\">Coh\u00e9rence et transparence<\/div>\n\t\t\t<div style=\"color:\" class=\"BlockSottotitolo\"><\/div>\n\t\t\t<div style=\"color:\" class=\"BlockText TextFont18\"><p>La gamme de services, d&rsquo;activit\u00e9s, de processus de travail et de gestion de Ca.Stella &amp; Camping del Monte San Giorgio r\u00e9pond de mani\u00e8re coh\u00e9rente et transparente aux objectifs et aux valeurs auxquelles nous croyons et qui animent notre travail.<\/p>\n<\/div>\n\t\t\t\t\t\t\t\t<\/div>\n\t\t<\/section>\n\n\n<section  class=\"BlockWrapperContainer ImmagineTestoImmagine DefaultPaddingTop DefaultPaddingBottom FullWidth   \" style=\"background-color:#f7f0e6;\">\n\n\t<div class=\"ImmagineTestoImmagineCol ImmagineTestoImmagineCol_1\">\n\t\t<img alt=\"Ca.Stella Farm-Camino Spinirolo-campeggio\"src=\"https:\/\/castellafarm.ch\/wp-content\/uploads\/2023\/06\/prenota-1-1.jpg\"\/>\n\t<\/div>\n\t<div class=\"ImmagineTestoImmagineCol BlockTestoCol\">\n\t\t<p style=\"text-align: center;\">Organisez votre <strong>activit\u00e9<\/strong> dans<br \/>\nla nature <strong>appelez-nous<\/strong> pour<br \/>\nun projet sur mesure !<\/p>\n\t\t<a href=\"https:\/\/castellafarm.ch\/fr\/ferme-pedagogique-mendrisio\/\" class=\"MainButton MainButtonRosa\">\n\t\t\tCONTACTEZ-NOUS\t\t<\/a>\n\t<\/div>\n\t<div class=\"ImmagineTestoImmagineCol ImmagineTestoImmagineCol_2\">\n\t\t<img decoding=\"async\" alt=\"Ca.Stella Farm-Camino Spinirolo - Tenda\" src=\"https:\/\/castellafarm.ch\/wp-content\/uploads\/2023\/06\/prenota-2.jpg\"\/>\n\t<\/div>\n<\/section>","protected":false},"excerpt":{"rendered":"","protected":false},"author":1,"featured_media":4262,"parent":0,"menu_order":0,"comment_status":"closed","ping_status":"closed","template":"","meta":{"_acf_changed":false,"footnotes":""},"class_list":["post-4640","page","type-page","status-publish","has-post-thumbnail","hentry"],"acf":[],"yoast_head":"<!-- This site is optimized with the Yoast SEO plugin v27.3 - https:\/\/yoast.com\/product\/yoast-seo-wordpress\/ -->\n<title>Charte des valeurs - Ca.Stella Farm<\/title>\n<meta name=\"robots\" content=\"index, follow, max-snippet:-1, max-image-preview:large, max-video-preview:-1\" \/>\n<link rel=\"canonical\" href=\"https:\/\/castellafarm.ch\/fr\/charte-des-valeurs\/\" \/>\n<meta property=\"og:locale\" content=\"fr_FR\" \/>\n<meta property=\"og:type\" content=\"article\" \/>\n<meta property=\"og:title\" content=\"Charte des valeurs - Ca.Stella Farm\" \/>\n<meta property=\"og:url\" content=\"https:\/\/castellafarm.ch\/fr\/charte-des-valeurs\/\" \/>\n<meta property=\"og:site_name\" content=\"Ca.Stella Farm\" \/>\n<meta property=\"article:modified_time\" content=\"2024-04-05T16:53:05+00:00\" \/>\n<meta property=\"og:image\" content=\"https:\/\/2025-corporatesite-castellafarm.mystagingwebsite.com\/wp-content\/uploads\/2023\/02\/carta-1024x346.png\" \/>\n\t<meta property=\"og:image:width\" content=\"1024\" \/>\n\t<meta property=\"og:image:height\" content=\"346\" \/>\n\t<meta property=\"og:image:type\" content=\"image\/png\" \/>\n<meta name=\"twitter:card\" content=\"summary_large_image\" \/>\n<script type=\"application\/ld+json\" class=\"yoast-schema-graph\">{\"@context\":\"https:\\\/\\\/schema.org\",\"@graph\":[{\"@type\":\"WebPage\",\"@id\":\"https:\\\/\\\/castellafarm.ch\\\/fr\\\/charte-des-valeurs\\\/\",\"url\":\"https:\\\/\\\/castellafarm.ch\\\/fr\\\/charte-des-valeurs\\\/\",\"name\":\"Charte des valeurs - Ca.Stella Farm\",\"isPartOf\":{\"@id\":\"https:\\\/\\\/2025-corporatesite-castellafarm.mystagingwebsite.com\\\/#website\"},\"primaryImageOfPage\":{\"@id\":\"https:\\\/\\\/castellafarm.ch\\\/fr\\\/charte-des-valeurs\\\/#primaryimage\"},\"image\":{\"@id\":\"https:\\\/\\\/castellafarm.ch\\\/fr\\\/charte-des-valeurs\\\/#primaryimage\"},\"thumbnailUrl\":\"https:\\\/\\\/castellafarm.ch\\\/wp-content\\\/uploads\\\/2023\\\/02\\\/carta.png\",\"datePublished\":\"2023-02-19T14:31:40+00:00\",\"dateModified\":\"2024-04-05T16:53:05+00:00\",\"breadcrumb\":{\"@id\":\"https:\\\/\\\/castellafarm.ch\\\/fr\\\/charte-des-valeurs\\\/#breadcrumb\"},\"inLanguage\":\"fr-FR\",\"potentialAction\":[{\"@type\":\"ReadAction\",\"target\":[\"https:\\\/\\\/castellafarm.ch\\\/fr\\\/charte-des-valeurs\\\/\"]}]},{\"@type\":\"ImageObject\",\"inLanguage\":\"fr-FR\",\"@id\":\"https:\\\/\\\/castellafarm.ch\\\/fr\\\/charte-des-valeurs\\\/#primaryimage\",\"url\":\"https:\\\/\\\/castellafarm.ch\\\/wp-content\\\/uploads\\\/2023\\\/02\\\/carta.png\",\"contentUrl\":\"https:\\\/\\\/castellafarm.ch\\\/wp-content\\\/uploads\\\/2023\\\/02\\\/carta.png\",\"width\":1920,\"height\":649},{\"@type\":\"BreadcrumbList\",\"@id\":\"https:\\\/\\\/castellafarm.ch\\\/fr\\\/charte-des-valeurs\\\/#breadcrumb\",\"itemListElement\":[{\"@type\":\"ListItem\",\"position\":1,\"name\":\"Home\",\"item\":\"https:\\\/\\\/castellafarm.ch\\\/fr\\\/\"},{\"@type\":\"ListItem\",\"position\":2,\"name\":\"Charte des valeurs\"}]},{\"@type\":\"WebSite\",\"@id\":\"https:\\\/\\\/2025-corporatesite-castellafarm.mystagingwebsite.com\\\/#website\",\"url\":\"https:\\\/\\\/2025-corporatesite-castellafarm.mystagingwebsite.com\\\/\",\"name\":\"Ca.Stella Farm\",\"description\":\"\",\"publisher\":{\"@id\":\"https:\\\/\\\/2025-corporatesite-castellafarm.mystagingwebsite.com\\\/#organization\"},\"potentialAction\":[{\"@type\":\"SearchAction\",\"target\":{\"@type\":\"EntryPoint\",\"urlTemplate\":\"https:\\\/\\\/2025-corporatesite-castellafarm.mystagingwebsite.com\\\/?s={search_term_string}\"},\"query-input\":{\"@type\":\"PropertyValueSpecification\",\"valueRequired\":true,\"valueName\":\"search_term_string\"}}],\"inLanguage\":\"fr-FR\"},{\"@type\":\"Organization\",\"@id\":\"https:\\\/\\\/2025-corporatesite-castellafarm.mystagingwebsite.com\\\/#organization\",\"name\":\"Ca.Stella Farm\",\"url\":\"https:\\\/\\\/2025-corporatesite-castellafarm.mystagingwebsite.com\\\/\",\"logo\":{\"@type\":\"ImageObject\",\"inLanguage\":\"fr-FR\",\"@id\":\"https:\\\/\\\/2025-corporatesite-castellafarm.mystagingwebsite.com\\\/#\\\/schema\\\/logo\\\/image\\\/\",\"url\":\"https:\\\/\\\/castellafarm.ch\\\/wp-content\\\/uploads\\\/2023\\\/02\\\/Screenshot-2023-02-13-alle-08.55.23.png\",\"contentUrl\":\"https:\\\/\\\/castellafarm.ch\\\/wp-content\\\/uploads\\\/2023\\\/02\\\/Screenshot-2023-02-13-alle-08.55.23.png\",\"width\":510,\"height\":389,\"caption\":\"Ca.Stella Farm\"},\"image\":{\"@id\":\"https:\\\/\\\/2025-corporatesite-castellafarm.mystagingwebsite.com\\\/#\\\/schema\\\/logo\\\/image\\\/\"}}]}<\/script>\n<!-- \/ Yoast SEO plugin. -->","yoast_head_json":{"title":"Charte des valeurs - Ca.Stella Farm","robots":{"index":"index","follow":"follow","max-snippet":"max-snippet:-1","max-image-preview":"max-image-preview:large","max-video-preview":"max-video-preview:-1"},"canonical":"https:\/\/castellafarm.ch\/fr\/charte-des-valeurs\/","og_locale":"fr_FR","og_type":"article","og_title":"Charte des valeurs - Ca.Stella Farm","og_url":"https:\/\/castellafarm.ch\/fr\/charte-des-valeurs\/","og_site_name":"Ca.Stella Farm","article_modified_time":"2024-04-05T16:53:05+00:00","og_image":[{"width":1024,"height":346,"url":"https:\/\/2025-corporatesite-castellafarm.mystagingwebsite.com\/wp-content\/uploads\/2023\/02\/carta-1024x346.png","type":"image\/png"}],"twitter_card":"summary_large_image","schema":{"@context":"https:\/\/schema.org","@graph":[{"@type":"WebPage","@id":"https:\/\/castellafarm.ch\/fr\/charte-des-valeurs\/","url":"https:\/\/castellafarm.ch\/fr\/charte-des-valeurs\/","name":"Charte des valeurs - Ca.Stella Farm","isPartOf":{"@id":"https:\/\/2025-corporatesite-castellafarm.mystagingwebsite.com\/#website"},"primaryImageOfPage":{"@id":"https:\/\/castellafarm.ch\/fr\/charte-des-valeurs\/#primaryimage"},"image":{"@id":"https:\/\/castellafarm.ch\/fr\/charte-des-valeurs\/#primaryimage"},"thumbnailUrl":"https:\/\/castellafarm.ch\/wp-content\/uploads\/2023\/02\/carta.png","datePublished":"2023-02-19T14:31:40+00:00","dateModified":"2024-04-05T16:53:05+00:00","breadcrumb":{"@id":"https:\/\/castellafarm.ch\/fr\/charte-des-valeurs\/#breadcrumb"},"inLanguage":"fr-FR","potentialAction":[{"@type":"ReadAction","target":["https:\/\/castellafarm.ch\/fr\/charte-des-valeurs\/"]}]},{"@type":"ImageObject","inLanguage":"fr-FR","@id":"https:\/\/castellafarm.ch\/fr\/charte-des-valeurs\/#primaryimage","url":"https:\/\/castellafarm.ch\/wp-content\/uploads\/2023\/02\/carta.png","contentUrl":"https:\/\/castellafarm.ch\/wp-content\/uploads\/2023\/02\/carta.png","width":1920,"height":649},{"@type":"BreadcrumbList","@id":"https:\/\/castellafarm.ch\/fr\/charte-des-valeurs\/#breadcrumb","itemListElement":[{"@type":"ListItem","position":1,"name":"Home","item":"https:\/\/castellafarm.ch\/fr\/"},{"@type":"ListItem","position":2,"name":"Charte des valeurs"}]},{"@type":"WebSite","@id":"https:\/\/2025-corporatesite-castellafarm.mystagingwebsite.com\/#website","url":"https:\/\/2025-corporatesite-castellafarm.mystagingwebsite.com\/","name":"Ca.Stella Farm","description":"","publisher":{"@id":"https:\/\/2025-corporatesite-castellafarm.mystagingwebsite.com\/#organization"},"potentialAction":[{"@type":"SearchAction","target":{"@type":"EntryPoint","urlTemplate":"https:\/\/2025-corporatesite-castellafarm.mystagingwebsite.com\/?s={search_term_string}"},"query-input":{"@type":"PropertyValueSpecification","valueRequired":true,"valueName":"search_term_string"}}],"inLanguage":"fr-FR"},{"@type":"Organization","@id":"https:\/\/2025-corporatesite-castellafarm.mystagingwebsite.com\/#organization","name":"Ca.Stella Farm","url":"https:\/\/2025-corporatesite-castellafarm.mystagingwebsite.com\/","logo":{"@type":"ImageObject","inLanguage":"fr-FR","@id":"https:\/\/2025-corporatesite-castellafarm.mystagingwebsite.com\/#\/schema\/logo\/image\/","url":"https:\/\/castellafarm.ch\/wp-content\/uploads\/2023\/02\/Screenshot-2023-02-13-alle-08.55.23.png","contentUrl":"https:\/\/castellafarm.ch\/wp-content\/uploads\/2023\/02\/Screenshot-2023-02-13-alle-08.55.23.png","width":510,"height":389,"caption":"Ca.Stella Farm"},"image":{"@id":"https:\/\/2025-corporatesite-castellafarm.mystagingwebsite.com\/#\/schema\/logo\/image\/"}}]}},"_links":{"self":[{"href":"https:\/\/castellafarm.ch\/fr\/wp-json\/wp\/v2\/pages\/4640","targetHints":{"allow":["GET"]}}],"collection":[{"href":"https:\/\/castellafarm.ch\/fr\/wp-json\/wp\/v2\/pages"}],"about":[{"href":"https:\/\/castellafarm.ch\/fr\/wp-json\/wp\/v2\/types\/page"}],"author":[{"embeddable":true,"href":"https:\/\/castellafarm.ch\/fr\/wp-json\/wp\/v2\/users\/1"}],"replies":[{"embeddable":true,"href":"https:\/\/castellafarm.ch\/fr\/wp-json\/wp\/v2\/comments?post=4640"}],"version-history":[{"count":6,"href":"https:\/\/castellafarm.ch\/fr\/wp-json\/wp\/v2\/pages\/4640\/revisions"}],"predecessor-version":[{"id":6386,"href":"https:\/\/castellafarm.ch\/fr\/wp-json\/wp\/v2\/pages\/4640\/revisions\/6386"}],"wp:featuredmedia":[{"embeddable":true,"href":"https:\/\/castellafarm.ch\/fr\/wp-json\/wp\/v2\/media\/4262"}],"wp:attachment":[{"href":"https:\/\/castellafarm.ch\/fr\/wp-json\/wp\/v2\/media?parent=4640"}],"curies":[{"name":"wp","href":"https:\/\/api.w.org\/{rel}","templated":true}]}}