{"id":4830,"date":"2023-02-09T10:45:22","date_gmt":"2023-02-09T09:45:22","guid":{"rendered":"https:\/\/castellafarm.ch\/sostenibilita\/"},"modified":"2025-05-30T11:22:57","modified_gmt":"2025-05-30T09:22:57","slug":"durabilite-entreprise-sociale-canton-tessin","status":"publish","type":"page","link":"https:\/\/castellafarm.ch\/fr\/durabilite-entreprise-sociale-canton-tessin\/","title":{"rendered":"Soutenabilit\u00e9"},"content":{"rendered":"<section style=\"background-color:; color: \"  class=\"DefaultMarginBottomHalf TitoloContainer   TextAlignLeft SiteWidth \">Soutenabilit\u00e9<\/section>\n\n<section  style=\"color:; background-color:\"class=\"BlockWrapperContainer  ParagrafoContainer TextFont18  NoMarginTop DefaultMarginBottom NoPaddingBottom NoPaddingTop\"><div class=\"InnerParagrafoContainer SiteWidth\"><p>Notre structure a \u00e9t\u00e9 enti\u00e8rement pens\u00e9e dans le respect de l\u2019environnement qui nous entoure en faisant la promotion du recyclage dans tout son processus de gestion. Nous utilisons des produits bios \u2013 \u00e0 km 0 \u2013non polluants et des \u00e9nergies renouvelables pour le chauffage. Le traitement des eaux se fait par le biais de la phytorem\u00e9diation.<br \/>\nA Ca.Stella Farm-Camino Spinirolo, le vert est notre couleur pr\u00e9f\u00e9r\u00e9e, non seulement pour la nature qui nous entoure mais aussi en termes de d\u00e9veloppement durable et d\u2019impact environnemental r\u00e9duit. Notre attachement profond au territoire nous pousse chaque jour \u00e0 nous engager en faveur d\u2019un apport concret \u00e0 la sauvegarde de notre plan\u00e8te.<br \/>\nM\u00eame dans notre quotidien, en effet, nous pouvons faire quelque chose pour l\u2019environnement. Nous voulons faire la promotion d\u2019une nouvelle fa\u00e7on de comprendre l\u2019hospitalit\u00e9, en offrant \u00e0 nos h\u00f4tes la possibilit\u00e9 d\u2019un s\u00e9jour green dans le Sottoceneri, toujours en accord avec la nature. Notre structure-m\u00eame se fait l\u2019\u00e9cho de ces valeurs : nous avons toujours int\u00e9gr\u00e9 la responsabilit\u00e9 environnementale dans l\u2019architecture de Ca.Stella Farm-Camino Spinirolo avec une r\u00e9cente restauration qui a entrain\u00e9 sur toute la structure une optimisation \u00e9nerg\u00e9tique.<\/p>\n<p>\u00c0 Ca.Stella, nous proposons \u00e0 nos h\u00f4tes une cuisine v\u00e9g\u00e9tarienne dans le respect de la nature qui nous entoure et des animaux qui vivent en harmonie avec nous.<\/p>\n<p>Notre entreprise sociale se joint au programme <strong>Swisstainable<\/strong> et <strong>Municipalit\u00e9 Z\u00e9ro D\u00e9chet<\/strong> promu par la ville de Mendrisio.<\/p>\n<\/div><\/section>\n\n<section  style=\"background-color:\"class=\"BlockWrapperContainer NormalBlock BlockWrapperGruppoMedia  NoMarginTop NoMarginBottom NoPaddingBottom NoPaddingTop FullWidth  NoMargin\"><div class=\"BlockSlider\"><div class=\"BlockSlingleSlide\" style=\"background-image:url(https:\/\/castellafarm.ch\/wp-content\/uploads\/2023\/05\/sostenibilita-1.jpg)\"><\/div><\/div>\t\t<div class=\"BlockContent\">\n\t\t\t\t\t\t<div style=\"color:\" class=\"BlockTitolo\">Economie d\u2019\u00e9nergie et respect de l\u2019eau :<\/div>\n\t\t\t<div style=\"color:\" class=\"BlockSottotitolo\"><\/div>\n\t\t\t<div style=\"color:\" class=\"BlockText TextFont18\"><ul>\n<li>Dans les couloirs et les toilettes communs nous avons install\u00e9 des senseurs \u00e9lectriques d\u2019allumage et d\u2019extinction des lumi\u00e8res au passage des personnes.<\/li>\n<li>Le chauffage sur l\u2019ensemble de la structure est fourni gr\u00e2ce \u00e0 l\u2019utilisation d\u2019une chaudi\u00e8re \u00e0 bois, qui utilise justement le bois des for\u00eats des alentours, coup\u00e9 selon les normes en vigueur.<\/li>\n<li>La structure est pourvue d\u2019une installation photovolta\u00efque.<\/li>\n<li>Nous n\u2019utilisons que des produits de nettoyage et des savons non polluants<\/li>\n<\/ul>\n<\/div>\n\t\t\t\t\t\t\t\t<\/div>\n\t\t<\/section>\n\n<section  style=\"color:#ffffff; background-color:#c66462\"class=\"BlockWrapperContainer  ParagrafoContainer TextFont18  BackgroundRosa NoMarginTop NoMarginBottom DefaultPaddingBottom DefaultPaddingTop\"><div class=\"InnerParagrafoContainer SiteWidth\"><h2>La Phytorem\u00e9diation \u00e0 Ca.Stella FARM-Camino Spinirolo :<\/h2>\n<p style=\"text-align: left;\">La Phytorem\u00e9diation est un syst\u00e8me de traitement des eaux us\u00e9es, con\u00e7u et construit pour reproduire artificiellement les processus de filtrage naturels pr\u00e9sents dans les environnements humides. L\u2019activit\u00e9 de traitement est d\u00e9termin\u00e9e par de complexes interactions entre les processus de type chimique, physique et biologique d\u00e9rivant d\u2019une action combin\u00e9e entre substrats, plantes, r\u00e9sidus et micro-organismes pr\u00e9sents. La phytorem\u00e9diation est un syst\u00e8me naturel de traitement des eaux us\u00e9es fait d\u2019un bassin imperm\u00e9abilis\u00e9 rempli de graviers et v\u00e9g\u00e9talis\u00e9 avec des plantes aquatiques et autres.<br \/>\n\u00c0 la sortie, l\u2019eau est purifi\u00e9e et est aux normes, sans aucune production de boue. La phytorem\u00e9diation est donc la r\u00e9ponse naturelle aux syst\u00e8mes d\u2019\u00e9puration des eaux us\u00e9es. Une telle technologie pr\u00e9voit que les eaux sales soient trait\u00e9es avec l\u2019utilisation d\u2019un bassin imperm\u00e9abilis\u00e9 o\u00f9 le substrat fait de graviers et de v\u00e9g\u00e9taux voit leur action associ\u00e9e afin de purifier l\u2019eau. Le processus de traitement est enti\u00e8rement \u00e9cologique et ne pr\u00e9voit l\u2019utilisation d\u2019aucunes substances polluantes. L\u2019eau non trait\u00e9e d\u00e9coule dans le lit form\u00e9 de graviers et de plantes aquatiques : c\u2019est ici qu\u2019entrent en jeu des micro-organismes qui, par le biais de r\u00e9actions biochimiques, \u00e9liminent les substances polluantes pr\u00e9sentes.<br \/>\nL\u2019action des plantes est essentielle car leurs racines se d\u00e9veloppement justement dans les micro-organismes n\u00e9cessaires au syst\u00e8me lui-m\u00eame : ces derniers, en absorbant l\u2019oxyg\u00e8ne produit par les esp\u00e8ces v\u00e9g\u00e9tales, d\u00e9clenchent le processus chimique n\u00e9cessaire au traitement de l\u2019eau.<br \/>\nLe syst\u00e8me de phytorem\u00e9diation renferme en lui technologie et \u00e9cologie : les substances polluantes pr\u00e9sentes dans l\u2019eau sont extraites sans le recours d\u2019\u00e9nergie suppl\u00e9mentaire ou de parties \u00e9lectrom\u00e9caniques.<\/p>\n<\/div><\/section>\n\n<section  style=\"background-color:\"class=\"BlockWrapperContainer ReverseBlock BlockWrapperGruppoMedia  NoMarginTop NoMarginBottom NoPaddingBottom NoPaddingTop FullWidth  NoMargin\"><div class=\"BlockSlider\"><div class=\"BlockSlingleSlide\" style=\"background-image:url(https:\/\/castellafarm.ch\/wp-content\/uploads\/2023\/05\/sostenibilita-2.jpg)\"><\/div><\/div>\t\t<div class=\"BlockContent\">\n\t\t\t\t\t\t<div style=\"color:\" class=\"BlockTitolo\">Mati\u00e8res premi\u00e8re locales et de notre jardin :<\/div>\n\t\t\t<div style=\"color:\" class=\"BlockSottotitolo\"><\/div>\n\t\t\t<div style=\"color:\" class=\"BlockText TextFont18\"><p>Les l\u00e9gumes, dans la mesure du possible, sont de notre propre production et proviennent de notre jardin potager. Nous utilisons des engrais naturels produits par nos animaux qui vivent en toute s\u00e9r\u00e9nit\u00e9 \u00e0 la ferme.<\/p>\n<p>Nos fournisseurs de mati\u00e8res premi\u00e8res sont principalement locaux. En plus des pratiques vertueuses pour limiter l\u2019impact sur l\u2019environnement, nous faisons la promotion d\u2019une autre forme de responsabilit\u00e9 \u00e9cologique : celle en rapport avec notre territoire et avec les personnes qui font \u00e9voluer nos traditions locales.<br \/>\nLes l\u00e9gumes, d\u00e8s que cela est possible, viennent de notre propre production et de fournisseurs de la zone : sains, naturels et \u00e0 km 0.<\/p>\n<\/div>\n\t\t\t\t\t\t\t\t<\/div>\n\t\t<\/section>\n\n\n<section  class=\"BlockWrapperContainer ImmagineTestoImmagine DefaultPaddingTop DefaultPaddingBottom FullWidth   \" style=\"background-color:#f7f0e6;\">\n\n\t<div class=\"ImmagineTestoImmagineCol ImmagineTestoImmagineCol_1\">\n\t\t<img alt=\"Ca.Stella Farm-Camino Spinirolo-campeggio\"src=\"https:\/\/castellafarm.ch\/wp-content\/uploads\/2023\/06\/prenota-1-1.jpg\"\/>\n\t<\/div>\n\t<div class=\"ImmagineTestoImmagineCol BlockTestoCol\">\n\t\t<p style=\"text-align: center;\">Organisez votre <strong>activit\u00e9<\/strong> dans<br \/>\nla nature <strong>appelez-nous<\/strong> pour<br \/>\nun projet sur mesure !<\/p>\n\t\t<a href=\"https:\/\/castellafarm.ch\/fr\/ferme-pedagogique-mendrisio\/\" class=\"MainButton MainButtonRosa\">\n\t\t\tCONTACTEZ-NOUS\t\t<\/a>\n\t<\/div>\n\t<div class=\"ImmagineTestoImmagineCol ImmagineTestoImmagineCol_2\">\n\t\t<img decoding=\"async\" alt=\"Ca.Stella Farm-Camino Spinirolo - Tenda\" src=\"https:\/\/castellafarm.ch\/wp-content\/uploads\/2023\/06\/prenota-2.jpg\"\/>\n\t<\/div>\n<\/section>","protected":false},"excerpt":{"rendered":"","protected":false},"author":1,"featured_media":4486,"parent":0,"menu_order":0,"comment_status":"closed","ping_status":"closed","template":"","meta":{"_acf_changed":false,"footnotes":""},"class_list":["post-4830","page","type-page","status-publish","has-post-thumbnail","hentry"],"acf":[],"yoast_head":"<!-- This site is optimized with the Yoast SEO plugin v27.3 - https:\/\/yoast.com\/product\/yoast-seo-wordpress\/ -->\n<title>Durabilit\u00e9 entreprise sociale Canton Tessin | Ca.Stella Farm<\/title>\n<meta name=\"description\" content=\"D\u00e9couvrez l\u2019engagement \u00e9cologique de Ca.Stella Farm: s\u00e9jours durables, \u00e9nergie propre, cuisine v\u00e9g\u00e9tarienne et gestion responsable du territoire au c\u0153ur du Canton Tessin.\" \/>\n<meta name=\"robots\" content=\"index, follow, max-snippet:-1, max-image-preview:large, max-video-preview:-1\" \/>\n<link rel=\"canonical\" href=\"https:\/\/castellafarm.ch\/fr\/durabilite-entreprise-sociale-canton-tessin\/\" \/>\n<meta property=\"og:locale\" content=\"fr_FR\" \/>\n<meta property=\"og:type\" content=\"article\" \/>\n<meta property=\"og:title\" content=\"Durabilit\u00e9 entreprise sociale Canton Tessin | Ca.Stella Farm\" \/>\n<meta property=\"og:description\" content=\"D\u00e9couvrez l\u2019engagement \u00e9cologique de Ca.Stella Farm: s\u00e9jours durables, \u00e9nergie propre, cuisine v\u00e9g\u00e9tarienne et gestion responsable du territoire au c\u0153ur du Canton Tessin.\" \/>\n<meta property=\"og:url\" content=\"https:\/\/castellafarm.ch\/fr\/durabilite-entreprise-sociale-canton-tessin\/\" \/>\n<meta property=\"og:site_name\" content=\"Ca.Stella Farm\" \/>\n<meta property=\"article:modified_time\" content=\"2025-05-30T09:22:57+00:00\" \/>\n<meta property=\"og:image\" content=\"https:\/\/castellafarm.ch\/wp-content\/uploads\/2023\/05\/header-sostenibilita.jpg\" \/>\n\t<meta property=\"og:image:width\" content=\"1920\" \/>\n\t<meta property=\"og:image:height\" content=\"649\" \/>\n\t<meta property=\"og:image:type\" content=\"image\/jpeg\" \/>\n<meta name=\"twitter:card\" content=\"summary_large_image\" \/>\n<script type=\"application\/ld+json\" class=\"yoast-schema-graph\">{\"@context\":\"https:\\\/\\\/schema.org\",\"@graph\":[{\"@type\":\"WebPage\",\"@id\":\"https:\\\/\\\/castellafarm.ch\\\/fr\\\/durabilite-entreprise-sociale-canton-tessin\\\/\",\"url\":\"https:\\\/\\\/castellafarm.ch\\\/fr\\\/durabilite-entreprise-sociale-canton-tessin\\\/\",\"name\":\"Durabilit\u00e9 entreprise sociale Canton Tessin | Ca.Stella Farm\",\"isPartOf\":{\"@id\":\"https:\\\/\\\/2025-corporatesite-castellafarm.mystagingwebsite.com\\\/#website\"},\"primaryImageOfPage\":{\"@id\":\"https:\\\/\\\/castellafarm.ch\\\/fr\\\/durabilite-entreprise-sociale-canton-tessin\\\/#primaryimage\"},\"image\":{\"@id\":\"https:\\\/\\\/castellafarm.ch\\\/fr\\\/durabilite-entreprise-sociale-canton-tessin\\\/#primaryimage\"},\"thumbnailUrl\":\"https:\\\/\\\/castellafarm.ch\\\/wp-content\\\/uploads\\\/2023\\\/05\\\/header-sostenibilita.jpg\",\"datePublished\":\"2023-02-09T09:45:22+00:00\",\"dateModified\":\"2025-05-30T09:22:57+00:00\",\"description\":\"D\u00e9couvrez l\u2019engagement \u00e9cologique de Ca.Stella Farm: s\u00e9jours durables, \u00e9nergie propre, cuisine v\u00e9g\u00e9tarienne et gestion responsable du territoire au c\u0153ur du Canton Tessin.\",\"breadcrumb\":{\"@id\":\"https:\\\/\\\/castellafarm.ch\\\/fr\\\/durabilite-entreprise-sociale-canton-tessin\\\/#breadcrumb\"},\"inLanguage\":\"fr-FR\",\"potentialAction\":[{\"@type\":\"ReadAction\",\"target\":[\"https:\\\/\\\/castellafarm.ch\\\/fr\\\/durabilite-entreprise-sociale-canton-tessin\\\/\"]}]},{\"@type\":\"ImageObject\",\"inLanguage\":\"fr-FR\",\"@id\":\"https:\\\/\\\/castellafarm.ch\\\/fr\\\/durabilite-entreprise-sociale-canton-tessin\\\/#primaryimage\",\"url\":\"https:\\\/\\\/castellafarm.ch\\\/wp-content\\\/uploads\\\/2023\\\/05\\\/header-sostenibilita.jpg\",\"contentUrl\":\"https:\\\/\\\/castellafarm.ch\\\/wp-content\\\/uploads\\\/2023\\\/05\\\/header-sostenibilita.jpg\",\"width\":1920,\"height\":649},{\"@type\":\"BreadcrumbList\",\"@id\":\"https:\\\/\\\/castellafarm.ch\\\/fr\\\/durabilite-entreprise-sociale-canton-tessin\\\/#breadcrumb\",\"itemListElement\":[{\"@type\":\"ListItem\",\"position\":1,\"name\":\"Home\",\"item\":\"https:\\\/\\\/castellafarm.ch\\\/fr\\\/\"},{\"@type\":\"ListItem\",\"position\":2,\"name\":\"Soutenabilit\u00e9\"}]},{\"@type\":\"WebSite\",\"@id\":\"https:\\\/\\\/2025-corporatesite-castellafarm.mystagingwebsite.com\\\/#website\",\"url\":\"https:\\\/\\\/2025-corporatesite-castellafarm.mystagingwebsite.com\\\/\",\"name\":\"Ca.Stella Farm\",\"description\":\"\",\"publisher\":{\"@id\":\"https:\\\/\\\/2025-corporatesite-castellafarm.mystagingwebsite.com\\\/#organization\"},\"potentialAction\":[{\"@type\":\"SearchAction\",\"target\":{\"@type\":\"EntryPoint\",\"urlTemplate\":\"https:\\\/\\\/2025-corporatesite-castellafarm.mystagingwebsite.com\\\/?s={search_term_string}\"},\"query-input\":{\"@type\":\"PropertyValueSpecification\",\"valueRequired\":true,\"valueName\":\"search_term_string\"}}],\"inLanguage\":\"fr-FR\"},{\"@type\":\"Organization\",\"@id\":\"https:\\\/\\\/2025-corporatesite-castellafarm.mystagingwebsite.com\\\/#organization\",\"name\":\"Ca.Stella Farm\",\"url\":\"https:\\\/\\\/2025-corporatesite-castellafarm.mystagingwebsite.com\\\/\",\"logo\":{\"@type\":\"ImageObject\",\"inLanguage\":\"fr-FR\",\"@id\":\"https:\\\/\\\/2025-corporatesite-castellafarm.mystagingwebsite.com\\\/#\\\/schema\\\/logo\\\/image\\\/\",\"url\":\"https:\\\/\\\/castellafarm.ch\\\/wp-content\\\/uploads\\\/2023\\\/02\\\/Screenshot-2023-02-13-alle-08.55.23.png\",\"contentUrl\":\"https:\\\/\\\/castellafarm.ch\\\/wp-content\\\/uploads\\\/2023\\\/02\\\/Screenshot-2023-02-13-alle-08.55.23.png\",\"width\":510,\"height\":389,\"caption\":\"Ca.Stella Farm\"},\"image\":{\"@id\":\"https:\\\/\\\/2025-corporatesite-castellafarm.mystagingwebsite.com\\\/#\\\/schema\\\/logo\\\/image\\\/\"}}]}<\/script>\n<!-- \/ Yoast SEO plugin. -->","yoast_head_json":{"title":"Durabilit\u00e9 entreprise sociale Canton Tessin | Ca.Stella Farm","description":"D\u00e9couvrez l\u2019engagement \u00e9cologique de Ca.Stella Farm: s\u00e9jours durables, \u00e9nergie propre, cuisine v\u00e9g\u00e9tarienne et gestion responsable du territoire au c\u0153ur du Canton Tessin.","robots":{"index":"index","follow":"follow","max-snippet":"max-snippet:-1","max-image-preview":"max-image-preview:large","max-video-preview":"max-video-preview:-1"},"canonical":"https:\/\/castellafarm.ch\/fr\/durabilite-entreprise-sociale-canton-tessin\/","og_locale":"fr_FR","og_type":"article","og_title":"Durabilit\u00e9 entreprise sociale Canton Tessin | Ca.Stella Farm","og_description":"D\u00e9couvrez l\u2019engagement \u00e9cologique de Ca.Stella Farm: s\u00e9jours durables, \u00e9nergie propre, cuisine v\u00e9g\u00e9tarienne et gestion responsable du territoire au c\u0153ur du Canton Tessin.","og_url":"https:\/\/castellafarm.ch\/fr\/durabilite-entreprise-sociale-canton-tessin\/","og_site_name":"Ca.Stella Farm","article_modified_time":"2025-05-30T09:22:57+00:00","og_image":[{"width":1920,"height":649,"url":"https:\/\/castellafarm.ch\/wp-content\/uploads\/2023\/05\/header-sostenibilita.jpg","type":"image\/jpeg"}],"twitter_card":"summary_large_image","schema":{"@context":"https:\/\/schema.org","@graph":[{"@type":"WebPage","@id":"https:\/\/castellafarm.ch\/fr\/durabilite-entreprise-sociale-canton-tessin\/","url":"https:\/\/castellafarm.ch\/fr\/durabilite-entreprise-sociale-canton-tessin\/","name":"Durabilit\u00e9 entreprise sociale Canton Tessin | Ca.Stella Farm","isPartOf":{"@id":"https:\/\/2025-corporatesite-castellafarm.mystagingwebsite.com\/#website"},"primaryImageOfPage":{"@id":"https:\/\/castellafarm.ch\/fr\/durabilite-entreprise-sociale-canton-tessin\/#primaryimage"},"image":{"@id":"https:\/\/castellafarm.ch\/fr\/durabilite-entreprise-sociale-canton-tessin\/#primaryimage"},"thumbnailUrl":"https:\/\/castellafarm.ch\/wp-content\/uploads\/2023\/05\/header-sostenibilita.jpg","datePublished":"2023-02-09T09:45:22+00:00","dateModified":"2025-05-30T09:22:57+00:00","description":"D\u00e9couvrez l\u2019engagement \u00e9cologique de Ca.Stella Farm: s\u00e9jours durables, \u00e9nergie propre, cuisine v\u00e9g\u00e9tarienne et gestion responsable du territoire au c\u0153ur du Canton Tessin.","breadcrumb":{"@id":"https:\/\/castellafarm.ch\/fr\/durabilite-entreprise-sociale-canton-tessin\/#breadcrumb"},"inLanguage":"fr-FR","potentialAction":[{"@type":"ReadAction","target":["https:\/\/castellafarm.ch\/fr\/durabilite-entreprise-sociale-canton-tessin\/"]}]},{"@type":"ImageObject","inLanguage":"fr-FR","@id":"https:\/\/castellafarm.ch\/fr\/durabilite-entreprise-sociale-canton-tessin\/#primaryimage","url":"https:\/\/castellafarm.ch\/wp-content\/uploads\/2023\/05\/header-sostenibilita.jpg","contentUrl":"https:\/\/castellafarm.ch\/wp-content\/uploads\/2023\/05\/header-sostenibilita.jpg","width":1920,"height":649},{"@type":"BreadcrumbList","@id":"https:\/\/castellafarm.ch\/fr\/durabilite-entreprise-sociale-canton-tessin\/#breadcrumb","itemListElement":[{"@type":"ListItem","position":1,"name":"Home","item":"https:\/\/castellafarm.ch\/fr\/"},{"@type":"ListItem","position":2,"name":"Soutenabilit\u00e9"}]},{"@type":"WebSite","@id":"https:\/\/2025-corporatesite-castellafarm.mystagingwebsite.com\/#website","url":"https:\/\/2025-corporatesite-castellafarm.mystagingwebsite.com\/","name":"Ca.Stella Farm","description":"","publisher":{"@id":"https:\/\/2025-corporatesite-castellafarm.mystagingwebsite.com\/#organization"},"potentialAction":[{"@type":"SearchAction","target":{"@type":"EntryPoint","urlTemplate":"https:\/\/2025-corporatesite-castellafarm.mystagingwebsite.com\/?s={search_term_string}"},"query-input":{"@type":"PropertyValueSpecification","valueRequired":true,"valueName":"search_term_string"}}],"inLanguage":"fr-FR"},{"@type":"Organization","@id":"https:\/\/2025-corporatesite-castellafarm.mystagingwebsite.com\/#organization","name":"Ca.Stella Farm","url":"https:\/\/2025-corporatesite-castellafarm.mystagingwebsite.com\/","logo":{"@type":"ImageObject","inLanguage":"fr-FR","@id":"https:\/\/2025-corporatesite-castellafarm.mystagingwebsite.com\/#\/schema\/logo\/image\/","url":"https:\/\/castellafarm.ch\/wp-content\/uploads\/2023\/02\/Screenshot-2023-02-13-alle-08.55.23.png","contentUrl":"https:\/\/castellafarm.ch\/wp-content\/uploads\/2023\/02\/Screenshot-2023-02-13-alle-08.55.23.png","width":510,"height":389,"caption":"Ca.Stella Farm"},"image":{"@id":"https:\/\/2025-corporatesite-castellafarm.mystagingwebsite.com\/#\/schema\/logo\/image\/"}}]}},"_links":{"self":[{"href":"https:\/\/castellafarm.ch\/fr\/wp-json\/wp\/v2\/pages\/4830","targetHints":{"allow":["GET"]}}],"collection":[{"href":"https:\/\/castellafarm.ch\/fr\/wp-json\/wp\/v2\/pages"}],"about":[{"href":"https:\/\/castellafarm.ch\/fr\/wp-json\/wp\/v2\/types\/page"}],"author":[{"embeddable":true,"href":"https:\/\/castellafarm.ch\/fr\/wp-json\/wp\/v2\/users\/1"}],"replies":[{"embeddable":true,"href":"https:\/\/castellafarm.ch\/fr\/wp-json\/wp\/v2\/comments?post=4830"}],"version-history":[{"count":7,"href":"https:\/\/castellafarm.ch\/fr\/wp-json\/wp\/v2\/pages\/4830\/revisions"}],"predecessor-version":[{"id":5095,"href":"https:\/\/castellafarm.ch\/fr\/wp-json\/wp\/v2\/pages\/4830\/revisions\/5095"}],"wp:featuredmedia":[{"embeddable":true,"href":"https:\/\/castellafarm.ch\/fr\/wp-json\/wp\/v2\/media\/4486"}],"wp:attachment":[{"href":"https:\/\/castellafarm.ch\/fr\/wp-json\/wp\/v2\/media?parent=4830"}],"curies":[{"name":"wp","href":"https:\/\/api.w.org\/{rel}","templated":true}]}}