{"id":4847,"date":"2023-05-16T22:14:16","date_gmt":"2023-05-16T20:14:16","guid":{"rendered":"https:\/\/castellafarm.ch\/sei-una-scuola\/"},"modified":"2025-12-09T14:19:42","modified_gmt":"2025-12-09T13:19:42","slug":"projet-educatif-pour-les-ecoles","status":"publish","type":"page","link":"https:\/\/castellafarm.ch\/fr\/projet-educatif-pour-les-ecoles\/","title":{"rendered":"Vous \u00eates une \u00e9cole ?"},"content":{"rendered":"<section style=\"background-color:; color: \"  class=\"DefaultMarginBottomHalf TitoloContainer   TextAlignCenter SiteWidth \">Vous \u00eates une \u00e9cole ?<\/section>\n\n<section  style=\"color:; background-color:\"class=\"BlockWrapperContainer  ParagrafoContainer TextFont18  NoMarginTop NoMarginBottom NoPaddingBottom NoPaddingTop\"><div class=\"InnerParagrafoContainer SiteWidth\"><p style=\"text-align: center;\">Ca.Stella FARM est le lieu id\u00e9al pour accueillir les \u00e9coles (de la maternelle \u00e0 l\u2019\u00e9cole secondaire) en fonction de leurs diff\u00e9rents besoins.<\/p>\n<p style=\"text-align: center;\"><strong><a href=\"https:\/\/castellafarm.ch\/wp-content\/uploads\/2025\/12\/Volantino-FARM-A5-Proposte-per-scuoleassociazioni-FR_Finale.pdf\" target=\"_blank\" rel=\"noopener\">T\u00e9l\u00e9chargez la brochure S\u00e9jours pour \u00e9coles et associations<\/a><\/strong><\/p>\n<p style=\"text-align: center;\">Notre projet \u00e9ducatif et d&rsquo;accueil vise \u00e0 faire conna\u00eetre aux enfants et aux jeunes, nos h\u00f4tes, le territoire du parc UNESCO du Monte San Giorgio, l&rsquo;histoire de notre Maison, nos animaux et bien plus encore :<\/p>\n<\/div><\/section>\n\n<section  style=\"background-color:\"class=\"BlockWrapperContainer  BlockWrapperGrigliaImmagini  DefaultMarginTop50 NoMarginBottom NoPaddingBottom NoPaddingTop SiteWidth  \"><div class=\"BlockGridListContainer\"><a href=\"https:\/\/castellafarm.ch\/fr\/pet-therapy-pour-les-ecoles\/\" class=\"SingleGridImage\" style=\"background-image:url(https:\/\/castellafarm.ch\/wp-content\/uploads\/2023\/05\/pet-therapy-2.jpg)\">PET THERAPIE POUR LES \u00c9COLES SP\u00c9CIALES OU LES UNIT\u00c9S SCOLAIRES DIFF\u00c9RENCI\u00c9ES<\/a><a href=\"https:\/\/castellafarm.ch\/fr\/activite-horticole-pour-les-ecoles-canton-du-tessin\/\" class=\"SingleGridImage\" style=\"background-image:url(https:\/\/castellafarm.ch\/wp-content\/uploads\/2023\/05\/orticola-6.jpg)\">ACTIVIT\u00c9S \u00c9DUCATIVES DIDACTIQUES HORTICOLES <\/a><a href=\"https:\/\/castellafarm.ch\/fr\/activites-avec-les-animaux-monte-san-giorgio\/\" class=\"SingleGridImage\" style=\"background-image:url(https:\/\/castellafarm.ch\/wp-content\/uploads\/2023\/05\/attivita-animali-7.jpg)\">ACTIVIT\u00c9S AVEC LES ANIMAUX <\/a><a href=\"https:\/\/castellafarm.ch\/fr\/semaines-vertes-pour-ecoles-canton-du-tessin\/\" class=\"SingleGridImage\" style=\"background-image:url(https:\/\/castellafarm.ch\/wp-content\/uploads\/2023\/05\/settimane-verdi-5.jpg)\">LES SEMAINES VERTES<\/a><a href=\"https:\/\/castellafarm.ch\/fr\/semaines-vertes-en-tipis-dans-le-canton-du-tessin\/\" class=\"SingleGridImage\" style=\"background-image:url(https:\/\/castellafarm.ch\/wp-content\/uploads\/2023\/05\/indiani-tribu-1.jpg)\">SEMAINES VERTES \u00ab\u00a0LES INDIENS DE LA TRIBU DU MONTE SAN GIORGIO\u00a0\u00bb<\/a><\/div><\/section>\n\n\n<section  class=\"BlockWrapperContainer ImmagineTestoImmagine DefaultPaddingTop DefaultPaddingBottom FullWidth NoMarginBottom DefaultMarginTop100 \" style=\"background-color:;\">\n\n\t<div class=\"ImmagineTestoImmagineCol ImmagineTestoImmagineCol_1\">\n\t\t<img alt=\"Ca.Stella Farm-Camino Spinirolo-campeggio\"src=\"https:\/\/castellafarm.ch\/wp-content\/uploads\/2023\/06\/prenota-1-1.jpg\"\/>\n\t<\/div>\n\t<div class=\"ImmagineTestoImmagineCol BlockTestoCol\">\n\t\t<p style=\"text-align: center;\">Organisez votre <strong>activit\u00e9<\/strong> dans<br \/>\nla nature <strong>appelez-nous<\/strong> pour<br \/>\nun projet sur mesure !<\/p>\n\t\t<a href=\"https:\/\/castellafarm.ch\/fr\/ferme-pedagogique-mendrisio\/\" class=\"MainButton MainButtonRosa\">\n\t\t\tCONTACTEZ-NOUS\t\t<\/a>\n\t<\/div>\n\t<div class=\"ImmagineTestoImmagineCol ImmagineTestoImmagineCol_2\">\n\t\t<img decoding=\"async\" alt=\"Ca.Stella Farm-Camino Spinirolo - Tenda\" src=\"https:\/\/castellafarm.ch\/wp-content\/uploads\/2023\/06\/prenota-2.jpg\"\/>\n\t<\/div>\n<\/section>","protected":false},"excerpt":{"rendered":"","protected":false},"author":1,"featured_media":4511,"parent":0,"menu_order":0,"comment_status":"closed","ping_status":"closed","template":"","meta":{"_acf_changed":false,"footnotes":""},"class_list":["post-4847","page","type-page","status-publish","has-post-thumbnail","hentry"],"acf":[],"yoast_head":"<!-- This site is optimized with the Yoast SEO plugin v27.3 - https:\/\/yoast.com\/product\/yoast-seo-wordpress\/ -->\n<title>Projet \u00e9ducatif pour les \u00e9coles | Ca.Stella Farm<\/title>\n<meta name=\"description\" content=\"Ca.Stella Farm accueille les \u00e9coles avec un projet \u00e9ducatif pour faire d\u00e9couvrir aux enfants et aux jeunes le territoire du Monte San Giorgio, notre histoire et les animaux de notre ferme p\u00e9dagogique.\" \/>\n<meta name=\"robots\" content=\"index, follow, max-snippet:-1, max-image-preview:large, max-video-preview:-1\" \/>\n<link rel=\"canonical\" href=\"https:\/\/castellafarm.ch\/fr\/projet-educatif-pour-les-ecoles\/\" \/>\n<meta property=\"og:locale\" content=\"fr_FR\" \/>\n<meta property=\"og:type\" content=\"article\" \/>\n<meta property=\"og:title\" content=\"Projet \u00e9ducatif pour les \u00e9coles | Ca.Stella Farm\" \/>\n<meta property=\"og:description\" content=\"Ca.Stella Farm accueille les \u00e9coles avec un projet \u00e9ducatif pour faire d\u00e9couvrir aux enfants et aux jeunes le territoire du Monte San Giorgio, notre histoire et les animaux de notre ferme p\u00e9dagogique.\" \/>\n<meta property=\"og:url\" content=\"https:\/\/castellafarm.ch\/fr\/projet-educatif-pour-les-ecoles\/\" \/>\n<meta property=\"og:site_name\" content=\"Ca.Stella Farm\" \/>\n<meta property=\"article:modified_time\" content=\"2025-12-09T13:19:42+00:00\" \/>\n<meta property=\"og:image\" content=\"https:\/\/castellafarm.ch\/wp-content\/uploads\/2023\/05\/header-scuola.jpg\" \/>\n\t<meta property=\"og:image:width\" content=\"1920\" \/>\n\t<meta property=\"og:image:height\" content=\"649\" \/>\n\t<meta property=\"og:image:type\" content=\"image\/jpeg\" \/>\n<meta name=\"twitter:card\" content=\"summary_large_image\" \/>\n<script type=\"application\/ld+json\" class=\"yoast-schema-graph\">{\"@context\":\"https:\\\/\\\/schema.org\",\"@graph\":[{\"@type\":\"WebPage\",\"@id\":\"https:\\\/\\\/castellafarm.ch\\\/fr\\\/projet-educatif-pour-les-ecoles\\\/\",\"url\":\"https:\\\/\\\/castellafarm.ch\\\/fr\\\/projet-educatif-pour-les-ecoles\\\/\",\"name\":\"Projet \u00e9ducatif pour les \u00e9coles | Ca.Stella Farm\",\"isPartOf\":{\"@id\":\"https:\\\/\\\/2025-corporatesite-castellafarm.mystagingwebsite.com\\\/#website\"},\"primaryImageOfPage\":{\"@id\":\"https:\\\/\\\/castellafarm.ch\\\/fr\\\/projet-educatif-pour-les-ecoles\\\/#primaryimage\"},\"image\":{\"@id\":\"https:\\\/\\\/castellafarm.ch\\\/fr\\\/projet-educatif-pour-les-ecoles\\\/#primaryimage\"},\"thumbnailUrl\":\"https:\\\/\\\/castellafarm.ch\\\/wp-content\\\/uploads\\\/2023\\\/05\\\/header-scuola.jpg\",\"datePublished\":\"2023-05-16T20:14:16+00:00\",\"dateModified\":\"2025-12-09T13:19:42+00:00\",\"description\":\"Ca.Stella Farm accueille les \u00e9coles avec un projet \u00e9ducatif pour faire d\u00e9couvrir aux enfants et aux jeunes le territoire du Monte San Giorgio, notre histoire et les animaux de notre ferme p\u00e9dagogique.\",\"breadcrumb\":{\"@id\":\"https:\\\/\\\/castellafarm.ch\\\/fr\\\/projet-educatif-pour-les-ecoles\\\/#breadcrumb\"},\"inLanguage\":\"fr-FR\",\"potentialAction\":[{\"@type\":\"ReadAction\",\"target\":[\"https:\\\/\\\/castellafarm.ch\\\/fr\\\/projet-educatif-pour-les-ecoles\\\/\"]}]},{\"@type\":\"ImageObject\",\"inLanguage\":\"fr-FR\",\"@id\":\"https:\\\/\\\/castellafarm.ch\\\/fr\\\/projet-educatif-pour-les-ecoles\\\/#primaryimage\",\"url\":\"https:\\\/\\\/castellafarm.ch\\\/wp-content\\\/uploads\\\/2023\\\/05\\\/header-scuola.jpg\",\"contentUrl\":\"https:\\\/\\\/castellafarm.ch\\\/wp-content\\\/uploads\\\/2023\\\/05\\\/header-scuola.jpg\",\"width\":1920,\"height\":649},{\"@type\":\"BreadcrumbList\",\"@id\":\"https:\\\/\\\/castellafarm.ch\\\/fr\\\/projet-educatif-pour-les-ecoles\\\/#breadcrumb\",\"itemListElement\":[{\"@type\":\"ListItem\",\"position\":1,\"name\":\"Home\",\"item\":\"https:\\\/\\\/castellafarm.ch\\\/fr\\\/\"},{\"@type\":\"ListItem\",\"position\":2,\"name\":\"Vous \u00eates une \u00e9cole ?\"}]},{\"@type\":\"WebSite\",\"@id\":\"https:\\\/\\\/2025-corporatesite-castellafarm.mystagingwebsite.com\\\/#website\",\"url\":\"https:\\\/\\\/2025-corporatesite-castellafarm.mystagingwebsite.com\\\/\",\"name\":\"Ca.Stella Farm\",\"description\":\"\",\"publisher\":{\"@id\":\"https:\\\/\\\/2025-corporatesite-castellafarm.mystagingwebsite.com\\\/#organization\"},\"potentialAction\":[{\"@type\":\"SearchAction\",\"target\":{\"@type\":\"EntryPoint\",\"urlTemplate\":\"https:\\\/\\\/2025-corporatesite-castellafarm.mystagingwebsite.com\\\/?s={search_term_string}\"},\"query-input\":{\"@type\":\"PropertyValueSpecification\",\"valueRequired\":true,\"valueName\":\"search_term_string\"}}],\"inLanguage\":\"fr-FR\"},{\"@type\":\"Organization\",\"@id\":\"https:\\\/\\\/2025-corporatesite-castellafarm.mystagingwebsite.com\\\/#organization\",\"name\":\"Ca.Stella Farm\",\"url\":\"https:\\\/\\\/2025-corporatesite-castellafarm.mystagingwebsite.com\\\/\",\"logo\":{\"@type\":\"ImageObject\",\"inLanguage\":\"fr-FR\",\"@id\":\"https:\\\/\\\/2025-corporatesite-castellafarm.mystagingwebsite.com\\\/#\\\/schema\\\/logo\\\/image\\\/\",\"url\":\"https:\\\/\\\/castellafarm.ch\\\/wp-content\\\/uploads\\\/2023\\\/02\\\/Screenshot-2023-02-13-alle-08.55.23.png\",\"contentUrl\":\"https:\\\/\\\/castellafarm.ch\\\/wp-content\\\/uploads\\\/2023\\\/02\\\/Screenshot-2023-02-13-alle-08.55.23.png\",\"width\":510,\"height\":389,\"caption\":\"Ca.Stella Farm\"},\"image\":{\"@id\":\"https:\\\/\\\/2025-corporatesite-castellafarm.mystagingwebsite.com\\\/#\\\/schema\\\/logo\\\/image\\\/\"}}]}<\/script>\n<!-- \/ Yoast SEO plugin. -->","yoast_head_json":{"title":"Projet \u00e9ducatif pour les \u00e9coles | Ca.Stella Farm","description":"Ca.Stella Farm accueille les \u00e9coles avec un projet \u00e9ducatif pour faire d\u00e9couvrir aux enfants et aux jeunes le territoire du Monte San Giorgio, notre histoire et les animaux de notre ferme p\u00e9dagogique.","robots":{"index":"index","follow":"follow","max-snippet":"max-snippet:-1","max-image-preview":"max-image-preview:large","max-video-preview":"max-video-preview:-1"},"canonical":"https:\/\/castellafarm.ch\/fr\/projet-educatif-pour-les-ecoles\/","og_locale":"fr_FR","og_type":"article","og_title":"Projet \u00e9ducatif pour les \u00e9coles | Ca.Stella Farm","og_description":"Ca.Stella Farm accueille les \u00e9coles avec un projet \u00e9ducatif pour faire d\u00e9couvrir aux enfants et aux jeunes le territoire du Monte San Giorgio, notre histoire et les animaux de notre ferme p\u00e9dagogique.","og_url":"https:\/\/castellafarm.ch\/fr\/projet-educatif-pour-les-ecoles\/","og_site_name":"Ca.Stella Farm","article_modified_time":"2025-12-09T13:19:42+00:00","og_image":[{"width":1920,"height":649,"url":"https:\/\/castellafarm.ch\/wp-content\/uploads\/2023\/05\/header-scuola.jpg","type":"image\/jpeg"}],"twitter_card":"summary_large_image","schema":{"@context":"https:\/\/schema.org","@graph":[{"@type":"WebPage","@id":"https:\/\/castellafarm.ch\/fr\/projet-educatif-pour-les-ecoles\/","url":"https:\/\/castellafarm.ch\/fr\/projet-educatif-pour-les-ecoles\/","name":"Projet \u00e9ducatif pour les \u00e9coles | Ca.Stella Farm","isPartOf":{"@id":"https:\/\/2025-corporatesite-castellafarm.mystagingwebsite.com\/#website"},"primaryImageOfPage":{"@id":"https:\/\/castellafarm.ch\/fr\/projet-educatif-pour-les-ecoles\/#primaryimage"},"image":{"@id":"https:\/\/castellafarm.ch\/fr\/projet-educatif-pour-les-ecoles\/#primaryimage"},"thumbnailUrl":"https:\/\/castellafarm.ch\/wp-content\/uploads\/2023\/05\/header-scuola.jpg","datePublished":"2023-05-16T20:14:16+00:00","dateModified":"2025-12-09T13:19:42+00:00","description":"Ca.Stella Farm accueille les \u00e9coles avec un projet \u00e9ducatif pour faire d\u00e9couvrir aux enfants et aux jeunes le territoire du Monte San Giorgio, notre histoire et les animaux de notre ferme p\u00e9dagogique.","breadcrumb":{"@id":"https:\/\/castellafarm.ch\/fr\/projet-educatif-pour-les-ecoles\/#breadcrumb"},"inLanguage":"fr-FR","potentialAction":[{"@type":"ReadAction","target":["https:\/\/castellafarm.ch\/fr\/projet-educatif-pour-les-ecoles\/"]}]},{"@type":"ImageObject","inLanguage":"fr-FR","@id":"https:\/\/castellafarm.ch\/fr\/projet-educatif-pour-les-ecoles\/#primaryimage","url":"https:\/\/castellafarm.ch\/wp-content\/uploads\/2023\/05\/header-scuola.jpg","contentUrl":"https:\/\/castellafarm.ch\/wp-content\/uploads\/2023\/05\/header-scuola.jpg","width":1920,"height":649},{"@type":"BreadcrumbList","@id":"https:\/\/castellafarm.ch\/fr\/projet-educatif-pour-les-ecoles\/#breadcrumb","itemListElement":[{"@type":"ListItem","position":1,"name":"Home","item":"https:\/\/castellafarm.ch\/fr\/"},{"@type":"ListItem","position":2,"name":"Vous \u00eates une \u00e9cole ?"}]},{"@type":"WebSite","@id":"https:\/\/2025-corporatesite-castellafarm.mystagingwebsite.com\/#website","url":"https:\/\/2025-corporatesite-castellafarm.mystagingwebsite.com\/","name":"Ca.Stella Farm","description":"","publisher":{"@id":"https:\/\/2025-corporatesite-castellafarm.mystagingwebsite.com\/#organization"},"potentialAction":[{"@type":"SearchAction","target":{"@type":"EntryPoint","urlTemplate":"https:\/\/2025-corporatesite-castellafarm.mystagingwebsite.com\/?s={search_term_string}"},"query-input":{"@type":"PropertyValueSpecification","valueRequired":true,"valueName":"search_term_string"}}],"inLanguage":"fr-FR"},{"@type":"Organization","@id":"https:\/\/2025-corporatesite-castellafarm.mystagingwebsite.com\/#organization","name":"Ca.Stella Farm","url":"https:\/\/2025-corporatesite-castellafarm.mystagingwebsite.com\/","logo":{"@type":"ImageObject","inLanguage":"fr-FR","@id":"https:\/\/2025-corporatesite-castellafarm.mystagingwebsite.com\/#\/schema\/logo\/image\/","url":"https:\/\/castellafarm.ch\/wp-content\/uploads\/2023\/02\/Screenshot-2023-02-13-alle-08.55.23.png","contentUrl":"https:\/\/castellafarm.ch\/wp-content\/uploads\/2023\/02\/Screenshot-2023-02-13-alle-08.55.23.png","width":510,"height":389,"caption":"Ca.Stella Farm"},"image":{"@id":"https:\/\/2025-corporatesite-castellafarm.mystagingwebsite.com\/#\/schema\/logo\/image\/"}}]}},"_links":{"self":[{"href":"https:\/\/castellafarm.ch\/fr\/wp-json\/wp\/v2\/pages\/4847","targetHints":{"allow":["GET"]}}],"collection":[{"href":"https:\/\/castellafarm.ch\/fr\/wp-json\/wp\/v2\/pages"}],"about":[{"href":"https:\/\/castellafarm.ch\/fr\/wp-json\/wp\/v2\/types\/page"}],"author":[{"embeddable":true,"href":"https:\/\/castellafarm.ch\/fr\/wp-json\/wp\/v2\/users\/1"}],"replies":[{"embeddable":true,"href":"https:\/\/castellafarm.ch\/fr\/wp-json\/wp\/v2\/comments?post=4847"}],"version-history":[{"count":9,"href":"https:\/\/castellafarm.ch\/fr\/wp-json\/wp\/v2\/pages\/4847\/revisions"}],"predecessor-version":[{"id":11667,"href":"https:\/\/castellafarm.ch\/fr\/wp-json\/wp\/v2\/pages\/4847\/revisions\/11667"}],"wp:featuredmedia":[{"embeddable":true,"href":"https:\/\/castellafarm.ch\/fr\/wp-json\/wp\/v2\/media\/4511"}],"wp:attachment":[{"href":"https:\/\/castellafarm.ch\/fr\/wp-json\/wp\/v2\/media?parent=4847"}],"curies":[{"name":"wp","href":"https:\/\/api.w.org\/{rel}","templated":true}]}}