{"id":4864,"date":"2023-05-19T14:52:20","date_gmt":"2023-05-19T12:52:20","guid":{"rendered":"https:\/\/castellafarm.ch\/sei-un-privato\/"},"modified":"2025-06-04T10:55:34","modified_gmt":"2025-06-04T08:55:34","slug":"experiences-a-lentreprise-sociale-pour-particuliers-et-familles","status":"publish","type":"page","link":"https:\/\/castellafarm.ch\/fr\/experiences-a-lentreprise-sociale-pour-particuliers-et-familles\/","title":{"rendered":"Vous \u00eates un particulier ?"},"content":{"rendered":"<section style=\"background-color:; color: \"  class=\"DefaultMarginBottomHalf TitoloContainer   TextAlignCenter SiteWidth \">Vous \u00eates un particulier ?<\/section>\n\n<section  style=\"color:; background-color:\"class=\"BlockWrapperContainer  ParagrafoContainer TextFont18  NoMarginTop DefaultMarginBottom100 NoPaddingBottom NoPaddingTop\"><div class=\"InnerParagrafoContainer SiteWidth\"><p style=\"text-align: center;\">\u00c7a.Stella FARM est le lieu id\u00e9al pour accueillir des particuliers ou des familles.<\/p>\n<p style=\"text-align: center;\">Notre projet \u00e9ducatif et d&rsquo;accueil souhaite faire d\u00e9couvrir \u00e0 nos invit\u00e9s le territoire du parc UNESCO du Monte San Giorgio, l&rsquo;histoire de notre Maison, nos animaux et bien plus encore :<\/p>\n<\/div><\/section>\n\n<section id=\"GrigliaSmall\" style=\"background-color:\"class=\"BlockWrapperContainer  BlockWrapperGrigliaImmagini  NoMarginTop NoMarginBottom NoPaddingBottom NoPaddingTop SiteWidth  \"><div class=\"BlockGridListContainer\"><a href=\"https:\/\/castellafarm.ch\/fr\/sejour-et-location-de-structure-monte-san-giorgio\/\" class=\"SingleGridImage\" style=\"background-image:url(https:\/\/castellafarm.ch\/wp-content\/uploads\/2023\/05\/settimane-verdi-5.jpg)\">S\u00c9JOUR DANS NOTRE \u00c9TABLISSEMENT <\/a><a href=\"https:\/\/castellafarm.ch\/fr\/activites-avec-les-animaux-pour-familles-et-particuliers\/\" class=\"SingleGridImage\" style=\"background-image:url(https:\/\/castellafarm.ch\/wp-content\/uploads\/2023\/05\/pet-therapy-2.jpg)\">ACTIVIT\u00c9S AVEC LES ANIMAUX <\/a><a href=\"https:\/\/castellafarm.ch\/fr\/activite-horticole-pour-familles-et-groupes\/\" class=\"SingleGridImage\" style=\"background-image:url(https:\/\/castellafarm.ch\/wp-content\/uploads\/2023\/05\/orticola-6.jpg)\">ACTIVIT\u00c9S \u00c9DUCATIVES DIDACTIQUES HORTICOLES <\/a><a href=\"https:\/\/castellafarm.ch\/fr\/forfaits-sur-mesure-pour-familles-et-groupes\/\" class=\"SingleGridImage\" style=\"background-image:url(https:\/\/castellafarm.ch\/wp-content\/uploads\/2023\/05\/attivita-animali-7.jpg)\">POSSIBILIT\u00c9 DE D\u00c9VELOPPER DES PAQUETS \u00c9DUCATIFS <\/a><\/div><\/section>\n\n\n<section  class=\"BlockWrapperContainer ImmagineTestoImmagine DefaultPaddingTop DefaultPaddingBottom FullWidth NoMarginBottom DefaultMarginTop100 \" style=\"background-color:;\">\n\n\t<div class=\"ImmagineTestoImmagineCol ImmagineTestoImmagineCol_1\">\n\t\t<img alt=\"Ca.Stella Farm-Camino Spinirolo-campeggio\"src=\"https:\/\/castellafarm.ch\/wp-content\/uploads\/2023\/06\/prenota-1-1.jpg\"\/>\n\t<\/div>\n\t<div class=\"ImmagineTestoImmagineCol BlockTestoCol\">\n\t\t<p style=\"text-align: center;\">Organisez votre <strong>activit\u00e9<\/strong> dans<br \/>\nla nature <strong>appelez-nous<\/strong> pour<br \/>\nun projet sur mesure !<\/p>\n\t\t<a href=\"https:\/\/castellafarm.ch\/fr\/ferme-pedagogique-mendrisio\/\" class=\"MainButton MainButtonRosa\">\n\t\t\tCONTACTEZ-NOUS\t\t<\/a>\n\t<\/div>\n\t<div class=\"ImmagineTestoImmagineCol ImmagineTestoImmagineCol_2\">\n\t\t<img decoding=\"async\" alt=\"Ca.Stella Farm-Camino Spinirolo - Tenda\" src=\"https:\/\/castellafarm.ch\/wp-content\/uploads\/2023\/06\/prenota-2.jpg\"\/>\n\t<\/div>\n<\/section>","protected":false},"excerpt":{"rendered":"","protected":false},"author":1,"featured_media":4866,"parent":0,"menu_order":0,"comment_status":"closed","ping_status":"closed","template":"","meta":{"_acf_changed":false,"footnotes":""},"class_list":["post-4864","page","type-page","status-publish","has-post-thumbnail","hentry"],"acf":[],"yoast_head":"<!-- This site is optimized with the Yoast SEO plugin v27.3 - https:\/\/yoast.com\/product\/yoast-seo-wordpress\/ -->\n<title>Exp\u00e9riences \u00e0 l\u2019entreprise sociale pour particuliers et familles | Ca.Stella Farm<\/title>\n<meta name=\"description\" content=\"Ca.Stella Farm accueille particuliers et familles en offrant des exp\u00e9riences uniques en contact avec la nature, les animaux et l\u2019histoire de notre entreprise sociale, \u00e0 deux pas de Mendrisio.\" \/>\n<meta name=\"robots\" content=\"index, follow, max-snippet:-1, max-image-preview:large, max-video-preview:-1\" \/>\n<link rel=\"canonical\" href=\"https:\/\/castellafarm.ch\/fr\/experiences-a-lentreprise-sociale-pour-particuliers-et-familles\/\" \/>\n<meta property=\"og:locale\" content=\"fr_FR\" \/>\n<meta property=\"og:type\" content=\"article\" \/>\n<meta property=\"og:title\" content=\"Exp\u00e9riences \u00e0 l\u2019entreprise sociale pour particuliers et familles | Ca.Stella Farm\" \/>\n<meta property=\"og:description\" content=\"Ca.Stella Farm accueille particuliers et familles en offrant des exp\u00e9riences uniques en contact avec la nature, les animaux et l\u2019histoire de notre entreprise sociale, \u00e0 deux pas de Mendrisio.\" \/>\n<meta property=\"og:url\" content=\"https:\/\/castellafarm.ch\/fr\/experiences-a-lentreprise-sociale-pour-particuliers-et-familles\/\" \/>\n<meta property=\"og:site_name\" content=\"Ca.Stella Farm\" \/>\n<meta property=\"article:modified_time\" content=\"2025-06-04T08:55:34+00:00\" \/>\n<meta property=\"og:image\" content=\"https:\/\/castellafarm.ch\/wp-content\/uploads\/2023\/05\/header-privato-1-scaled.jpg\" \/>\n\t<meta property=\"og:image:width\" content=\"2560\" \/>\n\t<meta property=\"og:image:height\" content=\"866\" \/>\n\t<meta property=\"og:image:type\" content=\"image\/jpeg\" \/>\n<meta name=\"twitter:card\" content=\"summary_large_image\" \/>\n<script type=\"application\/ld+json\" class=\"yoast-schema-graph\">{\"@context\":\"https:\\\/\\\/schema.org\",\"@graph\":[{\"@type\":\"WebPage\",\"@id\":\"https:\\\/\\\/castellafarm.ch\\\/fr\\\/experiences-a-lentreprise-sociale-pour-particuliers-et-familles\\\/\",\"url\":\"https:\\\/\\\/castellafarm.ch\\\/fr\\\/experiences-a-lentreprise-sociale-pour-particuliers-et-familles\\\/\",\"name\":\"Exp\u00e9riences \u00e0 l\u2019entreprise sociale pour particuliers et familles | Ca.Stella Farm\",\"isPartOf\":{\"@id\":\"https:\\\/\\\/2025-corporatesite-castellafarm.mystagingwebsite.com\\\/#website\"},\"primaryImageOfPage\":{\"@id\":\"https:\\\/\\\/castellafarm.ch\\\/fr\\\/experiences-a-lentreprise-sociale-pour-particuliers-et-familles\\\/#primaryimage\"},\"image\":{\"@id\":\"https:\\\/\\\/castellafarm.ch\\\/fr\\\/experiences-a-lentreprise-sociale-pour-particuliers-et-familles\\\/#primaryimage\"},\"thumbnailUrl\":\"https:\\\/\\\/castellafarm.ch\\\/wp-content\\\/uploads\\\/2023\\\/05\\\/header-privato-1-scaled.jpg\",\"datePublished\":\"2023-05-19T12:52:20+00:00\",\"dateModified\":\"2025-06-04T08:55:34+00:00\",\"description\":\"Ca.Stella Farm accueille particuliers et familles en offrant des exp\u00e9riences uniques en contact avec la nature, les animaux et l\u2019histoire de notre entreprise sociale, \u00e0 deux pas de Mendrisio.\",\"breadcrumb\":{\"@id\":\"https:\\\/\\\/castellafarm.ch\\\/fr\\\/experiences-a-lentreprise-sociale-pour-particuliers-et-familles\\\/#breadcrumb\"},\"inLanguage\":\"fr-FR\",\"potentialAction\":[{\"@type\":\"ReadAction\",\"target\":[\"https:\\\/\\\/castellafarm.ch\\\/fr\\\/experiences-a-lentreprise-sociale-pour-particuliers-et-familles\\\/\"]}]},{\"@type\":\"ImageObject\",\"inLanguage\":\"fr-FR\",\"@id\":\"https:\\\/\\\/castellafarm.ch\\\/fr\\\/experiences-a-lentreprise-sociale-pour-particuliers-et-familles\\\/#primaryimage\",\"url\":\"https:\\\/\\\/castellafarm.ch\\\/wp-content\\\/uploads\\\/2023\\\/05\\\/header-privato-1-scaled.jpg\",\"contentUrl\":\"https:\\\/\\\/castellafarm.ch\\\/wp-content\\\/uploads\\\/2023\\\/05\\\/header-privato-1-scaled.jpg\",\"width\":2560,\"height\":866},{\"@type\":\"BreadcrumbList\",\"@id\":\"https:\\\/\\\/castellafarm.ch\\\/fr\\\/experiences-a-lentreprise-sociale-pour-particuliers-et-familles\\\/#breadcrumb\",\"itemListElement\":[{\"@type\":\"ListItem\",\"position\":1,\"name\":\"Home\",\"item\":\"https:\\\/\\\/castellafarm.ch\\\/fr\\\/\"},{\"@type\":\"ListItem\",\"position\":2,\"name\":\"Vous \u00eates un particulier ?\"}]},{\"@type\":\"WebSite\",\"@id\":\"https:\\\/\\\/2025-corporatesite-castellafarm.mystagingwebsite.com\\\/#website\",\"url\":\"https:\\\/\\\/2025-corporatesite-castellafarm.mystagingwebsite.com\\\/\",\"name\":\"Ca.Stella Farm\",\"description\":\"\",\"publisher\":{\"@id\":\"https:\\\/\\\/2025-corporatesite-castellafarm.mystagingwebsite.com\\\/#organization\"},\"potentialAction\":[{\"@type\":\"SearchAction\",\"target\":{\"@type\":\"EntryPoint\",\"urlTemplate\":\"https:\\\/\\\/2025-corporatesite-castellafarm.mystagingwebsite.com\\\/?s={search_term_string}\"},\"query-input\":{\"@type\":\"PropertyValueSpecification\",\"valueRequired\":true,\"valueName\":\"search_term_string\"}}],\"inLanguage\":\"fr-FR\"},{\"@type\":\"Organization\",\"@id\":\"https:\\\/\\\/2025-corporatesite-castellafarm.mystagingwebsite.com\\\/#organization\",\"name\":\"Ca.Stella Farm\",\"url\":\"https:\\\/\\\/2025-corporatesite-castellafarm.mystagingwebsite.com\\\/\",\"logo\":{\"@type\":\"ImageObject\",\"inLanguage\":\"fr-FR\",\"@id\":\"https:\\\/\\\/2025-corporatesite-castellafarm.mystagingwebsite.com\\\/#\\\/schema\\\/logo\\\/image\\\/\",\"url\":\"https:\\\/\\\/castellafarm.ch\\\/wp-content\\\/uploads\\\/2023\\\/02\\\/Screenshot-2023-02-13-alle-08.55.23.png\",\"contentUrl\":\"https:\\\/\\\/castellafarm.ch\\\/wp-content\\\/uploads\\\/2023\\\/02\\\/Screenshot-2023-02-13-alle-08.55.23.png\",\"width\":510,\"height\":389,\"caption\":\"Ca.Stella Farm\"},\"image\":{\"@id\":\"https:\\\/\\\/2025-corporatesite-castellafarm.mystagingwebsite.com\\\/#\\\/schema\\\/logo\\\/image\\\/\"}}]}<\/script>\n<!-- \/ Yoast SEO plugin. -->","yoast_head_json":{"title":"Exp\u00e9riences \u00e0 l\u2019entreprise sociale pour particuliers et familles | Ca.Stella Farm","description":"Ca.Stella Farm accueille particuliers et familles en offrant des exp\u00e9riences uniques en contact avec la nature, les animaux et l\u2019histoire de notre entreprise sociale, \u00e0 deux pas de Mendrisio.","robots":{"index":"index","follow":"follow","max-snippet":"max-snippet:-1","max-image-preview":"max-image-preview:large","max-video-preview":"max-video-preview:-1"},"canonical":"https:\/\/castellafarm.ch\/fr\/experiences-a-lentreprise-sociale-pour-particuliers-et-familles\/","og_locale":"fr_FR","og_type":"article","og_title":"Exp\u00e9riences \u00e0 l\u2019entreprise sociale pour particuliers et familles | Ca.Stella Farm","og_description":"Ca.Stella Farm accueille particuliers et familles en offrant des exp\u00e9riences uniques en contact avec la nature, les animaux et l\u2019histoire de notre entreprise sociale, \u00e0 deux pas de Mendrisio.","og_url":"https:\/\/castellafarm.ch\/fr\/experiences-a-lentreprise-sociale-pour-particuliers-et-familles\/","og_site_name":"Ca.Stella Farm","article_modified_time":"2025-06-04T08:55:34+00:00","og_image":[{"width":2560,"height":866,"url":"https:\/\/castellafarm.ch\/wp-content\/uploads\/2023\/05\/header-privato-1-scaled.jpg","type":"image\/jpeg"}],"twitter_card":"summary_large_image","schema":{"@context":"https:\/\/schema.org","@graph":[{"@type":"WebPage","@id":"https:\/\/castellafarm.ch\/fr\/experiences-a-lentreprise-sociale-pour-particuliers-et-familles\/","url":"https:\/\/castellafarm.ch\/fr\/experiences-a-lentreprise-sociale-pour-particuliers-et-familles\/","name":"Exp\u00e9riences \u00e0 l\u2019entreprise sociale pour particuliers et familles | Ca.Stella Farm","isPartOf":{"@id":"https:\/\/2025-corporatesite-castellafarm.mystagingwebsite.com\/#website"},"primaryImageOfPage":{"@id":"https:\/\/castellafarm.ch\/fr\/experiences-a-lentreprise-sociale-pour-particuliers-et-familles\/#primaryimage"},"image":{"@id":"https:\/\/castellafarm.ch\/fr\/experiences-a-lentreprise-sociale-pour-particuliers-et-familles\/#primaryimage"},"thumbnailUrl":"https:\/\/castellafarm.ch\/wp-content\/uploads\/2023\/05\/header-privato-1-scaled.jpg","datePublished":"2023-05-19T12:52:20+00:00","dateModified":"2025-06-04T08:55:34+00:00","description":"Ca.Stella Farm accueille particuliers et familles en offrant des exp\u00e9riences uniques en contact avec la nature, les animaux et l\u2019histoire de notre entreprise sociale, \u00e0 deux pas de Mendrisio.","breadcrumb":{"@id":"https:\/\/castellafarm.ch\/fr\/experiences-a-lentreprise-sociale-pour-particuliers-et-familles\/#breadcrumb"},"inLanguage":"fr-FR","potentialAction":[{"@type":"ReadAction","target":["https:\/\/castellafarm.ch\/fr\/experiences-a-lentreprise-sociale-pour-particuliers-et-familles\/"]}]},{"@type":"ImageObject","inLanguage":"fr-FR","@id":"https:\/\/castellafarm.ch\/fr\/experiences-a-lentreprise-sociale-pour-particuliers-et-familles\/#primaryimage","url":"https:\/\/castellafarm.ch\/wp-content\/uploads\/2023\/05\/header-privato-1-scaled.jpg","contentUrl":"https:\/\/castellafarm.ch\/wp-content\/uploads\/2023\/05\/header-privato-1-scaled.jpg","width":2560,"height":866},{"@type":"BreadcrumbList","@id":"https:\/\/castellafarm.ch\/fr\/experiences-a-lentreprise-sociale-pour-particuliers-et-familles\/#breadcrumb","itemListElement":[{"@type":"ListItem","position":1,"name":"Home","item":"https:\/\/castellafarm.ch\/fr\/"},{"@type":"ListItem","position":2,"name":"Vous \u00eates un particulier ?"}]},{"@type":"WebSite","@id":"https:\/\/2025-corporatesite-castellafarm.mystagingwebsite.com\/#website","url":"https:\/\/2025-corporatesite-castellafarm.mystagingwebsite.com\/","name":"Ca.Stella Farm","description":"","publisher":{"@id":"https:\/\/2025-corporatesite-castellafarm.mystagingwebsite.com\/#organization"},"potentialAction":[{"@type":"SearchAction","target":{"@type":"EntryPoint","urlTemplate":"https:\/\/2025-corporatesite-castellafarm.mystagingwebsite.com\/?s={search_term_string}"},"query-input":{"@type":"PropertyValueSpecification","valueRequired":true,"valueName":"search_term_string"}}],"inLanguage":"fr-FR"},{"@type":"Organization","@id":"https:\/\/2025-corporatesite-castellafarm.mystagingwebsite.com\/#organization","name":"Ca.Stella Farm","url":"https:\/\/2025-corporatesite-castellafarm.mystagingwebsite.com\/","logo":{"@type":"ImageObject","inLanguage":"fr-FR","@id":"https:\/\/2025-corporatesite-castellafarm.mystagingwebsite.com\/#\/schema\/logo\/image\/","url":"https:\/\/castellafarm.ch\/wp-content\/uploads\/2023\/02\/Screenshot-2023-02-13-alle-08.55.23.png","contentUrl":"https:\/\/castellafarm.ch\/wp-content\/uploads\/2023\/02\/Screenshot-2023-02-13-alle-08.55.23.png","width":510,"height":389,"caption":"Ca.Stella Farm"},"image":{"@id":"https:\/\/2025-corporatesite-castellafarm.mystagingwebsite.com\/#\/schema\/logo\/image\/"}}]}},"_links":{"self":[{"href":"https:\/\/castellafarm.ch\/fr\/wp-json\/wp\/v2\/pages\/4864","targetHints":{"allow":["GET"]}}],"collection":[{"href":"https:\/\/castellafarm.ch\/fr\/wp-json\/wp\/v2\/pages"}],"about":[{"href":"https:\/\/castellafarm.ch\/fr\/wp-json\/wp\/v2\/types\/page"}],"author":[{"embeddable":true,"href":"https:\/\/castellafarm.ch\/fr\/wp-json\/wp\/v2\/users\/1"}],"replies":[{"embeddable":true,"href":"https:\/\/castellafarm.ch\/fr\/wp-json\/wp\/v2\/comments?post=4864"}],"version-history":[{"count":7,"href":"https:\/\/castellafarm.ch\/fr\/wp-json\/wp\/v2\/pages\/4864\/revisions"}],"predecessor-version":[{"id":9232,"href":"https:\/\/castellafarm.ch\/fr\/wp-json\/wp\/v2\/pages\/4864\/revisions\/9232"}],"wp:featuredmedia":[{"embeddable":true,"href":"https:\/\/castellafarm.ch\/fr\/wp-json\/wp\/v2\/media\/4866"}],"wp:attachment":[{"href":"https:\/\/castellafarm.ch\/fr\/wp-json\/wp\/v2\/media?parent=4864"}],"curies":[{"name":"wp","href":"https:\/\/api.w.org\/{rel}","templated":true}]}}