{"id":4925,"date":"2023-05-17T15:21:22","date_gmt":"2023-05-17T13:21:22","guid":{"rendered":"https:\/\/castellafarm.ch\/soggiorno-nella-struttura\/"},"modified":"2025-05-30T11:20:31","modified_gmt":"2025-05-30T09:20:31","slug":"sejour-et-location-de-structure-monte-san-giorgio","status":"publish","type":"page","link":"https:\/\/castellafarm.ch\/fr\/sejour-et-location-de-structure-monte-san-giorgio\/","title":{"rendered":"S\u00e9jour dans notre \u00e9tablissement"},"content":{"rendered":"<section style=\"background-color:; color: \"  class=\"DefaultMarginBottomHalf TitoloContainer   TextAlignLeft SiteWidth \">S\u00e9jour dans notre \u00e9tablissement<\/section>\n\n<section  style=\"color:; background-color:\"class=\"BlockWrapperContainer  ParagrafoContainer TextFont18  NoMarginTop DefaultMarginBottom50 NoPaddingBottom NoPaddingTop\"><div class=\"InnerParagrafoContainer SiteWidth\"><p><strong>S\u00e9jour dans notre \u00e9tablissement de diff\u00e9rentes mani\u00e8res.<\/strong><br \/>\nL&rsquo;\u00e9tablissement offre 25 lits et nos chambres sont enti\u00e8rement \u00e9quip\u00e9es :<\/p>\n<\/div><\/section>\n\n<section  style=\"background-color:;\" class=\"BlockWrapperContainer TitoloPulsanteBlock '  NoMarginTop NoMarginBottom NoPaddingBottom NoPaddingTop SiteWidth'\">\n\t\t\t\t<a style=\"background-color: !important; color:\" class=\"MainButton MainButtonRosa\" href=\"https:\/\/castellafarm.ch\/fr\/sejour-dans-la-nature-canton-du-tessin\/\">\n\t\tD\u00c9COUVREZ LES CHAMBRES\t<\/a>\n\t<\/section>\n\n<section  class=\"BlockWrapperContainer SiteWidth BlocchiLinkContainer  DefaultMarginTop50 NoMarginBottom DefaultPaddingBottom NoPaddingTop\">\t\t\t<div class=\"SingleBlocchettoLink\" data-aos=\"fade-up\" data-aos-delay=\"50\">\n\t\t\t<div class=\"SingleBlocchettoLinkTitle\"><p><strong>LOGEMENT DE LA MAISON ENTI\u00c8RE AVEC NUIT\u00c9E SEULEMENT<\/strong><\/p>\n<p>Location de la maison et gestion autonome de la cuisine et des repas (minimum une nuit)<\/p>\n<\/div>\n\t\t\t<a href=\"https:\/\/castellafarm.ch\/fr\/ferme-pedagogique-mendrisio\/\" class=\"MainButton MainButtonRosa\">CONTACTEZ-NOUS<\/a>\n\t\t<\/div>\n\t\t\t\t<div class=\"SingleBlocchettoLink\" data-aos=\"fade-up\" data-aos-delay=\"100\">\n\t\t\t<div class=\"SingleBlocchettoLinkTitle\"><p><strong>LOGEMENT AVEC NUIT\u00c9E ET DEMI-PENSION OU PENSION COMPL\u00c8TE<\/strong><\/p>\n<p>Les repas seront pr\u00e9par\u00e9s par notre cuisini\u00e8re et on propose une cuisine v\u00e9g\u00e9tarienne.<\/p>\n<p>Les h\u00f4tes s\u00e9journant avec ce forfait ont d\u00e9j\u00e0 inclus dans le tarif une heure et trente minutes d&rsquo;activit\u00e9s quotidiennes avec nos animaux et nos th\u00e9rapeutes.<\/p>\n<\/div>\n\t\t\t<a href=\"https:\/\/castellafarm.ch\/fr\/ferme-pedagogique-mendrisio\/\" class=\"MainButton MainButtonRosa\">CONTATTACI<\/a>\n\t\t<\/div>\n\t\t\t\t<div class=\"SingleBlocchettoLink\" data-aos=\"fade-up\" data-aos-delay=\"150\">\n\t\t\t<div class=\"SingleBlocchettoLinkTitle\"><p><strong>LOCATION DE LA MAISON OU DE LA SALLE DE CONF\u00c9RENCE POUR UNE JOURN\u00c9E<\/strong><\/p>\n<p>La maison peut \u00eatre lou\u00e9e pour une journ\u00e9e pour des \u00e9v\u00e9nements individuels, des r\u00e9unions, des s\u00e9minaires ou des f\u00eates.<\/p>\n<p>Nous pouvons nous occuper des repas ou organiser un ap\u00e9ritif. La cuisine que nous proposons est v\u00e9g\u00e9tarienne et respecte nos animaux et nous sommes persuad\u00e9s que vous allez accueillir ce choix avec enthousiasme.<\/p>\n<\/div>\n\t\t\t<a href=\"https:\/\/castellafarm.ch\/fr\/ferme-pedagogique-mendrisio\/\" class=\"MainButton MainButtonRosa\">CONTACTEZ-NOUS<\/a>\n\t\t<\/div>\n\t<\/section>\n\n<section  style=\"background-color:#c66462\"class=\"BlockWrapperContainer  BlockWrapperGrigliaImmagini  NoMarginTop NoMarginBottom DefaultPaddingBottom DefaultPaddingTop FullWidth  \"><div class=\"BlockGridWall SiteWidth\"><div class=\"GrigliaCol\"><a href=\"\" class=\"SingleGridImage SingleGridImageFirst\" style=\"background-image:url(https:\/\/castellafarm.ch\/wp-content\/uploads\/2023\/05\/soggiorno-struttura-1-1.jpg)\"><\/a><\/div><div class=\"GrigliaCol\"><a href=\"\" class=\"SingleGridImage SingleGridImageSecond\" style=\"background-image:url(https:\/\/castellafarm.ch\/wp-content\/uploads\/2023\/05\/soggiorno-struttura-3.jpg)\"><\/a><a href=\"\" class=\"SingleGridImage SingleGridImageThird\" style=\"background-image:url(https:\/\/castellafarm.ch\/wp-content\/uploads\/2023\/05\/soggiorno-struttura-2.jpg)\"><\/a><a href=\"\" class=\"SingleGridImage SingleGridImageFourth\" style=\"background-image:url(https:\/\/castellafarm.ch\/wp-content\/uploads\/2023\/05\/soggiorno-struttura-4-1.jpg)\"><\/a><\/div><\/div><\/section>\n\n\n<section  class=\"BlockWrapperContainer ImmagineTestoImmagine DefaultPaddingTop DefaultPaddingBottom FullWidth NoMarginBottom NoMarginTop \" style=\"background-color:;\">\n\n\t<div class=\"ImmagineTestoImmagineCol ImmagineTestoImmagineCol_1\">\n\t\t<img alt=\"Ca.Stella Farm-Camino Spinirolo-campeggio\"src=\"https:\/\/castellafarm.ch\/wp-content\/uploads\/2023\/06\/prenota-1-1.jpg\"\/>\n\t<\/div>\n\t<div class=\"ImmagineTestoImmagineCol BlockTestoCol\">\n\t\t<p style=\"text-align: center;\">Organisez votre <strong>activit\u00e9<\/strong> dans<br \/>\nla nature <strong>appelez-nous<\/strong> pour<br \/>\nun projet sur mesure !<\/p>\n\t\t<a href=\"https:\/\/castellafarm.ch\/fr\/ferme-pedagogique-mendrisio\/\" class=\"MainButton MainButtonRosa\">\n\t\t\tCONTACTEZ-NOUS\t\t<\/a>\n\t<\/div>\n\t<div class=\"ImmagineTestoImmagineCol ImmagineTestoImmagineCol_2\">\n\t\t<img decoding=\"async\" alt=\"Ca.Stella Farm-Camino Spinirolo - Tenda\" src=\"https:\/\/castellafarm.ch\/wp-content\/uploads\/2023\/06\/prenota-2.jpg\"\/>\n\t<\/div>\n<\/section>","protected":false},"excerpt":{"rendered":"","protected":false},"author":1,"featured_media":4926,"parent":0,"menu_order":0,"comment_status":"closed","ping_status":"closed","template":"","meta":{"_acf_changed":false,"footnotes":""},"class_list":["post-4925","page","type-page","status-publish","has-post-thumbnail","hentry"],"acf":[],"yoast_head":"<!-- This site is optimized with the Yoast SEO plugin v27.3 - https:\/\/yoast.com\/product\/yoast-seo-wordpress\/ -->\n<title>S\u00e9jour et location de structure Monte San Giorgio | Ca.Stella Farm<\/title>\n<meta name=\"description\" content=\"Vivez un s\u00e9jour unique \u00e0 Ca.Stella Farm, au pied du Monte San Giorgio : chambres confortables, cuisine v\u00e9g\u00e9tarienne et activit\u00e9s avec les animaux. Id\u00e9al pour nuit\u00e9es ou retraites en pleine nature.\" \/>\n<meta name=\"robots\" content=\"index, follow, max-snippet:-1, max-image-preview:large, max-video-preview:-1\" \/>\n<link rel=\"canonical\" href=\"https:\/\/castellafarm.ch\/fr\/sejour-et-location-de-structure-monte-san-giorgio\/\" \/>\n<meta property=\"og:locale\" content=\"fr_FR\" \/>\n<meta property=\"og:type\" content=\"article\" \/>\n<meta property=\"og:title\" content=\"S\u00e9jour et location de structure Monte San Giorgio | Ca.Stella Farm\" \/>\n<meta property=\"og:description\" content=\"Vivez un s\u00e9jour unique \u00e0 Ca.Stella Farm, au pied du Monte San Giorgio : chambres confortables, cuisine v\u00e9g\u00e9tarienne et activit\u00e9s avec les animaux. Id\u00e9al pour nuit\u00e9es ou retraites en pleine nature.\" \/>\n<meta property=\"og:url\" content=\"https:\/\/castellafarm.ch\/fr\/sejour-et-location-de-structure-monte-san-giorgio\/\" \/>\n<meta property=\"og:site_name\" content=\"Ca.Stella Farm\" \/>\n<meta property=\"article:modified_time\" content=\"2025-05-30T09:20:31+00:00\" \/>\n<meta property=\"og:image\" content=\"https:\/\/castellafarm.ch\/wp-content\/uploads\/2023\/05\/header-soggiorno-struttura.jpg\" \/>\n\t<meta property=\"og:image:width\" content=\"1920\" \/>\n\t<meta property=\"og:image:height\" content=\"649\" \/>\n\t<meta property=\"og:image:type\" content=\"image\/jpeg\" \/>\n<meta name=\"twitter:card\" content=\"summary_large_image\" \/>\n<script type=\"application\/ld+json\" class=\"yoast-schema-graph\">{\"@context\":\"https:\\\/\\\/schema.org\",\"@graph\":[{\"@type\":\"WebPage\",\"@id\":\"https:\\\/\\\/castellafarm.ch\\\/fr\\\/sejour-et-location-de-structure-monte-san-giorgio\\\/\",\"url\":\"https:\\\/\\\/castellafarm.ch\\\/fr\\\/sejour-et-location-de-structure-monte-san-giorgio\\\/\",\"name\":\"S\u00e9jour et location de structure Monte San Giorgio | Ca.Stella Farm\",\"isPartOf\":{\"@id\":\"https:\\\/\\\/2025-corporatesite-castellafarm.mystagingwebsite.com\\\/#website\"},\"primaryImageOfPage\":{\"@id\":\"https:\\\/\\\/castellafarm.ch\\\/fr\\\/sejour-et-location-de-structure-monte-san-giorgio\\\/#primaryimage\"},\"image\":{\"@id\":\"https:\\\/\\\/castellafarm.ch\\\/fr\\\/sejour-et-location-de-structure-monte-san-giorgio\\\/#primaryimage\"},\"thumbnailUrl\":\"https:\\\/\\\/castellafarm.ch\\\/wp-content\\\/uploads\\\/2023\\\/05\\\/header-soggiorno-struttura.jpg\",\"datePublished\":\"2023-05-17T13:21:22+00:00\",\"dateModified\":\"2025-05-30T09:20:31+00:00\",\"description\":\"Vivez un s\u00e9jour unique \u00e0 Ca.Stella Farm, au pied du Monte San Giorgio : chambres confortables, cuisine v\u00e9g\u00e9tarienne et activit\u00e9s avec les animaux. Id\u00e9al pour nuit\u00e9es ou retraites en pleine nature.\",\"breadcrumb\":{\"@id\":\"https:\\\/\\\/castellafarm.ch\\\/fr\\\/sejour-et-location-de-structure-monte-san-giorgio\\\/#breadcrumb\"},\"inLanguage\":\"fr-FR\",\"potentialAction\":[{\"@type\":\"ReadAction\",\"target\":[\"https:\\\/\\\/castellafarm.ch\\\/fr\\\/sejour-et-location-de-structure-monte-san-giorgio\\\/\"]}]},{\"@type\":\"ImageObject\",\"inLanguage\":\"fr-FR\",\"@id\":\"https:\\\/\\\/castellafarm.ch\\\/fr\\\/sejour-et-location-de-structure-monte-san-giorgio\\\/#primaryimage\",\"url\":\"https:\\\/\\\/castellafarm.ch\\\/wp-content\\\/uploads\\\/2023\\\/05\\\/header-soggiorno-struttura.jpg\",\"contentUrl\":\"https:\\\/\\\/castellafarm.ch\\\/wp-content\\\/uploads\\\/2023\\\/05\\\/header-soggiorno-struttura.jpg\",\"width\":1920,\"height\":649},{\"@type\":\"BreadcrumbList\",\"@id\":\"https:\\\/\\\/castellafarm.ch\\\/fr\\\/sejour-et-location-de-structure-monte-san-giorgio\\\/#breadcrumb\",\"itemListElement\":[{\"@type\":\"ListItem\",\"position\":1,\"name\":\"Home\",\"item\":\"https:\\\/\\\/castellafarm.ch\\\/fr\\\/\"},{\"@type\":\"ListItem\",\"position\":2,\"name\":\"S\u00e9jour dans notre \u00e9tablissement\"}]},{\"@type\":\"WebSite\",\"@id\":\"https:\\\/\\\/2025-corporatesite-castellafarm.mystagingwebsite.com\\\/#website\",\"url\":\"https:\\\/\\\/2025-corporatesite-castellafarm.mystagingwebsite.com\\\/\",\"name\":\"Ca.Stella Farm\",\"description\":\"\",\"publisher\":{\"@id\":\"https:\\\/\\\/2025-corporatesite-castellafarm.mystagingwebsite.com\\\/#organization\"},\"potentialAction\":[{\"@type\":\"SearchAction\",\"target\":{\"@type\":\"EntryPoint\",\"urlTemplate\":\"https:\\\/\\\/2025-corporatesite-castellafarm.mystagingwebsite.com\\\/?s={search_term_string}\"},\"query-input\":{\"@type\":\"PropertyValueSpecification\",\"valueRequired\":true,\"valueName\":\"search_term_string\"}}],\"inLanguage\":\"fr-FR\"},{\"@type\":\"Organization\",\"@id\":\"https:\\\/\\\/2025-corporatesite-castellafarm.mystagingwebsite.com\\\/#organization\",\"name\":\"Ca.Stella Farm\",\"url\":\"https:\\\/\\\/2025-corporatesite-castellafarm.mystagingwebsite.com\\\/\",\"logo\":{\"@type\":\"ImageObject\",\"inLanguage\":\"fr-FR\",\"@id\":\"https:\\\/\\\/2025-corporatesite-castellafarm.mystagingwebsite.com\\\/#\\\/schema\\\/logo\\\/image\\\/\",\"url\":\"https:\\\/\\\/castellafarm.ch\\\/wp-content\\\/uploads\\\/2023\\\/02\\\/Screenshot-2023-02-13-alle-08.55.23.png\",\"contentUrl\":\"https:\\\/\\\/castellafarm.ch\\\/wp-content\\\/uploads\\\/2023\\\/02\\\/Screenshot-2023-02-13-alle-08.55.23.png\",\"width\":510,\"height\":389,\"caption\":\"Ca.Stella Farm\"},\"image\":{\"@id\":\"https:\\\/\\\/2025-corporatesite-castellafarm.mystagingwebsite.com\\\/#\\\/schema\\\/logo\\\/image\\\/\"}}]}<\/script>\n<!-- \/ Yoast SEO plugin. -->","yoast_head_json":{"title":"S\u00e9jour et location de structure Monte San Giorgio | Ca.Stella Farm","description":"Vivez un s\u00e9jour unique \u00e0 Ca.Stella Farm, au pied du Monte San Giorgio : chambres confortables, cuisine v\u00e9g\u00e9tarienne et activit\u00e9s avec les animaux. Id\u00e9al pour nuit\u00e9es ou retraites en pleine nature.","robots":{"index":"index","follow":"follow","max-snippet":"max-snippet:-1","max-image-preview":"max-image-preview:large","max-video-preview":"max-video-preview:-1"},"canonical":"https:\/\/castellafarm.ch\/fr\/sejour-et-location-de-structure-monte-san-giorgio\/","og_locale":"fr_FR","og_type":"article","og_title":"S\u00e9jour et location de structure Monte San Giorgio | Ca.Stella Farm","og_description":"Vivez un s\u00e9jour unique \u00e0 Ca.Stella Farm, au pied du Monte San Giorgio : chambres confortables, cuisine v\u00e9g\u00e9tarienne et activit\u00e9s avec les animaux. Id\u00e9al pour nuit\u00e9es ou retraites en pleine nature.","og_url":"https:\/\/castellafarm.ch\/fr\/sejour-et-location-de-structure-monte-san-giorgio\/","og_site_name":"Ca.Stella Farm","article_modified_time":"2025-05-30T09:20:31+00:00","og_image":[{"width":1920,"height":649,"url":"https:\/\/castellafarm.ch\/wp-content\/uploads\/2023\/05\/header-soggiorno-struttura.jpg","type":"image\/jpeg"}],"twitter_card":"summary_large_image","schema":{"@context":"https:\/\/schema.org","@graph":[{"@type":"WebPage","@id":"https:\/\/castellafarm.ch\/fr\/sejour-et-location-de-structure-monte-san-giorgio\/","url":"https:\/\/castellafarm.ch\/fr\/sejour-et-location-de-structure-monte-san-giorgio\/","name":"S\u00e9jour et location de structure Monte San Giorgio | Ca.Stella Farm","isPartOf":{"@id":"https:\/\/2025-corporatesite-castellafarm.mystagingwebsite.com\/#website"},"primaryImageOfPage":{"@id":"https:\/\/castellafarm.ch\/fr\/sejour-et-location-de-structure-monte-san-giorgio\/#primaryimage"},"image":{"@id":"https:\/\/castellafarm.ch\/fr\/sejour-et-location-de-structure-monte-san-giorgio\/#primaryimage"},"thumbnailUrl":"https:\/\/castellafarm.ch\/wp-content\/uploads\/2023\/05\/header-soggiorno-struttura.jpg","datePublished":"2023-05-17T13:21:22+00:00","dateModified":"2025-05-30T09:20:31+00:00","description":"Vivez un s\u00e9jour unique \u00e0 Ca.Stella Farm, au pied du Monte San Giorgio : chambres confortables, cuisine v\u00e9g\u00e9tarienne et activit\u00e9s avec les animaux. Id\u00e9al pour nuit\u00e9es ou retraites en pleine nature.","breadcrumb":{"@id":"https:\/\/castellafarm.ch\/fr\/sejour-et-location-de-structure-monte-san-giorgio\/#breadcrumb"},"inLanguage":"fr-FR","potentialAction":[{"@type":"ReadAction","target":["https:\/\/castellafarm.ch\/fr\/sejour-et-location-de-structure-monte-san-giorgio\/"]}]},{"@type":"ImageObject","inLanguage":"fr-FR","@id":"https:\/\/castellafarm.ch\/fr\/sejour-et-location-de-structure-monte-san-giorgio\/#primaryimage","url":"https:\/\/castellafarm.ch\/wp-content\/uploads\/2023\/05\/header-soggiorno-struttura.jpg","contentUrl":"https:\/\/castellafarm.ch\/wp-content\/uploads\/2023\/05\/header-soggiorno-struttura.jpg","width":1920,"height":649},{"@type":"BreadcrumbList","@id":"https:\/\/castellafarm.ch\/fr\/sejour-et-location-de-structure-monte-san-giorgio\/#breadcrumb","itemListElement":[{"@type":"ListItem","position":1,"name":"Home","item":"https:\/\/castellafarm.ch\/fr\/"},{"@type":"ListItem","position":2,"name":"S\u00e9jour dans notre \u00e9tablissement"}]},{"@type":"WebSite","@id":"https:\/\/2025-corporatesite-castellafarm.mystagingwebsite.com\/#website","url":"https:\/\/2025-corporatesite-castellafarm.mystagingwebsite.com\/","name":"Ca.Stella Farm","description":"","publisher":{"@id":"https:\/\/2025-corporatesite-castellafarm.mystagingwebsite.com\/#organization"},"potentialAction":[{"@type":"SearchAction","target":{"@type":"EntryPoint","urlTemplate":"https:\/\/2025-corporatesite-castellafarm.mystagingwebsite.com\/?s={search_term_string}"},"query-input":{"@type":"PropertyValueSpecification","valueRequired":true,"valueName":"search_term_string"}}],"inLanguage":"fr-FR"},{"@type":"Organization","@id":"https:\/\/2025-corporatesite-castellafarm.mystagingwebsite.com\/#organization","name":"Ca.Stella Farm","url":"https:\/\/2025-corporatesite-castellafarm.mystagingwebsite.com\/","logo":{"@type":"ImageObject","inLanguage":"fr-FR","@id":"https:\/\/2025-corporatesite-castellafarm.mystagingwebsite.com\/#\/schema\/logo\/image\/","url":"https:\/\/castellafarm.ch\/wp-content\/uploads\/2023\/02\/Screenshot-2023-02-13-alle-08.55.23.png","contentUrl":"https:\/\/castellafarm.ch\/wp-content\/uploads\/2023\/02\/Screenshot-2023-02-13-alle-08.55.23.png","width":510,"height":389,"caption":"Ca.Stella Farm"},"image":{"@id":"https:\/\/2025-corporatesite-castellafarm.mystagingwebsite.com\/#\/schema\/logo\/image\/"}}]}},"_links":{"self":[{"href":"https:\/\/castellafarm.ch\/fr\/wp-json\/wp\/v2\/pages\/4925","targetHints":{"allow":["GET"]}}],"collection":[{"href":"https:\/\/castellafarm.ch\/fr\/wp-json\/wp\/v2\/pages"}],"about":[{"href":"https:\/\/castellafarm.ch\/fr\/wp-json\/wp\/v2\/types\/page"}],"author":[{"embeddable":true,"href":"https:\/\/castellafarm.ch\/fr\/wp-json\/wp\/v2\/users\/1"}],"replies":[{"embeddable":true,"href":"https:\/\/castellafarm.ch\/fr\/wp-json\/wp\/v2\/comments?post=4925"}],"version-history":[{"count":2,"href":"https:\/\/castellafarm.ch\/fr\/wp-json\/wp\/v2\/pages\/4925\/revisions"}],"predecessor-version":[{"id":4936,"href":"https:\/\/castellafarm.ch\/fr\/wp-json\/wp\/v2\/pages\/4925\/revisions\/4936"}],"wp:featuredmedia":[{"embeddable":true,"href":"https:\/\/castellafarm.ch\/fr\/wp-json\/wp\/v2\/media\/4926"}],"wp:attachment":[{"href":"https:\/\/castellafarm.ch\/fr\/wp-json\/wp\/v2\/media?parent=4925"}],"curies":[{"name":"wp","href":"https:\/\/api.w.org\/{rel}","templated":true}]}}