{"id":6627,"date":"2024-06-20T15:26:33","date_gmt":"2024-06-20T13:26:33","guid":{"rendered":"https:\/\/castellafarm.ch\/?page_id=6627"},"modified":"2025-05-30T10:59:02","modified_gmt":"2025-05-30T08:59:02","slug":"bons-cadeaux-entreprise-sociale-canton-du-tessin","status":"publish","type":"page","link":"https:\/\/castellafarm.ch\/fr\/bons-cadeaux-entreprise-sociale-canton-du-tessin\/","title":{"rendered":"Bon Cadeaux"},"content":{"rendered":"<section style=\"background-color:; color: \"  class=\"DefaultMarginBottomHalf TitoloContainer   TextAlignLeft SiteWidth \">Bon Cadeaux<\/section>\n\n<section  style=\"color:; background-color:\"class=\"BlockWrapperContainer  ParagrafoContainer TextFont18  NoMarginTop NoMarginBottom NoPaddingBottom NoPaddingTop\"><div class=\"InnerParagrafoContainer SiteWidth\"><ul>\n<li><strong>Flexibilit\u00e9<\/strong> : Valable pour une activit\u00e9 \u00e0 la Ca.Stella FARM, de la promenade avec les alpagas et les lamas, \u00e0 l&rsquo;approche des chevaux, \u00e0 l&rsquo;atelier de laine, au cours de cuisine v\u00e9g\u00e9tarienne, aux activit\u00e9s avec les abeilles, jusqu&rsquo;\u00e0 un s\u00e9jour immerg\u00e9 dans la nature.<\/li>\n<li><strong>Personnalisable<\/strong> : Choisissez le montant que vous pr\u00e9f\u00e9rez<\/li>\n<li><strong>Facile \u00e0 utiliser<\/strong> : Utilisable toute l&rsquo;ann\u00e9e<\/li>\n<li><strong>Sans stress<\/strong> : Offrez la libert\u00e9 de choisir ce que l&rsquo;on d\u00e9sire vraiment.<\/li>\n<\/ul>\n<p>&nbsp;<br \/>\nLe Bon est id\u00e9al pour toutes les occasions : Anniversaires, Anniversaires de mariage, F\u00eates et c\u00e9l\u00e9brations, Remerciements et bien plus encore ! N&rsquo;attendez pas, offrez d\u00e8s aujourd&rsquo;hui un Bon Cadeau. Pour plus d&rsquo;informations, \u00e9crivez \u00e0 <a href=\"mailto:info@castellafarm.ch\">info@castellafarm.ch<\/a> ou contactez-nous au num\u00e9ro <a href=\"tel:0916302234\">091 630 22 34<\/a>. Offrez un sourire avec notre Bon Cadeau de Ca.Stella FARM !<\/p>\n<\/div><\/section>","protected":false},"excerpt":{"rendered":"","protected":false},"author":1,"featured_media":4814,"parent":0,"menu_order":0,"comment_status":"closed","ping_status":"closed","template":"","meta":{"_acf_changed":false,"footnotes":""},"class_list":["post-6627","page","type-page","status-publish","has-post-thumbnail","hentry"],"acf":[],"yoast_head":"<!-- This site is optimized with the Yoast SEO plugin v27.3 - https:\/\/yoast.com\/product\/yoast-seo-wordpress\/ -->\n<title>Bons cadeaux entreprise sociale Canton du Tessin | Ca.Stella Farm<\/title>\n<meta name=\"description\" content=\"Offrez une exp\u00e9rience unique avec les bons cadeaux Ca.Stella Farm: promenades avec les alpagas, activit\u00e9s avec les chevaux, cours et s\u00e9jours. Personnalisables et valables toute l&#039;ann\u00e9e.\" \/>\n<meta name=\"robots\" content=\"index, follow, max-snippet:-1, max-image-preview:large, max-video-preview:-1\" \/>\n<link rel=\"canonical\" href=\"https:\/\/castellafarm.ch\/fr\/bons-cadeaux-entreprise-sociale-canton-du-tessin\/\" \/>\n<meta property=\"og:locale\" content=\"fr_FR\" \/>\n<meta property=\"og:type\" content=\"article\" \/>\n<meta property=\"og:title\" content=\"Bons cadeaux entreprise sociale Canton du Tessin | Ca.Stella Farm\" \/>\n<meta property=\"og:description\" content=\"Offrez une exp\u00e9rience unique avec les bons cadeaux Ca.Stella Farm: promenades avec les alpagas, activit\u00e9s avec les chevaux, cours et s\u00e9jours. Personnalisables et valables toute l&#039;ann\u00e9e.\" \/>\n<meta property=\"og:url\" content=\"https:\/\/castellafarm.ch\/fr\/bons-cadeaux-entreprise-sociale-canton-du-tessin\/\" \/>\n<meta property=\"og:site_name\" content=\"Ca.Stella Farm\" \/>\n<meta property=\"article:modified_time\" content=\"2025-05-30T08:59:02+00:00\" \/>\n<meta property=\"og:image\" content=\"https:\/\/castellafarm.ch\/wp-content\/uploads\/2023\/05\/header-Prodotti-km0.jpg\" \/>\n\t<meta property=\"og:image:width\" content=\"1920\" \/>\n\t<meta property=\"og:image:height\" content=\"649\" \/>\n\t<meta property=\"og:image:type\" content=\"image\/jpeg\" \/>\n<meta name=\"twitter:card\" content=\"summary_large_image\" \/>\n<script type=\"application\/ld+json\" class=\"yoast-schema-graph\">{\"@context\":\"https:\\\/\\\/schema.org\",\"@graph\":[{\"@type\":\"WebPage\",\"@id\":\"https:\\\/\\\/castellafarm.ch\\\/fr\\\/bons-cadeaux-entreprise-sociale-canton-du-tessin\\\/\",\"url\":\"https:\\\/\\\/castellafarm.ch\\\/fr\\\/bons-cadeaux-entreprise-sociale-canton-du-tessin\\\/\",\"name\":\"Bons cadeaux entreprise sociale Canton du Tessin | Ca.Stella Farm\",\"isPartOf\":{\"@id\":\"https:\\\/\\\/2025-corporatesite-castellafarm.mystagingwebsite.com\\\/#website\"},\"primaryImageOfPage\":{\"@id\":\"https:\\\/\\\/castellafarm.ch\\\/fr\\\/bons-cadeaux-entreprise-sociale-canton-du-tessin\\\/#primaryimage\"},\"image\":{\"@id\":\"https:\\\/\\\/castellafarm.ch\\\/fr\\\/bons-cadeaux-entreprise-sociale-canton-du-tessin\\\/#primaryimage\"},\"thumbnailUrl\":\"https:\\\/\\\/castellafarm.ch\\\/wp-content\\\/uploads\\\/2023\\\/05\\\/header-Prodotti-km0.jpg\",\"datePublished\":\"2024-06-20T13:26:33+00:00\",\"dateModified\":\"2025-05-30T08:59:02+00:00\",\"description\":\"Offrez une exp\u00e9rience unique avec les bons cadeaux Ca.Stella Farm: promenades avec les alpagas, activit\u00e9s avec les chevaux, cours et s\u00e9jours. Personnalisables et valables toute l'ann\u00e9e.\",\"breadcrumb\":{\"@id\":\"https:\\\/\\\/castellafarm.ch\\\/fr\\\/bons-cadeaux-entreprise-sociale-canton-du-tessin\\\/#breadcrumb\"},\"inLanguage\":\"fr-FR\",\"potentialAction\":[{\"@type\":\"ReadAction\",\"target\":[\"https:\\\/\\\/castellafarm.ch\\\/fr\\\/bons-cadeaux-entreprise-sociale-canton-du-tessin\\\/\"]}]},{\"@type\":\"ImageObject\",\"inLanguage\":\"fr-FR\",\"@id\":\"https:\\\/\\\/castellafarm.ch\\\/fr\\\/bons-cadeaux-entreprise-sociale-canton-du-tessin\\\/#primaryimage\",\"url\":\"https:\\\/\\\/castellafarm.ch\\\/wp-content\\\/uploads\\\/2023\\\/05\\\/header-Prodotti-km0.jpg\",\"contentUrl\":\"https:\\\/\\\/castellafarm.ch\\\/wp-content\\\/uploads\\\/2023\\\/05\\\/header-Prodotti-km0.jpg\",\"width\":1920,\"height\":649},{\"@type\":\"BreadcrumbList\",\"@id\":\"https:\\\/\\\/castellafarm.ch\\\/fr\\\/bons-cadeaux-entreprise-sociale-canton-du-tessin\\\/#breadcrumb\",\"itemListElement\":[{\"@type\":\"ListItem\",\"position\":1,\"name\":\"Home\",\"item\":\"https:\\\/\\\/castellafarm.ch\\\/fr\\\/\"},{\"@type\":\"ListItem\",\"position\":2,\"name\":\"Bon Cadeaux\"}]},{\"@type\":\"WebSite\",\"@id\":\"https:\\\/\\\/2025-corporatesite-castellafarm.mystagingwebsite.com\\\/#website\",\"url\":\"https:\\\/\\\/2025-corporatesite-castellafarm.mystagingwebsite.com\\\/\",\"name\":\"Ca.Stella Farm\",\"description\":\"\",\"publisher\":{\"@id\":\"https:\\\/\\\/2025-corporatesite-castellafarm.mystagingwebsite.com\\\/#organization\"},\"potentialAction\":[{\"@type\":\"SearchAction\",\"target\":{\"@type\":\"EntryPoint\",\"urlTemplate\":\"https:\\\/\\\/2025-corporatesite-castellafarm.mystagingwebsite.com\\\/?s={search_term_string}\"},\"query-input\":{\"@type\":\"PropertyValueSpecification\",\"valueRequired\":true,\"valueName\":\"search_term_string\"}}],\"inLanguage\":\"fr-FR\"},{\"@type\":\"Organization\",\"@id\":\"https:\\\/\\\/2025-corporatesite-castellafarm.mystagingwebsite.com\\\/#organization\",\"name\":\"Ca.Stella Farm\",\"url\":\"https:\\\/\\\/2025-corporatesite-castellafarm.mystagingwebsite.com\\\/\",\"logo\":{\"@type\":\"ImageObject\",\"inLanguage\":\"fr-FR\",\"@id\":\"https:\\\/\\\/2025-corporatesite-castellafarm.mystagingwebsite.com\\\/#\\\/schema\\\/logo\\\/image\\\/\",\"url\":\"https:\\\/\\\/castellafarm.ch\\\/wp-content\\\/uploads\\\/2023\\\/02\\\/Screenshot-2023-02-13-alle-08.55.23.png\",\"contentUrl\":\"https:\\\/\\\/castellafarm.ch\\\/wp-content\\\/uploads\\\/2023\\\/02\\\/Screenshot-2023-02-13-alle-08.55.23.png\",\"width\":510,\"height\":389,\"caption\":\"Ca.Stella Farm\"},\"image\":{\"@id\":\"https:\\\/\\\/2025-corporatesite-castellafarm.mystagingwebsite.com\\\/#\\\/schema\\\/logo\\\/image\\\/\"}}]}<\/script>\n<!-- \/ Yoast SEO plugin. -->","yoast_head_json":{"title":"Bons cadeaux entreprise sociale Canton du Tessin | Ca.Stella Farm","description":"Offrez une exp\u00e9rience unique avec les bons cadeaux Ca.Stella Farm: promenades avec les alpagas, activit\u00e9s avec les chevaux, cours et s\u00e9jours. Personnalisables et valables toute l'ann\u00e9e.","robots":{"index":"index","follow":"follow","max-snippet":"max-snippet:-1","max-image-preview":"max-image-preview:large","max-video-preview":"max-video-preview:-1"},"canonical":"https:\/\/castellafarm.ch\/fr\/bons-cadeaux-entreprise-sociale-canton-du-tessin\/","og_locale":"fr_FR","og_type":"article","og_title":"Bons cadeaux entreprise sociale Canton du Tessin | Ca.Stella Farm","og_description":"Offrez une exp\u00e9rience unique avec les bons cadeaux Ca.Stella Farm: promenades avec les alpagas, activit\u00e9s avec les chevaux, cours et s\u00e9jours. Personnalisables et valables toute l'ann\u00e9e.","og_url":"https:\/\/castellafarm.ch\/fr\/bons-cadeaux-entreprise-sociale-canton-du-tessin\/","og_site_name":"Ca.Stella Farm","article_modified_time":"2025-05-30T08:59:02+00:00","og_image":[{"width":1920,"height":649,"url":"https:\/\/castellafarm.ch\/wp-content\/uploads\/2023\/05\/header-Prodotti-km0.jpg","type":"image\/jpeg"}],"twitter_card":"summary_large_image","schema":{"@context":"https:\/\/schema.org","@graph":[{"@type":"WebPage","@id":"https:\/\/castellafarm.ch\/fr\/bons-cadeaux-entreprise-sociale-canton-du-tessin\/","url":"https:\/\/castellafarm.ch\/fr\/bons-cadeaux-entreprise-sociale-canton-du-tessin\/","name":"Bons cadeaux entreprise sociale Canton du Tessin | Ca.Stella Farm","isPartOf":{"@id":"https:\/\/2025-corporatesite-castellafarm.mystagingwebsite.com\/#website"},"primaryImageOfPage":{"@id":"https:\/\/castellafarm.ch\/fr\/bons-cadeaux-entreprise-sociale-canton-du-tessin\/#primaryimage"},"image":{"@id":"https:\/\/castellafarm.ch\/fr\/bons-cadeaux-entreprise-sociale-canton-du-tessin\/#primaryimage"},"thumbnailUrl":"https:\/\/castellafarm.ch\/wp-content\/uploads\/2023\/05\/header-Prodotti-km0.jpg","datePublished":"2024-06-20T13:26:33+00:00","dateModified":"2025-05-30T08:59:02+00:00","description":"Offrez une exp\u00e9rience unique avec les bons cadeaux Ca.Stella Farm: promenades avec les alpagas, activit\u00e9s avec les chevaux, cours et s\u00e9jours. Personnalisables et valables toute l'ann\u00e9e.","breadcrumb":{"@id":"https:\/\/castellafarm.ch\/fr\/bons-cadeaux-entreprise-sociale-canton-du-tessin\/#breadcrumb"},"inLanguage":"fr-FR","potentialAction":[{"@type":"ReadAction","target":["https:\/\/castellafarm.ch\/fr\/bons-cadeaux-entreprise-sociale-canton-du-tessin\/"]}]},{"@type":"ImageObject","inLanguage":"fr-FR","@id":"https:\/\/castellafarm.ch\/fr\/bons-cadeaux-entreprise-sociale-canton-du-tessin\/#primaryimage","url":"https:\/\/castellafarm.ch\/wp-content\/uploads\/2023\/05\/header-Prodotti-km0.jpg","contentUrl":"https:\/\/castellafarm.ch\/wp-content\/uploads\/2023\/05\/header-Prodotti-km0.jpg","width":1920,"height":649},{"@type":"BreadcrumbList","@id":"https:\/\/castellafarm.ch\/fr\/bons-cadeaux-entreprise-sociale-canton-du-tessin\/#breadcrumb","itemListElement":[{"@type":"ListItem","position":1,"name":"Home","item":"https:\/\/castellafarm.ch\/fr\/"},{"@type":"ListItem","position":2,"name":"Bon Cadeaux"}]},{"@type":"WebSite","@id":"https:\/\/2025-corporatesite-castellafarm.mystagingwebsite.com\/#website","url":"https:\/\/2025-corporatesite-castellafarm.mystagingwebsite.com\/","name":"Ca.Stella Farm","description":"","publisher":{"@id":"https:\/\/2025-corporatesite-castellafarm.mystagingwebsite.com\/#organization"},"potentialAction":[{"@type":"SearchAction","target":{"@type":"EntryPoint","urlTemplate":"https:\/\/2025-corporatesite-castellafarm.mystagingwebsite.com\/?s={search_term_string}"},"query-input":{"@type":"PropertyValueSpecification","valueRequired":true,"valueName":"search_term_string"}}],"inLanguage":"fr-FR"},{"@type":"Organization","@id":"https:\/\/2025-corporatesite-castellafarm.mystagingwebsite.com\/#organization","name":"Ca.Stella Farm","url":"https:\/\/2025-corporatesite-castellafarm.mystagingwebsite.com\/","logo":{"@type":"ImageObject","inLanguage":"fr-FR","@id":"https:\/\/2025-corporatesite-castellafarm.mystagingwebsite.com\/#\/schema\/logo\/image\/","url":"https:\/\/castellafarm.ch\/wp-content\/uploads\/2023\/02\/Screenshot-2023-02-13-alle-08.55.23.png","contentUrl":"https:\/\/castellafarm.ch\/wp-content\/uploads\/2023\/02\/Screenshot-2023-02-13-alle-08.55.23.png","width":510,"height":389,"caption":"Ca.Stella Farm"},"image":{"@id":"https:\/\/2025-corporatesite-castellafarm.mystagingwebsite.com\/#\/schema\/logo\/image\/"}}]}},"_links":{"self":[{"href":"https:\/\/castellafarm.ch\/fr\/wp-json\/wp\/v2\/pages\/6627","targetHints":{"allow":["GET"]}}],"collection":[{"href":"https:\/\/castellafarm.ch\/fr\/wp-json\/wp\/v2\/pages"}],"about":[{"href":"https:\/\/castellafarm.ch\/fr\/wp-json\/wp\/v2\/types\/page"}],"author":[{"embeddable":true,"href":"https:\/\/castellafarm.ch\/fr\/wp-json\/wp\/v2\/users\/1"}],"replies":[{"embeddable":true,"href":"https:\/\/castellafarm.ch\/fr\/wp-json\/wp\/v2\/comments?post=6627"}],"version-history":[{"count":6,"href":"https:\/\/castellafarm.ch\/fr\/wp-json\/wp\/v2\/pages\/6627\/revisions"}],"predecessor-version":[{"id":6643,"href":"https:\/\/castellafarm.ch\/fr\/wp-json\/wp\/v2\/pages\/6627\/revisions\/6643"}],"wp:featuredmedia":[{"embeddable":true,"href":"https:\/\/castellafarm.ch\/fr\/wp-json\/wp\/v2\/media\/4814"}],"wp:attachment":[{"href":"https:\/\/castellafarm.ch\/fr\/wp-json\/wp\/v2\/media?parent=6627"}],"curies":[{"name":"wp","href":"https:\/\/api.w.org\/{rel}","templated":true}]}}