{"id":7184,"date":"2024-10-10T12:03:02","date_gmt":"2024-10-10T10:03:02","guid":{"rendered":"https:\/\/castellafarm.ch\/?page_id=7184"},"modified":"2025-05-30T11:00:05","modified_gmt":"2025-05-30T09:00:05","slug":"cadeaux-uniques-et-durables","status":"publish","type":"page","link":"https:\/\/castellafarm.ch\/fr\/cadeaux-uniques-et-durables\/","title":{"rendered":"Cadeaux"},"content":{"rendered":"<section style=\"background-color:; color: \"  class=\"DefaultMarginBottomHalf TitoloContainer   TextAlignCenter SiteWidth \">Nous avons formul\u00e9 plusieurs propositions pour que vos cadeaux de No\u00ebl 2024 soient uniques.<\/section>\n\n<section  class=\"BlockWrapperContainer SiteWidth CardsContainer  NoMarginTop NoMarginBottom NoPaddingBottom NoPaddingTop\">\t\t\t<div class=\"SingleCard\" data-aos=\"fade-up\" data-aos-delay=\"50\">\n\t\t\t\t<div style=\"background-image:url(https:\/\/castellafarm.ch\/wp-content\/uploads\/2024\/10\/respect.png)\" class=\"SingleCardImage\"><\/div>\n\t\t\t<div class=\"SingleCardTitle\"><\/div>\n\t\t\t<div class=\"SingleCardSubTitle\"><p style=\"text-align: center;\">Solidaires<\/p>\n<\/div>\n\t\t\t<div class=\"SingleCardDesc\"><\/div>\n\t\t<\/div>\n\t\t\t\t<div class=\"SingleCard\" data-aos=\"fade-up\" data-aos-delay=\"100\">\n\t\t\t\t<div style=\"background-image:url(https:\/\/castellafarm.ch\/wp-content\/uploads\/2024\/10\/gift.png)\" class=\"SingleCardImage\"><\/div>\n\t\t\t<div class=\"SingleCardTitle\"><\/div>\n\t\t\t<div class=\"SingleCardSubTitle\"><p style=\"text-align: center;\">Belles<\/p>\n<\/div>\n\t\t\t<div class=\"SingleCardDesc\"><\/div>\n\t\t<\/div>\n\t\t\t\t<div class=\"SingleCard\" data-aos=\"fade-up\" data-aos-delay=\"150\">\n\t\t\t\t<div style=\"background-image:url(https:\/\/castellafarm.ch\/wp-content\/uploads\/2024\/10\/love.png)\" class=\"SingleCardImage\"><\/div>\n\t\t\t<div class=\"SingleCardTitle\"><\/div>\n\t\t\t<div class=\"SingleCardSubTitle\"><p style=\"text-align: center;\">Naturels<\/p>\n<\/div>\n\t\t\t<div class=\"SingleCardDesc\"><\/div>\n\t\t<\/div>\n\t<\/section>\n\n<section  style=\"color:; background-color:\"class=\"BlockWrapperContainer  ParagrafoContainer TextFont18  NoMarginTop NoMarginBottom NoPaddingBottom NoPaddingTop\"><div class=\"InnerParagrafoContainer SiteWidth\"><h1 style=\"text-align: center;\"><a href=\"https:\/\/castellafarm.ch\/wp-content\/uploads\/2024\/11\/Regali-di-Natale_Ca.Stella-2024.pdf\">T\u00e9l\u00e9chargez ici nos propositions pour un No\u00ebl avec des flocons<\/a><\/h1>\n<\/div><\/section>\n\n<section  class=\"BlockWrapperContainer ImmagineContainer  NoMarginTop DefaultMarginBottom NoPaddingBottom NoPaddingTop\" style=\"background-image:url(https:\/\/castellafarm.ch\/wp-content\/uploads\/2024\/10\/Schermata-2024-10-10-alle-13.57.16.png)\" data-aos=\"\"><\/section>\n\n<section  style=\"color:; background-color:\"class=\"BlockWrapperContainer  ParagrafoContainer TextFont18  NoMarginTop DefaultMarginBottom NoPaddingBottom NoPaddingTop\"><div class=\"InnerParagrafoContainer SiteWidth\"><h4 style=\"text-align: center;\">En achetant ces produits, vous soutenez le projet social Ca.Stella de la Fondation main dans la main, ce qui nous permet de continuer \u00e0 promouvoir des activit\u00e9s sociales pour les enfants et les personnes handicap\u00e9es.<\/h4>\n<p>&nbsp;<\/p>\n<h1 style=\"text-align: center;\">Merci beaucoup pour votre pr\u00e9cieux soutien!<\/h1>\n<\/div><\/section>\n\n\n<section  class=\"BlockWrapperContainer ImmagineTestoImmagine DefaultPaddingTop DefaultPaddingBottom FullWidth NoMarginBottom NoMarginTop \" style=\"background-color:;\">\n\n\t<div class=\"ImmagineTestoImmagineCol ImmagineTestoImmagineCol_1\">\n\t\t<img alt=\"Ca.Stella Farm-Camino Spinirolo-campeggio\"src=\"https:\/\/castellafarm.ch\/wp-content\/uploads\/2023\/06\/prenota-1-1.jpg\"\/>\n\t<\/div>\n\t<div class=\"ImmagineTestoImmagineCol BlockTestoCol\">\n\t\t<p style=\"text-align: center;\">Organisez votre <strong>activit\u00e9<\/strong> dans<br \/>\nla nature <strong>appelez-nous<\/strong> pour<br \/>\nun projet sur mesure !<\/p>\n\t\t<a href=\"https:\/\/castellafarm.ch\/fr\/ferme-pedagogique-mendrisio\/\" class=\"MainButton MainButtonRosa\">\n\t\t\tCONTACTEZ-NOUS\t\t<\/a>\n\t<\/div>\n\t<div class=\"ImmagineTestoImmagineCol ImmagineTestoImmagineCol_2\">\n\t\t<img decoding=\"async\" alt=\"Ca.Stella Farm-Camino Spinirolo - Tenda\" src=\"https:\/\/castellafarm.ch\/wp-content\/uploads\/2023\/06\/prenota-2.jpg\"\/>\n\t<\/div>\n<\/section>","protected":false},"excerpt":{"rendered":"","protected":false},"author":1,"featured_media":11265,"parent":0,"menu_order":0,"comment_status":"closed","ping_status":"closed","template":"","meta":{"_acf_changed":false,"footnotes":""},"class_list":["post-7184","page","type-page","status-publish","has-post-thumbnail","hentry"],"acf":[],"yoast_head":"<!-- This site is optimized with the Yoast SEO plugin v27.3 - https:\/\/yoast.com\/product\/yoast-seo-wordpress\/ -->\n<title>Cadeaux uniques et durables | Ca.Stella Farm<\/title>\n<meta name=\"description\" content=\"D\u00e9couvrez les offres de Ca.Stella Farm pour des cadeaux uniques et durables, con\u00e7us pour surprendre avec des produits de qualit\u00e9 \u00e0 faible impact environnemental.\" \/>\n<meta name=\"robots\" content=\"index, follow, max-snippet:-1, max-image-preview:large, max-video-preview:-1\" \/>\n<link rel=\"canonical\" href=\"https:\/\/castellafarm.ch\/fr\/cadeaux-uniques-et-durables\/\" \/>\n<meta property=\"og:locale\" content=\"fr_FR\" \/>\n<meta property=\"og:type\" content=\"article\" \/>\n<meta property=\"og:title\" content=\"Cadeaux uniques et durables | Ca.Stella Farm\" \/>\n<meta property=\"og:description\" content=\"D\u00e9couvrez les offres de Ca.Stella Farm pour des cadeaux uniques et durables, con\u00e7us pour surprendre avec des produits de qualit\u00e9 \u00e0 faible impact environnemental.\" \/>\n<meta property=\"og:url\" content=\"https:\/\/castellafarm.ch\/fr\/cadeaux-uniques-et-durables\/\" \/>\n<meta property=\"og:site_name\" content=\"Ca.Stella Farm\" \/>\n<meta property=\"article:modified_time\" content=\"2025-05-30T09:00:05+00:00\" \/>\n<meta property=\"og:image\" content=\"https:\/\/castellafarm.ch\/wp-content\/uploads\/2024\/10\/Schermata-2024-10-14-alle-11.16.36-1024x358.png\" \/>\n\t<meta property=\"og:image:width\" content=\"1024\" \/>\n\t<meta property=\"og:image:height\" content=\"358\" \/>\n\t<meta property=\"og:image:type\" content=\"image\/png\" \/>\n<meta name=\"twitter:card\" content=\"summary_large_image\" \/>\n<script type=\"application\/ld+json\" class=\"yoast-schema-graph\">{\"@context\":\"https:\\\/\\\/schema.org\",\"@graph\":[{\"@type\":\"WebPage\",\"@id\":\"https:\\\/\\\/castellafarm.ch\\\/fr\\\/cadeaux-uniques-et-durables\\\/\",\"url\":\"https:\\\/\\\/castellafarm.ch\\\/fr\\\/cadeaux-uniques-et-durables\\\/\",\"name\":\"Cadeaux uniques et durables | Ca.Stella Farm\",\"isPartOf\":{\"@id\":\"https:\\\/\\\/2025-corporatesite-castellafarm.mystagingwebsite.com\\\/#website\"},\"primaryImageOfPage\":{\"@id\":\"https:\\\/\\\/castellafarm.ch\\\/fr\\\/cadeaux-uniques-et-durables\\\/#primaryimage\"},\"image\":{\"@id\":\"https:\\\/\\\/castellafarm.ch\\\/fr\\\/cadeaux-uniques-et-durables\\\/#primaryimage\"},\"thumbnailUrl\":\"https:\\\/\\\/castellafarm.ch\\\/wp-content\\\/uploads\\\/2025\\\/10\\\/Banner-Natale.png\",\"datePublished\":\"2024-10-10T10:03:02+00:00\",\"dateModified\":\"2025-05-30T09:00:05+00:00\",\"description\":\"D\u00e9couvrez les offres de Ca.Stella Farm pour des cadeaux uniques et durables, con\u00e7us pour surprendre avec des produits de qualit\u00e9 \u00e0 faible impact environnemental.\",\"breadcrumb\":{\"@id\":\"https:\\\/\\\/castellafarm.ch\\\/fr\\\/cadeaux-uniques-et-durables\\\/#breadcrumb\"},\"inLanguage\":\"fr-FR\",\"potentialAction\":[{\"@type\":\"ReadAction\",\"target\":[\"https:\\\/\\\/castellafarm.ch\\\/fr\\\/cadeaux-uniques-et-durables\\\/\"]}]},{\"@type\":\"ImageObject\",\"inLanguage\":\"fr-FR\",\"@id\":\"https:\\\/\\\/castellafarm.ch\\\/fr\\\/cadeaux-uniques-et-durables\\\/#primaryimage\",\"url\":\"https:\\\/\\\/castellafarm.ch\\\/wp-content\\\/uploads\\\/2025\\\/10\\\/Banner-Natale.png\",\"contentUrl\":\"https:\\\/\\\/castellafarm.ch\\\/wp-content\\\/uploads\\\/2025\\\/10\\\/Banner-Natale.png\",\"width\":1224,\"height\":631},{\"@type\":\"BreadcrumbList\",\"@id\":\"https:\\\/\\\/castellafarm.ch\\\/fr\\\/cadeaux-uniques-et-durables\\\/#breadcrumb\",\"itemListElement\":[{\"@type\":\"ListItem\",\"position\":1,\"name\":\"Home\",\"item\":\"https:\\\/\\\/castellafarm.ch\\\/fr\\\/\"},{\"@type\":\"ListItem\",\"position\":2,\"name\":\"Cadeaux\"}]},{\"@type\":\"WebSite\",\"@id\":\"https:\\\/\\\/2025-corporatesite-castellafarm.mystagingwebsite.com\\\/#website\",\"url\":\"https:\\\/\\\/2025-corporatesite-castellafarm.mystagingwebsite.com\\\/\",\"name\":\"Ca.Stella Farm\",\"description\":\"\",\"publisher\":{\"@id\":\"https:\\\/\\\/2025-corporatesite-castellafarm.mystagingwebsite.com\\\/#organization\"},\"potentialAction\":[{\"@type\":\"SearchAction\",\"target\":{\"@type\":\"EntryPoint\",\"urlTemplate\":\"https:\\\/\\\/2025-corporatesite-castellafarm.mystagingwebsite.com\\\/?s={search_term_string}\"},\"query-input\":{\"@type\":\"PropertyValueSpecification\",\"valueRequired\":true,\"valueName\":\"search_term_string\"}}],\"inLanguage\":\"fr-FR\"},{\"@type\":\"Organization\",\"@id\":\"https:\\\/\\\/2025-corporatesite-castellafarm.mystagingwebsite.com\\\/#organization\",\"name\":\"Ca.Stella Farm\",\"url\":\"https:\\\/\\\/2025-corporatesite-castellafarm.mystagingwebsite.com\\\/\",\"logo\":{\"@type\":\"ImageObject\",\"inLanguage\":\"fr-FR\",\"@id\":\"https:\\\/\\\/2025-corporatesite-castellafarm.mystagingwebsite.com\\\/#\\\/schema\\\/logo\\\/image\\\/\",\"url\":\"https:\\\/\\\/castellafarm.ch\\\/wp-content\\\/uploads\\\/2023\\\/02\\\/Screenshot-2023-02-13-alle-08.55.23.png\",\"contentUrl\":\"https:\\\/\\\/castellafarm.ch\\\/wp-content\\\/uploads\\\/2023\\\/02\\\/Screenshot-2023-02-13-alle-08.55.23.png\",\"width\":510,\"height\":389,\"caption\":\"Ca.Stella Farm\"},\"image\":{\"@id\":\"https:\\\/\\\/2025-corporatesite-castellafarm.mystagingwebsite.com\\\/#\\\/schema\\\/logo\\\/image\\\/\"}}]}<\/script>\n<!-- \/ Yoast SEO plugin. -->","yoast_head_json":{"title":"Cadeaux uniques et durables | Ca.Stella Farm","description":"D\u00e9couvrez les offres de Ca.Stella Farm pour des cadeaux uniques et durables, con\u00e7us pour surprendre avec des produits de qualit\u00e9 \u00e0 faible impact environnemental.","robots":{"index":"index","follow":"follow","max-snippet":"max-snippet:-1","max-image-preview":"max-image-preview:large","max-video-preview":"max-video-preview:-1"},"canonical":"https:\/\/castellafarm.ch\/fr\/cadeaux-uniques-et-durables\/","og_locale":"fr_FR","og_type":"article","og_title":"Cadeaux uniques et durables | Ca.Stella Farm","og_description":"D\u00e9couvrez les offres de Ca.Stella Farm pour des cadeaux uniques et durables, con\u00e7us pour surprendre avec des produits de qualit\u00e9 \u00e0 faible impact environnemental.","og_url":"https:\/\/castellafarm.ch\/fr\/cadeaux-uniques-et-durables\/","og_site_name":"Ca.Stella Farm","article_modified_time":"2025-05-30T09:00:05+00:00","og_image":[{"width":1024,"height":358,"url":"https:\/\/castellafarm.ch\/wp-content\/uploads\/2024\/10\/Schermata-2024-10-14-alle-11.16.36-1024x358.png","type":"image\/png"}],"twitter_card":"summary_large_image","schema":{"@context":"https:\/\/schema.org","@graph":[{"@type":"WebPage","@id":"https:\/\/castellafarm.ch\/fr\/cadeaux-uniques-et-durables\/","url":"https:\/\/castellafarm.ch\/fr\/cadeaux-uniques-et-durables\/","name":"Cadeaux uniques et durables | Ca.Stella Farm","isPartOf":{"@id":"https:\/\/2025-corporatesite-castellafarm.mystagingwebsite.com\/#website"},"primaryImageOfPage":{"@id":"https:\/\/castellafarm.ch\/fr\/cadeaux-uniques-et-durables\/#primaryimage"},"image":{"@id":"https:\/\/castellafarm.ch\/fr\/cadeaux-uniques-et-durables\/#primaryimage"},"thumbnailUrl":"https:\/\/castellafarm.ch\/wp-content\/uploads\/2025\/10\/Banner-Natale.png","datePublished":"2024-10-10T10:03:02+00:00","dateModified":"2025-05-30T09:00:05+00:00","description":"D\u00e9couvrez les offres de Ca.Stella Farm pour des cadeaux uniques et durables, con\u00e7us pour surprendre avec des produits de qualit\u00e9 \u00e0 faible impact environnemental.","breadcrumb":{"@id":"https:\/\/castellafarm.ch\/fr\/cadeaux-uniques-et-durables\/#breadcrumb"},"inLanguage":"fr-FR","potentialAction":[{"@type":"ReadAction","target":["https:\/\/castellafarm.ch\/fr\/cadeaux-uniques-et-durables\/"]}]},{"@type":"ImageObject","inLanguage":"fr-FR","@id":"https:\/\/castellafarm.ch\/fr\/cadeaux-uniques-et-durables\/#primaryimage","url":"https:\/\/castellafarm.ch\/wp-content\/uploads\/2025\/10\/Banner-Natale.png","contentUrl":"https:\/\/castellafarm.ch\/wp-content\/uploads\/2025\/10\/Banner-Natale.png","width":1224,"height":631},{"@type":"BreadcrumbList","@id":"https:\/\/castellafarm.ch\/fr\/cadeaux-uniques-et-durables\/#breadcrumb","itemListElement":[{"@type":"ListItem","position":1,"name":"Home","item":"https:\/\/castellafarm.ch\/fr\/"},{"@type":"ListItem","position":2,"name":"Cadeaux"}]},{"@type":"WebSite","@id":"https:\/\/2025-corporatesite-castellafarm.mystagingwebsite.com\/#website","url":"https:\/\/2025-corporatesite-castellafarm.mystagingwebsite.com\/","name":"Ca.Stella Farm","description":"","publisher":{"@id":"https:\/\/2025-corporatesite-castellafarm.mystagingwebsite.com\/#organization"},"potentialAction":[{"@type":"SearchAction","target":{"@type":"EntryPoint","urlTemplate":"https:\/\/2025-corporatesite-castellafarm.mystagingwebsite.com\/?s={search_term_string}"},"query-input":{"@type":"PropertyValueSpecification","valueRequired":true,"valueName":"search_term_string"}}],"inLanguage":"fr-FR"},{"@type":"Organization","@id":"https:\/\/2025-corporatesite-castellafarm.mystagingwebsite.com\/#organization","name":"Ca.Stella Farm","url":"https:\/\/2025-corporatesite-castellafarm.mystagingwebsite.com\/","logo":{"@type":"ImageObject","inLanguage":"fr-FR","@id":"https:\/\/2025-corporatesite-castellafarm.mystagingwebsite.com\/#\/schema\/logo\/image\/","url":"https:\/\/castellafarm.ch\/wp-content\/uploads\/2023\/02\/Screenshot-2023-02-13-alle-08.55.23.png","contentUrl":"https:\/\/castellafarm.ch\/wp-content\/uploads\/2023\/02\/Screenshot-2023-02-13-alle-08.55.23.png","width":510,"height":389,"caption":"Ca.Stella Farm"},"image":{"@id":"https:\/\/2025-corporatesite-castellafarm.mystagingwebsite.com\/#\/schema\/logo\/image\/"}}]}},"_links":{"self":[{"href":"https:\/\/castellafarm.ch\/fr\/wp-json\/wp\/v2\/pages\/7184","targetHints":{"allow":["GET"]}}],"collection":[{"href":"https:\/\/castellafarm.ch\/fr\/wp-json\/wp\/v2\/pages"}],"about":[{"href":"https:\/\/castellafarm.ch\/fr\/wp-json\/wp\/v2\/types\/page"}],"author":[{"embeddable":true,"href":"https:\/\/castellafarm.ch\/fr\/wp-json\/wp\/v2\/users\/1"}],"replies":[{"embeddable":true,"href":"https:\/\/castellafarm.ch\/fr\/wp-json\/wp\/v2\/comments?post=7184"}],"version-history":[{"count":17,"href":"https:\/\/castellafarm.ch\/fr\/wp-json\/wp\/v2\/pages\/7184\/revisions"}],"predecessor-version":[{"id":7465,"href":"https:\/\/castellafarm.ch\/fr\/wp-json\/wp\/v2\/pages\/7184\/revisions\/7465"}],"wp:featuredmedia":[{"embeddable":true,"href":"https:\/\/castellafarm.ch\/fr\/wp-json\/wp\/v2\/media\/11265"}],"wp:attachment":[{"href":"https:\/\/castellafarm.ch\/fr\/wp-json\/wp\/v2\/media?parent=7184"}],"curies":[{"name":"wp","href":"https:\/\/api.w.org\/{rel}","templated":true}]}}