{"id":7326,"date":"2024-10-14T11:35:21","date_gmt":"2024-10-14T09:35:21","guid":{"rendered":"https:\/\/castellafarm.ch\/?page_id=7326"},"modified":"2025-05-30T10:58:18","modified_gmt":"2025-05-30T08:58:18","slug":"produits-en-laine-dalpaga","status":"publish","type":"page","link":"https:\/\/castellafarm.ch\/fr\/produits-en-laine-dalpaga\/","title":{"rendered":"Ateliers et produits en laine d&rsquo;Alpaga"},"content":{"rendered":"<section style=\"background-color:; color: \"  class=\"DefaultMarginBottomHalf TitoloContainer   TextAlignCenter SiteWidth \">Ateliers et produits en laine d&rsquo;Alpaga<\/section>\n\n<section  style=\"color:; background-color:\"class=\"BlockWrapperContainer  ParagrafoContainer TextFont18  NoMarginTop NoMarginBottom NoPaddingBottom NoPaddingTop\"><div class=\"InnerParagrafoContainer SiteWidth\"><p style=\"text-align: center;\">Issue de la collaboration avec le designer textile, <a href=\"http:\/\/www.lauramengani.ch\">Laura Mengani<\/a> un projet unique et sp\u00e9cial est n\u00e9, qui vise \u00e0 faire conna\u00eetre \u00e0 la fois nos doux alpagas et lamas et la beaut\u00e9 du processus impliqu\u00e9 dans le travail de la laine.de la laine. Laura a install\u00e9 son atelier d&rsquo;artisanat \u00e0 Ca.Stella FARM.<\/p>\n<p>&nbsp;<\/p>\n<p>&nbsp;<\/p>\n<p>&nbsp;<\/p>\n<h1 style=\"text-align: center;\">Projets en cours :<\/h1>\n<\/div><\/section>\n\n<section  style=\"background-color:\"class=\"BlockWrapperContainer NormalBlock BlockWrapperGruppoMedia  DefaultMarginTop50 NoMarginBottom NoPaddingBottom NoPaddingTop FullWidth  NoMargin\"><div class=\"BlockSlider\"><div class=\"BlockSlingleSlide\" style=\"background-image:url(https:\/\/castellafarm.ch\/wp-content\/uploads\/2024\/10\/Filato-e-navetta-1.jpg)\"><\/div><\/div>\t\t<div class=\"BlockContent\">\n\t\t\t\t\t\t<div style=\"color:\" class=\"BlockTitolo\">Ateliers \u00e9ducatifs pour les enfants, les \u00e9coles et les familles<\/div>\n\t\t\t<div style=\"color:\" class=\"BlockSottotitolo\"><\/div>\n\t\t\t<div style=\"color:\" class=\"BlockText TextFont18\"><div class=\"page\" title=\"Page 8\">\n<div class=\"layoutArea\">\n<div class=\"column\">\n<p>L&rsquo;atelier explorera un mat\u00e9riau pr\u00e9sent dans notre r\u00e9gion, la laine, et suivra les diff\u00e9rentes \u00e9tapes de sa transformation : du cardage au tissage du fil.<\/p>\n<\/div>\n<ul>\n<li><a href=\"https:\/\/castellafarm.ch\/wp-content\/uploads\/2024\/10\/Atelier-lana-Ca.Stella_14.10.2024-FR.pdf\">D\u00e9couvrir l&rsquo;atelier<\/a><\/li>\n<\/ul>\n<\/div>\n<\/div>\n<\/div>\n\t\t\t\t\t\t\t\t<\/div>\n\t\t<\/section>\n\n<section  class=\"BlockWrapperContainer ImmagineContainer  DefaultMarginTop100 DefaultMarginBottom100 NoPaddingBottom NoPaddingTop\" style=\"background-image:url(https:\/\/castellafarm.ch\/wp-content\/uploads\/2024\/10\/Tessuti-e-quaderno.jpg)\" data-aos=\"\"><\/section>\n\n<section  style=\"background-color:\"class=\"BlockWrapperContainer ReverseBlock BlockWrapperGruppoMedia  NoMarginTop NoMarginBottom NoPaddingBottom NoPaddingTop FullWidth  NoMargin\"><div class=\"BlockSlider\"><div class=\"BlockSlingleSlide\" style=\"background-image:url(https:\/\/castellafarm.ch\/wp-content\/uploads\/2024\/10\/Matassa-lana-alpaca-Ca.Stella-3.jpg)\"><\/div><\/div>\t\t<div class=\"BlockContent\">\n\t\t\t\t\t\t<div style=\"color:\" class=\"BlockTitolo\">\u00c9charpes et caftans en laine d&rsquo;alpaga fabriqu\u00e9s \u00e0 la main, en production limit\u00e9e<\/div>\n\t\t\t<div style=\"color:\" class=\"BlockSottotitolo\"><\/div>\n\t\t\t<div style=\"color:\" class=\"BlockText TextFont18\"><div class=\"page\" title=\"Page 8\">\n<div class=\"layoutArea\">\n<div class=\"column\">\n<p>Cette production d&rsquo;artisanat en laine est n\u00e9e de l&rsquo;envie de raconter, de conna\u00eetre et de cr\u00e9er un lien avec les doux alpagas, animaux adapt\u00e9s \u00e0 la zooth\u00e9rapie, que nous h\u00e9bergeons dans notre ferme. Gr\u00e2ce \u00e0 la collaboration avec Laura, la talentueuse cr\u00e9atrice de textiles, nous avons cr\u00e9\u00e9 ces v\u00eatements uniques et d\u00e9licats dans des couleurs absolument naturelles.<\/p>\n<\/div>\n<\/div>\n<\/div>\n<\/div>\n\t\t\t\t\t\t\t\t<\/div>\n\t\t<\/section>\n\n<section  style=\"color:; background-color:\"class=\"BlockWrapperContainer  ParagrafoContainer TextFont18  DefaultMarginTop100 DefaultMarginBottom100 NoPaddingBottom NoPaddingTop\"><div class=\"InnerParagrafoContainer SiteWidth\"><div class=\"page\" title=\"Page 9\">\n<div class=\"layoutArea\">\n<div class=\"column\">\n<h2 style=\"text-align: center;\">Pour les ateliers et les informations:<\/h2>\n<p style=\"text-align: center;\">Ferme Ca.Stella, via alla Campagna 2, 6866 Meride, 091 630 22 34 &#8211; info@castellafarm.ch<\/p>\n<\/div>\n<\/div>\n<\/div>\n<\/div><\/section>\n\n\n<section  class=\"BlockWrapperContainer ImmagineTestoImmagine DefaultPaddingTop DefaultPaddingBottom FullWidth   \" style=\"background-color:#f7f0e6;\">\n\n\t<div class=\"ImmagineTestoImmagineCol ImmagineTestoImmagineCol_1\">\n\t\t<img alt=\"Ca.Stella Farm-Camino Spinirolo-campeggio\"src=\"https:\/\/castellafarm.ch\/wp-content\/uploads\/2023\/06\/prenota-1-1.jpg\"\/>\n\t<\/div>\n\t<div class=\"ImmagineTestoImmagineCol BlockTestoCol\">\n\t\t<p style=\"text-align: center;\">Organisez votre <strong>activit\u00e9<\/strong> dans<br \/>\nla nature <strong>appelez-nous<\/strong> pour<br \/>\nun projet sur mesure !<\/p>\n\t\t<a href=\"https:\/\/castellafarm.ch\/fr\/ferme-pedagogique-mendrisio\/\" class=\"MainButton MainButtonRosa\">\n\t\t\tCONTACTEZ-NOUS\t\t<\/a>\n\t<\/div>\n\t<div class=\"ImmagineTestoImmagineCol ImmagineTestoImmagineCol_2\">\n\t\t<img decoding=\"async\" alt=\"Ca.Stella Farm-Camino Spinirolo - Tenda\" src=\"https:\/\/castellafarm.ch\/wp-content\/uploads\/2023\/06\/prenota-2.jpg\"\/>\n\t<\/div>\n<\/section>","protected":false},"excerpt":{"rendered":"","protected":false},"author":1,"featured_media":7302,"parent":0,"menu_order":0,"comment_status":"closed","ping_status":"closed","template":"","meta":{"_acf_changed":false,"footnotes":""},"class_list":["post-7326","page","type-page","status-publish","has-post-thumbnail","hentry"],"acf":[],"yoast_head":"<!-- This site is optimized with the Yoast SEO plugin v27.3 - https:\/\/yoast.com\/product\/yoast-seo-wordpress\/ -->\n<title>Produits en laine d\u2019alpaga | Ca.Stella Farm<\/title>\n<meta name=\"description\" content=\"D\u00e9couvrez l\u2019atelier artisanal de Ca.Stella Farm o\u00f9 la laine d\u2019alpaga et de lama se transforme en produits uniques. Vivez l\u2019exp\u00e9rience de la tradition textile en pleine nature.\" \/>\n<meta name=\"robots\" content=\"index, follow, max-snippet:-1, max-image-preview:large, max-video-preview:-1\" \/>\n<link rel=\"canonical\" href=\"https:\/\/castellafarm.ch\/fr\/produits-en-laine-dalpaga\/\" \/>\n<meta property=\"og:locale\" content=\"fr_FR\" \/>\n<meta property=\"og:type\" content=\"article\" \/>\n<meta property=\"og:title\" content=\"Produits en laine d\u2019alpaga | Ca.Stella Farm\" \/>\n<meta property=\"og:description\" content=\"D\u00e9couvrez l\u2019atelier artisanal de Ca.Stella Farm o\u00f9 la laine d\u2019alpaga et de lama se transforme en produits uniques. Vivez l\u2019exp\u00e9rience de la tradition textile en pleine nature.\" \/>\n<meta property=\"og:url\" content=\"https:\/\/castellafarm.ch\/fr\/produits-en-laine-dalpaga\/\" \/>\n<meta property=\"og:site_name\" content=\"Ca.Stella Farm\" \/>\n<meta property=\"article:modified_time\" content=\"2025-05-30T08:58:18+00:00\" \/>\n<meta property=\"og:image\" content=\"https:\/\/castellafarm.ch\/wp-content\/uploads\/2024\/10\/Schermata-2024-10-14-alle-11.48.33.png\" \/>\n\t<meta property=\"og:image:width\" content=\"3186\" \/>\n\t<meta property=\"og:image:height\" content=\"764\" \/>\n\t<meta property=\"og:image:type\" content=\"image\/png\" \/>\n<meta name=\"twitter:card\" content=\"summary_large_image\" \/>\n<script type=\"application\/ld+json\" class=\"yoast-schema-graph\">{\"@context\":\"https:\\\/\\\/schema.org\",\"@graph\":[{\"@type\":\"WebPage\",\"@id\":\"https:\\\/\\\/castellafarm.ch\\\/fr\\\/produits-en-laine-dalpaga\\\/\",\"url\":\"https:\\\/\\\/castellafarm.ch\\\/fr\\\/produits-en-laine-dalpaga\\\/\",\"name\":\"Produits en laine d\u2019alpaga | Ca.Stella Farm\",\"isPartOf\":{\"@id\":\"https:\\\/\\\/2025-corporatesite-castellafarm.mystagingwebsite.com\\\/#website\"},\"primaryImageOfPage\":{\"@id\":\"https:\\\/\\\/castellafarm.ch\\\/fr\\\/produits-en-laine-dalpaga\\\/#primaryimage\"},\"image\":{\"@id\":\"https:\\\/\\\/castellafarm.ch\\\/fr\\\/produits-en-laine-dalpaga\\\/#primaryimage\"},\"thumbnailUrl\":\"https:\\\/\\\/castellafarm.ch\\\/wp-content\\\/uploads\\\/2024\\\/10\\\/Schermata-2024-10-14-alle-11.48.33.png\",\"datePublished\":\"2024-10-14T09:35:21+00:00\",\"dateModified\":\"2025-05-30T08:58:18+00:00\",\"description\":\"D\u00e9couvrez l\u2019atelier artisanal de Ca.Stella Farm o\u00f9 la laine d\u2019alpaga et de lama se transforme en produits uniques. Vivez l\u2019exp\u00e9rience de la tradition textile en pleine nature.\",\"breadcrumb\":{\"@id\":\"https:\\\/\\\/castellafarm.ch\\\/fr\\\/produits-en-laine-dalpaga\\\/#breadcrumb\"},\"inLanguage\":\"fr-FR\",\"potentialAction\":[{\"@type\":\"ReadAction\",\"target\":[\"https:\\\/\\\/castellafarm.ch\\\/fr\\\/produits-en-laine-dalpaga\\\/\"]}]},{\"@type\":\"ImageObject\",\"inLanguage\":\"fr-FR\",\"@id\":\"https:\\\/\\\/castellafarm.ch\\\/fr\\\/produits-en-laine-dalpaga\\\/#primaryimage\",\"url\":\"https:\\\/\\\/castellafarm.ch\\\/wp-content\\\/uploads\\\/2024\\\/10\\\/Schermata-2024-10-14-alle-11.48.33.png\",\"contentUrl\":\"https:\\\/\\\/castellafarm.ch\\\/wp-content\\\/uploads\\\/2024\\\/10\\\/Schermata-2024-10-14-alle-11.48.33.png\",\"width\":3186,\"height\":764},{\"@type\":\"BreadcrumbList\",\"@id\":\"https:\\\/\\\/castellafarm.ch\\\/fr\\\/produits-en-laine-dalpaga\\\/#breadcrumb\",\"itemListElement\":[{\"@type\":\"ListItem\",\"position\":1,\"name\":\"Home\",\"item\":\"https:\\\/\\\/castellafarm.ch\\\/fr\\\/\"},{\"@type\":\"ListItem\",\"position\":2,\"name\":\"Ateliers et produits en laine d&#8217;Alpaga\"}]},{\"@type\":\"WebSite\",\"@id\":\"https:\\\/\\\/2025-corporatesite-castellafarm.mystagingwebsite.com\\\/#website\",\"url\":\"https:\\\/\\\/2025-corporatesite-castellafarm.mystagingwebsite.com\\\/\",\"name\":\"Ca.Stella Farm\",\"description\":\"\",\"publisher\":{\"@id\":\"https:\\\/\\\/2025-corporatesite-castellafarm.mystagingwebsite.com\\\/#organization\"},\"potentialAction\":[{\"@type\":\"SearchAction\",\"target\":{\"@type\":\"EntryPoint\",\"urlTemplate\":\"https:\\\/\\\/2025-corporatesite-castellafarm.mystagingwebsite.com\\\/?s={search_term_string}\"},\"query-input\":{\"@type\":\"PropertyValueSpecification\",\"valueRequired\":true,\"valueName\":\"search_term_string\"}}],\"inLanguage\":\"fr-FR\"},{\"@type\":\"Organization\",\"@id\":\"https:\\\/\\\/2025-corporatesite-castellafarm.mystagingwebsite.com\\\/#organization\",\"name\":\"Ca.Stella Farm\",\"url\":\"https:\\\/\\\/2025-corporatesite-castellafarm.mystagingwebsite.com\\\/\",\"logo\":{\"@type\":\"ImageObject\",\"inLanguage\":\"fr-FR\",\"@id\":\"https:\\\/\\\/2025-corporatesite-castellafarm.mystagingwebsite.com\\\/#\\\/schema\\\/logo\\\/image\\\/\",\"url\":\"https:\\\/\\\/castellafarm.ch\\\/wp-content\\\/uploads\\\/2023\\\/02\\\/Screenshot-2023-02-13-alle-08.55.23.png\",\"contentUrl\":\"https:\\\/\\\/castellafarm.ch\\\/wp-content\\\/uploads\\\/2023\\\/02\\\/Screenshot-2023-02-13-alle-08.55.23.png\",\"width\":510,\"height\":389,\"caption\":\"Ca.Stella Farm\"},\"image\":{\"@id\":\"https:\\\/\\\/2025-corporatesite-castellafarm.mystagingwebsite.com\\\/#\\\/schema\\\/logo\\\/image\\\/\"}}]}<\/script>\n<!-- \/ Yoast SEO plugin. -->","yoast_head_json":{"title":"Produits en laine d\u2019alpaga | Ca.Stella Farm","description":"D\u00e9couvrez l\u2019atelier artisanal de Ca.Stella Farm o\u00f9 la laine d\u2019alpaga et de lama se transforme en produits uniques. Vivez l\u2019exp\u00e9rience de la tradition textile en pleine nature.","robots":{"index":"index","follow":"follow","max-snippet":"max-snippet:-1","max-image-preview":"max-image-preview:large","max-video-preview":"max-video-preview:-1"},"canonical":"https:\/\/castellafarm.ch\/fr\/produits-en-laine-dalpaga\/","og_locale":"fr_FR","og_type":"article","og_title":"Produits en laine d\u2019alpaga | Ca.Stella Farm","og_description":"D\u00e9couvrez l\u2019atelier artisanal de Ca.Stella Farm o\u00f9 la laine d\u2019alpaga et de lama se transforme en produits uniques. Vivez l\u2019exp\u00e9rience de la tradition textile en pleine nature.","og_url":"https:\/\/castellafarm.ch\/fr\/produits-en-laine-dalpaga\/","og_site_name":"Ca.Stella Farm","article_modified_time":"2025-05-30T08:58:18+00:00","og_image":[{"width":3186,"height":764,"url":"https:\/\/castellafarm.ch\/wp-content\/uploads\/2024\/10\/Schermata-2024-10-14-alle-11.48.33.png","type":"image\/png"}],"twitter_card":"summary_large_image","schema":{"@context":"https:\/\/schema.org","@graph":[{"@type":"WebPage","@id":"https:\/\/castellafarm.ch\/fr\/produits-en-laine-dalpaga\/","url":"https:\/\/castellafarm.ch\/fr\/produits-en-laine-dalpaga\/","name":"Produits en laine d\u2019alpaga | Ca.Stella Farm","isPartOf":{"@id":"https:\/\/2025-corporatesite-castellafarm.mystagingwebsite.com\/#website"},"primaryImageOfPage":{"@id":"https:\/\/castellafarm.ch\/fr\/produits-en-laine-dalpaga\/#primaryimage"},"image":{"@id":"https:\/\/castellafarm.ch\/fr\/produits-en-laine-dalpaga\/#primaryimage"},"thumbnailUrl":"https:\/\/castellafarm.ch\/wp-content\/uploads\/2024\/10\/Schermata-2024-10-14-alle-11.48.33.png","datePublished":"2024-10-14T09:35:21+00:00","dateModified":"2025-05-30T08:58:18+00:00","description":"D\u00e9couvrez l\u2019atelier artisanal de Ca.Stella Farm o\u00f9 la laine d\u2019alpaga et de lama se transforme en produits uniques. Vivez l\u2019exp\u00e9rience de la tradition textile en pleine nature.","breadcrumb":{"@id":"https:\/\/castellafarm.ch\/fr\/produits-en-laine-dalpaga\/#breadcrumb"},"inLanguage":"fr-FR","potentialAction":[{"@type":"ReadAction","target":["https:\/\/castellafarm.ch\/fr\/produits-en-laine-dalpaga\/"]}]},{"@type":"ImageObject","inLanguage":"fr-FR","@id":"https:\/\/castellafarm.ch\/fr\/produits-en-laine-dalpaga\/#primaryimage","url":"https:\/\/castellafarm.ch\/wp-content\/uploads\/2024\/10\/Schermata-2024-10-14-alle-11.48.33.png","contentUrl":"https:\/\/castellafarm.ch\/wp-content\/uploads\/2024\/10\/Schermata-2024-10-14-alle-11.48.33.png","width":3186,"height":764},{"@type":"BreadcrumbList","@id":"https:\/\/castellafarm.ch\/fr\/produits-en-laine-dalpaga\/#breadcrumb","itemListElement":[{"@type":"ListItem","position":1,"name":"Home","item":"https:\/\/castellafarm.ch\/fr\/"},{"@type":"ListItem","position":2,"name":"Ateliers et produits en laine d&#8217;Alpaga"}]},{"@type":"WebSite","@id":"https:\/\/2025-corporatesite-castellafarm.mystagingwebsite.com\/#website","url":"https:\/\/2025-corporatesite-castellafarm.mystagingwebsite.com\/","name":"Ca.Stella Farm","description":"","publisher":{"@id":"https:\/\/2025-corporatesite-castellafarm.mystagingwebsite.com\/#organization"},"potentialAction":[{"@type":"SearchAction","target":{"@type":"EntryPoint","urlTemplate":"https:\/\/2025-corporatesite-castellafarm.mystagingwebsite.com\/?s={search_term_string}"},"query-input":{"@type":"PropertyValueSpecification","valueRequired":true,"valueName":"search_term_string"}}],"inLanguage":"fr-FR"},{"@type":"Organization","@id":"https:\/\/2025-corporatesite-castellafarm.mystagingwebsite.com\/#organization","name":"Ca.Stella Farm","url":"https:\/\/2025-corporatesite-castellafarm.mystagingwebsite.com\/","logo":{"@type":"ImageObject","inLanguage":"fr-FR","@id":"https:\/\/2025-corporatesite-castellafarm.mystagingwebsite.com\/#\/schema\/logo\/image\/","url":"https:\/\/castellafarm.ch\/wp-content\/uploads\/2023\/02\/Screenshot-2023-02-13-alle-08.55.23.png","contentUrl":"https:\/\/castellafarm.ch\/wp-content\/uploads\/2023\/02\/Screenshot-2023-02-13-alle-08.55.23.png","width":510,"height":389,"caption":"Ca.Stella Farm"},"image":{"@id":"https:\/\/2025-corporatesite-castellafarm.mystagingwebsite.com\/#\/schema\/logo\/image\/"}}]}},"_links":{"self":[{"href":"https:\/\/castellafarm.ch\/fr\/wp-json\/wp\/v2\/pages\/7326","targetHints":{"allow":["GET"]}}],"collection":[{"href":"https:\/\/castellafarm.ch\/fr\/wp-json\/wp\/v2\/pages"}],"about":[{"href":"https:\/\/castellafarm.ch\/fr\/wp-json\/wp\/v2\/types\/page"}],"author":[{"embeddable":true,"href":"https:\/\/castellafarm.ch\/fr\/wp-json\/wp\/v2\/users\/1"}],"replies":[{"embeddable":true,"href":"https:\/\/castellafarm.ch\/fr\/wp-json\/wp\/v2\/comments?post=7326"}],"version-history":[{"count":7,"href":"https:\/\/castellafarm.ch\/fr\/wp-json\/wp\/v2\/pages\/7326\/revisions"}],"predecessor-version":[{"id":7377,"href":"https:\/\/castellafarm.ch\/fr\/wp-json\/wp\/v2\/pages\/7326\/revisions\/7377"}],"wp:featuredmedia":[{"embeddable":true,"href":"https:\/\/castellafarm.ch\/fr\/wp-json\/wp\/v2\/media\/7302"}],"wp:attachment":[{"href":"https:\/\/castellafarm.ch\/fr\/wp-json\/wp\/v2\/media?parent=7326"}],"curies":[{"name":"wp","href":"https:\/\/api.w.org\/{rel}","templated":true}]}}